{"id":81100,"date":"2025-10-15T14:25:59","date_gmt":"2025-10-15T12:25:59","guid":{"rendered":"https:\/\/aquatek.cz\/?post_type=product&#038;p=81100"},"modified":"2025-12-08T12:10:57","modified_gmt":"2025-12-08T11:10:57","slug":"energy2-600-kombinace","status":"publish","type":"product","link":"https:\/\/aquatek.cz\/sk\/energy2-600-kombinace\/","title":{"rendered":"ENERGY2 600 (Kombinace)"},"content":{"rendered":"<div data-elementor-type=\"wp-post\" data-elementor-id=\"81100\" class=\"elementor elementor-81100\" data-elementor-post-type=\"product\">\n\t\t\t\t\t\t<section class=\"elementor-section elementor-top-section elementor-element elementor-element-72cca927 elementor-section-full_width elementor-section-height-default elementor-section-height-default\" data-id=\"72cca927\" data-element_type=\"section\" data-e-type=\"section\">\n\t\t\t\t\t\t<div class=\"elementor-container elementor-column-gap-default\">\n\t\t\t\t\t<div class=\"elementor-column elementor-col-50 elementor-top-column elementor-element elementor-element-6532d084\" data-id=\"6532d084\" data-element_type=\"column\" data-e-type=\"column\">\n\t\t\t<div class=\"elementor-widget-wrap elementor-element-populated\">\n\t\t\t\t\t\t<div class=\"elementor-element elementor-element-a4018fc color-scheme-inherit text-left elementor-widget elementor-widget-text-editor\" data-id=\"a4018fc\" data-element_type=\"widget\" data-e-type=\"widget\" data-widget_type=\"text-editor.default\">\n\t\t\t\t<div class=\"elementor-widget-container\">\n\t\t\t\t\t\t\t\t\t<ul><li>Rozm\u011br: \u0161. 600 x v. 540 x h. 450 mm<\/li><li>Barva: b\u00edl\u00e1 leskl\u00e1<\/li><li>Materi\u00e1l: <strong>celof\u00f3liovan\u00e1 deska MDF s PVC f\u00f3li\u00ed <\/strong>( \u010delo z\u00e1suvky, bo\u010dn\u00ed st\u011bny sk\u0159\u00ed\u0148ky )<br \/><strong>lamino deska DTDL \u2013 b\u00edl\u00e1 matn\u00e1 <\/strong>( vnit\u0159n\u00ed prostor sk\u0159\u00ed\u0148ky \u2013 zadn\u00ed a spodn\u00ed st\u011bna sk\u0159\u00ed\u0148ky )<\/li><li>Povrch odoln\u00fd v\u016f\u010di p\u0159\u00edm\u00e9 a prostorov\u00e9 vlhkosti<\/li><li>2x z\u00e1suvka vybaven\u00e1 mechanismem SOFT-CLOSE<\/li><li>2x podlouhl\u00fd \u00fachyt hranat\u00fd \u2013 chrom, kovov\u00fd<\/li><li>Kotven\u00ed p\u0159\u00edmo na ze\u010f<\/li><li>Mo\u017enost instalovat s no\u017ei\u010dkami \/nejsou sou\u010d\u00e1st balen\u00ed, je nutn\u00e9 je objednat samostatn\u011b\/<\/li><\/ul><p><strong>Mo\u017enost v\u00fdb\u011bru jin\u00e9 barvy materi\u00e1lu <span style=\"color: #333333;\">( <a style=\"color: #333333; text-decoration: underline;\" href=\"https:\/\/aquatek.cz\/sk\/dosky-a-konzoly\/\" target=\"_blank\" rel=\"noopener\">sekce desky a konzoly<\/a> )<\/span><\/strong><\/p><ul><li>Sk\u0159\u00ed\u0148ky jsou vyr\u00e1b\u011bny k objedn\u00e1n\u00ed<\/li><\/ul>\t\t\t\t\t\t\t\t<\/div>\n\t\t\t\t<\/div>\n\t\t\t\t\t<\/div>\n\t\t<\/div>\n\t\t\t\t<div class=\"elementor-column elementor-col-50 elementor-top-column elementor-element elementor-element-7b9f3f14\" data-id=\"7b9f3f14\" data-element_type=\"column\" data-e-type=\"column\">\n\t\t\t<div class=\"elementor-widget-wrap elementor-element-populated\">\n\t\t\t\t\t\t<section class=\"elementor-section elementor-inner-section elementor-element elementor-element-447b3ec9 elementor-section-full_width stiahnut elementor-section-height-default elementor-section-height-default\" data-id=\"447b3ec9\" data-element_type=\"section\" data-e-type=\"section\" id=\"stiahnut\">\n\t\t\t\t\t\t<div class=\"elementor-container elementor-column-gap-default\">\n\t\t\t\t\t<div class=\"elementor-column elementor-col-100 elementor-inner-column elementor-element elementor-element-5dae4d13\" data-id=\"5dae4d13\" data-element_type=\"column\" data-e-type=\"column\">\n\t\t\t<div class=\"elementor-widget-wrap elementor-element-populated\">\n\t\t\t\t\t\t<div class=\"elementor-element elementor-element-d7e1478 elementor-widget elementor-widget-heading\" data-id=\"d7e1478\" data-element_type=\"widget\" data-e-type=\"widget\" data-widget_type=\"heading.default\">\n\t\t\t\t<div class=\"elementor-widget-container\">\n\t\t\t\t\t<h2 class=\"elementor-heading-title elementor-size-medium\">Ke sta\u017een\u00ed<\/h2>\t\t\t\t<\/div>\n\t\t\t\t<\/div>\n\t\t\t\t\t<\/div>\n\t\t<\/div>\n\t\t\t\t\t<\/div>\n\t\t<\/section>\n\t\t\t\t<section class=\"elementor-section elementor-inner-section elementor-element elementor-element-b1583c5 elementor-section-full_width stiahnut elementor-section-height-default elementor-section-height-default\" data-id=\"b1583c5\" data-element_type=\"section\" data-e-type=\"section\" id=\"stiahnut\">\n\t\t\t\t\t\t<div class=\"elementor-container elementor-column-gap-default\">\n\t\t\t\t\t<div class=\"elementor-column elementor-col-50 elementor-inner-column elementor-element elementor-element-4c4b1fe1\" data-id=\"4c4b1fe1\" data-element_type=\"column\" data-e-type=\"column\">\n\t\t\t<div class=\"elementor-widget-wrap elementor-element-populated\">\n\t\t\t\t\t\t<div class=\"elementor-element elementor-element-505b6335 elementor-widget elementor-widget-wd_list\" data-id=\"505b6335\" data-element_type=\"widget\" data-e-type=\"widget\" data-widget_type=\"wd_list.default\">\n\t\t\t\t<div class=\"elementor-widget-container\">\n\t\t\t\t\t\t\t<ul class=\"wd-list color-scheme- wd-fontsize-xs wd-type-icon wd-style-default text-left\">\n\t\t\t\t\t\t\t\t\t\t\t<li class=\"elementor-repeater-item-e4e357f\">\n\t\t\t\t\t\t\t\t\t\t\t<span class=\"wd-icon\"><svg class=\"e-font-icon-svg e-far-file-pdf\" viewbox=\"0 0 384 512\" xmlns=\"http:\/\/www.w3.org\/2000\/svg\"><path d=\"M369.9 97.9L286 14C277 5 264.8-.1 252.1-.1H48C21.5 0 0 21.5 0 48v416c0 26.5 21.5 48 48 48h288c26.5 0 48-21.5 48-48V131.9c0-12.7-5.1-25-14.1-34zM332.1 128H256V51.9l76.1 76.1zM48 464V48h160v104c0 13.3 10.7 24 24 24h104v288H48zm250.2-143.7c-12.2-12-47-8.7-64.4-6.5-17.2-10.5-28.7-25-36.8-46.3 3.9-16.1 10.1-40.6 5.4-56-4.2-26.2-37.8-23.6-42.6-5.9-4.4 16.1-.4 38.5 7 67.1-10 23.9-24.9 56-35.4 74.4-20 10.3-47 26.2-51 46.2-3.3 15.8 26 55.2 76.1-31.2 22.4-7.4 46.8-16.5 68.4-20.1 18.9 10.2 41 17 55.8 17 25.5 0 28-28.2 17.5-38.7zm-198.1 77.8c5.1-13.7 24.5-29.5 30.4-35-19 30.3-30.4 35.7-30.4 35zm81.6-190.6c7.4 0 6.7 32.1 1.8 40.8-4.4-13.9-4.3-40.8-1.8-40.8zm-24.4 136.6c9.7-16.9 18-37 24.7-54.7 8.3 15.1 18.9 27.2 30.1 35.5-20.8 4.3-38.9 13.1-54.8 19.2zm131.6-5s-5 6-37.3-7.8c35.1-2.6 40.9 5.4 37.3 7.8z\"><\/path><\/svg><\/span>\t\t\t\t\t\n\t\t\t\t\t<span class=\"wd-list-content list-content\">\n\t\t\t\t\t\tTechnick\u00fd n\u00e1kres\t\t\t\t\t<\/span>\n\n\t\t\t\t\t\n\t\t\t\t\t\t<a  href=\"https:\/\/aquatek.cz\/wp-content\/uploads\/PDF\/nabytok\/ENERGY2_600_900_MN.pdf\" target=\"_blank\" class=\"wd-fill\" aria-label=\"List item link\"><\/a>\n\t\t\t\t\t\t\t\t\t<\/li>\n\t\t\t\t\t<\/ul>\n\n\t\t\t\t\t\t<\/div>\n\t\t\t\t<\/div>\n\t\t\t\t<div class=\"elementor-element elementor-element-2ab23d1 elementor-widget elementor-widget-spacer\" data-id=\"2ab23d1\" data-element_type=\"widget\" data-e-type=\"widget\" data-widget_type=\"spacer.default\">\n\t\t\t\t<div class=\"elementor-widget-container\">\n\t\t\t\t\t\t\t<div class=\"elementor-spacer\">\n\t\t\t<div class=\"elementor-spacer-inner\"><\/div>\n\t\t<\/div>\n\t\t\t\t\t\t<\/div>\n\t\t\t\t<\/div>\n\t\t\t\t\t<\/div>\n\t\t<\/div>\n\t\t\t\t<div class=\"elementor-column elementor-col-50 elementor-inner-column elementor-element elementor-element-c6bd4c6\" data-id=\"c6bd4c6\" data-element_type=\"column\" data-e-type=\"column\">\n\t\t\t<div class=\"elementor-widget-wrap elementor-element-populated\">\n\t\t\t\t\t\t<div class=\"elementor-element elementor-element-3166e8c elementor-widget elementor-widget-wd_list\" data-id=\"3166e8c\" data-element_type=\"widget\" data-e-type=\"widget\" data-widget_type=\"wd_list.default\">\n\t\t\t\t<div class=\"elementor-widget-container\">\n\t\t\t\t\t\t\t<ul class=\"wd-list color-scheme- wd-fontsize-xs wd-type-icon wd-style-default text-left\">\n\t\t\t\t\t\t\t\t\t\t\t<li class=\"elementor-repeater-item-e4e357f\">\n\t\t\t\t\t\t\t\t\t\t\t<span class=\"wd-icon\"><svg class=\"e-font-icon-svg e-far-file-pdf\" viewbox=\"0 0 384 512\" xmlns=\"http:\/\/www.w3.org\/2000\/svg\"><path d=\"M369.9 97.9L286 14C277 5 264.8-.1 252.1-.1H48C21.5 0 0 21.5 0 48v416c0 26.5 21.5 48 48 48h288c26.5 0 48-21.5 48-48V131.9c0-12.7-5.1-25-14.1-34zM332.1 128H256V51.9l76.1 76.1zM48 464V48h160v104c0 13.3 10.7 24 24 24h104v288H48zm250.2-143.7c-12.2-12-47-8.7-64.4-6.5-17.2-10.5-28.7-25-36.8-46.3 3.9-16.1 10.1-40.6 5.4-56-4.2-26.2-37.8-23.6-42.6-5.9-4.4 16.1-.4 38.5 7 67.1-10 23.9-24.9 56-35.4 74.4-20 10.3-47 26.2-51 46.2-3.3 15.8 26 55.2 76.1-31.2 22.4-7.4 46.8-16.5 68.4-20.1 18.9 10.2 41 17 55.8 17 25.5 0 28-28.2 17.5-38.7zm-198.1 77.8c5.1-13.7 24.5-29.5 30.4-35-19 30.3-30.4 35.7-30.4 35zm81.6-190.6c7.4 0 6.7 32.1 1.8 40.8-4.4-13.9-4.3-40.8-1.8-40.8zm-24.4 136.6c9.7-16.9 18-37 24.7-54.7 8.3 15.1 18.9 27.2 30.1 35.5-20.8 4.3-38.9 13.1-54.8 19.2zm131.6-5s-5 6-37.3-7.8c35.1-2.6 40.9 5.4 37.3 7.8z\"><\/path><\/svg><\/span>\t\t\t\t\t\n\t\t\t\t\t<span class=\"wd-list-content list-content\">\n\t\t\t\t\t\tStarostlivost o koupelnov\u00fd n\u00e1bytek\t\t\t\t\t<\/span>\n\n\t\t\t\t\t\n\t\t\t\t\t\t<a  href=\"https:\/\/aquatek.cz\/wp-content\/uploads\/PDF\/nabytok\/STAROSTLIVOST.pdf\" target=\"_blank\" class=\"wd-fill\" aria-label=\"List item link\"><\/a>\n\t\t\t\t\t\t\t\t\t<\/li>\n\t\t\t\t\t<\/ul>\n\n\t\t\t\t\t\t<\/div>\n\t\t\t\t<\/div>\n\t\t\t\t<div class=\"elementor-element elementor-element-014cd99 elementor-widget elementor-widget-spacer\" data-id=\"014cd99\" data-element_type=\"widget\" data-e-type=\"widget\" data-widget_type=\"spacer.default\">\n\t\t\t\t<div class=\"elementor-widget-container\">\n\t\t\t\t\t\t\t<div class=\"elementor-spacer\">\n\t\t\t<div class=\"elementor-spacer-inner\"><\/div>\n\t\t<\/div>\n\t\t\t\t\t\t<\/div>\n\t\t\t\t<\/div>\n\t\t\t\t\t<\/div>\n\t\t<\/div>\n\t\t\t\t\t<\/div>\n\t\t<\/section>\n\t\t\t\t<div class=\"elementor-element elementor-element-656cde3 elementor-widget elementor-widget-heading\" data-id=\"656cde3\" data-element_type=\"widget\" data-e-type=\"widget\" data-widget_type=\"heading.default\">\n\t\t\t\t<div class=\"elementor-widget-container\">\n\t\t\t\t\t<h2 class=\"elementor-heading-title elementor-size-medium\">Produkty pou\u017eit\u00e9 ve vizualizaci<\/h2>\t\t\t\t<\/div>\n\t\t\t\t<\/div>\n\t\t\t\t<div class=\"elementor-element elementor-element-1a49d31 color-scheme-inherit text-left elementor-widget elementor-widget-text-editor\" data-id=\"1a49d31\" data-element_type=\"widget\" data-e-type=\"widget\" data-widget_type=\"text-editor.default\">\n\t\t\t\t<div class=\"elementor-widget-container\">\n\t\t\t\t\t\t\t\t\t<ul><li><span style=\"color: #333333;\">Z\u00e1v\u011bsn\u00e1 sk\u0159\u00ed\u0148ka ENERGY2 600, ZEN N, ZEN T<\/span><\/li><li><span style=\"color: #333333;\">Barva materi\u00e1lu : B\u00edl\u00e1 leskl\u00e1<\/span><\/li><li><span style=\"color: #333333;\">Keramick\u00e9 umyvadlo (<span style=\"text-decoration: underline;\"> <a style=\"color: #333333; text-decoration: underline;\" href=\"https:\/\/aquatek.cz\/sk\/umyvadla\/keramicke\/umyvadla-nabytkove\/\" target=\"_blank\" rel=\"noopener\">v\u00fdb\u011br z model\u016f \u2013 CITY, WAVE<\/a> )<\/span><\/span><\/li><li><span style=\"text-decoration: underline;\"><span style=\"color: #333333; text-decoration: underline;\"><a style=\"color: #333333; text-decoration: underline;\" href=\"https:\/\/aquatek.cz\/sk\/volne-stojace-vane\/vane-z-tvrdeneho-liateho-kamena\/demi\/\" target=\"_blank\" rel=\"noopener\">Samonosn\u00e1 vana z tvrzen\u00e9ho kamene model DEMI<\/a><\/span><\/span><\/li><li><span style=\"text-decoration: underline;\"><span style=\"color: #333333; text-decoration: underline;\"><a style=\"color: #333333; text-decoration: underline;\" href=\"https:\/\/aquatek.cz\/sk\/volne-stojace-vane\/akrylatove-vane\/philadelphia\/\" target=\"_blank\" rel=\"noopener\">Samonosn\u00e1 vana akryl\u00e1tov\u00e1 PHILADELPHIA<\/a><\/span><\/span><span style=\"text-decoration: underline;\"><span style=\"color: #333333; text-decoration: underline;\"><br \/><\/span><\/span><\/li><\/ul>\t\t\t\t\t\t\t\t<\/div>\n\t\t\t\t<\/div>\n\t\t\t\t\t<\/div>\n\t\t<\/div>\n\t\t\t\t\t<\/div>\n\t\t<\/section>\n\t\t\t\t<\/div>","protected":false},"excerpt":{"rendered":"<p><b>Z\u00e1v\u011bsn\u00e1 sk\u0159\u00ed\u0148ka pod umyvadlo se dv\u011bma z\u00e1suvkami<\/b><\/p>\n<p>Dokonale slad\u011bn\u00e9 tvary koupelnov\u00fdch sk\u0159\u00edn\u011bk s\u00e9rie <strong>ENERGY2<\/strong> v kombinaci s chromov\u00fdmi \u00fachyty vytvo\u0159\u00ed okouzluj\u00edc\u00ed stylovou koupelnu . Kvalitn\u00ed proveden\u00ed a materi\u00e1ly jsou z\u00e1rukou dlouh\u00e9 \u017eivotnosti.\u00a0Sk\u0159\u00ed\u0148ka je dod\u00e1v\u00e1na smontovan\u00e1. <span style=\"color: #ff0000;\"><strong>Dodac\u00ed lh\u016fta je 4 &#8211; 5 t\u00fddn\u016f.<\/strong><\/span><\/p>","protected":false},"featured_media":62848,"template":"","meta":{"_acf_changed":false},"product_brand":[],"product_cat":[5633,4242],"product_tag":[],"woo-feed-brand":[],"class_list":{"0":"post-81100","1":"product","2":"type-product","3":"status-publish","4":"has-post-thumbnail","6":"product_cat-koupelnove-skrinky","7":"product_cat-koupelnovy-nabytek","8":"pa_farba-tab-antracit-leskly","9":"pa_farba-tab-biela-leskla","10":"pa_farba-tab-drevo","11":"pa_farba-tab-kombinace","12":"pa_hlbka-mm-4791","13":"pa_nazov-tab-energy2-600","14":"pa_sirka-mm-4790","15":"pa_vyska-mm-4792","17":"first","18":"instock","19":"sale","20":"taxable","21":"shipping-taxable","22":"purchasable","23":"product-type-simple"},"acf":[],"_links":{"self":[{"href":"https:\/\/aquatek.cz\/sk\/wp-json\/wp\/v2\/product\/81100","targetHints":{"allow":["GET"]}}],"collection":[{"href":"https:\/\/aquatek.cz\/sk\/wp-json\/wp\/v2\/product"}],"about":[{"href":"https:\/\/aquatek.cz\/sk\/wp-json\/wp\/v2\/types\/product"}],"version-history":[{"count":0,"href":"https:\/\/aquatek.cz\/sk\/wp-json\/wp\/v2\/product\/81100\/revisions"}],"wp:featuredmedia":[{"embeddable":true,"href":"https:\/\/aquatek.cz\/sk\/wp-json\/wp\/v2\/media\/62848"}],"wp:attachment":[{"href":"https:\/\/aquatek.cz\/sk\/wp-json\/wp\/v2\/media?parent=81100"}],"wp:term":[{"taxonomy":"product_brand","embeddable":true,"href":"https:\/\/aquatek.cz\/sk\/wp-json\/wp\/v2\/product_brand?post=81100"},{"taxonomy":"product_cat","embeddable":true,"href":"https:\/\/aquatek.cz\/sk\/wp-json\/wp\/v2\/product_cat?post=81100"},{"taxonomy":"product_tag","embeddable":true,"href":"https:\/\/aquatek.cz\/sk\/wp-json\/wp\/v2\/product_tag?post=81100"},{"taxonomy":"woo-feed-brand","embeddable":true,"href":"https:\/\/aquatek.cz\/sk\/wp-json\/wp\/v2\/woo-feed-brand?post=81100"}],"curies":[{"name":"wp","href":"https:\/\/api.w.org\/{rel}","templated":true}]}}