{"id":80291,"date":"2025-10-14T14:56:30","date_gmt":"2025-10-14T12:56:30","guid":{"rendered":"https:\/\/aquatek.cz\/?post_type=product&#038;p=80291"},"modified":"2025-12-16T11:02:08","modified_gmt":"2025-12-16T10:02:08","slug":"maryland-1500","status":"publish","type":"product","link":"https:\/\/aquatek.cz\/sk\/maryland-1500\/","title":{"rendered":"MARYLAND 1500"},"content":{"rendered":"<div data-elementor-type=\"wp-post\" data-elementor-id=\"80291\" class=\"elementor elementor-80291\" data-elementor-post-type=\"product\">\n\t\t\t\t\t\t<section class=\"elementor-section elementor-top-section elementor-element elementor-element-22538edf download elementor-section-full_width elementor-section-height-default elementor-section-height-default\" data-id=\"22538edf\" data-element_type=\"section\" data-e-type=\"section\" id=\"download\">\n\t\t\t\t\t\t<div class=\"elementor-container elementor-column-gap-default\">\n\t\t\t\t\t<div class=\"elementor-column elementor-col-100 elementor-top-column elementor-element elementor-element-423a1cb\" data-id=\"423a1cb\" data-element_type=\"column\" data-e-type=\"column\">\n\t\t\t<div class=\"elementor-widget-wrap elementor-element-populated\">\n\t\t\t\t\t\t<section class=\"elementor-section elementor-inner-section elementor-element elementor-element-6a7cdde6 elementor-section-full_width stiahnut elementor-section-height-default elementor-section-height-default\" data-id=\"6a7cdde6\" data-element_type=\"section\" data-e-type=\"section\" id=\"stiahnut\">\n\t\t\t\t\t\t<div class=\"elementor-container elementor-column-gap-default\">\n\t\t\t\t\t<div class=\"elementor-column elementor-col-100 elementor-inner-column elementor-element elementor-element-6d8c2465\" data-id=\"6d8c2465\" data-element_type=\"column\" data-e-type=\"column\">\n\t\t\t<div class=\"elementor-widget-wrap elementor-element-populated\">\n\t\t\t\t\t\t<div class=\"elementor-element elementor-element-76c14544 elementor-widget elementor-widget-heading\" data-id=\"76c14544\" data-element_type=\"widget\" data-e-type=\"widget\" data-widget_type=\"heading.default\">\n\t\t\t\t<div class=\"elementor-widget-container\">\n\t\t\t\t\t<h2 class=\"elementor-heading-title elementor-size-medium\">Ke sta\u017een\u00ed<\/h2>\t\t\t\t<\/div>\n\t\t\t\t<\/div>\n\t\t\t\t\t<\/div>\n\t\t<\/div>\n\t\t\t\t\t<\/div>\n\t\t<\/section>\n\t\t\t\t<section class=\"elementor-section elementor-inner-section elementor-element elementor-element-3dad5b4d elementor-section-full_width stiahnut elementor-section-height-default elementor-section-height-default\" data-id=\"3dad5b4d\" data-element_type=\"section\" data-e-type=\"section\" id=\"stiahnut\">\n\t\t\t\t\t\t<div class=\"elementor-container elementor-column-gap-default\">\n\t\t\t\t\t<div class=\"elementor-column elementor-col-50 elementor-inner-column elementor-element elementor-element-acd2898\" data-id=\"acd2898\" data-element_type=\"column\" data-e-type=\"column\">\n\t\t\t<div class=\"elementor-widget-wrap elementor-element-populated\">\n\t\t\t\t\t\t<div class=\"elementor-element elementor-element-4ec07625 elementor-widget elementor-widget-wd_list\" data-id=\"4ec07625\" data-element_type=\"widget\" data-e-type=\"widget\" data-widget_type=\"wd_list.default\">\n\t\t\t\t<div class=\"elementor-widget-container\">\n\t\t\t\t\t\t\t<ul class=\"wd-list color-scheme- wd-fontsize-xs wd-type-icon wd-style-default text-left\">\n\t\t\t\t\t\t\t\t\t\t\t<li class=\"elementor-repeater-item-e4e357f\">\n\t\t\t\t\t\t\t\t\t\t\t<span class=\"wd-icon\"><svg class=\"e-font-icon-svg e-far-file-pdf\" viewbox=\"0 0 384 512\" xmlns=\"http:\/\/www.w3.org\/2000\/svg\"><path d=\"M369.9 97.9L286 14C277 5 264.8-.1 252.1-.1H48C21.5 0 0 21.5 0 48v416c0 26.5 21.5 48 48 48h288c26.5 0 48-21.5 48-48V131.9c0-12.7-5.1-25-14.1-34zM332.1 128H256V51.9l76.1 76.1zM48 464V48h160v104c0 13.3 10.7 24 24 24h104v288H48zm250.2-143.7c-12.2-12-47-8.7-64.4-6.5-17.2-10.5-28.7-25-36.8-46.3 3.9-16.1 10.1-40.6 5.4-56-4.2-26.2-37.8-23.6-42.6-5.9-4.4 16.1-.4 38.5 7 67.1-10 23.9-24.9 56-35.4 74.4-20 10.3-47 26.2-51 46.2-3.3 15.8 26 55.2 76.1-31.2 22.4-7.4 46.8-16.5 68.4-20.1 18.9 10.2 41 17 55.8 17 25.5 0 28-28.2 17.5-38.7zm-198.1 77.8c5.1-13.7 24.5-29.5 30.4-35-19 30.3-30.4 35.7-30.4 35zm81.6-190.6c7.4 0 6.7 32.1 1.8 40.8-4.4-13.9-4.3-40.8-1.8-40.8zm-24.4 136.6c9.7-16.9 18-37 24.7-54.7 8.3 15.1 18.9 27.2 30.1 35.5-20.8 4.3-38.9 13.1-54.8 19.2zm131.6-5s-5 6-37.3-7.8c35.1-2.6 40.9 5.4 37.3 7.8z\"><\/path><\/svg><\/span>\t\t\t\t\t\n\t\t\t\t\t<span class=\"wd-list-content list-content\">\n\t\t\t\t\t\tTN MARYLAND 1500\t\t\t\t\t<\/span>\n\n\t\t\t\t\t\n\t\t\t\t\t\t<a  href=\"https:\/\/aquatek.cz\/wp-content\/uploads\/2024\/08\/CZ_TN_Maryland_1500.pdf\" target=\"_blank\" class=\"wd-fill\" aria-label=\"List item link\"><\/a>\n\t\t\t\t\t\t\t\t\t<\/li>\n\t\t\t\t\t<\/ul>\n\n\t\t\t\t\t\t<\/div>\n\t\t\t\t<\/div>\n\t\t\t\t\t<\/div>\n\t\t<\/div>\n\t\t\t\t<div class=\"elementor-column elementor-col-50 elementor-inner-column elementor-element elementor-element-3880181e\" data-id=\"3880181e\" data-element_type=\"column\" data-e-type=\"column\">\n\t\t\t<div class=\"elementor-widget-wrap elementor-element-populated\">\n\t\t\t\t\t\t<div class=\"elementor-element elementor-element-1afee16b elementor-widget elementor-widget-wd_list\" data-id=\"1afee16b\" data-element_type=\"widget\" data-e-type=\"widget\" data-widget_type=\"wd_list.default\">\n\t\t\t\t<div class=\"elementor-widget-container\">\n\t\t\t\t\t\t\t<ul class=\"wd-list color-scheme- wd-fontsize-xs wd-type-icon wd-style-default text-left\">\n\t\t\t\t\t\t\t\t\t\t\t<li class=\"elementor-repeater-item-835ad74\">\n\t\t\t\t\t\t\t\t\t\t\t<span class=\"wd-icon\"><svg class=\"e-font-icon-svg e-far-file-pdf\" viewbox=\"0 0 384 512\" xmlns=\"http:\/\/www.w3.org\/2000\/svg\"><path d=\"M369.9 97.9L286 14C277 5 264.8-.1 252.1-.1H48C21.5 0 0 21.5 0 48v416c0 26.5 21.5 48 48 48h288c26.5 0 48-21.5 48-48V131.9c0-12.7-5.1-25-14.1-34zM332.1 128H256V51.9l76.1 76.1zM48 464V48h160v104c0 13.3 10.7 24 24 24h104v288H48zm250.2-143.7c-12.2-12-47-8.7-64.4-6.5-17.2-10.5-28.7-25-36.8-46.3 3.9-16.1 10.1-40.6 5.4-56-4.2-26.2-37.8-23.6-42.6-5.9-4.4 16.1-.4 38.5 7 67.1-10 23.9-24.9 56-35.4 74.4-20 10.3-47 26.2-51 46.2-3.3 15.8 26 55.2 76.1-31.2 22.4-7.4 46.8-16.5 68.4-20.1 18.9 10.2 41 17 55.8 17 25.5 0 28-28.2 17.5-38.7zm-198.1 77.8c5.1-13.7 24.5-29.5 30.4-35-19 30.3-30.4 35.7-30.4 35zm81.6-190.6c7.4 0 6.7 32.1 1.8 40.8-4.4-13.9-4.3-40.8-1.8-40.8zm-24.4 136.6c9.7-16.9 18-37 24.7-54.7 8.3 15.1 18.9 27.2 30.1 35.5-20.8 4.3-38.9 13.1-54.8 19.2zm131.6-5s-5 6-37.3-7.8c35.1-2.6 40.9 5.4 37.3 7.8z\"><\/path><\/svg><\/span>\t\t\t\t\t\n\t\t\t\t\t<span class=\"wd-list-content list-content\">\n\t\t\t\t\t\tOdtokov\u00e1 souprava\t\t\t\t\t<\/span>\n\n\t\t\t\t\t\n\t\t\t\t\t\t<a  href=\"https:\/\/aquatek.cz\/wp-content\/uploads\/2023\/02\/ODTOKOVA-SUPRAVA-mala-krytka_1649248722-1.pdf\" target=\"_blank\" class=\"wd-fill\" aria-label=\"List item link\"><\/a>\n\t\t\t\t\t\t\t\t\t<\/li>\n\t\t\t\t\t<\/ul>\n\n\t\t\t\t\t\t<\/div>\n\t\t\t\t<\/div>\n\t\t\t\t\t<\/div>\n\t\t<\/div>\n\t\t\t\t\t<\/div>\n\t\t<\/section>\n\t\t\t\t<section class=\"elementor-section elementor-inner-section elementor-element elementor-element-7eb51b33 elementor-section-full_width stiahnut elementor-section-height-default elementor-section-height-default\" data-id=\"7eb51b33\" data-element_type=\"section\" data-e-type=\"section\" id=\"stiahnut\">\n\t\t\t\t\t\t<div class=\"elementor-container elementor-column-gap-default\">\n\t\t\t\t\t<div class=\"elementor-column elementor-col-100 elementor-inner-column elementor-element elementor-element-11d3e7d4\" data-id=\"11d3e7d4\" data-element_type=\"column\" data-e-type=\"column\">\n\t\t\t<div class=\"elementor-widget-wrap elementor-element-populated\">\n\t\t\t\t\t\t<div class=\"elementor-element elementor-element-2948869 elementor-widget-divider--view-line elementor-widget elementor-widget-divider\" data-id=\"2948869\" data-element_type=\"widget\" data-e-type=\"widget\" data-widget_type=\"divider.default\">\n\t\t\t\t<div class=\"elementor-widget-container\">\n\t\t\t\t\t\t\t<div class=\"elementor-divider\">\n\t\t\t<span class=\"elementor-divider-separator\">\n\t\t\t\t\t\t<\/span>\n\t\t<\/div>\n\t\t\t\t\t\t<\/div>\n\t\t\t\t<\/div>\n\t\t\t\t\t<\/div>\n\t\t<\/div>\n\t\t\t\t\t<\/div>\n\t\t<\/section>\n\t\t\t\t<section class=\"elementor-section elementor-inner-section elementor-element elementor-element-5ab0bdb1 elementor-section-full_width stiahnut elementor-section-height-default elementor-section-height-default\" data-id=\"5ab0bdb1\" data-element_type=\"section\" data-e-type=\"section\" id=\"stiahnut\">\n\t\t\t\t\t\t<div class=\"elementor-container elementor-column-gap-default\">\n\t\t\t\t\t<div class=\"elementor-column elementor-col-100 elementor-inner-column elementor-element elementor-element-198c2f4\" data-id=\"198c2f4\" data-element_type=\"column\" data-e-type=\"column\">\n\t\t\t<div class=\"elementor-widget-wrap elementor-element-populated\">\n\t\t\t\t\t\t<div class=\"elementor-element elementor-element-17225bf7 elementor-widget elementor-widget-heading\" data-id=\"17225bf7\" data-element_type=\"widget\" data-e-type=\"widget\" data-widget_type=\"heading.default\">\n\t\t\t\t<div class=\"elementor-widget-container\">\n\t\t\t\t\t<h4 class=\"elementor-heading-title elementor-size-medium\">MARYLAND 1500<\/h4>\t\t\t\t<\/div>\n\t\t\t\t<\/div>\n\t\t\t\t<div class=\"elementor-element elementor-element-2b2163f3 elementor-widget elementor-widget-image\" data-id=\"2b2163f3\" data-element_type=\"widget\" data-e-type=\"widget\" data-widget_type=\"image.default\">\n\t\t\t\t<div class=\"elementor-widget-container\">\n\t\t\t\t\t\t\t\t\t\t\t\t\t\t\t\t<a href=\"https:\/\/aquatek.cz\/wp-content\/uploads\/2025\/10\/TN_Maryland_150.jpg\" data-elementor-open-lightbox=\"yes\" data-elementor-lightbox-title=\"TN_Maryland_150\" data-e-action-hash=\"#elementor-action%3Aaction%3Dlightbox%26settings%3DeyJpZCI6ODI2NTgsInVybCI6Imh0dHBzOlwvXC9hcXVhdGVrLmN6XC93cC1jb250ZW50XC91cGxvYWRzXC8yMDI1XC8xMFwvVE5fTWFyeWxhbmRfMTUwLmpwZyJ9\">\n\t\t\t\t\t\t\t<img fetchpriority=\"high\" decoding=\"async\" width=\"1816\" height=\"1061\" src=\"https:\/\/aquatek.cz\/wp-content\/uploads\/2025\/10\/TN_Maryland_150.jpg\" class=\"attachment-full size-full wp-image-82658\" alt=\"\" srcset=\"https:\/\/aquatek.cz\/wp-content\/uploads\/2025\/10\/TN_Maryland_150.jpg 1816w, https:\/\/aquatek.cz\/wp-content\/uploads\/2025\/10\/TN_Maryland_150-600x351.jpg 600w, https:\/\/aquatek.cz\/wp-content\/uploads\/2025\/10\/TN_Maryland_150-210x123.jpg 210w, https:\/\/aquatek.cz\/wp-content\/uploads\/2025\/10\/TN_Maryland_150-1200x701.jpg 1200w, https:\/\/aquatek.cz\/wp-content\/uploads\/2025\/10\/TN_Maryland_150-400x234.jpg 400w, https:\/\/aquatek.cz\/wp-content\/uploads\/2025\/10\/TN_Maryland_150-1500x876.jpg 1500w, https:\/\/aquatek.cz\/wp-content\/uploads\/2025\/10\/TN_Maryland_150-768x449.jpg 768w, https:\/\/aquatek.cz\/wp-content\/uploads\/2025\/10\/TN_Maryland_150-1536x897.jpg 1536w\" sizes=\"(max-width: 1816px) 100vw, 1816px\" \/>\t\t\t\t\t\t\t\t<\/a>\n\t\t\t\t\t\t\t\t\t\t\t\t\t\t\t<\/div>\n\t\t\t\t<\/div>\n\t\t\t\t\t<\/div>\n\t\t<\/div>\n\t\t\t\t\t<\/div>\n\t\t<\/section>\n\t\t\t\t\t<\/div>\n\t\t<\/div>\n\t\t\t\t\t<\/div>\n\t\t<\/section>\n\t\t\t\t<\/div>","protected":false},"excerpt":{"rendered":"<p><b>Akryl\u00e1tov\u00e1 vana<\/b><\/p>\n<p>Vany z akryl\u00e1tu jsou lehk\u00e9, ale pevn\u00e9, pln\u011b probarven\u00e9 v cel\u00e9 tlou\u0161\u0165ce. Povrch je leskl\u00fd, st\u00e1lobarevn\u00fd, nepor\u00e9zn\u00ed, m\u00e1 vysokou povrchovou pevnost, chemickou odolnost a je p\u0159\u00edjemn\u00fd na dotyk. Py\u0161n\u00ed se bohat\u00fdm vnit\u0159n\u00edm prostorem a dodaj\u00ed origin\u00e1ln\u00ed jedine\u010dn\u00fd vzhled ka\u017ed\u00e9 koupeln\u011b.<\/p>\n<p><b style=\"color: #ff0000;\">UPOZORN\u011aN\u00cd!<\/b><\/p>\n<p>Odtokov\u00fd syst\u00e9m <strong>KLIK-KLAK je v cen\u011b vany.<br \/>\n<\/strong><strong>SIFON nen\u00ed v cen\u011b vany.<\/strong><\/p>\n<p>Cena SIFONU je <strong>399 K\u010d s DPH &#8211; <a style=\"color: #ff0000; text-decoration: underline;\" href=\"https:\/\/aquatek.cz\/sk\/volne-stojace-vane\/akrylatove-vane\/sifon\/\" target=\"_blank\" rel=\"noopener\">koupit zde.<\/a><\/strong><\/p>","protected":false},"featured_media":61835,"template":"","meta":{"_acf_changed":false},"product_brand":[],"product_cat":[502,5618],"product_tag":[],"woo-feed-brand":[],"class_list":{"0":"post-80291","1":"product","2":"type-product","3":"status-publish","4":"has-post-thumbnail","6":"product_cat-akrylatove-vany","7":"product_cat-volne-stojici-vany","8":"pa_dlzka-cm-tab-1031","9":"pa_dlzka-cm-tab-1040","10":"pa_farba-tab-biela","11":"pa_hrubka-okraja-vane-4018","12":"pa_instalacia-pri-stenu-nie","13":"pa_material-akrylat","14":"pa_model-maryland","15":"pa_model-l-p-nie","16":"pa_nazov-tab-maryland-1500","17":"pa_nazov-tab-maryland-1700","18":"pa_nozicky-plastove-4ks-nastavitelne","19":"pa_objem-litre-5590","20":"pa_otvor-klik-klak-o-50","21":"pa_povrchova-uprava-biela-leskla-2","22":"pa_s-prepadom-ano","23":"pa_sirka-cm-tab-5004","24":"pa_sirka-cm-tab-1033","25":"pa_typ-vane-ovalna","26":"pa_univerzalny-model-ano","27":"pa_vaha-kg-tab-1085","28":"pa_vaha-kg-tab-1087","29":"pa_vnutorna-konstrukcia-hlinikovy-ram","30":"pa_vnutorny-material-sklolaminatova-vypln","31":"pa_volne-stojaca-instalacia-ano","32":"pa_vyska-tab-2744","33":"pa_vyska-tab-2777","35":"first","36":"instock","37":"sale","38":"purchasable","39":"product-type-simple"},"acf":[],"_links":{"self":[{"href":"https:\/\/aquatek.cz\/sk\/wp-json\/wp\/v2\/product\/80291","targetHints":{"allow":["GET"]}}],"collection":[{"href":"https:\/\/aquatek.cz\/sk\/wp-json\/wp\/v2\/product"}],"about":[{"href":"https:\/\/aquatek.cz\/sk\/wp-json\/wp\/v2\/types\/product"}],"version-history":[{"count":0,"href":"https:\/\/aquatek.cz\/sk\/wp-json\/wp\/v2\/product\/80291\/revisions"}],"wp:featuredmedia":[{"embeddable":true,"href":"https:\/\/aquatek.cz\/sk\/wp-json\/wp\/v2\/media\/61835"}],"wp:attachment":[{"href":"https:\/\/aquatek.cz\/sk\/wp-json\/wp\/v2\/media?parent=80291"}],"wp:term":[{"taxonomy":"product_brand","embeddable":true,"href":"https:\/\/aquatek.cz\/sk\/wp-json\/wp\/v2\/product_brand?post=80291"},{"taxonomy":"product_cat","embeddable":true,"href":"https:\/\/aquatek.cz\/sk\/wp-json\/wp\/v2\/product_cat?post=80291"},{"taxonomy":"product_tag","embeddable":true,"href":"https:\/\/aquatek.cz\/sk\/wp-json\/wp\/v2\/product_tag?post=80291"},{"taxonomy":"woo-feed-brand","embeddable":true,"href":"https:\/\/aquatek.cz\/sk\/wp-json\/wp\/v2\/woo-feed-brand?post=80291"}],"curies":[{"name":"wp","href":"https:\/\/api.w.org\/{rel}","templated":true}]}}