{"id":77147,"date":"2025-10-14T10:36:40","date_gmt":"2025-10-14T08:36:40","guid":{"rendered":"https:\/\/aquatek.cz\/?post_type=product&#038;p=77147"},"modified":"2026-02-05T14:01:35","modified_gmt":"2026-02-05T13:01:35","slug":"family-b02-95-cire-sprchove-dvere","status":"publish","type":"product","link":"https:\/\/aquatek.cz\/sk\/family-b02-95-cire-sprchove-dvere\/","title":{"rendered":"FAMILY B02 95 (\u010c\u00edre) &#8211; sprchov\u00e9 dve\u0159e"},"content":{"rendered":"<div data-elementor-type=\"wp-post\" data-elementor-id=\"77147\" class=\"elementor elementor-77147\" data-elementor-post-type=\"product\">\n\t\t\t\t\t\t<section class=\"elementor-section elementor-top-section elementor-element elementor-element-50bfcfe download elementor-section-full_width elementor-section-height-default elementor-section-height-default\" data-id=\"50bfcfe\" data-element_type=\"section\" data-e-type=\"section\" id=\"download\">\n\t\t\t\t\t\t<div class=\"elementor-container elementor-column-gap-default\">\n\t\t\t\t\t<div class=\"elementor-column elementor-col-100 elementor-top-column elementor-element elementor-element-11a912cc\" data-id=\"11a912cc\" data-element_type=\"column\" data-e-type=\"column\">\n\t\t\t<div class=\"elementor-widget-wrap elementor-element-populated\">\n\t\t\t\t\t\t<section class=\"elementor-section elementor-inner-section elementor-element elementor-element-6b72442b elementor-section-full_width stiahnut elementor-section-height-default elementor-section-height-default\" data-id=\"6b72442b\" data-element_type=\"section\" data-e-type=\"section\" id=\"stiahnut\">\n\t\t\t\t\t\t<div class=\"elementor-container elementor-column-gap-default\">\n\t\t\t\t\t<div class=\"elementor-column elementor-col-100 elementor-inner-column elementor-element elementor-element-63a4ae93\" data-id=\"63a4ae93\" data-element_type=\"column\" data-e-type=\"column\">\n\t\t\t<div class=\"elementor-widget-wrap elementor-element-populated\">\n\t\t\t\t\t\t<div class=\"elementor-element elementor-element-3209ecb8 elementor-widget elementor-widget-heading\" data-id=\"3209ecb8\" data-element_type=\"widget\" data-e-type=\"widget\" data-widget_type=\"heading.default\">\n\t\t\t\t<div class=\"elementor-widget-container\">\n\t\t\t\t\t<h2 class=\"elementor-heading-title elementor-size-medium\">Ke sta\u017een\u00ed<\/h2>\t\t\t\t<\/div>\n\t\t\t\t<\/div>\n\t\t\t\t\t<\/div>\n\t\t<\/div>\n\t\t\t\t\t<\/div>\n\t\t<\/section>\n\t\t\t\t<section class=\"elementor-section elementor-inner-section elementor-element elementor-element-6f66ade4 elementor-section-full_width stiahnut elementor-section-height-default elementor-section-height-default\" data-id=\"6f66ade4\" data-element_type=\"section\" data-e-type=\"section\" id=\"stiahnut\">\n\t\t\t\t\t\t<div class=\"elementor-container elementor-column-gap-default\">\n\t\t\t\t\t<div class=\"elementor-column elementor-col-25 elementor-inner-column elementor-element elementor-element-5c40c3c5\" data-id=\"5c40c3c5\" data-element_type=\"column\" data-e-type=\"column\">\n\t\t\t<div class=\"elementor-widget-wrap elementor-element-populated\">\n\t\t\t\t\t\t<div class=\"elementor-element elementor-element-33be4eb0 elementor-widget elementor-widget-wd_list\" data-id=\"33be4eb0\" data-element_type=\"widget\" data-e-type=\"widget\" data-widget_type=\"wd_list.default\">\n\t\t\t\t<div class=\"elementor-widget-container\">\n\t\t\t\t\t\t\t<ul class=\"wd-list color-scheme- wd-fontsize-xs wd-type-icon wd-style-default text-left\">\n\t\t\t\t\t\t\t\t\t\t\t<li class=\"elementor-repeater-item-e4e357f\">\n\t\t\t\t\t\t\t\t\t\t\t<span class=\"wd-icon\"><svg class=\"e-font-icon-svg e-far-file-pdf\" viewbox=\"0 0 384 512\" xmlns=\"http:\/\/www.w3.org\/2000\/svg\"><path d=\"M369.9 97.9L286 14C277 5 264.8-.1 252.1-.1H48C21.5 0 0 21.5 0 48v416c0 26.5 21.5 48 48 48h288c26.5 0 48-21.5 48-48V131.9c0-12.7-5.1-25-14.1-34zM332.1 128H256V51.9l76.1 76.1zM48 464V48h160v104c0 13.3 10.7 24 24 24h104v288H48zm250.2-143.7c-12.2-12-47-8.7-64.4-6.5-17.2-10.5-28.7-25-36.8-46.3 3.9-16.1 10.1-40.6 5.4-56-4.2-26.2-37.8-23.6-42.6-5.9-4.4 16.1-.4 38.5 7 67.1-10 23.9-24.9 56-35.4 74.4-20 10.3-47 26.2-51 46.2-3.3 15.8 26 55.2 76.1-31.2 22.4-7.4 46.8-16.5 68.4-20.1 18.9 10.2 41 17 55.8 17 25.5 0 28-28.2 17.5-38.7zm-198.1 77.8c5.1-13.7 24.5-29.5 30.4-35-19 30.3-30.4 35.7-30.4 35zm81.6-190.6c7.4 0 6.7 32.1 1.8 40.8-4.4-13.9-4.3-40.8-1.8-40.8zm-24.4 136.6c9.7-16.9 18-37 24.7-54.7 8.3 15.1 18.9 27.2 30.1 35.5-20.8 4.3-38.9 13.1-54.8 19.2zm131.6-5s-5 6-37.3-7.8c35.1-2.6 40.9 5.4 37.3 7.8z\"><\/path><\/svg><\/span>\t\t\t\t\t\n\t\t\t\t\t<span class=\"wd-list-content list-content\">\n\t\t\t\t\t\tMont\u00e1\u017en\u00ed n\u00e1vod\t\t\t\t\t<\/span>\n\n\t\t\t\t\t\n\t\t\t\t\t\t<a  href=\"https:\/\/aquatek.cz\/wp-content\/uploads\/PDF\/sprchove_kuty\/family\/FAMILY_B02_MN.pdf\" target=\"_blank\" class=\"wd-fill\" aria-label=\"List item link\"><\/a>\n\t\t\t\t\t\t\t\t\t<\/li>\n\t\t\t\t\t<\/ul>\n\n\t\t\t\t\t\t<\/div>\n\t\t\t\t<\/div>\n\t\t\t\t\t<\/div>\n\t\t<\/div>\n\t\t\t\t<div class=\"elementor-column elementor-col-25 elementor-inner-column elementor-element elementor-element-10f53307\" data-id=\"10f53307\" data-element_type=\"column\" data-e-type=\"column\">\n\t\t\t<div class=\"elementor-widget-wrap elementor-element-populated\">\n\t\t\t\t\t\t<div class=\"elementor-element elementor-element-717eb759 elementor-widget elementor-widget-wd_list\" data-id=\"717eb759\" data-element_type=\"widget\" data-e-type=\"widget\" data-widget_type=\"wd_list.default\">\n\t\t\t\t<div class=\"elementor-widget-container\">\n\t\t\t\t\t\t\t<ul class=\"wd-list color-scheme- wd-fontsize-xs wd-type-icon wd-style-default text-left\">\n\t\t\t\t\t\t\t\t\t\t\t<li class=\"elementor-repeater-item-c16f7df\">\n\t\t\t\t\t\t\t\t\t\t\t<span class=\"wd-icon\"><svg class=\"e-font-icon-svg e-far-file-pdf\" viewbox=\"0 0 384 512\" xmlns=\"http:\/\/www.w3.org\/2000\/svg\"><path d=\"M369.9 97.9L286 14C277 5 264.8-.1 252.1-.1H48C21.5 0 0 21.5 0 48v416c0 26.5 21.5 48 48 48h288c26.5 0 48-21.5 48-48V131.9c0-12.7-5.1-25-14.1-34zM332.1 128H256V51.9l76.1 76.1zM48 464V48h160v104c0 13.3 10.7 24 24 24h104v288H48zm250.2-143.7c-12.2-12-47-8.7-64.4-6.5-17.2-10.5-28.7-25-36.8-46.3 3.9-16.1 10.1-40.6 5.4-56-4.2-26.2-37.8-23.6-42.6-5.9-4.4 16.1-.4 38.5 7 67.1-10 23.9-24.9 56-35.4 74.4-20 10.3-47 26.2-51 46.2-3.3 15.8 26 55.2 76.1-31.2 22.4-7.4 46.8-16.5 68.4-20.1 18.9 10.2 41 17 55.8 17 25.5 0 28-28.2 17.5-38.7zm-198.1 77.8c5.1-13.7 24.5-29.5 30.4-35-19 30.3-30.4 35.7-30.4 35zm81.6-190.6c7.4 0 6.7 32.1 1.8 40.8-4.4-13.9-4.3-40.8-1.8-40.8zm-24.4 136.6c9.7-16.9 18-37 24.7-54.7 8.3 15.1 18.9 27.2 30.1 35.5-20.8 4.3-38.9 13.1-54.8 19.2zm131.6-5s-5 6-37.3-7.8c35.1-2.6 40.9 5.4 37.3 7.8z\"><\/path><\/svg><\/span>\t\t\t\t\t\n\t\t\t\t\t<span class=\"wd-list-content list-content\">\n\t\t\t\t\t\t\u00dadr\u017eba\t\t\t\t\t<\/span>\n\n\t\t\t\t\t\n\t\t\t\t\t\t<a  href=\"https:\/\/aquatek.cz\/wp-content\/uploads\/PDF\/sprchove_kuty\/udrzba.pdf\" target=\"_blank\" class=\"wd-fill\" aria-label=\"List item link\"><\/a>\n\t\t\t\t\t\t\t\t\t<\/li>\n\t\t\t\t\t<\/ul>\n\n\t\t\t\t\t\t<\/div>\n\t\t\t\t<\/div>\n\t\t\t\t\t<\/div>\n\t\t<\/div>\n\t\t\t\t<div class=\"elementor-column elementor-col-25 elementor-inner-column elementor-element elementor-element-51080ee0\" data-id=\"51080ee0\" data-element_type=\"column\" data-e-type=\"column\">\n\t\t\t<div class=\"elementor-widget-wrap elementor-element-populated\">\n\t\t\t\t\t\t<div class=\"elementor-element elementor-element-1d2076b3 elementor-widget elementor-widget-wd_list\" data-id=\"1d2076b3\" data-element_type=\"widget\" data-e-type=\"widget\" data-widget_type=\"wd_list.default\">\n\t\t\t\t<div class=\"elementor-widget-container\">\n\t\t\t\t\t\t\t<ul class=\"wd-list color-scheme- wd-fontsize-xs wd-type-icon wd-style-default text-left\">\n\t\t\t\t\t\t\t\t\t\t\t<li class=\"elementor-repeater-item-835ad74\">\n\t\t\t\t\t\t\t\t\t\t\t<span class=\"wd-icon\"><svg class=\"e-font-icon-svg e-far-file-pdf\" viewbox=\"0 0 384 512\" xmlns=\"http:\/\/www.w3.org\/2000\/svg\"><path d=\"M369.9 97.9L286 14C277 5 264.8-.1 252.1-.1H48C21.5 0 0 21.5 0 48v416c0 26.5 21.5 48 48 48h288c26.5 0 48-21.5 48-48V131.9c0-12.7-5.1-25-14.1-34zM332.1 128H256V51.9l76.1 76.1zM48 464V48h160v104c0 13.3 10.7 24 24 24h104v288H48zm250.2-143.7c-12.2-12-47-8.7-64.4-6.5-17.2-10.5-28.7-25-36.8-46.3 3.9-16.1 10.1-40.6 5.4-56-4.2-26.2-37.8-23.6-42.6-5.9-4.4 16.1-.4 38.5 7 67.1-10 23.9-24.9 56-35.4 74.4-20 10.3-47 26.2-51 46.2-3.3 15.8 26 55.2 76.1-31.2 22.4-7.4 46.8-16.5 68.4-20.1 18.9 10.2 41 17 55.8 17 25.5 0 28-28.2 17.5-38.7zm-198.1 77.8c5.1-13.7 24.5-29.5 30.4-35-19 30.3-30.4 35.7-30.4 35zm81.6-190.6c7.4 0 6.7 32.1 1.8 40.8-4.4-13.9-4.3-40.8-1.8-40.8zm-24.4 136.6c9.7-16.9 18-37 24.7-54.7 8.3 15.1 18.9 27.2 30.1 35.5-20.8 4.3-38.9 13.1-54.8 19.2zm131.6-5s-5 6-37.3-7.8c35.1-2.6 40.9 5.4 37.3 7.8z\"><\/path><\/svg><\/span>\t\t\t\t\t\n\t\t\t\t\t<span class=\"wd-list-content list-content\">\n\t\t\t\t\t\tRady pro mont\u00e1\u017e\t\t\t\t\t<\/span>\n\n\t\t\t\t\t\n\t\t\t\t\t\t<a  href=\"https:\/\/aquatek.cz\/wp-content\/uploads\/PDF\/sprchove_kuty\/rady.pdf\" target=\"_blank\" class=\"wd-fill\" aria-label=\"List item link\"><\/a>\n\t\t\t\t\t\t\t\t\t<\/li>\n\t\t\t\t\t<\/ul>\n\n\t\t\t\t\t\t<\/div>\n\t\t\t\t<\/div>\n\t\t\t\t\t<\/div>\n\t\t<\/div>\n\t\t\t\t<div class=\"elementor-column elementor-col-25 elementor-inner-column elementor-element elementor-element-1fcf7cc\" data-id=\"1fcf7cc\" data-element_type=\"column\" data-e-type=\"column\">\n\t\t\t<div class=\"elementor-widget-wrap elementor-element-populated\">\n\t\t\t\t\t\t<div class=\"elementor-element elementor-element-69a063a elementor-widget elementor-widget-wd_list\" data-id=\"69a063a\" data-element_type=\"widget\" data-e-type=\"widget\" data-widget_type=\"wd_list.default\">\n\t\t\t\t<div class=\"elementor-widget-container\">\n\t\t\t\t\t\t\t<ul class=\"wd-list color-scheme- wd-fontsize-xs wd-type-icon wd-style-default text-left\">\n\t\t\t\t\t\t\t\t\t\t\t<li class=\"elementor-repeater-item-835ad74\">\n\t\t\t\t\t\t\t\t\t\t\t<span class=\"wd-icon\"><svg class=\"e-font-icon-svg e-far-folder\" viewbox=\"0 0 512 512\" xmlns=\"http:\/\/www.w3.org\/2000\/svg\"><path d=\"M464 128H272l-54.63-54.63c-6-6-14.14-9.37-22.63-9.37H48C21.49 64 0 85.49 0 112v288c0 26.51 21.49 48 48 48h416c26.51 0 48-21.49 48-48V176c0-26.51-21.49-48-48-48zm0 272H48V112h140.12l54.63 54.63c6 6 14.14 9.37 22.63 9.37H464v224z\"><\/path><\/svg><\/span>\t\t\t\t\t\n\t\t\t\t\t<span class=\"wd-list-content list-content\">\n\t\t\t\t\t\t3D model\t\t\t\t\t<\/span>\n\n\t\t\t\t\t\n\t\t\t\t\t\t<a  href=\"https:\/\/aquatek.cz\/wp-content\/uploads\/WEB_3D\/sprchove-kuty\/FAMILY_B02.zip\" target=\"_blank\" class=\"wd-fill\" aria-label=\"List item link\"><\/a>\n\t\t\t\t\t\t\t\t\t<\/li>\n\t\t\t\t\t<\/ul>\n\n\t\t\t\t\t\t<\/div>\n\t\t\t\t<\/div>\n\t\t\t\t\t<\/div>\n\t\t<\/div>\n\t\t\t\t\t<\/div>\n\t\t<\/section>\n\t\t\t\t<section class=\"elementor-section elementor-inner-section elementor-element elementor-element-4f07089f elementor-section-full_width stiahnut elementor-section-height-default elementor-section-height-default\" data-id=\"4f07089f\" data-element_type=\"section\" data-e-type=\"section\" id=\"stiahnut\">\n\t\t\t\t\t\t<div class=\"elementor-container elementor-column-gap-default\">\n\t\t\t\t\t<div class=\"elementor-column elementor-col-100 elementor-inner-column elementor-element elementor-element-5d54c282\" data-id=\"5d54c282\" data-element_type=\"column\" data-e-type=\"column\">\n\t\t\t<div class=\"elementor-widget-wrap elementor-element-populated\">\n\t\t\t\t\t\t<div class=\"elementor-element elementor-element-fd6d9dd elementor-widget-divider--view-line elementor-widget elementor-widget-divider\" data-id=\"fd6d9dd\" data-element_type=\"widget\" data-e-type=\"widget\" data-widget_type=\"divider.default\">\n\t\t\t\t<div class=\"elementor-widget-container\">\n\t\t\t\t\t\t\t<div class=\"elementor-divider\">\n\t\t\t<span class=\"elementor-divider-separator\">\n\t\t\t\t\t\t<\/span>\n\t\t<\/div>\n\t\t\t\t\t\t<\/div>\n\t\t\t\t<\/div>\n\t\t\t\t\t<\/div>\n\t\t<\/div>\n\t\t\t\t\t<\/div>\n\t\t<\/section>\n\t\t\t\t\t<\/div>\n\t\t<\/div>\n\t\t\t\t\t<\/div>\n\t\t<\/section>\n\t\t\t\t<section class=\"elementor-section elementor-top-section elementor-element elementor-element-3285e3a2 download elementor-section-full_width elementor-section-height-default elementor-section-height-default\" data-id=\"3285e3a2\" data-element_type=\"section\" data-e-type=\"section\">\n\t\t\t\t\t\t<div class=\"elementor-container elementor-column-gap-default\">\n\t\t\t\t\t<div class=\"elementor-column elementor-col-100 elementor-top-column elementor-element elementor-element-7e6ae01c\" data-id=\"7e6ae01c\" data-element_type=\"column\" data-e-type=\"column\">\n\t\t\t<div class=\"elementor-widget-wrap elementor-element-populated\">\n\t\t\t\t\t\t<section class=\"elementor-section elementor-inner-section elementor-element elementor-element-7e781ff6 elementor-section-full_width stiahnut elementor-section-height-default elementor-section-height-default\" data-id=\"7e781ff6\" data-element_type=\"section\" data-e-type=\"section\">\n\t\t\t\t\t\t<div class=\"elementor-container elementor-column-gap-default\">\n\t\t\t\t\t<div class=\"elementor-column elementor-col-100 elementor-inner-column elementor-element elementor-element-ea5fba0\" data-id=\"ea5fba0\" data-element_type=\"column\" data-e-type=\"column\">\n\t\t\t<div class=\"elementor-widget-wrap elementor-element-populated\">\n\t\t\t\t\t\t<div class=\"elementor-element elementor-element-7769a57e elementor-widget elementor-widget-heading\" data-id=\"7769a57e\" data-element_type=\"widget\" data-e-type=\"widget\" data-widget_type=\"heading.default\">\n\t\t\t\t<div class=\"elementor-widget-container\">\n\t\t\t\t\t<h2 class=\"elementor-heading-title elementor-size-default\">Model<\/h2>\t\t\t\t<\/div>\n\t\t\t\t<\/div>\n\t\t\t\t\t<\/div>\n\t\t<\/div>\n\t\t\t\t\t<\/div>\n\t\t<\/section>\n\t\t\t\t<section class=\"elementor-section elementor-inner-section elementor-element elementor-element-5f782abf elementor-section-full_width stiahnut elementor-section-height-default elementor-section-height-default\" data-id=\"5f782abf\" data-element_type=\"section\" data-e-type=\"section\">\n\t\t\t\t\t\t<div class=\"elementor-container elementor-column-gap-default\">\n\t\t\t\t\t<div class=\"elementor-column elementor-col-100 elementor-inner-column elementor-element elementor-element-5bff0e8e\" data-id=\"5bff0e8e\" data-element_type=\"column\" data-e-type=\"column\">\n\t\t\t<div class=\"elementor-widget-wrap elementor-element-populated\">\n\t\t\t\t\t\t<div class=\"elementor-element elementor-element-2cb30747 text-center color-scheme-inherit elementor-widget elementor-widget-text-editor\" data-id=\"2cb30747\" data-element_type=\"widget\" data-e-type=\"widget\" data-widget_type=\"text-editor.default\">\n\t\t\t\t<div class=\"elementor-widget-container\">\n\t\t\t\t\t\t\t\t\t<h5>Univerz\u00e1ln\u00ed<\/h5>\t\t\t\t\t\t\t\t<\/div>\n\t\t\t\t<\/div>\n\t\t\t\t\t<\/div>\n\t\t<\/div>\n\t\t\t\t\t<\/div>\n\t\t<\/section>\n\t\t\t\t<section class=\"elementor-section elementor-inner-section elementor-element elementor-element-2b8cbbcb elementor-section-full_width stiahnut elementor-section-height-default elementor-section-height-default\" data-id=\"2b8cbbcb\" data-element_type=\"section\" data-e-type=\"section\">\n\t\t\t\t\t\t<div class=\"elementor-container elementor-column-gap-default\">\n\t\t\t\t\t<div class=\"elementor-column elementor-col-100 elementor-inner-column elementor-element elementor-element-79b64076\" data-id=\"79b64076\" data-element_type=\"column\" data-e-type=\"column\">\n\t\t\t<div class=\"elementor-widget-wrap elementor-element-populated\">\n\t\t\t\t\t\t<div class=\"elementor-element elementor-element-1d70935c elementor-widget elementor-widget-image\" data-id=\"1d70935c\" data-element_type=\"widget\" data-e-type=\"widget\" data-widget_type=\"image.default\">\n\t\t\t\t<div class=\"elementor-widget-container\">\n\t\t\t\t\t\t\t\t\t\t\t\t\t\t\t\t<a href=\"https:\/\/aquatek.cz\/wp-content\/uploads\/2025\/10\/family_b02.svg\" data-elementor-open-lightbox=\"yes\" data-elementor-lightbox-title=\"family_b02\" data-e-action-hash=\"#elementor-action%3Aaction%3Dlightbox%26settings%3DeyJpZCI6ODYxMzgsInVybCI6Imh0dHBzOlwvXC9hcXVhdGVrLmN6XC93cC1jb250ZW50XC91cGxvYWRzXC8yMDI1XC8xMFwvZmFtaWx5X2IwMi5zdmcifQ%3D%3D\">\n\t\t\t\t\t\t\t<img fetchpriority=\"high\" decoding=\"async\" width=\"400\" height=\"152\" src=\"https:\/\/aquatek.cz\/wp-content\/uploads\/2025\/10\/family_b02.svg\" class=\"attachment-medium size-medium wp-image-86138\" alt=\"\" \/>\t\t\t\t\t\t\t\t<\/a>\n\t\t\t\t\t\t\t\t\t\t\t\t\t\t\t<\/div>\n\t\t\t\t<\/div>\n\t\t\t\t\t<\/div>\n\t\t<\/div>\n\t\t\t\t\t<\/div>\n\t\t<\/section>\n\t\t\t\t<section class=\"elementor-section elementor-inner-section elementor-element elementor-element-61d59c55 elementor-section-full_width stiahnut elementor-section-height-default elementor-section-height-default\" data-id=\"61d59c55\" data-element_type=\"section\" data-e-type=\"section\">\n\t\t\t\t\t\t<div class=\"elementor-container elementor-column-gap-default\">\n\t\t\t\t\t<div class=\"elementor-column elementor-col-100 elementor-inner-column elementor-element elementor-element-6cd7e77f\" data-id=\"6cd7e77f\" data-element_type=\"column\" data-e-type=\"column\">\n\t\t\t<div class=\"elementor-widget-wrap elementor-element-populated\">\n\t\t\t\t\t\t<div class=\"elementor-element elementor-element-683a022f elementor-widget-divider--view-line elementor-widget elementor-widget-divider\" data-id=\"683a022f\" data-element_type=\"widget\" data-e-type=\"widget\" data-widget_type=\"divider.default\">\n\t\t\t\t<div class=\"elementor-widget-container\">\n\t\t\t\t\t\t\t<div class=\"elementor-divider\">\n\t\t\t<span class=\"elementor-divider-separator\">\n\t\t\t\t\t\t<\/span>\n\t\t<\/div>\n\t\t\t\t\t\t<\/div>\n\t\t\t\t<\/div>\n\t\t\t\t\t<\/div>\n\t\t<\/div>\n\t\t\t\t\t<\/div>\n\t\t<\/section>\n\t\t\t\t<section class=\"elementor-section elementor-inner-section elementor-element elementor-element-5bbf46c elementor-section-full_width stiahnut elementor-section-height-default elementor-section-height-default\" data-id=\"5bbf46c\" data-element_type=\"section\" data-e-type=\"section\">\n\t\t\t\t\t\t<div class=\"elementor-container elementor-column-gap-default\">\n\t\t\t\t\t<div class=\"elementor-column elementor-col-100 elementor-inner-column elementor-element elementor-element-67432dd1\" data-id=\"67432dd1\" data-element_type=\"column\" data-e-type=\"column\">\n\t\t\t<div class=\"elementor-widget-wrap elementor-element-populated\">\n\t\t\t\t\t\t<div class=\"elementor-element elementor-element-6fabf14 elementor-widget elementor-widget-heading\" data-id=\"6fabf14\" data-element_type=\"widget\" data-e-type=\"widget\" data-widget_type=\"heading.default\">\n\t\t\t\t<div class=\"elementor-widget-container\">\n\t\t\t\t\t<h2 class=\"elementor-heading-title elementor-size-default\">Otev\u00edr\u00e1n\u00ed<\/h2>\t\t\t\t<\/div>\n\t\t\t\t<\/div>\n\t\t\t\t\t<\/div>\n\t\t<\/div>\n\t\t\t\t\t<\/div>\n\t\t<\/section>\n\t\t\t\t<section class=\"elementor-section elementor-inner-section elementor-element elementor-element-293a59d2 elementor-section-full_width stiahnut elementor-section-height-default elementor-section-height-default\" data-id=\"293a59d2\" data-element_type=\"section\" data-e-type=\"section\">\n\t\t\t\t\t\t<div class=\"elementor-container elementor-column-gap-default\">\n\t\t\t\t\t<div class=\"elementor-column elementor-col-100 elementor-inner-column elementor-element elementor-element-5b0177de\" data-id=\"5b0177de\" data-element_type=\"column\" data-e-type=\"column\">\n\t\t\t<div class=\"elementor-widget-wrap elementor-element-populated\">\n\t\t\t\t\t\t<div class=\"elementor-element elementor-element-3cdbcce1 elementor-widget elementor-widget-image\" data-id=\"3cdbcce1\" data-element_type=\"widget\" data-e-type=\"widget\" data-widget_type=\"image.default\">\n\t\t\t\t<div class=\"elementor-widget-container\">\n\t\t\t\t\t\t\t\t\t\t\t\t\t\t\t\t<a href=\"https:\/\/aquatek.cz\/wp-content\/uploads\/2025\/10\/family_B02_otvaranie.svg\" data-elementor-open-lightbox=\"yes\" data-elementor-lightbox-title=\"family_B02_otvaranie\" data-e-action-hash=\"#elementor-action%3Aaction%3Dlightbox%26settings%3DeyJpZCI6ODYxMzcsInVybCI6Imh0dHBzOlwvXC9hcXVhdGVrLmN6XC93cC1jb250ZW50XC91cGxvYWRzXC8yMDI1XC8xMFwvZmFtaWx5X0IwMl9vdHZhcmFuaWUuc3ZnIn0%3D\">\n\t\t\t\t\t\t\t<img decoding=\"async\" width=\"2000\" height=\"1347\" src=\"https:\/\/aquatek.cz\/wp-content\/uploads\/2025\/10\/family_B02_otvaranie.svg\" class=\"attachment-full size-full wp-image-86137\" alt=\"\" \/>\t\t\t\t\t\t\t\t<\/a>\n\t\t\t\t\t\t\t\t\t\t\t\t\t\t\t<\/div>\n\t\t\t\t<\/div>\n\t\t\t\t\t<\/div>\n\t\t<\/div>\n\t\t\t\t\t<\/div>\n\t\t<\/section>\n\t\t\t\t\t<\/div>\n\t\t<\/div>\n\t\t\t\t\t<\/div>\n\t\t<\/section>\n\t\t\t\t<\/div>","protected":false},"excerpt":{"rendered":"<p><b>Sprchov\u00e9 dve\u0159e se dv\u011bma otev\u00edrac\u00edmi dve\u0159mi<\/b><\/p>\n<p>Sprchov\u00e9 dve\u0159e <strong>FAMILY B02<\/strong> se dv\u011bma otev\u00edrac\u00edmi dve\u0159mi. Ekonomick\u00e1 volba s vysok\u00fdm ohledem na kvalitu. Magnetick\u00e9 uzav\u00edr\u00e1n\u00ed. Vyrovn\u00e1vac\u00ed bo\u010dn\u00ed profil s 2 cm rozta\u017een\u00edm. Kalen\u00e9 sklo tlust\u00e9 6 mm v proveden\u00ed grap\u00e9 nebo \u010dir\u00e9 s celkovou v\u00fd\u0161kou sprchov\u00fdch dve\u0159\u00ed 190 cm. R\u00e1m pro otev\u00edrac\u00ed dve\u0159e.<\/p>\n<p><b style=\"color: #c4161c;\">UPOZORN\u011aN\u00cd!<\/b><br \/>\nP\u0159i v\u00fdb\u011bru sprchov\u00e9ho koutu je velmi d\u016fle\u017eit\u00fd instala\u010dn\u00ed rozm\u011br tzv. <strong>ROZTA\u017dEN\u00cd PROFIL\u016e<\/strong>, kter\u00fd naleznete v tabulce. Rozta\u017een\u00ed ur\u010duje minim\u00e1ln\u00ed a maxim\u00e1ln\u00ed rozm\u011br sprchov\u00e9ho koutu. Sprchov\u00e9 kouty Aquatek jsou dod\u00e1v\u00e1ny <strong>BEZ SPRCHOV\u00c9 VANI\u010cKY<\/strong>. Vhodn\u00e9 vani\u010dky a jin\u00e9 p\u0159\u00edslu\u0161enstv\u00ed naleznete pod z\u00e1lo\u017ekou SOUVISEJ\u00cdC\u00cd PRODUKTY.<\/p>","protected":false},"featured_media":61516,"template":"","meta":{"_acf_changed":false},"product_brand":[],"product_cat":[5614],"product_tag":[],"woo-feed-brand":[],"class_list":{"0":"post-77147","1":"product","2":"type-product","3":"status-publish","4":"has-post-thumbnail","6":"product_cat-sprchove-dvere","7":"pa_3d-model-3d","8":"pa_dodanie-mont-sady-a-tesnenia-ano","9":"pa_dvere-otvaracie","10":"pa_farba-profilov-chrom","11":"pa_farba-profilov-tab-chrom-leskly","12":"pa_hrubka-skla-1946","13":"pa_kombinacia-s-modelom-f02","14":"pa_magneticke-uzatvaranie-ano","15":"pa_material-madla-plast","16":"pa_material-pantov-ocel","17":"pa_material-profilov-hlinik","18":"pa_model-b02","19":"pa_model-l-p-nie","20":"pa_nazov-tab-family-b02-100","21":"pa_nazov-tab-family-b02-70","22":"pa_nazov-tab-family-b02-75","23":"pa_nazov-tab-family-b02-80","24":"pa_nazov-tab-family-b02-85","25":"pa_nazov-tab-family-b02-90","26":"pa_nazov-tab-family-b02-95","27":"pa_pocet-dveri-3710","28":"pa_podlahova-lista-nie","29":"pa_roztiahnutie-cm-tab-67-71","30":"pa_roztiahnutie-cm-tab-72-76","31":"pa_roztiahnutie-cm-tab-77-81","32":"pa_roztiahnutie-cm-tab-82-86","33":"pa_roztiahnutie-cm-tab-87-91","34":"pa_roztiahnutie-cm-tab-92-96","35":"pa_roztiahnutie-cm-tab-97-101","36":"pa_seria-family","37":"pa_sirka-cm-5592","38":"pa_stabilizacna-kovova-konzola-nie","39":"pa_stavebna-sirka-92-96","40":"pa_typ-dveri-otvaracie","41":"pa_typ-sprchovacieho-kuta-sprchove-dvere","42":"pa_univerzalny-model-ano","43":"pa_uprava-skla-tekno-cal-nie-moznost-dokupit","44":"pa_vstup-cm-tab-589","45":"pa_vstup-cm-tab-695","46":"pa_vstup-cm-tab-700","47":"pa_vstup-cm-tab-831","48":"pa_vstup-cm-tab-641","49":"pa_vstup-cm-tab-838","50":"pa_vstup-cm-tab-825","51":"pa_vypln-cire","52":"pa_vypln-tab-cire","53":"pa_vypln-tab-grape","54":"pa_vyska-cm-914","55":"pa_vyska-dveri-3757","56":"pa_vyska-tab-2149","57":"pa_vyska-vstupu-1992","58":"pa_zaruka-24-mesiacov","59":"pa_zdvihacie-panty-otvarania-nie","61":"first","62":"instock","63":"sale","64":"purchasable","65":"product-type-simple"},"acf":[],"_links":{"self":[{"href":"https:\/\/aquatek.cz\/sk\/wp-json\/wp\/v2\/product\/77147","targetHints":{"allow":["GET"]}}],"collection":[{"href":"https:\/\/aquatek.cz\/sk\/wp-json\/wp\/v2\/product"}],"about":[{"href":"https:\/\/aquatek.cz\/sk\/wp-json\/wp\/v2\/types\/product"}],"version-history":[{"count":0,"href":"https:\/\/aquatek.cz\/sk\/wp-json\/wp\/v2\/product\/77147\/revisions"}],"wp:featuredmedia":[{"embeddable":true,"href":"https:\/\/aquatek.cz\/sk\/wp-json\/wp\/v2\/media\/61516"}],"wp:attachment":[{"href":"https:\/\/aquatek.cz\/sk\/wp-json\/wp\/v2\/media?parent=77147"}],"wp:term":[{"taxonomy":"product_brand","embeddable":true,"href":"https:\/\/aquatek.cz\/sk\/wp-json\/wp\/v2\/product_brand?post=77147"},{"taxonomy":"product_cat","embeddable":true,"href":"https:\/\/aquatek.cz\/sk\/wp-json\/wp\/v2\/product_cat?post=77147"},{"taxonomy":"product_tag","embeddable":true,"href":"https:\/\/aquatek.cz\/sk\/wp-json\/wp\/v2\/product_tag?post=77147"},{"taxonomy":"woo-feed-brand","embeddable":true,"href":"https:\/\/aquatek.cz\/sk\/wp-json\/wp\/v2\/woo-feed-brand?post=77147"}],"curies":[{"name":"wp","href":"https:\/\/api.w.org\/{rel}","templated":true}]}}