{"id":68101,"date":"2025-10-13T08:28:25","date_gmt":"2025-10-13T06:28:25","guid":{"rendered":"https:\/\/aquatek.cz\/?post_type=product&#038;p=68101"},"modified":"2025-12-11T12:57:44","modified_gmt":"2025-12-11T11:57:44","slug":"wellness-k2-140-mirror-sprchove-dvere","status":"publish","type":"product","link":"https:\/\/aquatek.cz\/sk\/wellness-k2-140-mirror-sprchove-dvere\/","title":{"rendered":"WELLNESS K2 140 (Mirror) &#8211; sprchov\u00e9 dve\u0159e"},"content":{"rendered":"<div data-elementor-type=\"wp-post\" data-elementor-id=\"68101\" class=\"elementor elementor-68101\" data-elementor-post-type=\"product\">\n\t\t\t\t\t\t<section class=\"elementor-section elementor-top-section elementor-element elementor-element-4ff39faa download elementor-section-full_width elementor-section-height-default elementor-section-height-default\" data-id=\"4ff39faa\" data-element_type=\"section\" data-e-type=\"section\" id=\"download\">\n\t\t\t\t\t\t<div class=\"elementor-container elementor-column-gap-default\">\n\t\t\t\t\t<div class=\"elementor-column elementor-col-100 elementor-top-column elementor-element elementor-element-69141156\" data-id=\"69141156\" data-element_type=\"column\" data-e-type=\"column\">\n\t\t\t<div class=\"elementor-widget-wrap elementor-element-populated\">\n\t\t\t\t\t\t<section class=\"elementor-section elementor-inner-section elementor-element elementor-element-31b95dd6 elementor-section-full_width stiahnut elementor-section-height-default elementor-section-height-default\" data-id=\"31b95dd6\" data-element_type=\"section\" data-e-type=\"section\" id=\"stiahnut\">\n\t\t\t\t\t\t<div class=\"elementor-container elementor-column-gap-default\">\n\t\t\t\t\t<div class=\"elementor-column elementor-col-100 elementor-inner-column elementor-element elementor-element-483f1ff5\" data-id=\"483f1ff5\" data-element_type=\"column\" data-e-type=\"column\">\n\t\t\t<div class=\"elementor-widget-wrap elementor-element-populated\">\n\t\t\t\t\t\t<div class=\"elementor-element elementor-element-36a9464a elementor-widget elementor-widget-heading\" data-id=\"36a9464a\" data-element_type=\"widget\" data-e-type=\"widget\" data-widget_type=\"heading.default\">\n\t\t\t\t<div class=\"elementor-widget-container\">\n\t\t\t\t\t<h2 class=\"elementor-heading-title elementor-size-medium\">Ke sta\u017een\u00ed<\/h2>\t\t\t\t<\/div>\n\t\t\t\t<\/div>\n\t\t\t\t\t<\/div>\n\t\t<\/div>\n\t\t\t\t\t<\/div>\n\t\t<\/section>\n\t\t\t\t<section class=\"elementor-section elementor-inner-section elementor-element elementor-element-4934a798 elementor-section-full_width stiahnut elementor-section-height-default elementor-section-height-default\" data-id=\"4934a798\" data-element_type=\"section\" data-e-type=\"section\" id=\"stiahnut\">\n\t\t\t\t\t\t<div class=\"elementor-container elementor-column-gap-default\">\n\t\t\t\t\t<div class=\"elementor-column elementor-col-25 elementor-inner-column elementor-element elementor-element-439ff626\" data-id=\"439ff626\" data-element_type=\"column\" data-e-type=\"column\">\n\t\t\t<div class=\"elementor-widget-wrap elementor-element-populated\">\n\t\t\t\t\t\t<div class=\"elementor-element elementor-element-5cce4a2b elementor-widget elementor-widget-wd_list\" data-id=\"5cce4a2b\" data-element_type=\"widget\" data-e-type=\"widget\" data-widget_type=\"wd_list.default\">\n\t\t\t\t<div class=\"elementor-widget-container\">\n\t\t\t\t\t\t\t<ul class=\"wd-list color-scheme- wd-fontsize-xs wd-type-icon wd-style-default text-left\">\n\t\t\t\t\t\t\t\t\t\t\t<li class=\"elementor-repeater-item-e4e357f\">\n\t\t\t\t\t\t\t\t\t\t\t<span class=\"wd-icon\"><svg class=\"e-font-icon-svg e-far-file-pdf\" viewbox=\"0 0 384 512\" xmlns=\"http:\/\/www.w3.org\/2000\/svg\"><path d=\"M369.9 97.9L286 14C277 5 264.8-.1 252.1-.1H48C21.5 0 0 21.5 0 48v416c0 26.5 21.5 48 48 48h288c26.5 0 48-21.5 48-48V131.9c0-12.7-5.1-25-14.1-34zM332.1 128H256V51.9l76.1 76.1zM48 464V48h160v104c0 13.3 10.7 24 24 24h104v288H48zm250.2-143.7c-12.2-12-47-8.7-64.4-6.5-17.2-10.5-28.7-25-36.8-46.3 3.9-16.1 10.1-40.6 5.4-56-4.2-26.2-37.8-23.6-42.6-5.9-4.4 16.1-.4 38.5 7 67.1-10 23.9-24.9 56-35.4 74.4-20 10.3-47 26.2-51 46.2-3.3 15.8 26 55.2 76.1-31.2 22.4-7.4 46.8-16.5 68.4-20.1 18.9 10.2 41 17 55.8 17 25.5 0 28-28.2 17.5-38.7zm-198.1 77.8c5.1-13.7 24.5-29.5 30.4-35-19 30.3-30.4 35.7-30.4 35zm81.6-190.6c7.4 0 6.7 32.1 1.8 40.8-4.4-13.9-4.3-40.8-1.8-40.8zm-24.4 136.6c9.7-16.9 18-37 24.7-54.7 8.3 15.1 18.9 27.2 30.1 35.5-20.8 4.3-38.9 13.1-54.8 19.2zm131.6-5s-5 6-37.3-7.8c35.1-2.6 40.9 5.4 37.3 7.8z\"><\/path><\/svg><\/span>\t\t\t\t\t\n\t\t\t\t\t<span class=\"wd-list-content list-content\">\n\t\t\t\t\t\tMont\u00e1\u017en\u00ed n\u00e1vod\t\t\t\t\t<\/span>\n\n\t\t\t\t\t\n\t\t\t\t\t\t<a  href=\"https:\/\/aquatek.cz\/wp-content\/uploads\/PDF\/sprchove_kuty\/wellness\/WELLNESS_K2_MN.pdf\" target=\"_blank\" class=\"wd-fill\" aria-label=\"List item link\"><\/a>\n\t\t\t\t\t\t\t\t\t<\/li>\n\t\t\t\t\t<\/ul>\n\n\t\t\t\t\t\t<\/div>\n\t\t\t\t<\/div>\n\t\t\t\t\t<\/div>\n\t\t<\/div>\n\t\t\t\t<div class=\"elementor-column elementor-col-25 elementor-inner-column elementor-element elementor-element-3108b74a\" data-id=\"3108b74a\" data-element_type=\"column\" data-e-type=\"column\">\n\t\t\t<div class=\"elementor-widget-wrap elementor-element-populated\">\n\t\t\t\t\t\t<div class=\"elementor-element elementor-element-491f0943 elementor-widget elementor-widget-wd_list\" data-id=\"491f0943\" data-element_type=\"widget\" data-e-type=\"widget\" data-widget_type=\"wd_list.default\">\n\t\t\t\t<div class=\"elementor-widget-container\">\n\t\t\t\t\t\t\t<ul class=\"wd-list color-scheme- wd-fontsize-xs wd-type-icon wd-style-default text-left\">\n\t\t\t\t\t\t\t\t\t\t\t<li class=\"elementor-repeater-item-c16f7df\">\n\t\t\t\t\t\t\t\t\t\t\t<span class=\"wd-icon\"><svg class=\"e-font-icon-svg e-far-file-pdf\" viewbox=\"0 0 384 512\" xmlns=\"http:\/\/www.w3.org\/2000\/svg\"><path d=\"M369.9 97.9L286 14C277 5 264.8-.1 252.1-.1H48C21.5 0 0 21.5 0 48v416c0 26.5 21.5 48 48 48h288c26.5 0 48-21.5 48-48V131.9c0-12.7-5.1-25-14.1-34zM332.1 128H256V51.9l76.1 76.1zM48 464V48h160v104c0 13.3 10.7 24 24 24h104v288H48zm250.2-143.7c-12.2-12-47-8.7-64.4-6.5-17.2-10.5-28.7-25-36.8-46.3 3.9-16.1 10.1-40.6 5.4-56-4.2-26.2-37.8-23.6-42.6-5.9-4.4 16.1-.4 38.5 7 67.1-10 23.9-24.9 56-35.4 74.4-20 10.3-47 26.2-51 46.2-3.3 15.8 26 55.2 76.1-31.2 22.4-7.4 46.8-16.5 68.4-20.1 18.9 10.2 41 17 55.8 17 25.5 0 28-28.2 17.5-38.7zm-198.1 77.8c5.1-13.7 24.5-29.5 30.4-35-19 30.3-30.4 35.7-30.4 35zm81.6-190.6c7.4 0 6.7 32.1 1.8 40.8-4.4-13.9-4.3-40.8-1.8-40.8zm-24.4 136.6c9.7-16.9 18-37 24.7-54.7 8.3 15.1 18.9 27.2 30.1 35.5-20.8 4.3-38.9 13.1-54.8 19.2zm131.6-5s-5 6-37.3-7.8c35.1-2.6 40.9 5.4 37.3 7.8z\"><\/path><\/svg><\/span>\t\t\t\t\t\n\t\t\t\t\t<span class=\"wd-list-content list-content\">\n\t\t\t\t\t\t\u00dadr\u017eba\t\t\t\t\t<\/span>\n\n\t\t\t\t\t\n\t\t\t\t\t\t<a  href=\"https:\/\/aquatek.cz\/wp-content\/uploads\/PDF\/sprchove_kuty\/udrzba.pdf\" target=\"_blank\" class=\"wd-fill\" aria-label=\"List item link\"><\/a>\n\t\t\t\t\t\t\t\t\t<\/li>\n\t\t\t\t\t<\/ul>\n\n\t\t\t\t\t\t<\/div>\n\t\t\t\t<\/div>\n\t\t\t\t\t<\/div>\n\t\t<\/div>\n\t\t\t\t<div class=\"elementor-column elementor-col-25 elementor-inner-column elementor-element elementor-element-6e731cbe\" data-id=\"6e731cbe\" data-element_type=\"column\" data-e-type=\"column\">\n\t\t\t<div class=\"elementor-widget-wrap elementor-element-populated\">\n\t\t\t\t\t\t<div class=\"elementor-element elementor-element-1ee44ec3 elementor-widget elementor-widget-wd_list\" data-id=\"1ee44ec3\" data-element_type=\"widget\" data-e-type=\"widget\" data-widget_type=\"wd_list.default\">\n\t\t\t\t<div class=\"elementor-widget-container\">\n\t\t\t\t\t\t\t<ul class=\"wd-list color-scheme- wd-fontsize-xs wd-type-icon wd-style-default text-left\">\n\t\t\t\t\t\t\t\t\t\t\t<li class=\"elementor-repeater-item-835ad74\">\n\t\t\t\t\t\t\t\t\t\t\t<span class=\"wd-icon\"><svg class=\"e-font-icon-svg e-far-file-pdf\" viewbox=\"0 0 384 512\" xmlns=\"http:\/\/www.w3.org\/2000\/svg\"><path d=\"M369.9 97.9L286 14C277 5 264.8-.1 252.1-.1H48C21.5 0 0 21.5 0 48v416c0 26.5 21.5 48 48 48h288c26.5 0 48-21.5 48-48V131.9c0-12.7-5.1-25-14.1-34zM332.1 128H256V51.9l76.1 76.1zM48 464V48h160v104c0 13.3 10.7 24 24 24h104v288H48zm250.2-143.7c-12.2-12-47-8.7-64.4-6.5-17.2-10.5-28.7-25-36.8-46.3 3.9-16.1 10.1-40.6 5.4-56-4.2-26.2-37.8-23.6-42.6-5.9-4.4 16.1-.4 38.5 7 67.1-10 23.9-24.9 56-35.4 74.4-20 10.3-47 26.2-51 46.2-3.3 15.8 26 55.2 76.1-31.2 22.4-7.4 46.8-16.5 68.4-20.1 18.9 10.2 41 17 55.8 17 25.5 0 28-28.2 17.5-38.7zm-198.1 77.8c5.1-13.7 24.5-29.5 30.4-35-19 30.3-30.4 35.7-30.4 35zm81.6-190.6c7.4 0 6.7 32.1 1.8 40.8-4.4-13.9-4.3-40.8-1.8-40.8zm-24.4 136.6c9.7-16.9 18-37 24.7-54.7 8.3 15.1 18.9 27.2 30.1 35.5-20.8 4.3-38.9 13.1-54.8 19.2zm131.6-5s-5 6-37.3-7.8c35.1-2.6 40.9 5.4 37.3 7.8z\"><\/path><\/svg><\/span>\t\t\t\t\t\n\t\t\t\t\t<span class=\"wd-list-content list-content\">\n\t\t\t\t\t\tRady pro mont\u00e1\u017e\t\t\t\t\t<\/span>\n\n\t\t\t\t\t\n\t\t\t\t\t\t<a  href=\"https:\/\/aquatek.cz\/wp-content\/uploads\/PDF\/sprchove_kuty\/rady.pdf\" target=\"_blank\" class=\"wd-fill\" aria-label=\"List item link\"><\/a>\n\t\t\t\t\t\t\t\t\t<\/li>\n\t\t\t\t\t<\/ul>\n\n\t\t\t\t\t\t<\/div>\n\t\t\t\t<\/div>\n\t\t\t\t\t<\/div>\n\t\t<\/div>\n\t\t\t\t<div class=\"elementor-column elementor-col-25 elementor-inner-column elementor-element elementor-element-f8281a8\" data-id=\"f8281a8\" data-element_type=\"column\" data-e-type=\"column\">\n\t\t\t<div class=\"elementor-widget-wrap elementor-element-populated\">\n\t\t\t\t\t\t<div class=\"elementor-element elementor-element-ec25672 elementor-widget elementor-widget-wd_list\" data-id=\"ec25672\" data-element_type=\"widget\" data-e-type=\"widget\" data-widget_type=\"wd_list.default\">\n\t\t\t\t<div class=\"elementor-widget-container\">\n\t\t\t\t\t\t\t<ul class=\"wd-list color-scheme- wd-fontsize-xs wd-type-icon wd-style-default text-left\">\n\t\t\t\t\t\t\t\t\t\t\t<li class=\"elementor-repeater-item-835ad74\">\n\t\t\t\t\t\t\t\t\t\t\t<span class=\"wd-icon\"><svg class=\"e-font-icon-svg e-far-folder\" viewbox=\"0 0 512 512\" xmlns=\"http:\/\/www.w3.org\/2000\/svg\"><path d=\"M464 128H272l-54.63-54.63c-6-6-14.14-9.37-22.63-9.37H48C21.49 64 0 85.49 0 112v288c0 26.51 21.49 48 48 48h416c26.51 0 48-21.49 48-48V176c0-26.51-21.49-48-48-48zm0 272H48V112h140.12l54.63 54.63c6 6 14.14 9.37 22.63 9.37H464v224z\"><\/path><\/svg><\/span>\t\t\t\t\t\n\t\t\t\t\t<span class=\"wd-list-content list-content\">\n\t\t\t\t\t\t3D model\t\t\t\t\t<\/span>\n\n\t\t\t\t\t\n\t\t\t\t\t\t<a  href=\"https:\/\/aquatek.cz\/wp-content\/uploads\/WEB_3D\/sprchove-kuty\/WELLNESS_K2.zip\" target=\"_blank\" class=\"wd-fill\" aria-label=\"List item link\"><\/a>\n\t\t\t\t\t\t\t\t\t<\/li>\n\t\t\t\t\t<\/ul>\n\n\t\t\t\t\t\t<\/div>\n\t\t\t\t<\/div>\n\t\t\t\t\t<\/div>\n\t\t<\/div>\n\t\t\t\t\t<\/div>\n\t\t<\/section>\n\t\t\t\t<section class=\"elementor-section elementor-inner-section elementor-element elementor-element-751ef2a elementor-section-full_width stiahnut elementor-section-height-default elementor-section-height-default\" data-id=\"751ef2a\" data-element_type=\"section\" data-e-type=\"section\" id=\"stiahnut\">\n\t\t\t\t\t\t<div class=\"elementor-container elementor-column-gap-default\">\n\t\t\t\t\t<div class=\"elementor-column elementor-col-100 elementor-inner-column elementor-element elementor-element-7f80e8bd\" data-id=\"7f80e8bd\" data-element_type=\"column\" data-e-type=\"column\">\n\t\t\t<div class=\"elementor-widget-wrap elementor-element-populated\">\n\t\t\t\t\t\t<div class=\"elementor-element elementor-element-02dc875 elementor-widget-divider--view-line elementor-widget elementor-widget-divider\" data-id=\"02dc875\" data-element_type=\"widget\" data-e-type=\"widget\" data-widget_type=\"divider.default\">\n\t\t\t\t<div class=\"elementor-widget-container\">\n\t\t\t\t\t\t\t<div class=\"elementor-divider\">\n\t\t\t<span class=\"elementor-divider-separator\">\n\t\t\t\t\t\t<\/span>\n\t\t<\/div>\n\t\t\t\t\t\t<\/div>\n\t\t\t\t<\/div>\n\t\t\t\t\t<\/div>\n\t\t<\/div>\n\t\t\t\t\t<\/div>\n\t\t<\/section>\n\t\t\t\t<section class=\"elementor-section elementor-inner-section elementor-element elementor-element-3aad7ca5 elementor-section-full_width stiahnut elementor-section-height-default elementor-section-height-default\" data-id=\"3aad7ca5\" data-element_type=\"section\" data-e-type=\"section\" id=\"stiahnut\">\n\t\t\t\t\t\t<div class=\"elementor-container elementor-column-gap-default\">\n\t\t\t\t\t<div class=\"elementor-column elementor-col-100 elementor-inner-column elementor-element elementor-element-5ce0323\" data-id=\"5ce0323\" data-element_type=\"column\" data-e-type=\"column\">\n\t\t\t<div class=\"elementor-widget-wrap elementor-element-populated\">\n\t\t\t\t\t\t<div class=\"elementor-element elementor-element-3b4ac94b elementor-widget elementor-widget-heading\" data-id=\"3b4ac94b\" data-element_type=\"widget\" data-e-type=\"widget\" data-widget_type=\"heading.default\">\n\t\t\t\t<div class=\"elementor-widget-container\">\n\t\t\t\t\t<h4 class=\"elementor-heading-title elementor-size-medium\">Model<\/h4>\t\t\t\t<\/div>\n\t\t\t\t<\/div>\n\t\t\t\t<div class=\"elementor-element elementor-element-4202918c text-center color-scheme-inherit elementor-widget elementor-widget-text-editor\" data-id=\"4202918c\" data-element_type=\"widget\" data-e-type=\"widget\" data-widget_type=\"text-editor.default\">\n\t\t\t\t<div class=\"elementor-widget-container\">\n\t\t\t\t\t\t\t\t\t<h5>Univerz\u00e1ln\u00ed<\/h5>\t\t\t\t\t\t\t\t<\/div>\n\t\t\t\t<\/div>\n\t\t\t\t<div class=\"elementor-element elementor-element-3eb38ecc elementor-widget elementor-widget-image\" data-id=\"3eb38ecc\" data-element_type=\"widget\" data-e-type=\"widget\" data-widget_type=\"image.default\">\n\t\t\t\t<div class=\"elementor-widget-container\">\n\t\t\t\t\t\t\t\t\t\t\t\t\t\t\t\t<a href=\"https:\/\/aquatek.cz\/wp-content\/uploads\/2025\/10\/wellness_k2.svg\" data-elementor-open-lightbox=\"yes\" data-elementor-lightbox-title=\"wellness_k2\" data-e-action-hash=\"#elementor-action%3Aaction%3Dlightbox%26settings%3DeyJpZCI6ODQyNDQsInVybCI6Imh0dHBzOlwvXC9hcXVhdGVrLmN6XC93cC1jb250ZW50XC91cGxvYWRzXC8yMDI1XC8xMFwvd2VsbG5lc3NfazIuc3ZnIn0%3D\">\n\t\t\t\t\t\t\t<img fetchpriority=\"high\" decoding=\"async\" width=\"400\" height=\"211\" src=\"https:\/\/aquatek.cz\/wp-content\/uploads\/2025\/10\/wellness_k2.svg\" class=\"attachment-medium size-medium wp-image-84244\" alt=\"\" \/>\t\t\t\t\t\t\t\t<\/a>\n\t\t\t\t\t\t\t\t\t\t\t\t\t\t\t<\/div>\n\t\t\t\t<\/div>\n\t\t\t\t<div class=\"elementor-element elementor-element-95a5748 elementor-widget-divider--view-line elementor-widget elementor-widget-divider\" data-id=\"95a5748\" data-element_type=\"widget\" data-e-type=\"widget\" data-widget_type=\"divider.default\">\n\t\t\t\t<div class=\"elementor-widget-container\">\n\t\t\t\t\t\t\t<div class=\"elementor-divider\">\n\t\t\t<span class=\"elementor-divider-separator\">\n\t\t\t\t\t\t<\/span>\n\t\t<\/div>\n\t\t\t\t\t\t<\/div>\n\t\t\t\t<\/div>\n\t\t\t\t\t<\/div>\n\t\t<\/div>\n\t\t\t\t\t<\/div>\n\t\t<\/section>\n\t\t\t\t<section class=\"elementor-section elementor-inner-section elementor-element elementor-element-0be8099 elementor-section-full_width stiahnut elementor-section-height-default elementor-section-height-default\" data-id=\"0be8099\" data-element_type=\"section\" data-e-type=\"section\">\n\t\t\t\t\t\t<div class=\"elementor-container elementor-column-gap-default\">\n\t\t\t\t\t<div class=\"elementor-column elementor-col-100 elementor-inner-column elementor-element elementor-element-c9ebec9\" data-id=\"c9ebec9\" data-element_type=\"column\" data-e-type=\"column\">\n\t\t\t<div class=\"elementor-widget-wrap elementor-element-populated\">\n\t\t\t\t\t\t<div class=\"elementor-element elementor-element-286d3ae elementor-widget elementor-widget-heading\" data-id=\"286d3ae\" data-element_type=\"widget\" data-e-type=\"widget\" data-widget_type=\"heading.default\">\n\t\t\t\t<div class=\"elementor-widget-container\">\n\t\t\t\t\t<h4 class=\"elementor-heading-title elementor-size-medium\">Otev\u00edr\u00e1n\u00ed<\/h4>\t\t\t\t<\/div>\n\t\t\t\t<\/div>\n\t\t\t\t<div class=\"elementor-element elementor-element-97a8aae elementor-widget elementor-widget-image\" data-id=\"97a8aae\" data-element_type=\"widget\" data-e-type=\"widget\" data-widget_type=\"image.default\">\n\t\t\t\t<div class=\"elementor-widget-container\">\n\t\t\t\t\t\t\t\t\t\t\t\t\t\t\t\t<a href=\"https:\/\/aquatek.cz\/wp-content\/uploads\/2025\/10\/wellness_K2_otvaranie.svg\" data-elementor-open-lightbox=\"yes\" data-elementor-lightbox-title=\"wellness_K2_otvaranie\" data-e-action-hash=\"#elementor-action%3Aaction%3Dlightbox%26settings%3DeyJpZCI6ODQyNDMsInVybCI6Imh0dHBzOlwvXC9hcXVhdGVrLmN6XC93cC1jb250ZW50XC91cGxvYWRzXC8yMDI1XC8xMFwvd2VsbG5lc3NfSzJfb3R2YXJhbmllLnN2ZyJ9\">\n\t\t\t\t\t\t\t<img decoding=\"async\" width=\"2000\" height=\"1167\" src=\"https:\/\/aquatek.cz\/wp-content\/uploads\/2025\/10\/wellness_K2_otvaranie.svg\" class=\"attachment-full size-full wp-image-84243\" alt=\"\" \/>\t\t\t\t\t\t\t\t<\/a>\n\t\t\t\t\t\t\t\t\t\t\t\t\t\t\t<\/div>\n\t\t\t\t<\/div>\n\t\t\t\t<div class=\"elementor-element elementor-element-8f178e4 elementor-widget-divider--view-line elementor-widget elementor-widget-divider\" data-id=\"8f178e4\" data-element_type=\"widget\" data-e-type=\"widget\" data-widget_type=\"divider.default\">\n\t\t\t\t<div class=\"elementor-widget-container\">\n\t\t\t\t\t\t\t<div class=\"elementor-divider\">\n\t\t\t<span class=\"elementor-divider-separator\">\n\t\t\t\t\t\t<\/span>\n\t\t<\/div>\n\t\t\t\t\t\t<\/div>\n\t\t\t\t<\/div>\n\t\t\t\t<div class=\"elementor-element elementor-element-db4f8b9 elementor-widget elementor-widget-heading\" data-id=\"db4f8b9\" data-element_type=\"widget\" data-e-type=\"widget\" data-widget_type=\"heading.default\">\n\t\t\t\t<div class=\"elementor-widget-container\">\n\t\t\t\t\t<h4 class=\"elementor-heading-title elementor-size-medium\">Otev\u00edr\u00e1n\u00ed a materi\u00e1ly<\/h4>\t\t\t\t<\/div>\n\t\t\t\t<\/div>\n\t\t\t\t<div class=\"elementor-element elementor-element-819989f elementor-widget elementor-widget-html\" data-id=\"819989f\" data-element_type=\"widget\" data-e-type=\"widget\" data-widget_type=\"html.default\">\n\t\t\t\t<div class=\"elementor-widget-container\">\n\t\t\t\t\t<style>\n\n.error {\n  font-weight: bold;\n  font-size: 20px;\n  padding: 20px;\n}\n\niframe {\n  margin: 20px;\n  width: 100%;\n  height: 600px;\n}\n\n<\/style>\n\n<div id=\"container\">\n  <iframe src=\"https:\/\/app.vectary.com\/p\/3VNsSxm0r8k2cAi0N8Jvpf\"><\/iframe>\n  <div>\n    <button class=\"button\">NA CEL\u00da OBRAZOVKU<\/button>\n  <\/div>\n  <div class=\"error\"><\/div>\n<\/div>\t\t\t\t<\/div>\n\t\t\t\t<\/div>\n\t\t\t\t\t<\/div>\n\t\t<\/div>\n\t\t\t\t\t<\/div>\n\t\t<\/section>\n\t\t\t\t\t<\/div>\n\t\t<\/div>\n\t\t\t\t\t<\/div>\n\t\t<\/section>\n\t\t\t\t<\/div>","protected":false},"excerpt":{"rendered":"<p><b>Sprchov\u00e9 dve\u0159e s jedn\u011bmi posuvn\u00fdmi dve\u0159mi<\/b><\/p>\n<p><strong>WELLNESS K2<\/strong> sprchov\u00e9 dve\u0159e s jedn\u011bmi posuvn\u00fdmi dve\u0159mi je velmi obl\u00edben\u00fd walk-in syst\u00e9m, av\u0161ak s inovativn\u00ed mo\u017enost\u00ed posuvn\u00e9 \u010d\u00e1sti. Tlou\u0161\u0165ka skla 6 mm ve v\u00fd\u0161ce 200 cm definuje tuto modelovou \u0159adu iz hlediska jej\u00ed p\u0159\u00edzniv\u00e9 cenov\u00e9 dostupnosti. <strong>Brzd\u00edc\u00ed syst\u00e9m SOFT-Close<\/strong> p\u0159i otev\u00edr\u00e1n\u00ed a zav\u00edr\u00e1n\u00ed dve\u0159\u00ed je neopomenutelnou praktickou v\u00fdhodou. Sklen\u011bn\u00e9 plochy jsou o\u0161et\u0159eny impregna\u010dn\u00ed vrstvou antiplakov\u00e9 \u00fapravy Tekno.cal zjedno\u0161uj\u00edc\u00ed jejich pravidelnou \u00fadr\u017ebu.<\/p>\n<p><b style=\"color: #c4161c;\">UPOZORN\u011aN\u00cd!<\/b><br \/>\n<strong>Konzola je dod\u00e1v\u00e1na v d\u00e9lce 108 cm,<\/strong> kterou si n\u00e1sledn\u011b upravujete dle pot\u0159eby.<\/p>\n<p><b style=\"color: #c4161c;\">UPOZORN\u011aN\u00cd!<\/b><br \/>\nP\u0159i v\u00fdb\u011bru sprchov\u00e9ho koutu je velmi d\u016fle\u017eit\u00fd instala\u010dn\u00ed rozm\u011br tzv. <strong>ROZTA\u017dEN\u00cd PROFIL\u016e<\/strong>, kter\u00fd naleznete v tabulce. Rozta\u017een\u00ed ur\u010duje minim\u00e1ln\u00ed a maxim\u00e1ln\u00ed rozm\u011br sprchov\u00e9ho koutu. Sprchov\u00e9 kouty Aquatek jsou dod\u00e1v\u00e1ny <strong>BEZ SPRCHOV\u00c9 VANI\u010cKY<\/strong>. Vhodn\u00e9 vani\u010dky a jin\u00e9 p\u0159\u00edslu\u0161enstv\u00ed naleznete pod z\u00e1lo\u017ekou SOUVISEJ\u00cdC\u00cd PRODUKTY.<\/p>","protected":false},"featured_media":80586,"template":"","meta":{"_acf_changed":false},"product_brand":[],"product_cat":[5614],"product_tag":[],"woo-feed-brand":[],"class_list":{"0":"post-68101","1":"product","2":"type-product","3":"status-publish","4":"has-post-thumbnail","6":"product_cat-sprchove-dvere","7":"pa_3d-model-3d","8":"pa_dodanie-mont-sady-a-tesnenia-ano","9":"pa_dvere-posuvne","10":"pa_farba-profilov-chrom","11":"pa_farba-profilov-tab-chrom-leskly","12":"pa_hrubka-skla-1946","13":"pa_kombinacia-s-modelom-3688","14":"pa_magneticke-uzatvaranie-nie","15":"pa_material-madla-ocel","16":"pa_material-profilov-hlinik","17":"pa_model-k2","18":"pa_model-l-p-nie","19":"pa_nazov-tab-wellness-k2-100","20":"pa_nazov-tab-wellness-k2-110","21":"pa_nazov-tab-wellness-k2-120","22":"pa_nazov-tab-wellness-k2-130","23":"pa_nazov-tab-wellness-k2-140","24":"pa_pocet-dveri-3657","25":"pa_roztiahnutie-cm-tab-107-5-110","26":"pa_roztiahnutie-cm-tab-117-5-120","27":"pa_roztiahnutie-cm-tab-127-5-130","28":"pa_roztiahnutie-cm-tab-137-5-140","29":"pa_roztiahnutie-cm-tab-97-5-100","30":"pa_seria-wellness","31":"pa_sirka-cm-5600","32":"pa_soft-close-ano","33":"pa_spodne-kolieska-nie","34":"pa_spodny-hlinikovy-profil-nie","35":"pa_spodny-uvolnovaci-system-nie","36":"pa_stavebna-sirka-975-100","37":"pa_typ-sprchovacieho-kuta-sprchove-dvere","38":"pa_univerzalny-model-ano","39":"pa_uprava-skla-tekno-cal-ano","40":"pa_vrchne-kolieska-dvojkoliesko-2ks-nastavitelne","41":"pa_vypln-mirror","42":"pa_vypln-tab-cire","43":"pa_vypln-tab-mirror","44":"pa_vyska-cm-555","45":"pa_vyska-sprchovacieho-kuta-3673","46":"pa_vyska-tab-1961","47":"pa_vyska-vstupu-1992","48":"pa_zaruka-24-mesiacov","50":"first","51":"instock","52":"sale","53":"purchasable","54":"product-type-simple"},"acf":[],"_links":{"self":[{"href":"https:\/\/aquatek.cz\/sk\/wp-json\/wp\/v2\/product\/68101","targetHints":{"allow":["GET"]}}],"collection":[{"href":"https:\/\/aquatek.cz\/sk\/wp-json\/wp\/v2\/product"}],"about":[{"href":"https:\/\/aquatek.cz\/sk\/wp-json\/wp\/v2\/types\/product"}],"version-history":[{"count":0,"href":"https:\/\/aquatek.cz\/sk\/wp-json\/wp\/v2\/product\/68101\/revisions"}],"wp:featuredmedia":[{"embeddable":true,"href":"https:\/\/aquatek.cz\/sk\/wp-json\/wp\/v2\/media\/80586"}],"wp:attachment":[{"href":"https:\/\/aquatek.cz\/sk\/wp-json\/wp\/v2\/media?parent=68101"}],"wp:term":[{"taxonomy":"product_brand","embeddable":true,"href":"https:\/\/aquatek.cz\/sk\/wp-json\/wp\/v2\/product_brand?post=68101"},{"taxonomy":"product_cat","embeddable":true,"href":"https:\/\/aquatek.cz\/sk\/wp-json\/wp\/v2\/product_cat?post=68101"},{"taxonomy":"product_tag","embeddable":true,"href":"https:\/\/aquatek.cz\/sk\/wp-json\/wp\/v2\/product_tag?post=68101"},{"taxonomy":"woo-feed-brand","embeddable":true,"href":"https:\/\/aquatek.cz\/sk\/wp-json\/wp\/v2\/woo-feed-brand?post=68101"}],"curies":[{"name":"wp","href":"https:\/\/api.w.org\/{rel}","templated":true}]}}