{"id":66947,"date":"2025-10-10T14:21:42","date_gmt":"2025-10-10T12:21:42","guid":{"rendered":"https:\/\/aquatek.cz\/?post_type=product&#038;p=66947"},"modified":"2025-12-11T10:03:28","modified_gmt":"2025-12-11T09:03:28","slug":"oasis-k2-120-sprchove-dvere","status":"publish","type":"product","link":"https:\/\/aquatek.cz\/sk\/oasis-k2-120-sprchove-dvere\/","title":{"rendered":"OASIS K2 120 &#8211; sprchov\u00e9 dve\u0159e"},"content":{"rendered":"<div data-elementor-type=\"wp-post\" data-elementor-id=\"66947\" class=\"elementor elementor-66947\" data-elementor-post-type=\"product\">\n\t\t\t\t\t\t<section class=\"elementor-section elementor-top-section elementor-element elementor-element-7847e823 download elementor-section-full_width elementor-section-height-default elementor-section-height-default\" data-id=\"7847e823\" data-element_type=\"section\" data-e-type=\"section\" id=\"download\">\n\t\t\t\t\t\t<div class=\"elementor-container elementor-column-gap-default\">\n\t\t\t\t\t<div class=\"elementor-column elementor-col-100 elementor-top-column elementor-element elementor-element-ce1f59b\" data-id=\"ce1f59b\" data-element_type=\"column\" data-e-type=\"column\">\n\t\t\t<div class=\"elementor-widget-wrap elementor-element-populated\">\n\t\t\t\t\t\t<section class=\"elementor-section elementor-inner-section elementor-element elementor-element-32bd6026 elementor-section-full_width stiahnut elementor-section-height-default elementor-section-height-default\" data-id=\"32bd6026\" data-element_type=\"section\" data-e-type=\"section\" id=\"stiahnut\">\n\t\t\t\t\t\t<div class=\"elementor-container elementor-column-gap-default\">\n\t\t\t\t\t<div class=\"elementor-column elementor-col-100 elementor-inner-column elementor-element elementor-element-3f9d4d01\" data-id=\"3f9d4d01\" data-element_type=\"column\" data-e-type=\"column\">\n\t\t\t<div class=\"elementor-widget-wrap elementor-element-populated\">\n\t\t\t\t\t\t<div class=\"elementor-element elementor-element-36f529f2 elementor-widget elementor-widget-heading\" data-id=\"36f529f2\" data-element_type=\"widget\" data-e-type=\"widget\" data-widget_type=\"heading.default\">\n\t\t\t\t<div class=\"elementor-widget-container\">\n\t\t\t\t\t<h2 class=\"elementor-heading-title elementor-size-medium\">Ke sta\u017een\u00ed<\/h2>\t\t\t\t<\/div>\n\t\t\t\t<\/div>\n\t\t\t\t\t<\/div>\n\t\t<\/div>\n\t\t\t\t\t<\/div>\n\t\t<\/section>\n\t\t\t\t<section class=\"elementor-section elementor-inner-section elementor-element elementor-element-37d2aa3b elementor-section-full_width stiahnut elementor-section-height-default elementor-section-height-default\" data-id=\"37d2aa3b\" data-element_type=\"section\" data-e-type=\"section\" id=\"stiahnut\">\n\t\t\t\t\t\t<div class=\"elementor-container elementor-column-gap-default\">\n\t\t\t\t\t<div class=\"elementor-column elementor-col-25 elementor-inner-column elementor-element elementor-element-eb8a339\" data-id=\"eb8a339\" data-element_type=\"column\" data-e-type=\"column\">\n\t\t\t<div class=\"elementor-widget-wrap elementor-element-populated\">\n\t\t\t\t\t\t<div class=\"elementor-element elementor-element-4ffe50a4 elementor-widget elementor-widget-wd_list\" data-id=\"4ffe50a4\" data-element_type=\"widget\" data-e-type=\"widget\" data-widget_type=\"wd_list.default\">\n\t\t\t\t<div class=\"elementor-widget-container\">\n\t\t\t\t\t\t\t<ul class=\"wd-list color-scheme- wd-fontsize-xs wd-type-icon wd-style-default text-left\">\n\t\t\t\t\t\t\t\t\t\t\t<li class=\"elementor-repeater-item-e4e357f\">\n\t\t\t\t\t\t\t\t\t\t\t<span class=\"wd-icon\"><svg class=\"e-font-icon-svg e-far-file-pdf\" viewbox=\"0 0 384 512\" xmlns=\"http:\/\/www.w3.org\/2000\/svg\"><path d=\"M369.9 97.9L286 14C277 5 264.8-.1 252.1-.1H48C21.5 0 0 21.5 0 48v416c0 26.5 21.5 48 48 48h288c26.5 0 48-21.5 48-48V131.9c0-12.7-5.1-25-14.1-34zM332.1 128H256V51.9l76.1 76.1zM48 464V48h160v104c0 13.3 10.7 24 24 24h104v288H48zm250.2-143.7c-12.2-12-47-8.7-64.4-6.5-17.2-10.5-28.7-25-36.8-46.3 3.9-16.1 10.1-40.6 5.4-56-4.2-26.2-37.8-23.6-42.6-5.9-4.4 16.1-.4 38.5 7 67.1-10 23.9-24.9 56-35.4 74.4-20 10.3-47 26.2-51 46.2-3.3 15.8 26 55.2 76.1-31.2 22.4-7.4 46.8-16.5 68.4-20.1 18.9 10.2 41 17 55.8 17 25.5 0 28-28.2 17.5-38.7zm-198.1 77.8c5.1-13.7 24.5-29.5 30.4-35-19 30.3-30.4 35.7-30.4 35zm81.6-190.6c7.4 0 6.7 32.1 1.8 40.8-4.4-13.9-4.3-40.8-1.8-40.8zm-24.4 136.6c9.7-16.9 18-37 24.7-54.7 8.3 15.1 18.9 27.2 30.1 35.5-20.8 4.3-38.9 13.1-54.8 19.2zm131.6-5s-5 6-37.3-7.8c35.1-2.6 40.9 5.4 37.3 7.8z\"><\/path><\/svg><\/span>\t\t\t\t\t\n\t\t\t\t\t<span class=\"wd-list-content list-content\">\n\t\t\t\t\t\tMont\u00e1\u017en\u00ed n\u00e1vod\t\t\t\t\t<\/span>\n\n\t\t\t\t\t\n\t\t\t\t\t\t<a  href=\"https:\/\/aquatek.cz\/wp-content\/uploads\/PDF\/sprchove_kuty\/oasis\/OASIS_K2_MN.pdf\" target=\"_blank\" class=\"wd-fill\" aria-label=\"List item link\"><\/a>\n\t\t\t\t\t\t\t\t\t<\/li>\n\t\t\t\t\t<\/ul>\n\n\t\t\t\t\t\t<\/div>\n\t\t\t\t<\/div>\n\t\t\t\t\t<\/div>\n\t\t<\/div>\n\t\t\t\t<div class=\"elementor-column elementor-col-25 elementor-inner-column elementor-element elementor-element-56c7b3cc\" data-id=\"56c7b3cc\" data-element_type=\"column\" data-e-type=\"column\">\n\t\t\t<div class=\"elementor-widget-wrap elementor-element-populated\">\n\t\t\t\t\t\t<div class=\"elementor-element elementor-element-7d871fef elementor-widget elementor-widget-wd_list\" data-id=\"7d871fef\" data-element_type=\"widget\" data-e-type=\"widget\" data-widget_type=\"wd_list.default\">\n\t\t\t\t<div class=\"elementor-widget-container\">\n\t\t\t\t\t\t\t<ul class=\"wd-list color-scheme- wd-fontsize-xs wd-type-icon wd-style-default text-left\">\n\t\t\t\t\t\t\t\t\t\t\t<li class=\"elementor-repeater-item-c16f7df\">\n\t\t\t\t\t\t\t\t\t\t\t<span class=\"wd-icon\"><svg class=\"e-font-icon-svg e-far-file-pdf\" viewbox=\"0 0 384 512\" xmlns=\"http:\/\/www.w3.org\/2000\/svg\"><path d=\"M369.9 97.9L286 14C277 5 264.8-.1 252.1-.1H48C21.5 0 0 21.5 0 48v416c0 26.5 21.5 48 48 48h288c26.5 0 48-21.5 48-48V131.9c0-12.7-5.1-25-14.1-34zM332.1 128H256V51.9l76.1 76.1zM48 464V48h160v104c0 13.3 10.7 24 24 24h104v288H48zm250.2-143.7c-12.2-12-47-8.7-64.4-6.5-17.2-10.5-28.7-25-36.8-46.3 3.9-16.1 10.1-40.6 5.4-56-4.2-26.2-37.8-23.6-42.6-5.9-4.4 16.1-.4 38.5 7 67.1-10 23.9-24.9 56-35.4 74.4-20 10.3-47 26.2-51 46.2-3.3 15.8 26 55.2 76.1-31.2 22.4-7.4 46.8-16.5 68.4-20.1 18.9 10.2 41 17 55.8 17 25.5 0 28-28.2 17.5-38.7zm-198.1 77.8c5.1-13.7 24.5-29.5 30.4-35-19 30.3-30.4 35.7-30.4 35zm81.6-190.6c7.4 0 6.7 32.1 1.8 40.8-4.4-13.9-4.3-40.8-1.8-40.8zm-24.4 136.6c9.7-16.9 18-37 24.7-54.7 8.3 15.1 18.9 27.2 30.1 35.5-20.8 4.3-38.9 13.1-54.8 19.2zm131.6-5s-5 6-37.3-7.8c35.1-2.6 40.9 5.4 37.3 7.8z\"><\/path><\/svg><\/span>\t\t\t\t\t\n\t\t\t\t\t<span class=\"wd-list-content list-content\">\n\t\t\t\t\t\t\u00dadr\u017eba\t\t\t\t\t<\/span>\n\n\t\t\t\t\t\n\t\t\t\t\t\t<a  href=\"https:\/\/aquatek.cz\/wp-content\/uploads\/PDF\/sprchove_kuty\/udrzba.pdf\" target=\"_blank\" class=\"wd-fill\" aria-label=\"List item link\"><\/a>\n\t\t\t\t\t\t\t\t\t<\/li>\n\t\t\t\t\t<\/ul>\n\n\t\t\t\t\t\t<\/div>\n\t\t\t\t<\/div>\n\t\t\t\t\t<\/div>\n\t\t<\/div>\n\t\t\t\t<div class=\"elementor-column elementor-col-25 elementor-inner-column elementor-element elementor-element-6d794f15\" data-id=\"6d794f15\" data-element_type=\"column\" data-e-type=\"column\">\n\t\t\t<div class=\"elementor-widget-wrap elementor-element-populated\">\n\t\t\t\t\t\t<div class=\"elementor-element elementor-element-40e01d6a elementor-widget elementor-widget-wd_list\" data-id=\"40e01d6a\" data-element_type=\"widget\" data-e-type=\"widget\" data-widget_type=\"wd_list.default\">\n\t\t\t\t<div class=\"elementor-widget-container\">\n\t\t\t\t\t\t\t<ul class=\"wd-list color-scheme- wd-fontsize-xs wd-type-icon wd-style-default text-left\">\n\t\t\t\t\t\t\t\t\t\t\t<li class=\"elementor-repeater-item-835ad74\">\n\t\t\t\t\t\t\t\t\t\t\t<span class=\"wd-icon\"><svg class=\"e-font-icon-svg e-far-file-pdf\" viewbox=\"0 0 384 512\" xmlns=\"http:\/\/www.w3.org\/2000\/svg\"><path d=\"M369.9 97.9L286 14C277 5 264.8-.1 252.1-.1H48C21.5 0 0 21.5 0 48v416c0 26.5 21.5 48 48 48h288c26.5 0 48-21.5 48-48V131.9c0-12.7-5.1-25-14.1-34zM332.1 128H256V51.9l76.1 76.1zM48 464V48h160v104c0 13.3 10.7 24 24 24h104v288H48zm250.2-143.7c-12.2-12-47-8.7-64.4-6.5-17.2-10.5-28.7-25-36.8-46.3 3.9-16.1 10.1-40.6 5.4-56-4.2-26.2-37.8-23.6-42.6-5.9-4.4 16.1-.4 38.5 7 67.1-10 23.9-24.9 56-35.4 74.4-20 10.3-47 26.2-51 46.2-3.3 15.8 26 55.2 76.1-31.2 22.4-7.4 46.8-16.5 68.4-20.1 18.9 10.2 41 17 55.8 17 25.5 0 28-28.2 17.5-38.7zm-198.1 77.8c5.1-13.7 24.5-29.5 30.4-35-19 30.3-30.4 35.7-30.4 35zm81.6-190.6c7.4 0 6.7 32.1 1.8 40.8-4.4-13.9-4.3-40.8-1.8-40.8zm-24.4 136.6c9.7-16.9 18-37 24.7-54.7 8.3 15.1 18.9 27.2 30.1 35.5-20.8 4.3-38.9 13.1-54.8 19.2zm131.6-5s-5 6-37.3-7.8c35.1-2.6 40.9 5.4 37.3 7.8z\"><\/path><\/svg><\/span>\t\t\t\t\t\n\t\t\t\t\t<span class=\"wd-list-content list-content\">\n\t\t\t\t\t\tRady pro mont\u00e1\u017e\t\t\t\t\t<\/span>\n\n\t\t\t\t\t\n\t\t\t\t\t\t<a  href=\"https:\/\/aquatek.cz\/wp-content\/uploads\/PDF\/sprchove_kuty\/rady.pdf\" target=\"_blank\" class=\"wd-fill\" aria-label=\"List item link\"><\/a>\n\t\t\t\t\t\t\t\t\t<\/li>\n\t\t\t\t\t<\/ul>\n\n\t\t\t\t\t\t<\/div>\n\t\t\t\t<\/div>\n\t\t\t\t\t<\/div>\n\t\t<\/div>\n\t\t\t\t<div class=\"elementor-column elementor-col-25 elementor-inner-column elementor-element elementor-element-faafa19\" data-id=\"faafa19\" data-element_type=\"column\" data-e-type=\"column\">\n\t\t\t<div class=\"elementor-widget-wrap elementor-element-populated\">\n\t\t\t\t\t\t<div class=\"elementor-element elementor-element-8a2cc81 elementor-widget elementor-widget-wd_list\" data-id=\"8a2cc81\" data-element_type=\"widget\" data-e-type=\"widget\" data-widget_type=\"wd_list.default\">\n\t\t\t\t<div class=\"elementor-widget-container\">\n\t\t\t\t\t\t\t<ul class=\"wd-list color-scheme- wd-fontsize-xs wd-type-icon wd-style-default text-left\">\n\t\t\t\t\t\t\t\t\t\t\t<li class=\"elementor-repeater-item-835ad74\">\n\t\t\t\t\t\t\t\t\t\t\t<span class=\"wd-icon\"><svg class=\"e-font-icon-svg e-far-folder\" viewbox=\"0 0 512 512\" xmlns=\"http:\/\/www.w3.org\/2000\/svg\"><path d=\"M464 128H272l-54.63-54.63c-6-6-14.14-9.37-22.63-9.37H48C21.49 64 0 85.49 0 112v288c0 26.51 21.49 48 48 48h416c26.51 0 48-21.49 48-48V176c0-26.51-21.49-48-48-48zm0 272H48V112h140.12l54.63 54.63c6 6 14.14 9.37 22.63 9.37H464v224z\"><\/path><\/svg><\/span>\t\t\t\t\t\n\t\t\t\t\t<span class=\"wd-list-content list-content\">\n\t\t\t\t\t\t3D model\t\t\t\t\t<\/span>\n\n\t\t\t\t\t\n\t\t\t\t\t\t<a  href=\"https:\/\/aquatek.cz\/wp-content\/uploads\/WEB_3D\/sprchove-kuty\/OASIS_K2.zip\" target=\"_blank\" class=\"wd-fill\" aria-label=\"List item link\"><\/a>\n\t\t\t\t\t\t\t\t\t<\/li>\n\t\t\t\t\t<\/ul>\n\n\t\t\t\t\t\t<\/div>\n\t\t\t\t<\/div>\n\t\t\t\t\t<\/div>\n\t\t<\/div>\n\t\t\t\t\t<\/div>\n\t\t<\/section>\n\t\t\t\t<section class=\"elementor-section elementor-inner-section elementor-element elementor-element-50928fb2 elementor-section-full_width stiahnut elementor-section-height-default elementor-section-height-default\" data-id=\"50928fb2\" data-element_type=\"section\" data-e-type=\"section\" id=\"stiahnut\">\n\t\t\t\t\t\t<div class=\"elementor-container elementor-column-gap-default\">\n\t\t\t\t\t<div class=\"elementor-column elementor-col-100 elementor-inner-column elementor-element elementor-element-6528c7a3\" data-id=\"6528c7a3\" data-element_type=\"column\" data-e-type=\"column\">\n\t\t\t<div class=\"elementor-widget-wrap elementor-element-populated\">\n\t\t\t\t\t\t<div class=\"elementor-element elementor-element-febe84c elementor-widget-divider--view-line elementor-widget elementor-widget-divider\" data-id=\"febe84c\" data-element_type=\"widget\" data-e-type=\"widget\" data-widget_type=\"divider.default\">\n\t\t\t\t<div class=\"elementor-widget-container\">\n\t\t\t\t\t\t\t<div class=\"elementor-divider\">\n\t\t\t<span class=\"elementor-divider-separator\">\n\t\t\t\t\t\t<\/span>\n\t\t<\/div>\n\t\t\t\t\t\t<\/div>\n\t\t\t\t<\/div>\n\t\t\t\t\t<\/div>\n\t\t<\/div>\n\t\t\t\t\t<\/div>\n\t\t<\/section>\n\t\t\t\t<section class=\"elementor-section elementor-inner-section elementor-element elementor-element-6c8381d2 elementor-section-full_width stiahnut elementor-section-height-default elementor-section-height-default\" data-id=\"6c8381d2\" data-element_type=\"section\" data-e-type=\"section\" id=\"stiahnut\">\n\t\t\t\t\t\t<div class=\"elementor-container elementor-column-gap-default\">\n\t\t\t\t\t<div class=\"elementor-column elementor-col-100 elementor-inner-column elementor-element elementor-element-1977b8bd\" data-id=\"1977b8bd\" data-element_type=\"column\" data-e-type=\"column\">\n\t\t\t<div class=\"elementor-widget-wrap elementor-element-populated\">\n\t\t\t\t\t\t<div class=\"elementor-element elementor-element-7c71a464 elementor-widget elementor-widget-heading\" data-id=\"7c71a464\" data-element_type=\"widget\" data-e-type=\"widget\" data-widget_type=\"heading.default\">\n\t\t\t\t<div class=\"elementor-widget-container\">\n\t\t\t\t\t<h4 class=\"elementor-heading-title elementor-size-medium\">Model<\/h4>\t\t\t\t<\/div>\n\t\t\t\t<\/div>\n\t\t\t\t<div class=\"elementor-element elementor-element-60b57a89 elementor-widget elementor-widget-image\" data-id=\"60b57a89\" data-element_type=\"widget\" data-e-type=\"widget\" data-widget_type=\"image.default\">\n\t\t\t\t<div class=\"elementor-widget-container\">\n\t\t\t\t\t\t\t\t\t\t\t\t\t\t\t\t<a href=\"https:\/\/aquatek.cz\/wp-content\/uploads\/2025\/10\/oasis_k2.svg\" data-elementor-open-lightbox=\"yes\" data-elementor-lightbox-title=\"oasis_k2\" data-e-action-hash=\"#elementor-action%3Aaction%3Dlightbox%26settings%3DeyJpZCI6ODQwNjYsInVybCI6Imh0dHBzOlwvXC9hcXVhdGVrLmN6XC93cC1jb250ZW50XC91cGxvYWRzXC8yMDI1XC8xMFwvb2FzaXNfazIuc3ZnIn0%3D\">\n\t\t\t\t\t\t\t<img fetchpriority=\"high\" decoding=\"async\" width=\"400\" height=\"224\" src=\"https:\/\/aquatek.cz\/wp-content\/uploads\/2025\/10\/oasis_k2.svg\" class=\"attachment-medium size-medium wp-image-84066\" alt=\"\" \/>\t\t\t\t\t\t\t\t<\/a>\n\t\t\t\t\t\t\t\t\t\t\t\t\t\t\t<\/div>\n\t\t\t\t<\/div>\n\t\t\t\t<div class=\"elementor-element elementor-element-b63f08d elementor-widget-divider--view-line elementor-widget elementor-widget-divider\" data-id=\"b63f08d\" data-element_type=\"widget\" data-e-type=\"widget\" data-widget_type=\"divider.default\">\n\t\t\t\t<div class=\"elementor-widget-container\">\n\t\t\t\t\t\t\t<div class=\"elementor-divider\">\n\t\t\t<span class=\"elementor-divider-separator\">\n\t\t\t\t\t\t<\/span>\n\t\t<\/div>\n\t\t\t\t\t\t<\/div>\n\t\t\t\t<\/div>\n\t\t\t\t<div class=\"elementor-element elementor-element-61414030 elementor-widget elementor-widget-heading\" data-id=\"61414030\" data-element_type=\"widget\" data-e-type=\"widget\" data-widget_type=\"heading.default\">\n\t\t\t\t<div class=\"elementor-widget-container\">\n\t\t\t\t\t<h2 class=\"elementor-heading-title elementor-size-default\">Otev\u00edran\u00ed<\/h2>\t\t\t\t<\/div>\n\t\t\t\t<\/div>\n\t\t\t\t<div class=\"elementor-element elementor-element-516d91b6 elementor-widget elementor-widget-image\" data-id=\"516d91b6\" data-element_type=\"widget\" data-e-type=\"widget\" data-widget_type=\"image.default\">\n\t\t\t\t<div class=\"elementor-widget-container\">\n\t\t\t\t\t\t\t\t\t\t\t\t\t\t\t\t<a href=\"https:\/\/aquatek.cz\/wp-content\/uploads\/2025\/10\/oasis_K2_otvaranie.svg\" data-elementor-open-lightbox=\"yes\" data-elementor-lightbox-title=\"oasis_K2_otvaranie\" data-e-action-hash=\"#elementor-action%3Aaction%3Dlightbox%26settings%3DeyJpZCI6ODQwNjUsInVybCI6Imh0dHBzOlwvXC9hcXVhdGVrLmN6XC93cC1jb250ZW50XC91cGxvYWRzXC8yMDI1XC8xMFwvb2FzaXNfSzJfb3R2YXJhbmllLnN2ZyJ9\">\n\t\t\t\t\t\t\t<img decoding=\"async\" width=\"2000\" height=\"1197\" src=\"https:\/\/aquatek.cz\/wp-content\/uploads\/2025\/10\/oasis_K2_otvaranie.svg\" class=\"attachment-full size-full wp-image-84065\" alt=\"\" \/>\t\t\t\t\t\t\t\t<\/a>\n\t\t\t\t\t\t\t\t\t\t\t\t\t\t\t<\/div>\n\t\t\t\t<\/div>\n\t\t\t\t<div class=\"elementor-element elementor-element-6248f6f elementor-widget-divider--view-line elementor-widget elementor-widget-divider\" data-id=\"6248f6f\" data-element_type=\"widget\" data-e-type=\"widget\" data-widget_type=\"divider.default\">\n\t\t\t\t<div class=\"elementor-widget-container\">\n\t\t\t\t\t\t\t<div class=\"elementor-divider\">\n\t\t\t<span class=\"elementor-divider-separator\">\n\t\t\t\t\t\t<\/span>\n\t\t<\/div>\n\t\t\t\t\t\t<\/div>\n\t\t\t\t<\/div>\n\t\t\t\t<div class=\"elementor-element elementor-element-46cd6bb elementor-widget elementor-widget-heading\" data-id=\"46cd6bb\" data-element_type=\"widget\" data-e-type=\"widget\" data-widget_type=\"heading.default\">\n\t\t\t\t<div class=\"elementor-widget-container\">\n\t\t\t\t\t<h4 class=\"elementor-heading-title elementor-size-medium\">Otev\u00edran\u00ed<\/h4>\t\t\t\t<\/div>\n\t\t\t\t<\/div>\n\t\t\t\t<div class=\"elementor-element elementor-element-7e5bea1 elementor-widget elementor-widget-html\" data-id=\"7e5bea1\" data-element_type=\"widget\" data-e-type=\"widget\" data-widget_type=\"html.default\">\n\t\t\t\t<div class=\"elementor-widget-container\">\n\t\t\t\t\t<style>\n\n.error {\n  font-weight: bold;\n  font-size: 20px;\n  padding: 20px;\n}\n\niframe {\n  margin: 20px;\n  width: 100%;\n  height: 600px;\n}\n\n<\/style>\n\n<div id=\"container\">\n  <iframe src=\"https:\/\/app.vectary.com\/p\/7aX6sczqyAHa2X9ByFptbp\"><\/iframe>\n  <div>\n    <button class=\"button\">NA CEL\u00da OBRAZOVKU<\/button>\n  <\/div>\n  <div class=\"error\"><\/div>\n<\/div>\t\t\t\t<\/div>\n\t\t\t\t<\/div>\n\t\t\t\t\t<\/div>\n\t\t<\/div>\n\t\t\t\t\t<\/div>\n\t\t<\/section>\n\t\t\t\t\t<\/div>\n\t\t<\/div>\n\t\t\t\t\t<\/div>\n\t\t<\/section>\n\t\t\t\t<\/div>","protected":false},"excerpt":{"rendered":"<p><b>Sprchov\u00e9 dve\u0159e s jedn\u011bmi posuvn\u00fdmi dve\u0159mi<\/b><\/p>\n<p>Bylo jen ot\u00e1zkou \u010dasu, abychom i my p\u0159istoupili k v\u00fdrob\u011b modern\u00ed s\u00e9rie <strong>OASIS K2<\/strong> s 8 milimetry tlust\u00e9ho kalen\u00e9ho bezpe\u010dnostn\u00edho skla o v\u00fd\u0161ce 200 cm. Sklo je jednodu\u0161e uchyceno pomoc\u00ed stabiliza\u010dn\u00ed konzole hranat\u00e9ho tvaru. Pou\u017eit\u00ed hlin\u00edkov\u00fdch profil\u016f s chromovou povrchovou \u00fapravou.<\/p>\n<p><strong><span style=\"color: #ff0000;\">P\u0158\u00cdSLU\u0160ENSTV\u00cd:<\/span><\/strong><br \/>\nRozp\u011brn\u00e1 ty\u010d &#8211; <strong>d\u00e9lka 125 cm<\/strong> (je sou\u010d\u00e1st\u00ed balen\u00ed) &#8211; mo\u017enost zkr\u00e1cen\u00ed p\u0159i mont\u00e1\u017ei<\/p>\n<p><span style=\"color: #ff0000;\"><strong>UPOZORN\u011aN\u00cd!<\/strong><\/span><br \/>\n<strong><span style=\"color: #ff0000;\">P\u0159i mont\u00e1\u017ei na vani\u010dku, je zapot\u0159eb\u00ed, aby lem vani\u010dky byl \u0161irok\u00fd min. 6 cm.<\/span> <\/strong>Doporu\u010den\u00e9 vani\u010dky z na\u0161\u00ed nab\u00eddky:<strong><a href=\"https:\/\/aquatek.cz\/sk\/sprchove-vanicky\/z-tvrdeneho-polymeru-2\/smc\/\" target=\"_blank\" rel=\"noopener\"> SMC,<\/a> <a href=\"https:\/\/aquatek.cz\/sk\/sprchove-vanicky\/z-tvrdeneho-polymeru-2\/smc-rock\/\" target=\"_blank\" rel=\"noopener\">SMC ROCK,<\/a> <a href=\"https:\/\/aquatek.cz\/sk\/sprchove-vanicky\/z-liateho-mramoru-2\/fusion\/\" target=\"_blank\" rel=\"noopener\">FUSION,<\/a> <a href=\"https:\/\/aquatek.cz\/sk\/sprchove-vanicky\/z-liateho-mramoru-2\/level\/\" target=\"_blank\" rel=\"noopener\">LEVEL,<\/a> <a href=\"https:\/\/aquatek.cz\/sk\/sprchove-vanicky\/z-liateho-mramoru-2\/river\/\" target=\"_blank\" rel=\"noopener\">RIVER<\/a><\/strong><\/p>\n<p><span style=\"color: #ff0000;\"><strong>UPOZORN\u011aN\u00cd!<\/strong><\/span><br \/>\nP\u0159i v\u00fdb\u011bru sprchov\u00e9ho koutu je velmi d\u016fle\u017eit\u00fd instala\u010dn\u00ed rozm\u011br. <strong>ROZT\u00c1HNUT\u00cd PROFIL\u016e<\/strong>, kter\u00fd naleznete v tabulce. Rozta\u017een\u00ed ur\u010duje minim\u00e1ln\u00ed a maxim\u00e1ln\u00ed rozm\u011br sprchov\u00e9ho koutu. Sprchov\u00e9 kouty Aquatek jsou dod\u00e1v\u00e1ny <strong>BEZ SPRCHOV\u00c9 VANI\u010cKY<\/strong>. Vhodn\u00e9 vani\u010dky a jin\u00e9 p\u0159\u00edslu\u0161enstv\u00ed naleznete pod z\u00e1lo\u017ekou SOUVISEJ\u00cdC\u00cd PRODUKTY.<\/p>","protected":false},"featured_media":61759,"template":"","meta":{"_acf_changed":false},"product_brand":[],"product_cat":[5614],"product_tag":[],"woo-feed-brand":[],"class_list":{"0":"post-66947","1":"product","2":"type-product","3":"status-publish","4":"has-post-thumbnail","6":"product_cat-sprchove-dvere","7":"pa_3d-model-3d","8":"pa_dodanie-mont-sady-a-tesnenia-ano","9":"pa_dvere-posuvne","10":"pa_farba-profilov-chrom","11":"pa_farba-profilov-tab-chrom-leskly","12":"pa_hrubka-skla-1927","13":"pa_kombinacia-s-modelom-3688","14":"pa_magneticke-uzatvaranie-nie","15":"pa_material-madla-ocel","16":"pa_material-profilov-hlinik","17":"pa_model-k2","18":"pa_model-l-p-nie","19":"pa_nazov-tab-oasis-k2-120","20":"pa_nazov-tab-oasis-k2-140","21":"pa_pocet-dveri-3657","22":"pa_roztiahnutie-cm-tab-1185-120","23":"pa_roztiahnutie-cm-tab-1385-140","24":"pa_seria-oasis","25":"pa_sirka-cm-5593","26":"pa_soft-close-nie","27":"pa_spodne-kolieska-jednokolecko-2ks","28":"pa_spodny-hlinikovy-profil-nie","29":"pa_spodny-uvolnovaci-system-nie","30":"pa_typ-sprchovacieho-kuta-sprchove-dvere","31":"pa_univerzalny-model-ano","32":"pa_uprava-skla-tekno-cal-ano","33":"pa_vrchne-kolieska-ne","34":"pa_vypln-cire","35":"pa_vypln-tab-cire","36":"pa_vyska-cm-555","37":"pa_vyska-sprchovacieho-kuta-3673","38":"pa_vyska-tab-1961","39":"pa_vyska-vstupu-1992","40":"pa_zaruka-24-mesiacov","42":"first","43":"instock","44":"sale","45":"purchasable","46":"product-type-simple"},"acf":[],"_links":{"self":[{"href":"https:\/\/aquatek.cz\/sk\/wp-json\/wp\/v2\/product\/66947","targetHints":{"allow":["GET"]}}],"collection":[{"href":"https:\/\/aquatek.cz\/sk\/wp-json\/wp\/v2\/product"}],"about":[{"href":"https:\/\/aquatek.cz\/sk\/wp-json\/wp\/v2\/types\/product"}],"version-history":[{"count":0,"href":"https:\/\/aquatek.cz\/sk\/wp-json\/wp\/v2\/product\/66947\/revisions"}],"wp:featuredmedia":[{"embeddable":true,"href":"https:\/\/aquatek.cz\/sk\/wp-json\/wp\/v2\/media\/61759"}],"wp:attachment":[{"href":"https:\/\/aquatek.cz\/sk\/wp-json\/wp\/v2\/media?parent=66947"}],"wp:term":[{"taxonomy":"product_brand","embeddable":true,"href":"https:\/\/aquatek.cz\/sk\/wp-json\/wp\/v2\/product_brand?post=66947"},{"taxonomy":"product_cat","embeddable":true,"href":"https:\/\/aquatek.cz\/sk\/wp-json\/wp\/v2\/product_cat?post=66947"},{"taxonomy":"product_tag","embeddable":true,"href":"https:\/\/aquatek.cz\/sk\/wp-json\/wp\/v2\/product_tag?post=66947"},{"taxonomy":"woo-feed-brand","embeddable":true,"href":"https:\/\/aquatek.cz\/sk\/wp-json\/wp\/v2\/woo-feed-brand?post=66947"}],"curies":[{"name":"wp","href":"https:\/\/api.w.org\/{rel}","templated":true}]}}