{"id":58136,"date":"2025-07-21T12:04:34","date_gmt":"2025-07-21T10:04:34","guid":{"rendered":"https:\/\/aquatek.cz\/?post_type=product&#038;p=58136"},"modified":"2025-11-20T08:46:51","modified_gmt":"2025-11-20T07:46:51","slug":"a-minneapolis-1700-prava-1","status":"publish","type":"product","link":"https:\/\/aquatek.cz\/sk\/a-minneapolis-1700-prava-1\/","title":{"rendered":"A &#8211; MINNEAPOLIS 1700 PRAV\u00c1 &#8211; 1"},"content":{"rendered":"<div data-elementor-type=\"wp-post\" data-elementor-id=\"58136\" class=\"elementor elementor-58136\" data-elementor-post-type=\"product\">\n\t\t\t\t\t\t<section class=\"elementor-section elementor-top-section elementor-element elementor-element-d644341 download elementor-section-full_width elementor-section-height-default elementor-section-height-default\" data-id=\"d644341\" data-element_type=\"section\" data-e-type=\"section\" id=\"download\">\n\t\t\t\t\t\t<div class=\"elementor-container elementor-column-gap-default\">\n\t\t\t\t\t<div class=\"elementor-column elementor-col-100 elementor-top-column elementor-element elementor-element-3b291061\" data-id=\"3b291061\" data-element_type=\"column\" data-e-type=\"column\">\n\t\t\t<div class=\"elementor-widget-wrap elementor-element-populated\">\n\t\t\t\t\t\t<section class=\"elementor-section elementor-inner-section elementor-element elementor-element-22f56c7d elementor-section-full_width stiahnut elementor-section-height-default elementor-section-height-default\" data-id=\"22f56c7d\" data-element_type=\"section\" data-e-type=\"section\" id=\"stiahnut\">\n\t\t\t\t\t\t<div class=\"elementor-container elementor-column-gap-default\">\n\t\t\t\t\t<div class=\"elementor-column elementor-col-100 elementor-inner-column elementor-element elementor-element-427b3fe0\" data-id=\"427b3fe0\" data-element_type=\"column\" data-e-type=\"column\">\n\t\t\t<div class=\"elementor-widget-wrap elementor-element-populated\">\n\t\t\t\t\t\t<div class=\"elementor-element elementor-element-09a51c0 elementor-widget elementor-widget-heading\" data-id=\"09a51c0\" data-element_type=\"widget\" data-e-type=\"widget\" data-widget_type=\"heading.default\">\n\t\t\t\t<div class=\"elementor-widget-container\">\n\t\t\t\t\t<h2 class=\"elementor-heading-title elementor-size-medium\">Ke sta\u017een\u00ed<\/h2>\t\t\t\t<\/div>\n\t\t\t\t<\/div>\n\t\t\t\t\t<\/div>\n\t\t<\/div>\n\t\t\t\t\t<\/div>\n\t\t<\/section>\n\t\t\t\t<section class=\"elementor-section elementor-inner-section elementor-element elementor-element-46b2105 elementor-section-full_width stiahnut elementor-section-height-default elementor-section-height-default\" data-id=\"46b2105\" data-element_type=\"section\" data-e-type=\"section\">\n\t\t\t\t\t\t<div class=\"elementor-container elementor-column-gap-default\">\n\t\t\t\t\t<div class=\"elementor-column elementor-col-33 elementor-inner-column elementor-element elementor-element-2683515\" data-id=\"2683515\" data-element_type=\"column\" data-e-type=\"column\">\n\t\t\t<div class=\"elementor-widget-wrap elementor-element-populated\">\n\t\t\t\t\t\t<div class=\"elementor-element elementor-element-9a9859f elementor-widget elementor-widget-wd_list\" data-id=\"9a9859f\" data-element_type=\"widget\" data-e-type=\"widget\" data-widget_type=\"wd_list.default\">\n\t\t\t\t<div class=\"elementor-widget-container\">\n\t\t\t\t\t\t\t<ul class=\"wd-list color-scheme- wd-fontsize-xs wd-type-icon wd-style-default text-left\">\n\t\t\t\t\t\t\t\t\t\t\t<li class=\"elementor-repeater-item-e4e357f\">\n\t\t\t\t\t\t\t\t\t\t\t<span class=\"wd-icon\"><svg class=\"e-font-icon-svg e-far-file-pdf\" viewbox=\"0 0 384 512\" xmlns=\"http:\/\/www.w3.org\/2000\/svg\"><path d=\"M369.9 97.9L286 14C277 5 264.8-.1 252.1-.1H48C21.5 0 0 21.5 0 48v416c0 26.5 21.5 48 48 48h288c26.5 0 48-21.5 48-48V131.9c0-12.7-5.1-25-14.1-34zM332.1 128H256V51.9l76.1 76.1zM48 464V48h160v104c0 13.3 10.7 24 24 24h104v288H48zm250.2-143.7c-12.2-12-47-8.7-64.4-6.5-17.2-10.5-28.7-25-36.8-46.3 3.9-16.1 10.1-40.6 5.4-56-4.2-26.2-37.8-23.6-42.6-5.9-4.4 16.1-.4 38.5 7 67.1-10 23.9-24.9 56-35.4 74.4-20 10.3-47 26.2-51 46.2-3.3 15.8 26 55.2 76.1-31.2 22.4-7.4 46.8-16.5 68.4-20.1 18.9 10.2 41 17 55.8 17 25.5 0 28-28.2 17.5-38.7zm-198.1 77.8c5.1-13.7 24.5-29.5 30.4-35-19 30.3-30.4 35.7-30.4 35zm81.6-190.6c7.4 0 6.7 32.1 1.8 40.8-4.4-13.9-4.3-40.8-1.8-40.8zm-24.4 136.6c9.7-16.9 18-37 24.7-54.7 8.3 15.1 18.9 27.2 30.1 35.5-20.8 4.3-38.9 13.1-54.8 19.2zm131.6-5s-5 6-37.3-7.8c35.1-2.6 40.9 5.4 37.3 7.8z\"><\/path><\/svg><\/span>\t\t\t\t\t\n\t\t\t\t\t<span class=\"wd-list-content list-content\">\n\t\t\t\t\t\tTN MINNEAPOLIS P\t\t\t\t\t<\/span>\n\n\t\t\t\t\t\n\t\t\t\t\t\t<a  href=\"https:\/\/aquatek.cz\/wp-content\/uploads\/2023\/02\/minneapolis_P-1.pdf\" target=\"_blank\" class=\"wd-fill\" aria-label=\"List item link\"><\/a>\n\t\t\t\t\t\t\t\t\t<\/li>\n\t\t\t\t\t<\/ul>\n\n\t\t\t\t\t\t<\/div>\n\t\t\t\t<\/div>\n\t\t\t\t\t<\/div>\n\t\t<\/div>\n\t\t\t\t<div class=\"elementor-column elementor-col-33 elementor-inner-column elementor-element elementor-element-8381c60\" data-id=\"8381c60\" data-element_type=\"column\" data-e-type=\"column\">\n\t\t\t<div class=\"elementor-widget-wrap elementor-element-populated\">\n\t\t\t\t\t\t<div class=\"elementor-element elementor-element-89132c3 elementor-widget elementor-widget-wd_list\" data-id=\"89132c3\" data-element_type=\"widget\" data-e-type=\"widget\" data-widget_type=\"wd_list.default\">\n\t\t\t\t<div class=\"elementor-widget-container\">\n\t\t\t\t\t\t\t<ul class=\"wd-list color-scheme- wd-fontsize-xs wd-type-icon wd-style-default text-left\">\n\t\t\t\t\t\t\t\t\t\t\t<li class=\"elementor-repeater-item-835ad74\">\n\t\t\t\t\t\t\t\t\t\t\t<span class=\"wd-icon\"><svg class=\"e-font-icon-svg e-far-file-pdf\" viewbox=\"0 0 384 512\" xmlns=\"http:\/\/www.w3.org\/2000\/svg\"><path d=\"M369.9 97.9L286 14C277 5 264.8-.1 252.1-.1H48C21.5 0 0 21.5 0 48v416c0 26.5 21.5 48 48 48h288c26.5 0 48-21.5 48-48V131.9c0-12.7-5.1-25-14.1-34zM332.1 128H256V51.9l76.1 76.1zM48 464V48h160v104c0 13.3 10.7 24 24 24h104v288H48zm250.2-143.7c-12.2-12-47-8.7-64.4-6.5-17.2-10.5-28.7-25-36.8-46.3 3.9-16.1 10.1-40.6 5.4-56-4.2-26.2-37.8-23.6-42.6-5.9-4.4 16.1-.4 38.5 7 67.1-10 23.9-24.9 56-35.4 74.4-20 10.3-47 26.2-51 46.2-3.3 15.8 26 55.2 76.1-31.2 22.4-7.4 46.8-16.5 68.4-20.1 18.9 10.2 41 17 55.8 17 25.5 0 28-28.2 17.5-38.7zm-198.1 77.8c5.1-13.7 24.5-29.5 30.4-35-19 30.3-30.4 35.7-30.4 35zm81.6-190.6c7.4 0 6.7 32.1 1.8 40.8-4.4-13.9-4.3-40.8-1.8-40.8zm-24.4 136.6c9.7-16.9 18-37 24.7-54.7 8.3 15.1 18.9 27.2 30.1 35.5-20.8 4.3-38.9 13.1-54.8 19.2zm131.6-5s-5 6-37.3-7.8c35.1-2.6 40.9 5.4 37.3 7.8z\"><\/path><\/svg><\/span>\t\t\t\t\t\n\t\t\t\t\t<span class=\"wd-list-content list-content\">\n\t\t\t\t\t\tOdtokov\u00e1 souprava\t\t\t\t\t<\/span>\n\n\t\t\t\t\t\n\t\t\t\t\t\t<a  href=\"https:\/\/aquatek.cz\/wp-content\/uploads\/2023\/02\/ODTOKOVA-SUPRAVA-mala-krytka_1649248722-1.pdf\" target=\"_blank\" class=\"wd-fill\" aria-label=\"List item link\"><\/a>\n\t\t\t\t\t\t\t\t\t<\/li>\n\t\t\t\t\t<\/ul>\n\n\t\t\t\t\t\t<\/div>\n\t\t\t\t<\/div>\n\t\t\t\t\t<\/div>\n\t\t<\/div>\n\t\t\t\t<div class=\"elementor-column elementor-col-33 elementor-inner-column elementor-element elementor-element-05f7d48\" data-id=\"05f7d48\" data-element_type=\"column\" data-e-type=\"column\">\n\t\t\t<div class=\"elementor-widget-wrap elementor-element-populated\">\n\t\t\t\t\t\t<div class=\"elementor-element elementor-element-0e0f5bd elementor-widget elementor-widget-wd_list\" data-id=\"0e0f5bd\" data-element_type=\"widget\" data-e-type=\"widget\" data-widget_type=\"wd_list.default\">\n\t\t\t\t<div class=\"elementor-widget-container\">\n\t\t\t\t\t\t\t<ul class=\"wd-list color-scheme- wd-fontsize-xs wd-type-icon wd-style-default text-left\">\n\t\t\t\t\t\t\t\t\t\t\t<li class=\"elementor-repeater-item-835ad74\">\n\t\t\t\t\t\t\t\t\t\t\t<span class=\"wd-icon\"><svg class=\"e-font-icon-svg e-far-folder\" viewbox=\"0 0 512 512\" xmlns=\"http:\/\/www.w3.org\/2000\/svg\"><path d=\"M464 128H272l-54.63-54.63c-6-6-14.14-9.37-22.63-9.37H48C21.49 64 0 85.49 0 112v288c0 26.51 21.49 48 48 48h416c26.51 0 48-21.49 48-48V176c0-26.51-21.49-48-48-48zm0 272H48V112h140.12l54.63 54.63c6 6 14.14 9.37 22.63 9.37H464v224z\"><\/path><\/svg><\/span>\t\t\t\t\t\n\t\t\t\t\t<span class=\"wd-list-content list-content\">\n\t\t\t\t\t\t3D model\t\t\t\t\t<\/span>\n\n\t\t\t\t\t\n\t\t\t\t\t\t<a  href=\"https:\/\/aquatek.cz\/wp-content\/uploads\/2024\/02\/MINNEAPOLIS.rar\" target=\"_blank\" class=\"wd-fill\" aria-label=\"List item link\"><\/a>\n\t\t\t\t\t\t\t\t\t<\/li>\n\t\t\t\t\t<\/ul>\n\n\t\t\t\t\t\t<\/div>\n\t\t\t\t<\/div>\n\t\t\t\t\t<\/div>\n\t\t<\/div>\n\t\t\t\t\t<\/div>\n\t\t<\/section>\n\t\t\t\t<section class=\"elementor-section elementor-inner-section elementor-element elementor-element-5dab82a3 elementor-section-full_width stiahnut elementor-section-height-default elementor-section-height-default\" data-id=\"5dab82a3\" data-element_type=\"section\" data-e-type=\"section\" id=\"stiahnut\">\n\t\t\t\t\t\t<div class=\"elementor-container elementor-column-gap-default\">\n\t\t\t\t\t<div class=\"elementor-column elementor-col-100 elementor-inner-column elementor-element elementor-element-7044f2a1\" data-id=\"7044f2a1\" data-element_type=\"column\" data-e-type=\"column\">\n\t\t\t<div class=\"elementor-widget-wrap elementor-element-populated\">\n\t\t\t\t\t\t<div class=\"elementor-element elementor-element-13c8504 elementor-widget-divider--view-line elementor-widget elementor-widget-divider\" data-id=\"13c8504\" data-element_type=\"widget\" data-e-type=\"widget\" data-widget_type=\"divider.default\">\n\t\t\t\t<div class=\"elementor-widget-container\">\n\t\t\t\t\t\t\t<div class=\"elementor-divider\">\n\t\t\t<span class=\"elementor-divider-separator\">\n\t\t\t\t\t\t<\/span>\n\t\t<\/div>\n\t\t\t\t\t\t<\/div>\n\t\t\t\t<\/div>\n\t\t\t\t\t<\/div>\n\t\t<\/div>\n\t\t\t\t\t<\/div>\n\t\t<\/section>\n\t\t\t\t<section class=\"elementor-section elementor-inner-section elementor-element elementor-element-5073e78c elementor-section-full_width stiahnut elementor-section-height-default elementor-section-height-default\" data-id=\"5073e78c\" data-element_type=\"section\" data-e-type=\"section\" id=\"stiahnut\">\n\t\t\t\t\t\t<div class=\"elementor-container elementor-column-gap-default\">\n\t\t\t\t\t<div class=\"elementor-column elementor-col-100 elementor-inner-column elementor-element elementor-element-1ffd1e11\" data-id=\"1ffd1e11\" data-element_type=\"column\" data-e-type=\"column\">\n\t\t\t<div class=\"elementor-widget-wrap elementor-element-populated\">\n\t\t\t\t\t\t<div class=\"elementor-element elementor-element-5cfb1787 elementor-widget elementor-widget-heading\" data-id=\"5cfb1787\" data-element_type=\"widget\" data-e-type=\"widget\" data-widget_type=\"heading.default\">\n\t\t\t\t<div class=\"elementor-widget-container\">\n\t\t\t\t\t<h4 class=\"elementor-heading-title elementor-size-medium\">MINNEAPOLIS P<\/h4>\t\t\t\t<\/div>\n\t\t\t\t<\/div>\n\t\t\t\t<div class=\"elementor-element elementor-element-5526f8b8 elementor-widget elementor-widget-image\" data-id=\"5526f8b8\" data-element_type=\"widget\" data-e-type=\"widget\" data-widget_type=\"image.default\">\n\t\t\t\t<div class=\"elementor-widget-container\">\n\t\t\t\t\t\t\t\t\t\t\t\t\t\t\t\t<a href=\"https:\/\/aquatek.cz\/wp-content\/uploads\/2023\/02\/vane_akrylat_koty_minneapolis_P-e1679034285825.jpg\" data-elementor-open-lightbox=\"yes\" data-elementor-lightbox-title=\"vane_akryl\u00e1t_koty_minneapolis_P\" data-e-action-hash=\"#elementor-action%3Aaction%3Dlightbox%26settings%3DeyJpZCI6Mjk5NDUsInVybCI6Imh0dHBzOlwvXC9hcXVhdGVrLmN6XC93cC1jb250ZW50XC91cGxvYWRzXC8yMDIzXC8wMlwvdmFuZV9ha3J5bGF0X2tvdHlfbWlubmVhcG9saXNfUC1lMTY3OTAzNDI4NTgyNS5qcGcifQ%3D%3D\">\n\t\t\t\t\t\t\t<img fetchpriority=\"high\" decoding=\"async\" width=\"1755\" height=\"899\" src=\"https:\/\/aquatek.cz\/wp-content\/uploads\/2023\/02\/vane_akrylat_koty_minneapolis_P-e1679034285825.jpg\" class=\"attachment-full size-full wp-image-29945\" alt=\"\" srcset=\"https:\/\/aquatek.cz\/wp-content\/uploads\/2023\/02\/vane_akrylat_koty_minneapolis_P-e1679034285825.jpg 1755w, https:\/\/aquatek.cz\/wp-content\/uploads\/2023\/02\/vane_akrylat_koty_minneapolis_P-e1679034285825-1100x563.jpg 1100w, https:\/\/aquatek.cz\/wp-content\/uploads\/2023\/02\/vane_akrylat_koty_minneapolis_P-e1679034285825-210x108.jpg 210w, https:\/\/aquatek.cz\/wp-content\/uploads\/2023\/02\/vane_akrylat_koty_minneapolis_P-e1679034285825-1500x768.jpg 1500w, https:\/\/aquatek.cz\/wp-content\/uploads\/2023\/02\/vane_akrylat_koty_minneapolis_P-e1679034285825-400x205.jpg 400w, https:\/\/aquatek.cz\/wp-content\/uploads\/2023\/02\/vane_akrylat_koty_minneapolis_P-e1679034285825-768x393.jpg 768w, https:\/\/aquatek.cz\/wp-content\/uploads\/2023\/02\/vane_akrylat_koty_minneapolis_P-e1679034285825-1536x787.jpg 1536w\" sizes=\"(max-width: 1755px) 100vw, 1755px\" \/>\t\t\t\t\t\t\t\t<\/a>\n\t\t\t\t\t\t\t\t\t\t\t\t\t\t\t<\/div>\n\t\t\t\t<\/div>\n\t\t\t\t\t<\/div>\n\t\t<\/div>\n\t\t\t\t\t<\/div>\n\t\t<\/section>\n\t\t\t\t\t<\/div>\n\t\t<\/div>\n\t\t\t\t\t<\/div>\n\t\t<\/section>\n\t\t\t\t<\/div>","protected":false},"excerpt":{"rendered":"<p><b>Akryl\u00e1tov\u00e1 vana<\/b><\/p>\n<p><span style=\"color: #ff0000;\"><strong>Nov\u00fd produkt s v\u00fdrobn\u00edmi vadami, kter\u00e9 nijak nebr\u00e1n\u00ed u\u017e\u00edv\u00e1n\u00ed. Chyby jsou zn\u00e1zorn\u011bny na fotk\u00e1ch v galerii.<\/strong><\/span><\/p>\n<p>Rohov\u00e1 vana s integrovan\u00fdm (neodn\u00edmateln\u00fdm) \u010deln\u00edm panelem, se stabiln\u00ed podp\u016frnou hlin\u00edkovou konstrukc\u00ed, s mo\u017enost\u00ed napojen\u00ed na odpadn\u00ed potrub\u00ed nejen v podlaze, pod dnem vany, ale tak\u00e9 do bo\u010dn\u00edch st\u011bn koupelny, zda na kr\u00e1tk\u00e9, nebo del\u0161\u00ed zadn\u00ed stran\u011b vany. Obd\u00e9ln\u00edkov\u00fd tvar vany na jedn\u00e9 stran\u011b se zaoblen\u00fdm rohem u\u0161et\u0159\u00ed vn\u011bj\u0161\u00ed prostor bez omezen\u00ed vnit\u0159n\u00edho pohodl\u00ed. <b style=\"color: #ff0000;\"><\/b><\/p>\n<p><b style=\"color: #ff0000;\">UPOZORN\u011aN\u00cd! <\/b>Odtokov\u00fd syst\u00e9m <strong>KLIK-KLAK je v cen\u011b vany. <\/strong><strong>SIFON nen\u00ed v cen\u011b vany.<\/strong> Cena SIFONU je <strong>399 K\u010d s DPH &#8211; <a style=\"color: #ff0000; text-decoration: underline;\" href=\"https:\/\/aquatek.cz\/sk\/volne-stojace-vane\/akrylatove-vane\/sifon\/\" target=\"_blank\" rel=\"noopener\">koupit zde.<\/a><\/strong><\/p>","protected":false},"featured_media":81517,"template":"","meta":{"_acf_changed":false},"product_brand":[],"product_cat":[5341],"product_tag":[],"woo-feed-brand":[],"class_list":{"0":"post-58136","1":"product","2":"type-product","3":"status-publish","4":"has-post-thumbnail","6":"product_cat-zlevnene-zbozi","7":"pa_dlzka-cm-tab-1040","8":"pa_dlzka-mm-2671","9":"pa_farba-tab-biela","10":"pa_hrubka-okraja-vane-3998","11":"pa_instalacia-pri-stenu-ano","12":"pa_material-akrylat","13":"pa_model-minneapolis","14":"pa_model-l-p-ano","15":"pa_nazov-tab-minneapolis-prava-1","16":"pa_nozicky-plastove-7ks-nastavitelne","17":"pa_objem-litre-2842","18":"pa_otvor-klik-klak-o-50","19":"pa_povrchova-uprava-biela-leskla-2","20":"pa_s-prepadom-ano","21":"pa_sirka-cm-78-5","22":"pa_sirka-cm-tab-78-5","23":"pa_typ-vane-obdlznik-s-oblymi-rohmi","24":"pa_univerzalny-model-nie","25":"pa_vaha-kg-2841","26":"pa_vaha-kg-tab-1638","27":"pa_vnutorna-konstrukcia-hlinikovy-ram","28":"pa_vnutorny-material-sklolaminatova-vypln","29":"pa_volne-stojaca-instalacia-nie","30":"pa_vyska-cm-1635","31":"pa_vyska-tab-1952","33":"first","34":"instock","35":"sale","36":"purchasable","37":"product-type-simple"},"acf":[],"_links":{"self":[{"href":"https:\/\/aquatek.cz\/sk\/wp-json\/wp\/v2\/product\/58136","targetHints":{"allow":["GET"]}}],"collection":[{"href":"https:\/\/aquatek.cz\/sk\/wp-json\/wp\/v2\/product"}],"about":[{"href":"https:\/\/aquatek.cz\/sk\/wp-json\/wp\/v2\/types\/product"}],"version-history":[{"count":0,"href":"https:\/\/aquatek.cz\/sk\/wp-json\/wp\/v2\/product\/58136\/revisions"}],"wp:featuredmedia":[{"embeddable":true,"href":"https:\/\/aquatek.cz\/sk\/wp-json\/wp\/v2\/media\/81517"}],"wp:attachment":[{"href":"https:\/\/aquatek.cz\/sk\/wp-json\/wp\/v2\/media?parent=58136"}],"wp:term":[{"taxonomy":"product_brand","embeddable":true,"href":"https:\/\/aquatek.cz\/sk\/wp-json\/wp\/v2\/product_brand?post=58136"},{"taxonomy":"product_cat","embeddable":true,"href":"https:\/\/aquatek.cz\/sk\/wp-json\/wp\/v2\/product_cat?post=58136"},{"taxonomy":"product_tag","embeddable":true,"href":"https:\/\/aquatek.cz\/sk\/wp-json\/wp\/v2\/product_tag?post=58136"},{"taxonomy":"woo-feed-brand","embeddable":true,"href":"https:\/\/aquatek.cz\/sk\/wp-json\/wp\/v2\/woo-feed-brand?post=58136"}],"curies":[{"name":"wp","href":"https:\/\/api.w.org\/{rel}","templated":true}]}}