{"id":55216,"date":"2024-10-02T09:44:54","date_gmt":"2024-10-02T07:44:54","guid":{"rendered":"https:\/\/aquatek.cz\/?post_type=product&#038;p=55216"},"modified":"2025-12-16T14:39:42","modified_gmt":"2025-12-16T13:39:42","slug":"timor","status":"publish","type":"product","link":"https:\/\/aquatek.cz\/sk\/timor\/","title":{"rendered":"TIMOR"},"content":{"rendered":"<div data-elementor-type=\"wp-post\" data-elementor-id=\"55216\" class=\"elementor elementor-55216\" data-elementor-post-type=\"product\">\n\t\t\t\t\t\t<section class=\"elementor-section elementor-top-section elementor-element elementor-element-62956306 download elementor-section-full_width elementor-section-height-default elementor-section-height-default\" data-id=\"62956306\" data-element_type=\"section\" data-e-type=\"section\" id=\"download\">\n\t\t\t\t\t\t<div class=\"elementor-container elementor-column-gap-default\">\n\t\t\t\t\t<div class=\"elementor-column elementor-col-100 elementor-top-column elementor-element elementor-element-12e35f71\" data-id=\"12e35f71\" data-element_type=\"column\" data-e-type=\"column\">\n\t\t\t<div class=\"elementor-widget-wrap elementor-element-populated\">\n\t\t\t\t\t\t<section class=\"elementor-section elementor-inner-section elementor-element elementor-element-1fadcd0f elementor-section-full_width stiahnut elementor-section-height-default elementor-section-height-default\" data-id=\"1fadcd0f\" data-element_type=\"section\" data-e-type=\"section\" id=\"stiahnut\">\n\t\t\t\t\t\t<div class=\"elementor-container elementor-column-gap-default\">\n\t\t\t\t\t<div class=\"elementor-column elementor-col-100 elementor-inner-column elementor-element elementor-element-50ff55a6\" data-id=\"50ff55a6\" data-element_type=\"column\" data-e-type=\"column\">\n\t\t\t<div class=\"elementor-widget-wrap elementor-element-populated\">\n\t\t\t\t\t\t<div class=\"elementor-element elementor-element-54407432 elementor-widget elementor-widget-heading\" data-id=\"54407432\" data-element_type=\"widget\" data-e-type=\"widget\" data-widget_type=\"heading.default\">\n\t\t\t\t<div class=\"elementor-widget-container\">\n\t\t\t\t\t<h2 class=\"elementor-heading-title elementor-size-medium\">Ke sta\u017een\u00ed\u200b<\/h2>\t\t\t\t<\/div>\n\t\t\t\t<\/div>\n\t\t\t\t\t<\/div>\n\t\t<\/div>\n\t\t\t\t\t<\/div>\n\t\t<\/section>\n\t\t\t\t<section class=\"elementor-section elementor-inner-section elementor-element elementor-element-5ed1c7d9 elementor-section-full_width stiahnut elementor-section-height-default elementor-section-height-default\" data-id=\"5ed1c7d9\" data-element_type=\"section\" data-e-type=\"section\" id=\"stiahnut\">\n\t\t\t\t\t\t<div class=\"elementor-container elementor-column-gap-default\">\n\t\t\t\t\t<div class=\"elementor-column elementor-col-33 elementor-inner-column elementor-element elementor-element-75bcf27d\" data-id=\"75bcf27d\" data-element_type=\"column\" data-e-type=\"column\">\n\t\t\t<div class=\"elementor-widget-wrap elementor-element-populated\">\n\t\t\t\t\t\t<div class=\"elementor-element elementor-element-2acabb50 elementor-widget elementor-widget-wd_list\" data-id=\"2acabb50\" data-element_type=\"widget\" data-e-type=\"widget\" data-widget_type=\"wd_list.default\">\n\t\t\t\t<div class=\"elementor-widget-container\">\n\t\t\t\t\t\t\t<ul class=\"wd-list color-scheme- wd-fontsize-xs wd-type-icon wd-style-default text-left\">\n\t\t\t\t\t\t\t\t\t\t\t<li class=\"elementor-repeater-item-e4e357f\">\n\t\t\t\t\t\t\t\t\t\t\t<span class=\"wd-icon\"><svg class=\"e-font-icon-svg e-far-file-pdf\" viewbox=\"0 0 384 512\" xmlns=\"http:\/\/www.w3.org\/2000\/svg\"><path d=\"M369.9 97.9L286 14C277 5 264.8-.1 252.1-.1H48C21.5 0 0 21.5 0 48v416c0 26.5 21.5 48 48 48h288c26.5 0 48-21.5 48-48V131.9c0-12.7-5.1-25-14.1-34zM332.1 128H256V51.9l76.1 76.1zM48 464V48h160v104c0 13.3 10.7 24 24 24h104v288H48zm250.2-143.7c-12.2-12-47-8.7-64.4-6.5-17.2-10.5-28.7-25-36.8-46.3 3.9-16.1 10.1-40.6 5.4-56-4.2-26.2-37.8-23.6-42.6-5.9-4.4 16.1-.4 38.5 7 67.1-10 23.9-24.9 56-35.4 74.4-20 10.3-47 26.2-51 46.2-3.3 15.8 26 55.2 76.1-31.2 22.4-7.4 46.8-16.5 68.4-20.1 18.9 10.2 41 17 55.8 17 25.5 0 28-28.2 17.5-38.7zm-198.1 77.8c5.1-13.7 24.5-29.5 30.4-35-19 30.3-30.4 35.7-30.4 35zm81.6-190.6c7.4 0 6.7 32.1 1.8 40.8-4.4-13.9-4.3-40.8-1.8-40.8zm-24.4 136.6c9.7-16.9 18-37 24.7-54.7 8.3 15.1 18.9 27.2 30.1 35.5-20.8 4.3-38.9 13.1-54.8 19.2zm131.6-5s-5 6-37.3-7.8c35.1-2.6 40.9 5.4 37.3 7.8z\"><\/path><\/svg><\/span>\t\t\t\t\t\n\t\t\t\t\t<span class=\"wd-list-content list-content\">\n\t\t\t\t\t\tMont\u00e1\u017en\u00ed n\u00e1vod\t\t\t\t\t<\/span>\n\n\t\t\t\t\t\n\t\t\t\t\t\t<a  href=\"https:\/\/aquatek.cz\/wp-content\/uploads\/PDF\/sprchove_panely\/ANDROS_TN.pdf\" target=\"_blank\" class=\"wd-fill\" aria-label=\"List item link\"><\/a>\n\t\t\t\t\t\t\t\t\t<\/li>\n\t\t\t\t\t<\/ul>\n\n\t\t\t\t\t\t<\/div>\n\t\t\t\t<\/div>\n\t\t\t\t\t<\/div>\n\t\t<\/div>\n\t\t\t\t<div class=\"elementor-column elementor-col-33 elementor-inner-column elementor-element elementor-element-68d3f42a\" data-id=\"68d3f42a\" data-element_type=\"column\" data-e-type=\"column\">\n\t\t\t<div class=\"elementor-widget-wrap elementor-element-populated\">\n\t\t\t\t\t\t<div class=\"elementor-element elementor-element-743071ba elementor-widget elementor-widget-wd_list\" data-id=\"743071ba\" data-element_type=\"widget\" data-e-type=\"widget\" data-widget_type=\"wd_list.default\">\n\t\t\t\t<div class=\"elementor-widget-container\">\n\t\t\t\t\t\t\t<ul class=\"wd-list color-scheme- wd-fontsize-xs wd-type-icon wd-style-default text-left\">\n\t\t\t\t\t\t\t\t\t\t\t<li class=\"elementor-repeater-item-c16f7df\">\n\t\t\t\t\t\t\t\t\t\t\t<span class=\"wd-icon\"><svg class=\"e-font-icon-svg e-far-file-pdf\" viewbox=\"0 0 384 512\" xmlns=\"http:\/\/www.w3.org\/2000\/svg\"><path d=\"M369.9 97.9L286 14C277 5 264.8-.1 252.1-.1H48C21.5 0 0 21.5 0 48v416c0 26.5 21.5 48 48 48h288c26.5 0 48-21.5 48-48V131.9c0-12.7-5.1-25-14.1-34zM332.1 128H256V51.9l76.1 76.1zM48 464V48h160v104c0 13.3 10.7 24 24 24h104v288H48zm250.2-143.7c-12.2-12-47-8.7-64.4-6.5-17.2-10.5-28.7-25-36.8-46.3 3.9-16.1 10.1-40.6 5.4-56-4.2-26.2-37.8-23.6-42.6-5.9-4.4 16.1-.4 38.5 7 67.1-10 23.9-24.9 56-35.4 74.4-20 10.3-47 26.2-51 46.2-3.3 15.8 26 55.2 76.1-31.2 22.4-7.4 46.8-16.5 68.4-20.1 18.9 10.2 41 17 55.8 17 25.5 0 28-28.2 17.5-38.7zm-198.1 77.8c5.1-13.7 24.5-29.5 30.4-35-19 30.3-30.4 35.7-30.4 35zm81.6-190.6c7.4 0 6.7 32.1 1.8 40.8-4.4-13.9-4.3-40.8-1.8-40.8zm-24.4 136.6c9.7-16.9 18-37 24.7-54.7 8.3 15.1 18.9 27.2 30.1 35.5-20.8 4.3-38.9 13.1-54.8 19.2zm131.6-5s-5 6-37.3-7.8c35.1-2.6 40.9 5.4 37.3 7.8z\"><\/path><\/svg><\/span>\t\t\t\t\t\n\t\t\t\t\t<span class=\"wd-list-content list-content\">\n\t\t\t\t\t\tTechnick\u00fd n\u00e1kres\t\t\t\t\t<\/span>\n\n\t\t\t\t\t\n\t\t\t\t\t\t<a  href=\"https:\/\/aquatek.cz\/wp-content\/uploads\/PDF\/sprchove_panely\/TIMOR_TN.pdf\" target=\"_blank\" class=\"wd-fill\" aria-label=\"List item link\"><\/a>\n\t\t\t\t\t\t\t\t\t<\/li>\n\t\t\t\t\t<\/ul>\n\n\t\t\t\t\t\t<\/div>\n\t\t\t\t<\/div>\n\t\t\t\t\t<\/div>\n\t\t<\/div>\n\t\t\t\t<div class=\"elementor-column elementor-col-33 elementor-inner-column elementor-element elementor-element-f59e0da\" data-id=\"f59e0da\" data-element_type=\"column\" data-e-type=\"column\">\n\t\t\t<div class=\"elementor-widget-wrap elementor-element-populated\">\n\t\t\t\t\t\t<div class=\"elementor-element elementor-element-7fc6193 elementor-widget elementor-widget-wd_list\" data-id=\"7fc6193\" data-element_type=\"widget\" data-e-type=\"widget\" data-widget_type=\"wd_list.default\">\n\t\t\t\t<div class=\"elementor-widget-container\">\n\t\t\t\t\t\t\t<ul class=\"wd-list color-scheme- wd-fontsize-xs wd-type-icon wd-style-default text-left\">\n\t\t\t\t\t\t\t\t\t\t\t<li class=\"elementor-repeater-item-c16f7df\">\n\t\t\t\t\t\t\t\t\t\t\t<span class=\"wd-icon\"><svg class=\"e-font-icon-svg e-far-file-pdf\" viewbox=\"0 0 384 512\" xmlns=\"http:\/\/www.w3.org\/2000\/svg\"><path d=\"M369.9 97.9L286 14C277 5 264.8-.1 252.1-.1H48C21.5 0 0 21.5 0 48v416c0 26.5 21.5 48 48 48h288c26.5 0 48-21.5 48-48V131.9c0-12.7-5.1-25-14.1-34zM332.1 128H256V51.9l76.1 76.1zM48 464V48h160v104c0 13.3 10.7 24 24 24h104v288H48zm250.2-143.7c-12.2-12-47-8.7-64.4-6.5-17.2-10.5-28.7-25-36.8-46.3 3.9-16.1 10.1-40.6 5.4-56-4.2-26.2-37.8-23.6-42.6-5.9-4.4 16.1-.4 38.5 7 67.1-10 23.9-24.9 56-35.4 74.4-20 10.3-47 26.2-51 46.2-3.3 15.8 26 55.2 76.1-31.2 22.4-7.4 46.8-16.5 68.4-20.1 18.9 10.2 41 17 55.8 17 25.5 0 28-28.2 17.5-38.7zm-198.1 77.8c5.1-13.7 24.5-29.5 30.4-35-19 30.3-30.4 35.7-30.4 35zm81.6-190.6c7.4 0 6.7 32.1 1.8 40.8-4.4-13.9-4.3-40.8-1.8-40.8zm-24.4 136.6c9.7-16.9 18-37 24.7-54.7 8.3 15.1 18.9 27.2 30.1 35.5-20.8 4.3-38.9 13.1-54.8 19.2zm131.6-5s-5 6-37.3-7.8c35.1-2.6 40.9 5.4 37.3 7.8z\"><\/path><\/svg><\/span>\t\t\t\t\t\n\t\t\t\t\t<span class=\"wd-list-content list-content\">\n\t\t\t\t\t\t\u00dadr\u017eba\t\t\t\t\t<\/span>\n\n\t\t\t\t\t\n\t\t\t\t\t\t<a  href=\"https:\/\/aquatek.cz\/wp-content\/uploads\/PDF\/sprchove_panely\/SPRCHOVE_PANELY_UDRZBA.pdf\" target=\"_blank\" class=\"wd-fill\" aria-label=\"List item link\"><\/a>\n\t\t\t\t\t\t\t\t\t<\/li>\n\t\t\t\t\t<\/ul>\n\n\t\t\t\t\t\t<\/div>\n\t\t\t\t<\/div>\n\t\t\t\t\t<\/div>\n\t\t<\/div>\n\t\t\t\t\t<\/div>\n\t\t<\/section>\n\t\t\t\t<section class=\"elementor-section elementor-inner-section elementor-element elementor-element-55d0f236 elementor-section-full_width stiahnut elementor-section-height-default elementor-section-height-default\" data-id=\"55d0f236\" data-element_type=\"section\" data-e-type=\"section\" id=\"stiahnut\">\n\t\t\t\t\t\t<div class=\"elementor-container elementor-column-gap-default\">\n\t\t\t\t\t<div class=\"elementor-column elementor-col-100 elementor-inner-column elementor-element elementor-element-5fe18c42\" data-id=\"5fe18c42\" data-element_type=\"column\" data-e-type=\"column\">\n\t\t\t<div class=\"elementor-widget-wrap elementor-element-populated\">\n\t\t\t\t\t\t<div class=\"elementor-element elementor-element-2c50a47e elementor-widget elementor-widget-spacer\" data-id=\"2c50a47e\" data-element_type=\"widget\" data-e-type=\"widget\" data-widget_type=\"spacer.default\">\n\t\t\t\t<div class=\"elementor-widget-container\">\n\t\t\t\t\t\t\t<div class=\"elementor-spacer\">\n\t\t\t<div class=\"elementor-spacer-inner\"><\/div>\n\t\t<\/div>\n\t\t\t\t\t\t<\/div>\n\t\t\t\t<\/div>\n\t\t\t\t\t<\/div>\n\t\t<\/div>\n\t\t\t\t\t<\/div>\n\t\t<\/section>\n\t\t\t\t<section class=\"elementor-section elementor-inner-section elementor-element elementor-element-e843477 elementor-section-full_width stiahnut elementor-section-height-default elementor-section-height-default\" data-id=\"e843477\" data-element_type=\"section\" data-e-type=\"section\">\n\t\t\t\t\t\t<div class=\"elementor-container elementor-column-gap-default\">\n\t\t\t\t\t<div class=\"elementor-column elementor-col-100 elementor-inner-column elementor-element elementor-element-c7de49b\" data-id=\"c7de49b\" data-element_type=\"column\" data-e-type=\"column\">\n\t\t\t<div class=\"elementor-widget-wrap elementor-element-populated\">\n\t\t\t\t\t\t<div class=\"elementor-element elementor-element-2192d61 elementor-widget elementor-widget-heading\" data-id=\"2192d61\" data-element_type=\"widget\" data-e-type=\"widget\" data-widget_type=\"heading.default\">\n\t\t\t\t<div class=\"elementor-widget-container\">\n\t\t\t\t\t<h2 class=\"elementor-heading-title elementor-size-medium\">Mont\u00e1\u017e<\/h2>\t\t\t\t<\/div>\n\t\t\t\t<\/div>\n\t\t\t\t<div class=\"elementor-element elementor-element-ad0f329 text-center color-scheme-inherit elementor-widget elementor-widget-text-editor\" data-id=\"ad0f329\" data-element_type=\"widget\" data-e-type=\"widget\" data-widget_type=\"text-editor.default\">\n\t\t\t\t<div class=\"elementor-widget-container\">\n\t\t\t\t\t\t\t\t\t<h5>Na ze\u010f<\/h5><p>\u00a0<\/p>\t\t\t\t\t\t\t\t<\/div>\n\t\t\t\t<\/div>\n\t\t\t\t<div class=\"elementor-element elementor-element-ac6e6e4 elementor-widget elementor-widget-image\" data-id=\"ac6e6e4\" data-element_type=\"widget\" data-e-type=\"widget\" data-widget_type=\"image.default\">\n\t\t\t\t<div class=\"elementor-widget-container\">\n\t\t\t\t\t\t\t\t\t\t\t\t\t\t\t\t<a href=\"https:\/\/aquatek.cz\/wp-content\/uploads\/2024\/10\/Na_stenu_up.svg\" data-elementor-open-lightbox=\"yes\" data-elementor-lightbox-title=\"Na_stenu_up\" data-e-action-hash=\"#elementor-action%3Aaction%3Dlightbox%26settings%3DeyJpZCI6ODY5NzMsInVybCI6Imh0dHBzOlwvXC9hcXVhdGVrLmN6XC93cC1jb250ZW50XC91cGxvYWRzXC8yMDI0XC8xMFwvTmFfc3RlbnVfdXAuc3ZnIn0%3D\">\n\t\t\t\t\t\t\t<img fetchpriority=\"high\" decoding=\"async\" width=\"1000\" height=\"900\" src=\"https:\/\/aquatek.cz\/wp-content\/uploads\/2024\/10\/Na_stenu_up.svg\" class=\"attachment-full size-full wp-image-86973\" alt=\"\" \/>\t\t\t\t\t\t\t\t<\/a>\n\t\t\t\t\t\t\t\t\t\t\t\t\t\t\t<\/div>\n\t\t\t\t<\/div>\n\t\t\t\t\t<\/div>\n\t\t<\/div>\n\t\t\t\t\t<\/div>\n\t\t<\/section>\n\t\t\t\t\t<\/div>\n\t\t<\/div>\n\t\t\t\t\t<\/div>\n\t\t<\/section>\n\t\t\t\t<\/div>","protected":false},"excerpt":{"rendered":"<p><b>Hydromas\u00e1\u017en\u00ed sprchov\u00fd panel ocelov\u00fd<\/b><\/p>\n<p>Tak\u00e9 prost\u0159ednictv\u00edm hydromas\u00e1\u017en\u00edho panelu <b>TIMOR <\/b>vytvo\u0159\u00edte luxusn\u00ed sprchov\u00fd prostor. Hydromas\u00e1\u017en\u00ed sprchov\u00e9 panely maj\u00ed vrchn\u00ed sprchu, kter\u00e1 je pevn\u00e1 a spodn\u00ed sprchu, kter\u00e1 je spojena s panelem chromovou flexibiln\u00ed hadic\u00ed a trysky. Funkce panelu se programuj\u00ed pomoc\u00ed regul\u00e1toru. K mont\u00e1\u017ei nepot\u0159ebujete \u017e\u00e1dn\u00e1 speci\u00e1ln\u00ed za\u0159\u00edzen\u00ed. Jednodu\u0161e jej p\u0159ipoj\u00edte flexibiln\u00edmi hadicemi pro p\u0159\u00edvod tepl\u00e9 a studen\u00e9 vody.<\/p>","protected":false},"featured_media":62185,"template":"","meta":{"_acf_changed":false},"product_brand":[],"product_cat":[513,5641],"product_tag":[],"woo-feed-brand":[],"class_list":{"0":"post-55216","1":"product","2":"type-product","3":"status-publish","4":"has-post-thumbnail","6":"product_cat-sprchove-panely","7":"product_cat-sprchove-systemy","8":"pa_farba-nerezova","9":"pa_farba-tab-nerezova","10":"pa_funkcie-panelu-predne-trysky","11":"pa_funkcie-panelu-predni-vytok","12":"pa_funkcie-panelu-rucna-sprcha","13":"pa_funkcie-panelu-vrchna-sprcha","14":"pa_led-osvetlenie-nie","15":"pa_material-panelu-ocel","16":"pa_model-timor","17":"pa_montaz-do-rohu-ne","18":"pa_montazne-skrutky-ano","19":"pa_nazov-tab-timor","20":"pa_pozicia-baterie-vpredu","21":"pa_pozicia-rucnej-sprchy-vpravo","22":"pa_predne-masazne-sety-2-sety-pevne","23":"pa_rucna-sprcha-hranata-kovova","24":"pa_sirka-cm-tab-3577","25":"pa_sprchova-hadica-kovova-1-5m","26":"pa_tlak-vody-min-max-2-atm-45-atm","27":"pa_typ-baterie-termostaticka-baterie","28":"pa_typ-baterie-tab-termostaticka","29":"pa_vyska-tab-5085","31":"first","32":"instock","33":"sale","34":"purchasable","35":"product-type-simple"},"acf":[],"_links":{"self":[{"href":"https:\/\/aquatek.cz\/sk\/wp-json\/wp\/v2\/product\/55216","targetHints":{"allow":["GET"]}}],"collection":[{"href":"https:\/\/aquatek.cz\/sk\/wp-json\/wp\/v2\/product"}],"about":[{"href":"https:\/\/aquatek.cz\/sk\/wp-json\/wp\/v2\/types\/product"}],"version-history":[{"count":0,"href":"https:\/\/aquatek.cz\/sk\/wp-json\/wp\/v2\/product\/55216\/revisions"}],"wp:featuredmedia":[{"embeddable":true,"href":"https:\/\/aquatek.cz\/sk\/wp-json\/wp\/v2\/media\/62185"}],"wp:attachment":[{"href":"https:\/\/aquatek.cz\/sk\/wp-json\/wp\/v2\/media?parent=55216"}],"wp:term":[{"taxonomy":"product_brand","embeddable":true,"href":"https:\/\/aquatek.cz\/sk\/wp-json\/wp\/v2\/product_brand?post=55216"},{"taxonomy":"product_cat","embeddable":true,"href":"https:\/\/aquatek.cz\/sk\/wp-json\/wp\/v2\/product_cat?post=55216"},{"taxonomy":"product_tag","embeddable":true,"href":"https:\/\/aquatek.cz\/sk\/wp-json\/wp\/v2\/product_tag?post=55216"},{"taxonomy":"woo-feed-brand","embeddable":true,"href":"https:\/\/aquatek.cz\/sk\/wp-json\/wp\/v2\/woo-feed-brand?post=55216"}],"curies":[{"name":"wp","href":"https:\/\/api.w.org\/{rel}","templated":true}]}}