{"id":40891,"date":"2023-06-28T21:12:52","date_gmt":"2023-06-28T19:12:52","guid":{"rendered":"https:\/\/aquatek.cz\/?post_type=product&#038;p=40891"},"modified":"2025-11-20T08:49:21","modified_gmt":"2025-11-20T07:49:21","slug":"dub-kraft-zlaty","status":"publish","type":"product","link":"https:\/\/aquatek.cz\/sk\/dub-kraft-zlaty\/","title":{"rendered":"DUB KRAFT ZLAT\u00dd"},"content":{"rendered":"","protected":false},"excerpt":{"rendered":"<p><b>V\u00fdroba a prodej umyvadlov\u00fdch polic na m\u00edru.<\/b><\/p>\n<p>Jejich z\u00e1klad tvo\u0159\u00ed d\u0159evot\u0159\u00edskov\u00e1 deska, kter\u00e1 je impregnov\u00e1na melaminovou prysky\u0159ic\u00ed. K dispozici jsou v r\u016fzn\u00fdch povrchov\u00fdch \u00faprav\u00e1ch, v\u010detn\u011b leskl\u00e9, matn\u00e9 a n\u00e1dhern\u00fdmi strukturami d\u0159eva.<\/p>\n<p><span style=\"color: #ff0000;\"><b>UPOZORN\u011aN\u00cd!<\/b><\/span><br \/>\n<strong>Desky pod umyvadla, se nevyr\u00e1b\u011bj\u00ed s otvorem pro baterii ani s otvorem pro odpad. V cen\u011b desky pod umyvadlo nen\u00ed zahrnuta cena konzoly.<\/strong><\/p>\n<p><strong><span style=\"color: #ff0000;\">Dodac\u00ed lh\u016fta je 4 &#8211; 5 t\u00fddn\u016f.<\/span><\/strong><\/p>\n<p><strong>Ke sta\u017een\u00ed:<\/strong> <span style=\"color: #000000;\"><a style=\"text-decoration: underline;\" href=\"https:\/\/aquatek.cz\/wp-content\/uploads\/2024\/11\/Ako-sa-spravne-starat-o-kupelnovy-nabytok.pdf\">Starostlivost o koupelnov\u00fd n\u00e1bytek<\/a><\/span><\/p>","protected":false},"featured_media":62807,"template":"","meta":{"_acf_changed":false},"product_brand":[],"product_cat":[4214,4242],"product_tag":[4215,4216],"woo-feed-brand":[],"class_list":{"0":"post-40891","1":"product","2":"type-product","3":"status-publish","4":"has-post-thumbnail","6":"product_cat-dosky","7":"product_cat-koupelnovy-nabytek","8":"product_tag-americano","9":"product_tag-macchiato","10":"pa_dlzka-dosky-od-101-120-cm","11":"pa_dlzka-dosky-od-121-140-cm","12":"pa_dlzka-dosky-od-141-160-cm","13":"pa_dlzka-dosky-od-161-180-cm","14":"pa_dlzka-dosky-od-181-200-cm","15":"pa_dlzka-dosky-od-60-80-cm","16":"pa_dlzka-dosky-od-81-100-cm","17":"pa_hrubka-dosky-hrubka-38-cm","18":"pa_nazov-tab-dub-kraft-zlaty","19":"pa_sirka-dosky-od-41-45-cm","20":"pa_sirka-dosky-od-46-50-cm","21":"pa_sirka-dosky-od-51-55-cm","23":"first","24":"instock","25":"sale","26":"taxable","27":"shipping-taxable","28":"purchasable","29":"product-type-variable","30":"has-default-attributes"},"acf":[],"_links":{"self":[{"href":"https:\/\/aquatek.cz\/sk\/wp-json\/wp\/v2\/product\/40891","targetHints":{"allow":["GET"]}}],"collection":[{"href":"https:\/\/aquatek.cz\/sk\/wp-json\/wp\/v2\/product"}],"about":[{"href":"https:\/\/aquatek.cz\/sk\/wp-json\/wp\/v2\/types\/product"}],"version-history":[{"count":0,"href":"https:\/\/aquatek.cz\/sk\/wp-json\/wp\/v2\/product\/40891\/revisions"}],"wp:featuredmedia":[{"embeddable":true,"href":"https:\/\/aquatek.cz\/sk\/wp-json\/wp\/v2\/media\/62807"}],"wp:attachment":[{"href":"https:\/\/aquatek.cz\/sk\/wp-json\/wp\/v2\/media?parent=40891"}],"wp:term":[{"taxonomy":"product_brand","embeddable":true,"href":"https:\/\/aquatek.cz\/sk\/wp-json\/wp\/v2\/product_brand?post=40891"},{"taxonomy":"product_cat","embeddable":true,"href":"https:\/\/aquatek.cz\/sk\/wp-json\/wp\/v2\/product_cat?post=40891"},{"taxonomy":"product_tag","embeddable":true,"href":"https:\/\/aquatek.cz\/sk\/wp-json\/wp\/v2\/product_tag?post=40891"},{"taxonomy":"woo-feed-brand","embeddable":true,"href":"https:\/\/aquatek.cz\/sk\/wp-json\/wp\/v2\/woo-feed-brand?post=40891"}],"curies":[{"name":"wp","href":"https:\/\/api.w.org\/{rel}","templated":true}]}}