{"id":19880,"date":"2022-11-10T15:40:43","date_gmt":"2022-11-10T14:40:43","guid":{"rendered":"https:\/\/aquatek.cz\/nezaraden\u00e9\/yes-l2-80\/"},"modified":"2025-12-11T15:00:37","modified_gmt":"2025-12-11T14:00:37","slug":"yes-l2-80-vanova-zastena","status":"publish","type":"product","link":"https:\/\/aquatek.cz\/sk\/yes-l2-80-vanova-zastena\/","title":{"rendered":"YES L2 80 &#8211; vanov\u00e1 z\u00e1st\u011bna"},"content":{"rendered":"<div data-elementor-type=\"wp-post\" data-elementor-id=\"19880\" class=\"elementor elementor-19880\" data-elementor-post-type=\"product\">\n\t\t\t\t\t\t<section class=\"elementor-section elementor-top-section elementor-element elementor-element-217da5d9 download elementor-section-full_width elementor-section-height-default elementor-section-height-default\" data-id=\"217da5d9\" data-element_type=\"section\" data-e-type=\"section\" id=\"download\">\n\t\t\t\t\t\t<div class=\"elementor-container elementor-column-gap-default\">\n\t\t\t\t\t<div class=\"elementor-column elementor-col-100 elementor-top-column elementor-element elementor-element-6a47f7d6\" data-id=\"6a47f7d6\" data-element_type=\"column\" data-e-type=\"column\">\n\t\t\t<div class=\"elementor-widget-wrap elementor-element-populated\">\n\t\t\t\t\t\t<section class=\"elementor-section elementor-inner-section elementor-element elementor-element-2d18e68e elementor-section-full_width stiahnut elementor-section-height-default elementor-section-height-default\" data-id=\"2d18e68e\" data-element_type=\"section\" data-e-type=\"section\" id=\"stiahnut\">\n\t\t\t\t\t\t<div class=\"elementor-container elementor-column-gap-default\">\n\t\t\t\t\t<div class=\"elementor-column elementor-col-100 elementor-inner-column elementor-element elementor-element-737a04d7\" data-id=\"737a04d7\" data-element_type=\"column\" data-e-type=\"column\">\n\t\t\t<div class=\"elementor-widget-wrap elementor-element-populated\">\n\t\t\t\t\t\t<div class=\"elementor-element elementor-element-27952ee5 elementor-widget elementor-widget-heading\" data-id=\"27952ee5\" data-element_type=\"widget\" data-e-type=\"widget\" data-widget_type=\"heading.default\">\n\t\t\t\t<div class=\"elementor-widget-container\">\n\t\t\t\t\t<h2 class=\"elementor-heading-title elementor-size-medium\">Ke sta\u017een\u00ed<\/h2>\t\t\t\t<\/div>\n\t\t\t\t<\/div>\n\t\t\t\t\t<\/div>\n\t\t<\/div>\n\t\t\t\t\t<\/div>\n\t\t<\/section>\n\t\t\t\t<section class=\"elementor-section elementor-inner-section elementor-element elementor-element-459f72f5 elementor-section-full_width stiahnut elementor-section-height-default elementor-section-height-default\" data-id=\"459f72f5\" data-element_type=\"section\" data-e-type=\"section\" id=\"stiahnut\">\n\t\t\t\t\t\t<div class=\"elementor-container elementor-column-gap-default\">\n\t\t\t\t\t<div class=\"elementor-column elementor-col-25 elementor-inner-column elementor-element elementor-element-58518acc\" data-id=\"58518acc\" data-element_type=\"column\" data-e-type=\"column\">\n\t\t\t<div class=\"elementor-widget-wrap elementor-element-populated\">\n\t\t\t\t\t\t<div class=\"elementor-element elementor-element-49630f72 elementor-widget elementor-widget-wd_list\" data-id=\"49630f72\" data-element_type=\"widget\" data-e-type=\"widget\" data-widget_type=\"wd_list.default\">\n\t\t\t\t<div class=\"elementor-widget-container\">\n\t\t\t\t\t\t\t<ul class=\"wd-list color-scheme- wd-fontsize-xs wd-type-icon wd-style-default text-left\">\n\t\t\t\t\t\t\t\t\t\t\t<li class=\"elementor-repeater-item-e4e357f\">\n\t\t\t\t\t\t\t\t\t\t\t<span class=\"wd-icon\"><svg class=\"e-font-icon-svg e-far-file-pdf\" viewbox=\"0 0 384 512\" xmlns=\"http:\/\/www.w3.org\/2000\/svg\"><path d=\"M369.9 97.9L286 14C277 5 264.8-.1 252.1-.1H48C21.5 0 0 21.5 0 48v416c0 26.5 21.5 48 48 48h288c26.5 0 48-21.5 48-48V131.9c0-12.7-5.1-25-14.1-34zM332.1 128H256V51.9l76.1 76.1zM48 464V48h160v104c0 13.3 10.7 24 24 24h104v288H48zm250.2-143.7c-12.2-12-47-8.7-64.4-6.5-17.2-10.5-28.7-25-36.8-46.3 3.9-16.1 10.1-40.6 5.4-56-4.2-26.2-37.8-23.6-42.6-5.9-4.4 16.1-.4 38.5 7 67.1-10 23.9-24.9 56-35.4 74.4-20 10.3-47 26.2-51 46.2-3.3 15.8 26 55.2 76.1-31.2 22.4-7.4 46.8-16.5 68.4-20.1 18.9 10.2 41 17 55.8 17 25.5 0 28-28.2 17.5-38.7zm-198.1 77.8c5.1-13.7 24.5-29.5 30.4-35-19 30.3-30.4 35.7-30.4 35zm81.6-190.6c7.4 0 6.7 32.1 1.8 40.8-4.4-13.9-4.3-40.8-1.8-40.8zm-24.4 136.6c9.7-16.9 18-37 24.7-54.7 8.3 15.1 18.9 27.2 30.1 35.5-20.8 4.3-38.9 13.1-54.8 19.2zm131.6-5s-5 6-37.3-7.8c35.1-2.6 40.9 5.4 37.3 7.8z\"><\/path><\/svg><\/span>\t\t\t\t\t\n\t\t\t\t\t<span class=\"wd-list-content list-content\">\n\t\t\t\t\t\tMont\u00e1\u017en\u00ed n\u00e1vod\t\t\t\t\t<\/span>\n\n\t\t\t\t\t\n\t\t\t\t\t\t<a  href=\"https:\/\/aquatek.cz\/wp-content\/uploads\/PDF\/sprchove_kuty\/yes\/YES_L2_MN.pdf\" target=\"_blank\" class=\"wd-fill\" aria-label=\"List item link\"><\/a>\n\t\t\t\t\t\t\t\t\t<\/li>\n\t\t\t\t\t<\/ul>\n\n\t\t\t\t\t\t<\/div>\n\t\t\t\t<\/div>\n\t\t\t\t\t<\/div>\n\t\t<\/div>\n\t\t\t\t<div class=\"elementor-column elementor-col-25 elementor-inner-column elementor-element elementor-element-fb4b767\" data-id=\"fb4b767\" data-element_type=\"column\" data-e-type=\"column\">\n\t\t\t<div class=\"elementor-widget-wrap elementor-element-populated\">\n\t\t\t\t\t\t<div class=\"elementor-element elementor-element-1b693be4 elementor-widget elementor-widget-wd_list\" data-id=\"1b693be4\" data-element_type=\"widget\" data-e-type=\"widget\" data-widget_type=\"wd_list.default\">\n\t\t\t\t<div class=\"elementor-widget-container\">\n\t\t\t\t\t\t\t<ul class=\"wd-list color-scheme- wd-fontsize-xs wd-type-icon wd-style-default text-left\">\n\t\t\t\t\t\t\t\t\t\t\t<li class=\"elementor-repeater-item-c16f7df\">\n\t\t\t\t\t\t\t\t\t\t\t<span class=\"wd-icon\"><svg class=\"e-font-icon-svg e-far-file-pdf\" viewbox=\"0 0 384 512\" xmlns=\"http:\/\/www.w3.org\/2000\/svg\"><path d=\"M369.9 97.9L286 14C277 5 264.8-.1 252.1-.1H48C21.5 0 0 21.5 0 48v416c0 26.5 21.5 48 48 48h288c26.5 0 48-21.5 48-48V131.9c0-12.7-5.1-25-14.1-34zM332.1 128H256V51.9l76.1 76.1zM48 464V48h160v104c0 13.3 10.7 24 24 24h104v288H48zm250.2-143.7c-12.2-12-47-8.7-64.4-6.5-17.2-10.5-28.7-25-36.8-46.3 3.9-16.1 10.1-40.6 5.4-56-4.2-26.2-37.8-23.6-42.6-5.9-4.4 16.1-.4 38.5 7 67.1-10 23.9-24.9 56-35.4 74.4-20 10.3-47 26.2-51 46.2-3.3 15.8 26 55.2 76.1-31.2 22.4-7.4 46.8-16.5 68.4-20.1 18.9 10.2 41 17 55.8 17 25.5 0 28-28.2 17.5-38.7zm-198.1 77.8c5.1-13.7 24.5-29.5 30.4-35-19 30.3-30.4 35.7-30.4 35zm81.6-190.6c7.4 0 6.7 32.1 1.8 40.8-4.4-13.9-4.3-40.8-1.8-40.8zm-24.4 136.6c9.7-16.9 18-37 24.7-54.7 8.3 15.1 18.9 27.2 30.1 35.5-20.8 4.3-38.9 13.1-54.8 19.2zm131.6-5s-5 6-37.3-7.8c35.1-2.6 40.9 5.4 37.3 7.8z\"><\/path><\/svg><\/span>\t\t\t\t\t\n\t\t\t\t\t<span class=\"wd-list-content list-content\">\n\t\t\t\t\t\t\u00dadr\u017eba\t\t\t\t\t<\/span>\n\n\t\t\t\t\t\n\t\t\t\t\t\t<a  href=\"https:\/\/aquatek.cz\/wp-content\/uploads\/PDF\/sprchove_kuty\/udrzba.pdf\" target=\"_blank\" class=\"wd-fill\" aria-label=\"List item link\"><\/a>\n\t\t\t\t\t\t\t\t\t<\/li>\n\t\t\t\t\t<\/ul>\n\n\t\t\t\t\t\t<\/div>\n\t\t\t\t<\/div>\n\t\t\t\t\t<\/div>\n\t\t<\/div>\n\t\t\t\t<div class=\"elementor-column elementor-col-25 elementor-inner-column elementor-element elementor-element-101b57fe\" data-id=\"101b57fe\" data-element_type=\"column\" data-e-type=\"column\">\n\t\t\t<div class=\"elementor-widget-wrap elementor-element-populated\">\n\t\t\t\t\t\t<div class=\"elementor-element elementor-element-6b42251f elementor-widget elementor-widget-wd_list\" data-id=\"6b42251f\" data-element_type=\"widget\" data-e-type=\"widget\" data-widget_type=\"wd_list.default\">\n\t\t\t\t<div class=\"elementor-widget-container\">\n\t\t\t\t\t\t\t<ul class=\"wd-list color-scheme- wd-fontsize-xs wd-type-icon wd-style-default text-left\">\n\t\t\t\t\t\t\t\t\t\t\t<li class=\"elementor-repeater-item-835ad74\">\n\t\t\t\t\t\t\t\t\t\t\t<span class=\"wd-icon\"><svg class=\"e-font-icon-svg e-far-file-pdf\" viewbox=\"0 0 384 512\" xmlns=\"http:\/\/www.w3.org\/2000\/svg\"><path d=\"M369.9 97.9L286 14C277 5 264.8-.1 252.1-.1H48C21.5 0 0 21.5 0 48v416c0 26.5 21.5 48 48 48h288c26.5 0 48-21.5 48-48V131.9c0-12.7-5.1-25-14.1-34zM332.1 128H256V51.9l76.1 76.1zM48 464V48h160v104c0 13.3 10.7 24 24 24h104v288H48zm250.2-143.7c-12.2-12-47-8.7-64.4-6.5-17.2-10.5-28.7-25-36.8-46.3 3.9-16.1 10.1-40.6 5.4-56-4.2-26.2-37.8-23.6-42.6-5.9-4.4 16.1-.4 38.5 7 67.1-10 23.9-24.9 56-35.4 74.4-20 10.3-47 26.2-51 46.2-3.3 15.8 26 55.2 76.1-31.2 22.4-7.4 46.8-16.5 68.4-20.1 18.9 10.2 41 17 55.8 17 25.5 0 28-28.2 17.5-38.7zm-198.1 77.8c5.1-13.7 24.5-29.5 30.4-35-19 30.3-30.4 35.7-30.4 35zm81.6-190.6c7.4 0 6.7 32.1 1.8 40.8-4.4-13.9-4.3-40.8-1.8-40.8zm-24.4 136.6c9.7-16.9 18-37 24.7-54.7 8.3 15.1 18.9 27.2 30.1 35.5-20.8 4.3-38.9 13.1-54.8 19.2zm131.6-5s-5 6-37.3-7.8c35.1-2.6 40.9 5.4 37.3 7.8z\"><\/path><\/svg><\/span>\t\t\t\t\t\n\t\t\t\t\t<span class=\"wd-list-content list-content\">\n\t\t\t\t\t\tRady pro mont\u00e1\u017e\t\t\t\t\t<\/span>\n\n\t\t\t\t\t\n\t\t\t\t\t\t<a  href=\"https:\/\/aquatek.cz\/wp-content\/uploads\/PDF\/sprchove_kuty\/rady.pdf\" target=\"_blank\" class=\"wd-fill\" aria-label=\"List item link\"><\/a>\n\t\t\t\t\t\t\t\t\t<\/li>\n\t\t\t\t\t<\/ul>\n\n\t\t\t\t\t\t<\/div>\n\t\t\t\t<\/div>\n\t\t\t\t\t<\/div>\n\t\t<\/div>\n\t\t\t\t<div class=\"elementor-column elementor-col-25 elementor-inner-column elementor-element elementor-element-b0d7a4d\" data-id=\"b0d7a4d\" data-element_type=\"column\" data-e-type=\"column\">\n\t\t\t<div class=\"elementor-widget-wrap elementor-element-populated\">\n\t\t\t\t\t\t<div class=\"elementor-element elementor-element-dd518df elementor-widget elementor-widget-wd_list\" data-id=\"dd518df\" data-element_type=\"widget\" data-e-type=\"widget\" data-widget_type=\"wd_list.default\">\n\t\t\t\t<div class=\"elementor-widget-container\">\n\t\t\t\t\t\t\t<ul class=\"wd-list color-scheme- wd-fontsize-xs wd-type-icon wd-style-default text-left\">\n\t\t\t\t\t\t\t\t\t\t\t<li class=\"elementor-repeater-item-835ad74\">\n\t\t\t\t\t\t\t\t\t\t\t<span class=\"wd-icon\"><svg class=\"e-font-icon-svg e-far-folder\" viewbox=\"0 0 512 512\" xmlns=\"http:\/\/www.w3.org\/2000\/svg\"><path d=\"M464 128H272l-54.63-54.63c-6-6-14.14-9.37-22.63-9.37H48C21.49 64 0 85.49 0 112v288c0 26.51 21.49 48 48 48h416c26.51 0 48-21.49 48-48V176c0-26.51-21.49-48-48-48zm0 272H48V112h140.12l54.63 54.63c6 6 14.14 9.37 22.63 9.37H464v224z\"><\/path><\/svg><\/span>\t\t\t\t\t\n\t\t\t\t\t<span class=\"wd-list-content list-content\">\n\t\t\t\t\t\t3D model\t\t\t\t\t<\/span>\n\n\t\t\t\t\t\n\t\t\t\t\t\t<a  href=\"https:\/\/aquatek.cz\/wp-content\/uploads\/WEB_3D\/sprchove-kuty\/YES_L2_80.zip\" target=\"_blank\" class=\"wd-fill\" aria-label=\"List item link\"><\/a>\n\t\t\t\t\t\t\t\t\t<\/li>\n\t\t\t\t\t<\/ul>\n\n\t\t\t\t\t\t<\/div>\n\t\t\t\t<\/div>\n\t\t\t\t\t<\/div>\n\t\t<\/div>\n\t\t\t\t\t<\/div>\n\t\t<\/section>\n\t\t\t\t<section class=\"elementor-section elementor-inner-section elementor-element elementor-element-453edea2 elementor-section-full_width stiahnut elementor-section-height-default elementor-section-height-default\" data-id=\"453edea2\" data-element_type=\"section\" data-e-type=\"section\" id=\"stiahnut\">\n\t\t\t\t\t\t<div class=\"elementor-container elementor-column-gap-default\">\n\t\t\t\t\t<div class=\"elementor-column elementor-col-100 elementor-inner-column elementor-element elementor-element-376cc768\" data-id=\"376cc768\" data-element_type=\"column\" data-e-type=\"column\">\n\t\t\t<div class=\"elementor-widget-wrap elementor-element-populated\">\n\t\t\t\t\t\t<div class=\"elementor-element elementor-element-1dabab4 elementor-widget-divider--view-line elementor-widget elementor-widget-divider\" data-id=\"1dabab4\" data-element_type=\"widget\" data-e-type=\"widget\" data-widget_type=\"divider.default\">\n\t\t\t\t<div class=\"elementor-widget-container\">\n\t\t\t\t\t\t\t<div class=\"elementor-divider\">\n\t\t\t<span class=\"elementor-divider-separator\">\n\t\t\t\t\t\t<\/span>\n\t\t<\/div>\n\t\t\t\t\t\t<\/div>\n\t\t\t\t<\/div>\n\t\t\t\t\t<\/div>\n\t\t<\/div>\n\t\t\t\t\t<\/div>\n\t\t<\/section>\n\t\t\t\t<section class=\"elementor-section elementor-inner-section elementor-element elementor-element-114b2c44 elementor-section-full_width stiahnut elementor-section-height-default elementor-section-height-default\" data-id=\"114b2c44\" data-element_type=\"section\" data-e-type=\"section\" id=\"stiahnut\">\n\t\t\t\t\t\t<div class=\"elementor-container elementor-column-gap-default\">\n\t\t\t\t\t<div class=\"elementor-column elementor-col-100 elementor-inner-column elementor-element elementor-element-651fcbb4\" data-id=\"651fcbb4\" data-element_type=\"column\" data-e-type=\"column\">\n\t\t\t<div class=\"elementor-widget-wrap elementor-element-populated\">\n\t\t\t\t\t\t<div class=\"elementor-element elementor-element-47be5bad elementor-widget elementor-widget-heading\" data-id=\"47be5bad\" data-element_type=\"widget\" data-e-type=\"widget\" data-widget_type=\"heading.default\">\n\t\t\t\t<div class=\"elementor-widget-container\">\n\t\t\t\t\t<h4 class=\"elementor-heading-title elementor-size-medium\">Model<\/h4>\t\t\t\t<\/div>\n\t\t\t\t<\/div>\n\t\t\t\t<div class=\"elementor-element elementor-element-6b14e729 elementor-widget elementor-widget-image\" data-id=\"6b14e729\" data-element_type=\"widget\" data-e-type=\"widget\" data-widget_type=\"image.default\">\n\t\t\t\t<div class=\"elementor-widget-container\">\n\t\t\t\t\t\t\t\t\t\t\t\t\t\t\t\t<a href=\"https:\/\/aquatek.cz\/wp-content\/uploads\/2025\/10\/yes_L2.jpg\" data-elementor-open-lightbox=\"yes\" data-elementor-lightbox-title=\"yes_L2\" data-e-action-hash=\"#elementor-action%3Aaction%3Dlightbox%26settings%3DeyJpZCI6ODYwMjgsInVybCI6Imh0dHBzOlwvXC9hcXVhdGVrLmN6XC93cC1jb250ZW50XC91cGxvYWRzXC8yMDI1XC8xMFwveWVzX0wyLmpwZyJ9\">\n\t\t\t\t\t\t\t<img fetchpriority=\"high\" decoding=\"async\" width=\"1500\" height=\"711\" src=\"https:\/\/aquatek.cz\/wp-content\/uploads\/2025\/10\/yes_L2-1500x711.jpg\" class=\"attachment-large size-large wp-image-86028\" alt=\"\" srcset=\"https:\/\/aquatek.cz\/wp-content\/uploads\/2025\/10\/yes_L2-1500x711.jpg 1500w, https:\/\/aquatek.cz\/wp-content\/uploads\/2025\/10\/yes_L2-600x284.jpg 600w, https:\/\/aquatek.cz\/wp-content\/uploads\/2025\/10\/yes_L2-210x100.jpg 210w, https:\/\/aquatek.cz\/wp-content\/uploads\/2025\/10\/yes_L2-1200x569.jpg 1200w, https:\/\/aquatek.cz\/wp-content\/uploads\/2025\/10\/yes_L2-400x190.jpg 400w, https:\/\/aquatek.cz\/wp-content\/uploads\/2025\/10\/yes_L2-768x364.jpg 768w, https:\/\/aquatek.cz\/wp-content\/uploads\/2025\/10\/yes_L2-1536x728.jpg 1536w, https:\/\/aquatek.cz\/wp-content\/uploads\/2025\/10\/yes_L2-2048x970.jpg 2048w\" sizes=\"(max-width: 1500px) 100vw, 1500px\" \/>\t\t\t\t\t\t\t\t<\/a>\n\t\t\t\t\t\t\t\t\t\t\t\t\t\t\t<\/div>\n\t\t\t\t<\/div>\n\t\t\t\t<div class=\"elementor-element elementor-element-15b3575 elementor-widget-divider--view-line elementor-widget elementor-widget-divider\" data-id=\"15b3575\" data-element_type=\"widget\" data-e-type=\"widget\" data-widget_type=\"divider.default\">\n\t\t\t\t<div class=\"elementor-widget-container\">\n\t\t\t\t\t\t\t<div class=\"elementor-divider\">\n\t\t\t<span class=\"elementor-divider-separator\">\n\t\t\t\t\t\t<\/span>\n\t\t<\/div>\n\t\t\t\t\t\t<\/div>\n\t\t\t\t<\/div>\n\t\t\t\t\t<\/div>\n\t\t<\/div>\n\t\t\t\t\t<\/div>\n\t\t<\/section>\n\t\t\t\t<section class=\"elementor-section elementor-inner-section elementor-element elementor-element-1115ce3 elementor-section-full_width stiahnut elementor-section-height-default elementor-section-height-default\" data-id=\"1115ce3\" data-element_type=\"section\" data-e-type=\"section\">\n\t\t\t\t\t\t<div class=\"elementor-container elementor-column-gap-default\">\n\t\t\t\t\t<div class=\"elementor-column elementor-col-100 elementor-inner-column elementor-element elementor-element-0c255ee\" data-id=\"0c255ee\" data-element_type=\"column\" data-e-type=\"column\">\n\t\t\t<div class=\"elementor-widget-wrap elementor-element-populated\">\n\t\t\t\t\t\t<div class=\"elementor-element elementor-element-dbaef16 elementor-widget elementor-widget-heading\" data-id=\"dbaef16\" data-element_type=\"widget\" data-e-type=\"widget\" data-widget_type=\"heading.default\">\n\t\t\t\t<div class=\"elementor-widget-container\">\n\t\t\t\t\t<h4 class=\"elementor-heading-title elementor-size-medium\">Otev\u00edr\u00e1n\u00ed<\/h4>\t\t\t\t<\/div>\n\t\t\t\t<\/div>\n\t\t\t\t<div class=\"elementor-element elementor-element-230cd1e elementor-widget elementor-widget-image\" data-id=\"230cd1e\" data-element_type=\"widget\" data-e-type=\"widget\" data-widget_type=\"image.default\">\n\t\t\t\t<div class=\"elementor-widget-container\">\n\t\t\t\t\t\t\t\t\t\t\t\t\t\t\t\t<a href=\"https:\/\/aquatek.cz\/wp-content\/uploads\/2025\/10\/yes_l2_80_otvaranie.jpg\" data-elementor-open-lightbox=\"yes\" data-elementor-lightbox-title=\"yes_l2_80_otvaranie\" data-e-action-hash=\"#elementor-action%3Aaction%3Dlightbox%26settings%3DeyJpZCI6ODYwMjcsInVybCI6Imh0dHBzOlwvXC9hcXVhdGVrLmN6XC93cC1jb250ZW50XC91cGxvYWRzXC8yMDI1XC8xMFwveWVzX2wyXzgwX290dmFyYW5pZS5qcGcifQ%3D%3D\">\n\t\t\t\t\t\t\t<img decoding=\"async\" width=\"1500\" height=\"879\" src=\"https:\/\/aquatek.cz\/wp-content\/uploads\/2025\/10\/yes_l2_80_otvaranie-1500x879.jpg\" class=\"attachment-large size-large wp-image-86027\" alt=\"\" srcset=\"https:\/\/aquatek.cz\/wp-content\/uploads\/2025\/10\/yes_l2_80_otvaranie-1500x879.jpg 1500w, https:\/\/aquatek.cz\/wp-content\/uploads\/2025\/10\/yes_l2_80_otvaranie-600x352.jpg 600w, https:\/\/aquatek.cz\/wp-content\/uploads\/2025\/10\/yes_l2_80_otvaranie-210x123.jpg 210w, https:\/\/aquatek.cz\/wp-content\/uploads\/2025\/10\/yes_l2_80_otvaranie-1200x703.jpg 1200w, https:\/\/aquatek.cz\/wp-content\/uploads\/2025\/10\/yes_l2_80_otvaranie-400x234.jpg 400w, https:\/\/aquatek.cz\/wp-content\/uploads\/2025\/10\/yes_l2_80_otvaranie-768x450.jpg 768w, https:\/\/aquatek.cz\/wp-content\/uploads\/2025\/10\/yes_l2_80_otvaranie-1536x900.jpg 1536w, https:\/\/aquatek.cz\/wp-content\/uploads\/2025\/10\/yes_l2_80_otvaranie.jpg 1920w\" sizes=\"(max-width: 1500px) 100vw, 1500px\" \/>\t\t\t\t\t\t\t\t<\/a>\n\t\t\t\t\t\t\t\t\t\t\t\t\t\t\t<\/div>\n\t\t\t\t<\/div>\n\t\t\t\t<div class=\"elementor-element elementor-element-c9c1ea0 elementor-widget-divider--view-line elementor-widget elementor-widget-divider\" data-id=\"c9c1ea0\" data-element_type=\"widget\" data-e-type=\"widget\" data-widget_type=\"divider.default\">\n\t\t\t\t<div class=\"elementor-widget-container\">\n\t\t\t\t\t\t\t<div class=\"elementor-divider\">\n\t\t\t<span class=\"elementor-divider-separator\">\n\t\t\t\t\t\t<\/span>\n\t\t<\/div>\n\t\t\t\t\t\t<\/div>\n\t\t\t\t<\/div>\n\t\t\t\t\t<\/div>\n\t\t<\/div>\n\t\t\t\t\t<\/div>\n\t\t<\/section>\n\t\t\t\t<div class=\"elementor-element elementor-element-113e2c8 elementor-widget elementor-widget-heading\" data-id=\"113e2c8\" data-element_type=\"widget\" data-e-type=\"widget\" data-widget_type=\"heading.default\">\n\t\t\t\t<div class=\"elementor-widget-container\">\n\t\t\t\t\t<h4 class=\"elementor-heading-title elementor-size-medium\">Otev\u00edr\u00e1n\u00ed<\/h4>\t\t\t\t<\/div>\n\t\t\t\t<\/div>\n\t\t\t\t\t<\/div>\n\t\t<\/div>\n\t\t\t\t\t<\/div>\n\t\t<\/section>\n\t\t<div class=\"elementor-element elementor-element-c40c958 e-flex e-con-boxed e-con e-parent\" data-id=\"c40c958\" data-element_type=\"container\" data-e-type=\"container\">\n\t\t\t\t\t<div class=\"e-con-inner\">\n\t\t\t\t<div class=\"elementor-element elementor-element-fbf3087 elementor-widget elementor-widget-html\" data-id=\"fbf3087\" data-element_type=\"widget\" data-e-type=\"widget\" data-widget_type=\"html.default\">\n\t\t\t\t<div class=\"elementor-widget-container\">\n\t\t\t\t\t<style>\n\n.error {\n  font-weight: bold;\n  font-size: 20px;\n  padding: 20px;\n}\n\niframe {\n  margin: 20px;\n  width: 100%;\n  height: 600px;\n}\n\n<\/style>\n\n<div id=\"container\">\n  <iframe src=\"https:\/\/app.vectary.com\/p\/3y5eu8Yd6VFbu9IKhiLLr5\"><\/iframe>\n  <div>\n    <button class=\"button\">NA CEL\u00da OBRAZOVKU<\/button>\n  <\/div>\n  <div class=\"error\"><\/div>\n<\/div>\t\t\t\t<\/div>\n\t\t\t\t<\/div>\n\t\t\t\t\t<\/div>\n\t\t\t\t<\/div>\n\t\t\t\t<\/div>","protected":false},"excerpt":{"rendered":"<p><b>Vanov\u00e1 z\u00e1st\u011bna YES L2 80 s hranat\u00fdmi rohy<\/b><\/p>\n<p>Sprchov\u00e1 skl\u00e1dac\u00ed z\u00e1st\u011bna na vanu <strong>YES L2<\/strong> spojuje eleganci a praktick\u00e9 v\u00fdhody sprchov\u00e9ho koutu a vany, co\u017e p\u0159edstavuje dokonal\u00fd kompromis zejm\u00e9na v p\u0159\u00edpad\u011b men\u0161\u00edch koupelnov\u00fdch prostor a nav\u00edc m\u00edstnost opticky nezmen\u0161uje. Nad\u010dasov\u00e1 kombinace \u010dir\u00e9ho skla a hlin\u00edkov\u00fdch profil\u016f v barv\u011b chromu, kter\u00e9 bez obt\u00ed\u017e\u00ed zapadnou do jak\u00e9hokoli koupelnov\u00e9ho stylu.<br \/>\nPot\u011b\u0161\u00ed i praktick\u00e9 <strong>rozm\u011bry z\u00e1st\u011bny 800 \u2013 990 x 1400 mm<\/strong> . Oto\u010dn\u00fd profil v proveden\u00ed z le\u0161t\u011bn\u00e9ho hlin\u00edku umo\u017e\u0148uje k\u0159\u00eddlo z\u00e1st\u011bny zcela sklopit ke st\u011bn\u011b, a to na ob\u011b strany. V\u00fdpl\u0148 \u010dir\u00e9ho skla o tlou\u0161\u0165ce 6 mm je o\u0161et\u0159ena antiplakovou impregnac\u00ed TEKNO.cal, co\u017e jednozna\u010dn\u011b \u0159ad\u00ed tuto z\u00e1st\u011bnu na prvn\u00ed p\u0159\u00ed\u010dky i z hlediska finan\u010dn\u00edho rozpo\u010dtu. <strong>Z\u00e1st\u011bna je univerz\u00e1ln\u00ed model<\/strong>, mo\u017en\u00e1 je instalace na vanu vpravo i vlevo.<\/p>","protected":false},"featured_media":61365,"template":"","meta":{"_acf_changed":false},"product_brand":[],"product_cat":[5616],"product_tag":[],"woo-feed-brand":[],"class_list":{"0":"post-19880","1":"product","2":"type-product","3":"status-publish","4":"has-post-thumbnail","6":"product_cat-vanove-zasteny","7":"pa_3d-model-3d","8":"pa_dodanie-mont-sady-a-tesnenia-ano","9":"pa_dvere-otvaracie","10":"pa_farba-profilov-chrom","11":"pa_farba-profilov-tab-chrom-leskly","12":"pa_hrubka-skla-1946","13":"pa_material-madla-3828","14":"pa_material-pantov-ocel","15":"pa_material-profilov-hlinik","16":"pa_model-l2","17":"pa_model-l-p-nie","18":"pa_nazov-tab-yes-l2-80","19":"pa_rozmer-kridla-cm-80-99","20":"pa_rozmer-pevnej-casti-cm-3876","21":"pa_roztiahnutie-cm-2288","22":"pa_roztiahnutie-cm-tab-805-815-98-99","23":"pa_seria-yes","24":"pa_sirka-cm-2672","25":"pa_sirka-cm-tab-80-99","26":"pa_typ-sprchovacieho-kuta-vanova-zastena","27":"pa_univerzalny-model-ano","28":"pa_uprava-skla-tekno-cal-aplikovana","29":"pa_vonkajsi-rozmer-min-max-cm-80-5-99","30":"pa_vypln-cire","31":"pa_vypln-tab-cire","32":"pa_vyska-cm-855","33":"pa_vyska-tab-2045","34":"pa_vyska-vanovej-zasteny-cm-3704","35":"pa_zaruka-24-mesiacov","36":"pa_zdvihacie-panty-otvarania-ano","38":"first","39":"instock","40":"sale","41":"purchasable","42":"product-type-simple"},"acf":[],"_links":{"self":[{"href":"https:\/\/aquatek.cz\/sk\/wp-json\/wp\/v2\/product\/19880","targetHints":{"allow":["GET"]}}],"collection":[{"href":"https:\/\/aquatek.cz\/sk\/wp-json\/wp\/v2\/product"}],"about":[{"href":"https:\/\/aquatek.cz\/sk\/wp-json\/wp\/v2\/types\/product"}],"version-history":[{"count":0,"href":"https:\/\/aquatek.cz\/sk\/wp-json\/wp\/v2\/product\/19880\/revisions"}],"wp:featuredmedia":[{"embeddable":true,"href":"https:\/\/aquatek.cz\/sk\/wp-json\/wp\/v2\/media\/61365"}],"wp:attachment":[{"href":"https:\/\/aquatek.cz\/sk\/wp-json\/wp\/v2\/media?parent=19880"}],"wp:term":[{"taxonomy":"product_brand","embeddable":true,"href":"https:\/\/aquatek.cz\/sk\/wp-json\/wp\/v2\/product_brand?post=19880"},{"taxonomy":"product_cat","embeddable":true,"href":"https:\/\/aquatek.cz\/sk\/wp-json\/wp\/v2\/product_cat?post=19880"},{"taxonomy":"product_tag","embeddable":true,"href":"https:\/\/aquatek.cz\/sk\/wp-json\/wp\/v2\/product_tag?post=19880"},{"taxonomy":"woo-feed-brand","embeddable":true,"href":"https:\/\/aquatek.cz\/sk\/wp-json\/wp\/v2\/woo-feed-brand?post=19880"}],"curies":[{"name":"wp","href":"https:\/\/api.w.org\/{rel}","templated":true}]}}