{"id":19117,"date":"2022-11-10T15:34:06","date_gmt":"2022-11-10T14:34:06","guid":{"rendered":"https:\/\/aquatek.cz\/nezaraden\u00e9\/holiday-dvojkoliesko-vrchne\/"},"modified":"2025-12-09T09:53:47","modified_gmt":"2025-12-09T08:53:47","slug":"holiday-spodni","status":"publish","type":"product","link":"https:\/\/aquatek.cz\/sk\/holiday-spodni\/","title":{"rendered":"HOLIDAY &#8211; spodn\u00ed"},"content":{"rendered":"<div data-elementor-type=\"wp-post\" data-elementor-id=\"19117\" class=\"elementor elementor-19117\" data-elementor-post-type=\"product\">\n\t\t\t\t\t\t<section class=\"elementor-section elementor-top-section elementor-element elementor-element-193dc432 download elementor-section-full_width elementor-section-height-default elementor-section-height-default\" data-id=\"193dc432\" data-element_type=\"section\" data-e-type=\"section\" id=\"download\">\n\t\t\t\t\t\t<div class=\"elementor-container elementor-column-gap-default\">\n\t\t\t\t\t<div class=\"elementor-column elementor-col-100 elementor-top-column elementor-element elementor-element-585a596e\" data-id=\"585a596e\" data-element_type=\"column\" data-e-type=\"column\">\n\t\t\t<div class=\"elementor-widget-wrap elementor-element-populated\">\n\t\t\t\t\t\t<section class=\"elementor-section elementor-inner-section elementor-element elementor-element-49c1382d elementor-section-full_width stiahnut elementor-section-height-default elementor-section-height-default\" data-id=\"49c1382d\" data-element_type=\"section\" data-e-type=\"section\" id=\"stiahnut\">\n\t\t\t\t\t\t<div class=\"elementor-container elementor-column-gap-default\">\n\t\t\t\t\t<div class=\"elementor-column elementor-col-100 elementor-inner-column elementor-element elementor-element-7468baf2\" data-id=\"7468baf2\" data-element_type=\"column\" data-e-type=\"column\">\n\t\t\t<div class=\"elementor-widget-wrap elementor-element-populated\">\n\t\t\t\t\t\t<div class=\"elementor-element elementor-element-48715c59 elementor-widget elementor-widget-heading\" data-id=\"48715c59\" data-element_type=\"widget\" data-e-type=\"widget\" data-widget_type=\"heading.default\">\n\t\t\t\t<div class=\"elementor-widget-container\">\n\t\t\t\t\t<h2 class=\"elementor-heading-title elementor-size-medium\">Ke sta\u017een\u00ed<\/h2>\t\t\t\t<\/div>\n\t\t\t\t<\/div>\n\t\t\t\t\t<\/div>\n\t\t<\/div>\n\t\t\t\t\t<\/div>\n\t\t<\/section>\n\t\t\t\t<section class=\"elementor-section elementor-inner-section elementor-element elementor-element-53e9750d elementor-section-full_width stiahnut elementor-section-height-default elementor-section-height-default\" data-id=\"53e9750d\" data-element_type=\"section\" data-e-type=\"section\" id=\"stiahnut\">\n\t\t\t\t\t\t<div class=\"elementor-container elementor-column-gap-default\">\n\t\t\t\t\t<div class=\"elementor-column elementor-col-100 elementor-inner-column elementor-element elementor-element-6a180ffb\" data-id=\"6a180ffb\" data-element_type=\"column\" data-e-type=\"column\">\n\t\t\t<div class=\"elementor-widget-wrap elementor-element-populated\">\n\t\t\t\t\t\t<div class=\"elementor-element elementor-element-2f0a1bf0 elementor-widget elementor-widget-wd_list\" data-id=\"2f0a1bf0\" data-element_type=\"widget\" data-e-type=\"widget\" data-widget_type=\"wd_list.default\">\n\t\t\t\t<div class=\"elementor-widget-container\">\n\t\t\t\t\t\t\t<ul class=\"wd-list color-scheme- wd-fontsize-xs wd-type-icon wd-style-default text-left\">\n\t\t\t\t\t\t\t\t\t\t\t<li class=\"elementor-repeater-item-e4e357f\">\n\t\t\t\t\t\t\t\t\t\t\t<span class=\"wd-icon\"><svg class=\"e-font-icon-svg e-far-file-pdf\" viewbox=\"0 0 384 512\" xmlns=\"http:\/\/www.w3.org\/2000\/svg\"><path d=\"M369.9 97.9L286 14C277 5 264.8-.1 252.1-.1H48C21.5 0 0 21.5 0 48v416c0 26.5 21.5 48 48 48h288c26.5 0 48-21.5 48-48V131.9c0-12.7-5.1-25-14.1-34zM332.1 128H256V51.9l76.1 76.1zM48 464V48h160v104c0 13.3 10.7 24 24 24h104v288H48zm250.2-143.7c-12.2-12-47-8.7-64.4-6.5-17.2-10.5-28.7-25-36.8-46.3 3.9-16.1 10.1-40.6 5.4-56-4.2-26.2-37.8-23.6-42.6-5.9-4.4 16.1-.4 38.5 7 67.1-10 23.9-24.9 56-35.4 74.4-20 10.3-47 26.2-51 46.2-3.3 15.8 26 55.2 76.1-31.2 22.4-7.4 46.8-16.5 68.4-20.1 18.9 10.2 41 17 55.8 17 25.5 0 28-28.2 17.5-38.7zm-198.1 77.8c5.1-13.7 24.5-29.5 30.4-35-19 30.3-30.4 35.7-30.4 35zm81.6-190.6c7.4 0 6.7 32.1 1.8 40.8-4.4-13.9-4.3-40.8-1.8-40.8zm-24.4 136.6c9.7-16.9 18-37 24.7-54.7 8.3 15.1 18.9 27.2 30.1 35.5-20.8 4.3-38.9 13.1-54.8 19.2zm131.6-5s-5 6-37.3-7.8c35.1-2.6 40.9 5.4 37.3 7.8z\"><\/path><\/svg><\/span>\t\t\t\t\t\n\t\t\t\t\t<span class=\"wd-list-content list-content\">\n\t\t\t\t\t\tTechnick\u00fd n\u00e1kres\t\t\t\t\t<\/span>\n\n\t\t\t\t\t\n\t\t\t\t\t\t<a  href=\"https:\/\/aquatek.cz\/wp-content\/uploads\/PDF\/sprchove_kuty\/prislusenstvo\/KOLIESKA\/PRE%20AQUATEK\/KOL_HOLIDAY_SP.pdf\" target=\"_blank\" class=\"wd-fill\" aria-label=\"List item link\"><\/a>\n\t\t\t\t\t\t\t\t\t<\/li>\n\t\t\t\t\t<\/ul>\n\n\t\t\t\t\t\t<\/div>\n\t\t\t\t<\/div>\n\t\t\t\t\t<\/div>\n\t\t<\/div>\n\t\t\t\t\t<\/div>\n\t\t<\/section>\n\t\t\t\t<section class=\"elementor-section elementor-inner-section elementor-element elementor-element-14bce49a elementor-section-full_width stiahnut elementor-section-height-default elementor-section-height-default\" data-id=\"14bce49a\" data-element_type=\"section\" data-e-type=\"section\" id=\"stiahnut\">\n\t\t\t\t\t\t<div class=\"elementor-container elementor-column-gap-default\">\n\t\t\t\t\t<div class=\"elementor-column elementor-col-100 elementor-inner-column elementor-element elementor-element-2bf40282\" data-id=\"2bf40282\" data-element_type=\"column\" data-e-type=\"column\">\n\t\t\t<div class=\"elementor-widget-wrap elementor-element-populated\">\n\t\t\t\t\t\t<div class=\"elementor-element elementor-element-7088edf elementor-widget elementor-widget-spacer\" data-id=\"7088edf\" data-element_type=\"widget\" data-e-type=\"widget\" data-widget_type=\"spacer.default\">\n\t\t\t\t<div class=\"elementor-widget-container\">\n\t\t\t\t\t\t\t<div class=\"elementor-spacer\">\n\t\t\t<div class=\"elementor-spacer-inner\"><\/div>\n\t\t<\/div>\n\t\t\t\t\t\t<\/div>\n\t\t\t\t<\/div>\n\t\t\t\t\t<\/div>\n\t\t<\/div>\n\t\t\t\t\t<\/div>\n\t\t<\/section>\n\t\t\t\t<section class=\"elementor-section elementor-inner-section elementor-element elementor-element-78673abb elementor-section-full_width stiahnut elementor-section-height-default elementor-section-height-default\" data-id=\"78673abb\" data-element_type=\"section\" data-e-type=\"section\" id=\"stiahnut\">\n\t\t\t\t\t\t<div class=\"elementor-container elementor-column-gap-default\">\n\t\t\t\t\t<div class=\"elementor-column elementor-col-100 elementor-inner-column elementor-element elementor-element-46cf1883\" data-id=\"46cf1883\" data-element_type=\"column\" data-e-type=\"column\">\n\t\t\t<div class=\"elementor-widget-wrap elementor-element-populated\">\n\t\t\t\t\t\t<div class=\"elementor-element elementor-element-6de0df7e elementor-widget elementor-widget-image\" data-id=\"6de0df7e\" data-element_type=\"widget\" data-e-type=\"widget\" data-widget_type=\"image.default\">\n\t\t\t\t<div class=\"elementor-widget-container\">\n\t\t\t\t\t\t\t\t\t\t\t\t\t\t\t\t<a href=\"https:\/\/aquatek.cz\/wp-content\/uploads\/2022\/11\/holiday_sp.svg\" data-elementor-open-lightbox=\"yes\" data-elementor-lightbox-title=\"holiday_sp\" data-e-action-hash=\"#elementor-action%3Aaction%3Dlightbox%26settings%3DeyJpZCI6NTIwNDYsInVybCI6Imh0dHBzOlwvXC9hcXVhdGVrLmN6XC93cC1jb250ZW50XC91cGxvYWRzXC8yMDIyXC8xMVwvaG9saWRheV9zcC5zdmcifQ%3D%3D\">\n\t\t\t\t\t\t\t<img fetchpriority=\"high\" decoding=\"async\" width=\"1400\" height=\"1000\" src=\"https:\/\/aquatek.cz\/wp-content\/uploads\/2022\/11\/holiday_sp.svg\" class=\"attachment-large size-large wp-image-52046\" alt=\"\" \/>\t\t\t\t\t\t\t\t<\/a>\n\t\t\t\t\t\t\t\t\t\t\t\t\t\t\t<\/div>\n\t\t\t\t<\/div>\n\t\t\t\t\t<\/div>\n\t\t<\/div>\n\t\t\t\t\t<\/div>\n\t\t<\/section>\n\t\t\t\t\t<\/div>\n\t\t<\/div>\n\t\t\t\t\t<\/div>\n\t\t<\/section>\n\t\t\t\t<\/div>","protected":false},"excerpt":{"rendered":"<section class=\"Section-idp811071162600450810692 Data type-0\">\n<div class=\"content_section position-0\">\n<article id=\"Article_idp82432731316668393166-1\" class=\"product-attribute\">\n<div class=\"Article notab_br decoration-none\">\n<div class=\"article_indents\">\n<section class=\"Section-idp517137456862394660106 Data type-0\">\n<div class=\"content_section position-0\">\n<article id=\"Article_idp523100807683930860978-1\" class=\"product-attribute\">\n<div class=\"Article notab_br decoration-none\">\n<div class=\"article_indents\">\n<p class=\"article_indent align-left\"><b>Dvojkole\u010dko &#8211; spodn\u00ed<\/b><\/p>\n<\/div>\n<\/div>\n<\/article>\n<\/div>\n<\/section>\n<\/div>\n<\/div>\n<\/article>\n<\/div>\n<\/section>\n<section class=\"Section-idp819137940964201175097 Data type-0\">\n<div class=\"content_section position-0\">\n<article id=\"Article_idp83963240523354252459-1\">\n<div class=\"Article notab_br decoration-none\">\n<div class=\"article_indents\">\n<p class=\"article_indent align-justify\">HOLIDAY dvoukolo spodn\u00ed je origin\u00e1l n\u00e1hradn\u00ed kole\u010dko pro sprchov\u00e9 kouty s\u00e9rie HOLIDAY.<\/p>\n<\/div>\n<\/div>\n<\/article>\n<\/div>\n<\/section>","protected":false},"featured_media":62532,"template":"","meta":{"_acf_changed":false},"product_brand":[],"product_cat":[5640,451],"product_tag":[],"woo-feed-brand":[],"class_list":{"0":"post-19117","1":"product","2":"type-product","3":"status-publish","4":"has-post-thumbnail","6":"product_cat-kolecka-pro-sprchove-kouty","7":"product_cat-prislusenstvo","8":"pa_dlzka-mm-tab-3096","9":"pa_farba-kolieska-biela","10":"pa_farba-tab-chrom","11":"pa_mnozstvo-tab-1-ks","12":"pa_nazov-tab-holiday-dvojkoliesko-spodne","13":"pa_pre-hrubku-skla-1320","14":"pa_priemer-kolieska-3087","15":"pa_roztec-koliesok-3082","16":"pa_sirkamm-3102","17":"pa_teleso-pochromovane","18":"pa_vyskamm-3101","20":"first","21":"instock","22":"sale","23":"purchasable","24":"product-type-simple"},"acf":[],"_links":{"self":[{"href":"https:\/\/aquatek.cz\/sk\/wp-json\/wp\/v2\/product\/19117","targetHints":{"allow":["GET"]}}],"collection":[{"href":"https:\/\/aquatek.cz\/sk\/wp-json\/wp\/v2\/product"}],"about":[{"href":"https:\/\/aquatek.cz\/sk\/wp-json\/wp\/v2\/types\/product"}],"version-history":[{"count":0,"href":"https:\/\/aquatek.cz\/sk\/wp-json\/wp\/v2\/product\/19117\/revisions"}],"wp:featuredmedia":[{"embeddable":true,"href":"https:\/\/aquatek.cz\/sk\/wp-json\/wp\/v2\/media\/62532"}],"wp:attachment":[{"href":"https:\/\/aquatek.cz\/sk\/wp-json\/wp\/v2\/media?parent=19117"}],"wp:term":[{"taxonomy":"product_brand","embeddable":true,"href":"https:\/\/aquatek.cz\/sk\/wp-json\/wp\/v2\/product_brand?post=19117"},{"taxonomy":"product_cat","embeddable":true,"href":"https:\/\/aquatek.cz\/sk\/wp-json\/wp\/v2\/product_cat?post=19117"},{"taxonomy":"product_tag","embeddable":true,"href":"https:\/\/aquatek.cz\/sk\/wp-json\/wp\/v2\/product_tag?post=19117"},{"taxonomy":"woo-feed-brand","embeddable":true,"href":"https:\/\/aquatek.cz\/sk\/wp-json\/wp\/v2\/woo-feed-brand?post=19117"}],"curies":[{"name":"wp","href":"https:\/\/api.w.org\/{rel}","templated":true}]}}