{"id":19004,"date":"2022-11-10T15:32:49","date_gmt":"2022-11-10T14:32:49","guid":{"rendered":"https:\/\/aquatek.cz\/nezaraden\u00e9\/tesnenie-spodne-3-s-3-6\/"},"modified":"2026-03-13T10:38:49","modified_gmt":"2026-03-13T09:38:49","slug":"tesneni-spodni-3-s-3-6","status":"publish","type":"product","link":"https:\/\/aquatek.cz\/sk\/tesneni-spodni-3-s-3-6\/","title":{"rendered":"T\u011bsn\u011bn\u00ed spodn\u00ed 3: S-3-6"},"content":{"rendered":"<div data-elementor-type=\"wp-post\" data-elementor-id=\"19004\" class=\"elementor elementor-19004\" data-elementor-post-type=\"product\">\n\t\t\t\t\t\t<section class=\"elementor-section elementor-top-section elementor-element elementor-element-7fd9030c download elementor-section-full_width elementor-section-height-default elementor-section-height-default\" data-id=\"7fd9030c\" data-element_type=\"section\" data-e-type=\"section\" id=\"download\">\n\t\t\t\t\t\t<div class=\"elementor-container elementor-column-gap-default\">\n\t\t\t\t\t<div class=\"elementor-column elementor-col-100 elementor-top-column elementor-element elementor-element-11462d17\" data-id=\"11462d17\" data-element_type=\"column\" data-e-type=\"column\">\n\t\t\t<div class=\"elementor-widget-wrap elementor-element-populated\">\n\t\t\t\t\t\t<section class=\"elementor-section elementor-inner-section elementor-element elementor-element-6eb7e444 elementor-section-full_width stiahnut elementor-section-height-default elementor-section-height-default\" data-id=\"6eb7e444\" data-element_type=\"section\" data-e-type=\"section\" id=\"stiahnut\">\n\t\t\t\t\t\t<div class=\"elementor-container elementor-column-gap-default\">\n\t\t\t\t\t<div class=\"elementor-column elementor-col-100 elementor-inner-column elementor-element elementor-element-59d6658d\" data-id=\"59d6658d\" data-element_type=\"column\" data-e-type=\"column\">\n\t\t\t<div class=\"elementor-widget-wrap elementor-element-populated\">\n\t\t\t\t\t\t<div class=\"elementor-element elementor-element-3c998b9a elementor-widget elementor-widget-heading\" data-id=\"3c998b9a\" data-element_type=\"widget\" data-e-type=\"widget\" data-widget_type=\"heading.default\">\n\t\t\t\t<div class=\"elementor-widget-container\">\n\t\t\t\t\t<h2 class=\"elementor-heading-title elementor-size-medium\">Ke sta\u017een\u00ed<\/h2>\t\t\t\t<\/div>\n\t\t\t\t<\/div>\n\t\t\t\t\t<\/div>\n\t\t<\/div>\n\t\t\t\t\t<\/div>\n\t\t<\/section>\n\t\t\t\t<section class=\"elementor-section elementor-inner-section elementor-element elementor-element-7ac06eed elementor-section-full_width stiahnut elementor-section-height-default elementor-section-height-default\" data-id=\"7ac06eed\" data-element_type=\"section\" data-e-type=\"section\" id=\"stiahnut\">\n\t\t\t\t\t\t<div class=\"elementor-container elementor-column-gap-default\">\n\t\t\t\t\t<div class=\"elementor-column elementor-col-100 elementor-inner-column elementor-element elementor-element-354290c8\" data-id=\"354290c8\" data-element_type=\"column\" data-e-type=\"column\">\n\t\t\t<div class=\"elementor-widget-wrap elementor-element-populated\">\n\t\t\t\t\t\t<div class=\"elementor-element elementor-element-2e4f0146 elementor-widget elementor-widget-wd_list\" data-id=\"2e4f0146\" data-element_type=\"widget\" data-e-type=\"widget\" data-widget_type=\"wd_list.default\">\n\t\t\t\t<div class=\"elementor-widget-container\">\n\t\t\t\t\t\t\t<ul class=\"wd-list color-scheme- wd-fontsize-xs wd-type-icon wd-style-default text-left\">\n\t\t\t\t\t\t\t\t\t\t\t<li class=\"elementor-repeater-item-e4e357f\">\n\t\t\t\t\t\t\t\t\t\t\t<span class=\"wd-icon\"><svg class=\"e-font-icon-svg e-far-file-pdf\" viewbox=\"0 0 384 512\" xmlns=\"http:\/\/www.w3.org\/2000\/svg\"><path d=\"M369.9 97.9L286 14C277 5 264.8-.1 252.1-.1H48C21.5 0 0 21.5 0 48v416c0 26.5 21.5 48 48 48h288c26.5 0 48-21.5 48-48V131.9c0-12.7-5.1-25-14.1-34zM332.1 128H256V51.9l76.1 76.1zM48 464V48h160v104c0 13.3 10.7 24 24 24h104v288H48zm250.2-143.7c-12.2-12-47-8.7-64.4-6.5-17.2-10.5-28.7-25-36.8-46.3 3.9-16.1 10.1-40.6 5.4-56-4.2-26.2-37.8-23.6-42.6-5.9-4.4 16.1-.4 38.5 7 67.1-10 23.9-24.9 56-35.4 74.4-20 10.3-47 26.2-51 46.2-3.3 15.8 26 55.2 76.1-31.2 22.4-7.4 46.8-16.5 68.4-20.1 18.9 10.2 41 17 55.8 17 25.5 0 28-28.2 17.5-38.7zm-198.1 77.8c5.1-13.7 24.5-29.5 30.4-35-19 30.3-30.4 35.7-30.4 35zm81.6-190.6c7.4 0 6.7 32.1 1.8 40.8-4.4-13.9-4.3-40.8-1.8-40.8zm-24.4 136.6c9.7-16.9 18-37 24.7-54.7 8.3 15.1 18.9 27.2 30.1 35.5-20.8 4.3-38.9 13.1-54.8 19.2zm131.6-5s-5 6-37.3-7.8c35.1-2.6 40.9 5.4 37.3 7.8z\"><\/path><\/svg><\/span>\t\t\t\t\t\n\t\t\t\t\t<span class=\"wd-list-content list-content\">\n\t\t\t\t\t\tTechnick\u00fd n\u00e1kres\t\t\t\t\t<\/span>\n\n\t\t\t\t\t\n\t\t\t\t\t\t<a  href=\"https:\/\/aquatek.cz\/wp-content\/uploads\/2025\/09\/s36.pdf\" target=\"_blank\" class=\"wd-fill\" aria-label=\"List item link\"><\/a>\n\t\t\t\t\t\t\t\t\t<\/li>\n\t\t\t\t\t<\/ul>\n\n\t\t\t\t\t\t<\/div>\n\t\t\t\t<\/div>\n\t\t\t\t\t<\/div>\n\t\t<\/div>\n\t\t\t\t\t<\/div>\n\t\t<\/section>\n\t\t\t\t\t<\/div>\n\t\t<\/div>\n\t\t\t\t\t<\/div>\n\t\t<\/section>\n\t\t\t\t<\/div>","protected":false},"excerpt":{"rendered":"<section class=\"Section-idp865159748596490387376 Data type-0\">\n<div class=\"content_section position-0\">\n<article id=\"Article_idp876475032462393690895-1\" class=\"product-attribute\">\n<div class=\"Article notab_br decoration-none\">\n<div class=\"article_indents\">\n<p class=\"article_indent align-left\"><b>T\u011bsn\u011bn\u00ed z PVC materi\u00e1lu<\/b><\/p>\n<\/div>\n<\/div>\n<\/article>\n<\/div>\n<\/section>\n<section class=\"Section-idp866556265502606322339 Data type-0\">\n<div class=\"content_section position-0\">\n<article id=\"Article_idp887119405886488047393-1\">\n<div class=\"Article notab_br decoration-none\">\n<div class=\"article_indents\">\n<p class=\"article_indent align-left\">Odkap\u00e1vac\u00ed spodn\u00ed dve\u0159n\u00ed t\u011bsn\u011bn\u00ed se dv\u011bma stuhami. T\u011bsn\u011bn\u00ed zabra\u0148uje \u00faniku vody b\u011bhem sprchov\u00e1n\u00ed. P\u0159ed mont\u00e1\u017e\u00ed je t\u0159eba sprchov\u00fd kout d\u016fkladn\u011b o\u010distit, aby t\u011bsn\u011bn\u00ed mohlo perfektn\u011b p\u0159il\u00e9hat. P\u0159esn\u00e9 rozm\u011bry pro identifikaci naleznete na technick\u00e9m n\u00e1kresu.<\/p>\n<\/div>\n<\/div>\n<\/article>\n<\/div>\n<\/section>","protected":false},"featured_media":62723,"template":"","meta":{"_acf_changed":false},"product_brand":[],"product_cat":[451,521],"product_tag":[],"woo-feed-brand":[],"class_list":{"0":"post-19004","1":"product","2":"type-product","3":"status-publish","4":"has-post-thumbnail","6":"product_cat-prislusenstvo","7":"product_cat-tesnenia","8":"pa_dlzka-mm-tab-3290","9":"pa_dlzka-tab-mm-3276","10":"pa_material-pvc","11":"pa_mnozstvo-tab-1-ks","12":"pa_nazov-tab-tesnenie-spodne-3-s-3-6","13":"pa_pre-hrubku-skla-1320","14":"pa_pre-hrubku-tab-6-mm","15":"pa_teplotny-rozsah-0-50c","16":"pa_typ-spodni","17":"pa_uv-odolnost-en-iso-4892-2","19":"first","20":"instock","21":"sale","22":"purchasable","23":"product-type-simple"},"acf":[],"_links":{"self":[{"href":"https:\/\/aquatek.cz\/sk\/wp-json\/wp\/v2\/product\/19004","targetHints":{"allow":["GET"]}}],"collection":[{"href":"https:\/\/aquatek.cz\/sk\/wp-json\/wp\/v2\/product"}],"about":[{"href":"https:\/\/aquatek.cz\/sk\/wp-json\/wp\/v2\/types\/product"}],"version-history":[{"count":0,"href":"https:\/\/aquatek.cz\/sk\/wp-json\/wp\/v2\/product\/19004\/revisions"}],"wp:featuredmedia":[{"embeddable":true,"href":"https:\/\/aquatek.cz\/sk\/wp-json\/wp\/v2\/media\/62723"}],"wp:attachment":[{"href":"https:\/\/aquatek.cz\/sk\/wp-json\/wp\/v2\/media?parent=19004"}],"wp:term":[{"taxonomy":"product_brand","embeddable":true,"href":"https:\/\/aquatek.cz\/sk\/wp-json\/wp\/v2\/product_brand?post=19004"},{"taxonomy":"product_cat","embeddable":true,"href":"https:\/\/aquatek.cz\/sk\/wp-json\/wp\/v2\/product_cat?post=19004"},{"taxonomy":"product_tag","embeddable":true,"href":"https:\/\/aquatek.cz\/sk\/wp-json\/wp\/v2\/product_tag?post=19004"},{"taxonomy":"woo-feed-brand","embeddable":true,"href":"https:\/\/aquatek.cz\/sk\/wp-json\/wp\/v2\/woo-feed-brand?post=19004"}],"curies":[{"name":"wp","href":"https:\/\/api.w.org\/{rel}","templated":true}]}}