{"id":18819,"date":"2022-11-10T15:31:16","date_gmt":"2022-11-10T14:31:16","guid":{"rendered":"https:\/\/aquatek.cz\/nezaraden\u00e9\/jaguar-r13-100x80\/"},"modified":"2025-12-11T08:12:37","modified_gmt":"2025-12-11T07:12:37","slug":"jaguar-r13-100x80-sprchovy-kout","status":"publish","type":"product","link":"https:\/\/aquatek.cz\/sk\/jaguar-r13-100x80-sprchovy-kout\/","title":{"rendered":"JAGUAR R13 100&#215;80 &#8211; sprchov\u00fd kout"},"content":{"rendered":"<div data-elementor-type=\"wp-post\" data-elementor-id=\"18819\" class=\"elementor elementor-18819\" data-elementor-post-type=\"product\">\n\t\t\t\t\t\t<section class=\"elementor-section elementor-top-section elementor-element elementor-element-140910a6 download elementor-section-full_width elementor-section-height-default elementor-section-height-default\" data-id=\"140910a6\" data-element_type=\"section\" data-e-type=\"section\" id=\"download\">\n\t\t\t\t\t\t<div class=\"elementor-container elementor-column-gap-default\">\n\t\t\t\t\t<div class=\"elementor-column elementor-col-100 elementor-top-column elementor-element elementor-element-2583879b\" data-id=\"2583879b\" data-element_type=\"column\" data-e-type=\"column\">\n\t\t\t<div class=\"elementor-widget-wrap elementor-element-populated\">\n\t\t\t\t\t\t<section class=\"elementor-section elementor-inner-section elementor-element elementor-element-37b4e77a elementor-section-full_width stiahnut elementor-section-height-default elementor-section-height-default\" data-id=\"37b4e77a\" data-element_type=\"section\" data-e-type=\"section\" id=\"stiahnut\">\n\t\t\t\t\t\t<div class=\"elementor-container elementor-column-gap-default\">\n\t\t\t\t\t<div class=\"elementor-column elementor-col-100 elementor-inner-column elementor-element elementor-element-7f572858\" data-id=\"7f572858\" data-element_type=\"column\" data-e-type=\"column\">\n\t\t\t<div class=\"elementor-widget-wrap elementor-element-populated\">\n\t\t\t\t\t\t<div class=\"elementor-element elementor-element-2b868610 elementor-widget elementor-widget-heading\" data-id=\"2b868610\" data-element_type=\"widget\" data-e-type=\"widget\" data-widget_type=\"heading.default\">\n\t\t\t\t<div class=\"elementor-widget-container\">\n\t\t\t\t\t<h2 class=\"elementor-heading-title elementor-size-medium\">Ke sta\u017een\u00ed<\/h2>\t\t\t\t<\/div>\n\t\t\t\t<\/div>\n\t\t\t\t\t<\/div>\n\t\t<\/div>\n\t\t\t\t\t<\/div>\n\t\t<\/section>\n\t\t\t\t<section class=\"elementor-section elementor-inner-section elementor-element elementor-element-39d3a944 elementor-section-full_width stiahnut elementor-section-height-default elementor-section-height-default\" data-id=\"39d3a944\" data-element_type=\"section\" data-e-type=\"section\" id=\"stiahnut\">\n\t\t\t\t\t\t<div class=\"elementor-container elementor-column-gap-default\">\n\t\t\t\t\t<div class=\"elementor-column elementor-col-25 elementor-inner-column elementor-element elementor-element-38aa0662\" data-id=\"38aa0662\" data-element_type=\"column\" data-e-type=\"column\">\n\t\t\t<div class=\"elementor-widget-wrap elementor-element-populated\">\n\t\t\t\t\t\t<div class=\"elementor-element elementor-element-4dd80258 elementor-widget elementor-widget-wd_list\" data-id=\"4dd80258\" data-element_type=\"widget\" data-e-type=\"widget\" data-widget_type=\"wd_list.default\">\n\t\t\t\t<div class=\"elementor-widget-container\">\n\t\t\t\t\t\t\t<ul class=\"wd-list color-scheme- wd-fontsize-xs wd-type-icon wd-style-default text-left\">\n\t\t\t\t\t\t\t\t\t\t\t<li class=\"elementor-repeater-item-e4e357f\">\n\t\t\t\t\t\t\t\t\t\t\t<span class=\"wd-icon\"><svg class=\"e-font-icon-svg e-far-file-pdf\" viewbox=\"0 0 384 512\" xmlns=\"http:\/\/www.w3.org\/2000\/svg\"><path d=\"M369.9 97.9L286 14C277 5 264.8-.1 252.1-.1H48C21.5 0 0 21.5 0 48v416c0 26.5 21.5 48 48 48h288c26.5 0 48-21.5 48-48V131.9c0-12.7-5.1-25-14.1-34zM332.1 128H256V51.9l76.1 76.1zM48 464V48h160v104c0 13.3 10.7 24 24 24h104v288H48zm250.2-143.7c-12.2-12-47-8.7-64.4-6.5-17.2-10.5-28.7-25-36.8-46.3 3.9-16.1 10.1-40.6 5.4-56-4.2-26.2-37.8-23.6-42.6-5.9-4.4 16.1-.4 38.5 7 67.1-10 23.9-24.9 56-35.4 74.4-20 10.3-47 26.2-51 46.2-3.3 15.8 26 55.2 76.1-31.2 22.4-7.4 46.8-16.5 68.4-20.1 18.9 10.2 41 17 55.8 17 25.5 0 28-28.2 17.5-38.7zm-198.1 77.8c5.1-13.7 24.5-29.5 30.4-35-19 30.3-30.4 35.7-30.4 35zm81.6-190.6c7.4 0 6.7 32.1 1.8 40.8-4.4-13.9-4.3-40.8-1.8-40.8zm-24.4 136.6c9.7-16.9 18-37 24.7-54.7 8.3 15.1 18.9 27.2 30.1 35.5-20.8 4.3-38.9 13.1-54.8 19.2zm131.6-5s-5 6-37.3-7.8c35.1-2.6 40.9 5.4 37.3 7.8z\"><\/path><\/svg><\/span>\t\t\t\t\t\n\t\t\t\t\t<span class=\"wd-list-content list-content\">\n\t\t\t\t\t\tMont\u00e1\u017en\u00ed n\u00e1vod\t\t\t\t\t<\/span>\n\n\t\t\t\t\t\n\t\t\t\t\t\t<a  href=\"https:\/\/aquatek.cz\/wp-content\/uploads\/PDF\/sprchove_kuty\/jaguar\/JAGUAR_A3_R13_R23_R33_MN.pdf\" target=\"_blank\" class=\"wd-fill\" aria-label=\"List item link\"><\/a>\n\t\t\t\t\t\t\t\t\t<\/li>\n\t\t\t\t\t<\/ul>\n\n\t\t\t\t\t\t<\/div>\n\t\t\t\t<\/div>\n\t\t\t\t\t<\/div>\n\t\t<\/div>\n\t\t\t\t<div class=\"elementor-column elementor-col-25 elementor-inner-column elementor-element elementor-element-3c329988\" data-id=\"3c329988\" data-element_type=\"column\" data-e-type=\"column\">\n\t\t\t<div class=\"elementor-widget-wrap elementor-element-populated\">\n\t\t\t\t\t\t<div class=\"elementor-element elementor-element-2e9094bf elementor-widget elementor-widget-wd_list\" data-id=\"2e9094bf\" data-element_type=\"widget\" data-e-type=\"widget\" data-widget_type=\"wd_list.default\">\n\t\t\t\t<div class=\"elementor-widget-container\">\n\t\t\t\t\t\t\t<ul class=\"wd-list color-scheme- wd-fontsize-xs wd-type-icon wd-style-default text-left\">\n\t\t\t\t\t\t\t\t\t\t\t<li class=\"elementor-repeater-item-c16f7df\">\n\t\t\t\t\t\t\t\t\t\t\t<span class=\"wd-icon\"><svg class=\"e-font-icon-svg e-far-file-pdf\" viewbox=\"0 0 384 512\" xmlns=\"http:\/\/www.w3.org\/2000\/svg\"><path d=\"M369.9 97.9L286 14C277 5 264.8-.1 252.1-.1H48C21.5 0 0 21.5 0 48v416c0 26.5 21.5 48 48 48h288c26.5 0 48-21.5 48-48V131.9c0-12.7-5.1-25-14.1-34zM332.1 128H256V51.9l76.1 76.1zM48 464V48h160v104c0 13.3 10.7 24 24 24h104v288H48zm250.2-143.7c-12.2-12-47-8.7-64.4-6.5-17.2-10.5-28.7-25-36.8-46.3 3.9-16.1 10.1-40.6 5.4-56-4.2-26.2-37.8-23.6-42.6-5.9-4.4 16.1-.4 38.5 7 67.1-10 23.9-24.9 56-35.4 74.4-20 10.3-47 26.2-51 46.2-3.3 15.8 26 55.2 76.1-31.2 22.4-7.4 46.8-16.5 68.4-20.1 18.9 10.2 41 17 55.8 17 25.5 0 28-28.2 17.5-38.7zm-198.1 77.8c5.1-13.7 24.5-29.5 30.4-35-19 30.3-30.4 35.7-30.4 35zm81.6-190.6c7.4 0 6.7 32.1 1.8 40.8-4.4-13.9-4.3-40.8-1.8-40.8zm-24.4 136.6c9.7-16.9 18-37 24.7-54.7 8.3 15.1 18.9 27.2 30.1 35.5-20.8 4.3-38.9 13.1-54.8 19.2zm131.6-5s-5 6-37.3-7.8c35.1-2.6 40.9 5.4 37.3 7.8z\"><\/path><\/svg><\/span>\t\t\t\t\t\n\t\t\t\t\t<span class=\"wd-list-content list-content\">\n\t\t\t\t\t\t\u00dadr\u017eba\t\t\t\t\t<\/span>\n\n\t\t\t\t\t\n\t\t\t\t\t\t<a  href=\"https:\/\/aquatek.cz\/wp-content\/uploads\/PDF\/sprchove_kuty\/udrzba.pdf\" target=\"_blank\" class=\"wd-fill\" aria-label=\"List item link\"><\/a>\n\t\t\t\t\t\t\t\t\t<\/li>\n\t\t\t\t\t<\/ul>\n\n\t\t\t\t\t\t<\/div>\n\t\t\t\t<\/div>\n\t\t\t\t\t<\/div>\n\t\t<\/div>\n\t\t\t\t<div class=\"elementor-column elementor-col-25 elementor-inner-column elementor-element elementor-element-71392ac0\" data-id=\"71392ac0\" data-element_type=\"column\" data-e-type=\"column\">\n\t\t\t<div class=\"elementor-widget-wrap elementor-element-populated\">\n\t\t\t\t\t\t<div class=\"elementor-element elementor-element-4981f8b5 elementor-widget elementor-widget-wd_list\" data-id=\"4981f8b5\" data-element_type=\"widget\" data-e-type=\"widget\" data-widget_type=\"wd_list.default\">\n\t\t\t\t<div class=\"elementor-widget-container\">\n\t\t\t\t\t\t\t<ul class=\"wd-list color-scheme- wd-fontsize-xs wd-type-icon wd-style-default text-left\">\n\t\t\t\t\t\t\t\t\t\t\t<li class=\"elementor-repeater-item-835ad74\">\n\t\t\t\t\t\t\t\t\t\t\t<span class=\"wd-icon\"><svg class=\"e-font-icon-svg e-far-file-pdf\" viewbox=\"0 0 384 512\" xmlns=\"http:\/\/www.w3.org\/2000\/svg\"><path d=\"M369.9 97.9L286 14C277 5 264.8-.1 252.1-.1H48C21.5 0 0 21.5 0 48v416c0 26.5 21.5 48 48 48h288c26.5 0 48-21.5 48-48V131.9c0-12.7-5.1-25-14.1-34zM332.1 128H256V51.9l76.1 76.1zM48 464V48h160v104c0 13.3 10.7 24 24 24h104v288H48zm250.2-143.7c-12.2-12-47-8.7-64.4-6.5-17.2-10.5-28.7-25-36.8-46.3 3.9-16.1 10.1-40.6 5.4-56-4.2-26.2-37.8-23.6-42.6-5.9-4.4 16.1-.4 38.5 7 67.1-10 23.9-24.9 56-35.4 74.4-20 10.3-47 26.2-51 46.2-3.3 15.8 26 55.2 76.1-31.2 22.4-7.4 46.8-16.5 68.4-20.1 18.9 10.2 41 17 55.8 17 25.5 0 28-28.2 17.5-38.7zm-198.1 77.8c5.1-13.7 24.5-29.5 30.4-35-19 30.3-30.4 35.7-30.4 35zm81.6-190.6c7.4 0 6.7 32.1 1.8 40.8-4.4-13.9-4.3-40.8-1.8-40.8zm-24.4 136.6c9.7-16.9 18-37 24.7-54.7 8.3 15.1 18.9 27.2 30.1 35.5-20.8 4.3-38.9 13.1-54.8 19.2zm131.6-5s-5 6-37.3-7.8c35.1-2.6 40.9 5.4 37.3 7.8z\"><\/path><\/svg><\/span>\t\t\t\t\t\n\t\t\t\t\t<span class=\"wd-list-content list-content\">\n\t\t\t\t\t\tRady pro mont\u00e1\u017e\t\t\t\t\t<\/span>\n\n\t\t\t\t\t\n\t\t\t\t\t\t<a  href=\"https:\/\/aquatek.cz\/wp-content\/uploads\/PDF\/sprchove_kuty\/rady.pdf\" target=\"_blank\" class=\"wd-fill\" aria-label=\"List item link\"><\/a>\n\t\t\t\t\t\t\t\t\t<\/li>\n\t\t\t\t\t<\/ul>\n\n\t\t\t\t\t\t<\/div>\n\t\t\t\t<\/div>\n\t\t\t\t\t<\/div>\n\t\t<\/div>\n\t\t\t\t<div class=\"elementor-column elementor-col-25 elementor-inner-column elementor-element elementor-element-ac0d3db\" data-id=\"ac0d3db\" data-element_type=\"column\" data-e-type=\"column\">\n\t\t\t<div class=\"elementor-widget-wrap elementor-element-populated\">\n\t\t\t\t\t\t<div class=\"elementor-element elementor-element-6c2bdbc elementor-widget elementor-widget-wd_list\" data-id=\"6c2bdbc\" data-element_type=\"widget\" data-e-type=\"widget\" data-widget_type=\"wd_list.default\">\n\t\t\t\t<div class=\"elementor-widget-container\">\n\t\t\t\t\t\t\t<ul class=\"wd-list color-scheme- wd-fontsize-xs wd-type-icon wd-style-default text-left\">\n\t\t\t\t\t\t\t\t\t\t\t<li class=\"elementor-repeater-item-835ad74\">\n\t\t\t\t\t\t\t\t\t\t\t<span class=\"wd-icon\"><svg class=\"e-font-icon-svg e-far-folder\" viewbox=\"0 0 512 512\" xmlns=\"http:\/\/www.w3.org\/2000\/svg\"><path d=\"M464 128H272l-54.63-54.63c-6-6-14.14-9.37-22.63-9.37H48C21.49 64 0 85.49 0 112v288c0 26.51 21.49 48 48 48h416c26.51 0 48-21.49 48-48V176c0-26.51-21.49-48-48-48zm0 272H48V112h140.12l54.63 54.63c6 6 14.14 9.37 22.63 9.37H464v224z\"><\/path><\/svg><\/span>\t\t\t\t\t\n\t\t\t\t\t<span class=\"wd-list-content list-content\">\n\t\t\t\t\t\t3D model\t\t\t\t\t<\/span>\n\n\t\t\t\t\t\n\t\t\t\t\t\t<a  href=\"https:\/\/aquatek.cz\/wp-content\/uploads\/WEB_3D\/sprchove-kuty\/JAGUAR_R13.zip\" target=\"_blank\" class=\"wd-fill\" aria-label=\"List item link\"><\/a>\n\t\t\t\t\t\t\t\t\t<\/li>\n\t\t\t\t\t<\/ul>\n\n\t\t\t\t\t\t<\/div>\n\t\t\t\t<\/div>\n\t\t\t\t\t<\/div>\n\t\t<\/div>\n\t\t\t\t\t<\/div>\n\t\t<\/section>\n\t\t\t\t<div class=\"elementor-element elementor-element-aa1aa5a elementor-widget-divider--view-line elementor-widget elementor-widget-divider\" data-id=\"aa1aa5a\" data-element_type=\"widget\" data-e-type=\"widget\" data-widget_type=\"divider.default\">\n\t\t\t\t<div class=\"elementor-widget-container\">\n\t\t\t\t\t\t\t<div class=\"elementor-divider\">\n\t\t\t<span class=\"elementor-divider-separator\">\n\t\t\t\t\t\t<\/span>\n\t\t<\/div>\n\t\t\t\t\t\t<\/div>\n\t\t\t\t<\/div>\n\t\t\t\t\t<\/div>\n\t\t<\/div>\n\t\t\t\t\t<\/div>\n\t\t<\/section>\n\t\t\t\t<section class=\"elementor-section elementor-top-section elementor-element elementor-element-359c52e download elementor-section-full_width elementor-section-height-default elementor-section-height-default\" data-id=\"359c52e\" data-element_type=\"section\" data-e-type=\"section\">\n\t\t\t\t\t\t<div class=\"elementor-container elementor-column-gap-default\">\n\t\t\t\t\t<div class=\"elementor-column elementor-col-100 elementor-top-column elementor-element elementor-element-58e10fa\" data-id=\"58e10fa\" data-element_type=\"column\" data-e-type=\"column\">\n\t\t\t<div class=\"elementor-widget-wrap elementor-element-populated\">\n\t\t\t\t\t\t<section class=\"elementor-section elementor-inner-section elementor-element elementor-element-55496d32 elementor-section-full_width stiahnut elementor-section-height-default elementor-section-height-default\" data-id=\"55496d32\" data-element_type=\"section\" data-e-type=\"section\">\n\t\t\t\t\t\t<div class=\"elementor-container elementor-column-gap-default\">\n\t\t\t\t\t<div class=\"elementor-column elementor-col-100 elementor-inner-column elementor-element elementor-element-7cfaec75\" data-id=\"7cfaec75\" data-element_type=\"column\" data-e-type=\"column\">\n\t\t\t<div class=\"elementor-widget-wrap elementor-element-populated\">\n\t\t\t\t\t\t<div class=\"elementor-element elementor-element-65a6f1af elementor-widget elementor-widget-heading\" data-id=\"65a6f1af\" data-element_type=\"widget\" data-e-type=\"widget\" data-widget_type=\"heading.default\">\n\t\t\t\t<div class=\"elementor-widget-container\">\n\t\t\t\t\t<h2 class=\"elementor-heading-title elementor-size-default\">Model<\/h2>\t\t\t\t<\/div>\n\t\t\t\t<\/div>\n\t\t\t\t\t<\/div>\n\t\t<\/div>\n\t\t\t\t\t<\/div>\n\t\t<\/section>\n\t\t\t\t<section class=\"elementor-section elementor-inner-section elementor-element elementor-element-10eeec69 elementor-section-full_width stiahnut elementor-section-height-default elementor-section-height-default\" data-id=\"10eeec69\" data-element_type=\"section\" data-e-type=\"section\">\n\t\t\t\t\t\t<div class=\"elementor-container elementor-column-gap-default\">\n\t\t\t\t\t<div class=\"elementor-column elementor-col-100 elementor-inner-column elementor-element elementor-element-3720b770\" data-id=\"3720b770\" data-element_type=\"column\" data-e-type=\"column\">\n\t\t\t<div class=\"elementor-widget-wrap elementor-element-populated\">\n\t\t\t\t\t\t<div class=\"elementor-element elementor-element-556c74db text-center color-scheme-inherit elementor-widget elementor-widget-text-editor\" data-id=\"556c74db\" data-element_type=\"widget\" data-e-type=\"widget\" data-widget_type=\"text-editor.default\">\n\t\t\t\t<div class=\"elementor-widget-container\">\n\t\t\t\t\t\t\t\t\t<h5>Univerz\u00e1ln\u00ed<\/h5>\t\t\t\t\t\t\t\t<\/div>\n\t\t\t\t<\/div>\n\t\t\t\t\t<\/div>\n\t\t<\/div>\n\t\t\t\t\t<\/div>\n\t\t<\/section>\n\t\t\t\t<section class=\"elementor-section elementor-inner-section elementor-element elementor-element-3a8bb69d elementor-section-full_width stiahnut elementor-section-height-default elementor-section-height-default\" data-id=\"3a8bb69d\" data-element_type=\"section\" data-e-type=\"section\">\n\t\t\t\t\t\t<div class=\"elementor-container elementor-column-gap-default\">\n\t\t\t\t\t<div class=\"elementor-column elementor-col-100 elementor-inner-column elementor-element elementor-element-6ba673f6\" data-id=\"6ba673f6\" data-element_type=\"column\" data-e-type=\"column\">\n\t\t\t<div class=\"elementor-widget-wrap elementor-element-populated\">\n\t\t\t\t\t\t<div class=\"elementor-element elementor-element-1d2d6d7 elementor-widget elementor-widget-image\" data-id=\"1d2d6d7\" data-element_type=\"widget\" data-e-type=\"widget\" data-widget_type=\"image.default\">\n\t\t\t\t<div class=\"elementor-widget-container\">\n\t\t\t\t\t\t\t\t\t\t\t\t\t\t\t\t<a href=\"https:\/\/aquatek.cz\/wp-content\/uploads\/2025\/10\/JAGUAR_R13_Model.svg\" data-elementor-open-lightbox=\"yes\" data-elementor-lightbox-title=\"JAGUAR_R13_Model\" data-e-action-hash=\"#elementor-action%3Aaction%3Dlightbox%26settings%3DeyJpZCI6ODMwNDEsInVybCI6Imh0dHBzOlwvXC9hcXVhdGVrLmN6XC93cC1jb250ZW50XC91cGxvYWRzXC8yMDI1XC8xMFwvSkFHVUFSX1IxM19Nb2RlbC5zdmcifQ%3D%3D\">\n\t\t\t\t\t\t\t<img fetchpriority=\"high\" decoding=\"async\" width=\"2000\" height=\"908\" src=\"https:\/\/aquatek.cz\/wp-content\/uploads\/2025\/10\/JAGUAR_R13_Model.svg\" class=\"attachment-full size-full wp-image-83041\" alt=\"\" \/>\t\t\t\t\t\t\t\t<\/a>\n\t\t\t\t\t\t\t\t\t\t\t\t\t\t\t<\/div>\n\t\t\t\t<\/div>\n\t\t\t\t\t<\/div>\n\t\t<\/div>\n\t\t\t\t\t<\/div>\n\t\t<\/section>\n\t\t\t\t<section class=\"elementor-section elementor-inner-section elementor-element elementor-element-1265c17d elementor-section-full_width stiahnut elementor-section-height-default elementor-section-height-default\" data-id=\"1265c17d\" data-element_type=\"section\" data-e-type=\"section\">\n\t\t\t\t\t\t<div class=\"elementor-container elementor-column-gap-default\">\n\t\t\t\t\t<div class=\"elementor-column elementor-col-100 elementor-inner-column elementor-element elementor-element-23779561\" data-id=\"23779561\" data-element_type=\"column\" data-e-type=\"column\">\n\t\t\t<div class=\"elementor-widget-wrap elementor-element-populated\">\n\t\t\t\t\t\t<div class=\"elementor-element elementor-element-b110bc elementor-widget-divider--view-line elementor-widget elementor-widget-divider\" data-id=\"b110bc\" data-element_type=\"widget\" data-e-type=\"widget\" data-widget_type=\"divider.default\">\n\t\t\t\t<div class=\"elementor-widget-container\">\n\t\t\t\t\t\t\t<div class=\"elementor-divider\">\n\t\t\t<span class=\"elementor-divider-separator\">\n\t\t\t\t\t\t<\/span>\n\t\t<\/div>\n\t\t\t\t\t\t<\/div>\n\t\t\t\t<\/div>\n\t\t\t\t\t<\/div>\n\t\t<\/div>\n\t\t\t\t\t<\/div>\n\t\t<\/section>\n\t\t\t\t<section class=\"elementor-section elementor-inner-section elementor-element elementor-element-7b48180d elementor-section-full_width stiahnut elementor-section-height-default elementor-section-height-default\" data-id=\"7b48180d\" data-element_type=\"section\" data-e-type=\"section\">\n\t\t\t\t\t\t<div class=\"elementor-container elementor-column-gap-default\">\n\t\t\t\t\t<div class=\"elementor-column elementor-col-100 elementor-inner-column elementor-element elementor-element-31575f7e\" data-id=\"31575f7e\" data-element_type=\"column\" data-e-type=\"column\">\n\t\t\t<div class=\"elementor-widget-wrap elementor-element-populated\">\n\t\t\t\t\t\t<div class=\"elementor-element elementor-element-6e9fab7b elementor-widget elementor-widget-heading\" data-id=\"6e9fab7b\" data-element_type=\"widget\" data-e-type=\"widget\" data-widget_type=\"heading.default\">\n\t\t\t\t<div class=\"elementor-widget-container\">\n\t\t\t\t\t<h2 class=\"elementor-heading-title elementor-size-default\">Otev\u00edr\u00e1n\u00ed<\/h2>\t\t\t\t<\/div>\n\t\t\t\t<\/div>\n\t\t\t\t\t<\/div>\n\t\t<\/div>\n\t\t\t\t\t<\/div>\n\t\t<\/section>\n\t\t\t\t<section class=\"elementor-section elementor-inner-section elementor-element elementor-element-115555c6 elementor-section-full_width stiahnut elementor-section-height-default elementor-section-height-default\" data-id=\"115555c6\" data-element_type=\"section\" data-e-type=\"section\">\n\t\t\t\t\t\t<div class=\"elementor-container elementor-column-gap-default\">\n\t\t\t\t\t<div class=\"elementor-column elementor-col-100 elementor-inner-column elementor-element elementor-element-355664f7\" data-id=\"355664f7\" data-element_type=\"column\" data-e-type=\"column\">\n\t\t\t<div class=\"elementor-widget-wrap elementor-element-populated\">\n\t\t\t\t\t\t<div class=\"elementor-element elementor-element-544de139 elementor-widget elementor-widget-image\" data-id=\"544de139\" data-element_type=\"widget\" data-e-type=\"widget\" data-widget_type=\"image.default\">\n\t\t\t\t<div class=\"elementor-widget-container\">\n\t\t\t\t\t\t\t\t\t\t\t\t\t\t\t\t<a href=\"https:\/\/aquatek.cz\/wp-content\/uploads\/2025\/10\/jaguar_r13_otvaranie.jpg\" data-elementor-open-lightbox=\"yes\" data-elementor-lightbox-title=\"jaguar_r13_otvaranie\" data-e-action-hash=\"#elementor-action%3Aaction%3Dlightbox%26settings%3DeyJpZCI6ODMwNDIsInVybCI6Imh0dHBzOlwvXC9hcXVhdGVrLmN6XC93cC1jb250ZW50XC91cGxvYWRzXC8yMDI1XC8xMFwvamFndWFyX3IxM19vdHZhcmFuaWUuanBnIn0%3D\">\n\t\t\t\t\t\t\t<img decoding=\"async\" width=\"785\" height=\"471\" src=\"https:\/\/aquatek.cz\/wp-content\/uploads\/2025\/10\/jaguar_r13_otvaranie.jpg\" class=\"attachment-full size-full wp-image-83042\" alt=\"\" srcset=\"https:\/\/aquatek.cz\/wp-content\/uploads\/2025\/10\/jaguar_r13_otvaranie.jpg 785w, https:\/\/aquatek.cz\/wp-content\/uploads\/2025\/10\/jaguar_r13_otvaranie-600x360.jpg 600w, https:\/\/aquatek.cz\/wp-content\/uploads\/2025\/10\/jaguar_r13_otvaranie-210x126.jpg 210w, https:\/\/aquatek.cz\/wp-content\/uploads\/2025\/10\/jaguar_r13_otvaranie-400x240.jpg 400w, https:\/\/aquatek.cz\/wp-content\/uploads\/2025\/10\/jaguar_r13_otvaranie-768x461.jpg 768w\" sizes=\"(max-width: 785px) 100vw, 785px\" \/>\t\t\t\t\t\t\t\t<\/a>\n\t\t\t\t\t\t\t\t\t\t\t\t\t\t\t<\/div>\n\t\t\t\t<\/div>\n\t\t\t\t\t<\/div>\n\t\t<\/div>\n\t\t\t\t\t<\/div>\n\t\t<\/section>\n\t\t\t\t\t<\/div>\n\t\t<\/div>\n\t\t\t\t\t<\/div>\n\t\t<\/section>\n\t\t\t\t<\/div>","protected":false},"excerpt":{"rendered":"<div class=\"content_section position-1\">\n<section class=\"Section-idp517451040838533575237 Data type-0\">\n<div class=\"content_section position-0\">\n<article id=\"Article_idp526282041291310590908-1\" class=\"product-attribute\">\n<div class=\"Article notab_br decoration-none\">\n<div class=\"article_indents\">\n<div class=\"content_section position-1\">\n<section class=\"Section-idp811071162600450810692 Data type-0\">\n<div class=\"content_section position-0\">\n<article id=\"Article_idp82432731316668393166-1\" class=\"product-attribute\">\n<div class=\"Article notab_br decoration-none\">\n<div class=\"article_indents\">\n<section class=\"Section-idp517137456862394660106 Data type-0\">\n<div class=\"content_section position-0\">\n<article id=\"Article_idp523100807683930860978-1\" class=\"product-attribute\">\n<div class=\"Article notab_br decoration-none\">\n<div class=\"article_indents\">\n<p class=\"article_indent align-left\"><b>Sprchov\u00fd kout obd\u00e9ln\u00edkov\u00fd s jedn\u011bmi otev\u00edrac\u00edmi dve\u0159mi<\/b><\/p>\n<\/div>\n<\/div>\n<\/article>\n<\/div>\n<\/section>\n<\/div>\n<\/div>\n<\/article>\n<\/div>\n<\/section>\n<section class=\"Section-idp819137940964201175097 Data type-0\">\n<div class=\"content_section position-0\">\n<article id=\"Article_idp83963240523354252459-1\">\n<div class=\"Article notab_br decoration-none\">\n<div class=\"article_indents\">\n<p class=\"article_indent align-justify\">Koncept \u010dern\u00e9ho designu se posouv\u00e1 i do koupelen a je st\u00e1le v\u00edce \u017e\u00e1dan\u00fd a preferovan\u00fd zejm\u00e9na v sou\u010dasn\u00fdch modern\u00edch prostor\u00e1ch. S\u00e9rie sprchov\u00fdch kout\u016f <strong>JAGUAR R13<\/strong>\u00a0s profily a dopl\u0148ky v matn\u00e9 \u010dern\u00e9 nab\u00edz\u00ed n\u011bkolik model\u016f sprchov\u00fdch kout\u016f a sprchov\u00fdch dve\u0159\u00ed s \u0161irokou rozm\u011brovou paletou. Nav\u00edc v kombinaci s fixn\u00ed bo\u010dn\u00ed sklen\u011bnou st\u011bnou \u0159e\u0161\u00ed tato s\u00e9rie prostorovou variabilitu jednotliv\u00e9ho z\u00e1kazn\u00edka. Neodmyslitelnou samoz\u0159ejmost\u00ed t\u00e9to modelov\u00e9 s\u00e9rie je impregnace skel antiplakovou \u00fapravou TEKNO.cal. Dokonalou stabilitu masivn\u00edch sklen\u011bn\u00fdch ploch v tlou\u0161\u0165ce skla 8 mm a v\u00fd\u0161ce 202 cm dodate\u010dn\u011b podporuje nen\u00e1padn\u00fd horn\u00ed stabiliza\u010dn\u00ed r\u00e1m. Tento v kombinaci spolu s prodlou\u017een\u00fdm \u0161t\u00edhl\u00fdm \u00fachytem dve\u0159\u00ed umoc\u0148uj\u00ed vizu\u00e1ln\u00ed efekt progresivn\u00ed elegance s ohledem na pohodlnou manipulaci p\u0159i pou\u017e\u00edv\u00e1n\u00ed.<\/p>\n<p><b style=\"color: #c4161c;\">UPOZORN\u011aN\u00cd! <\/b>P\u0159i v\u00fdb\u011bru sprchov\u00e9ho koutu je velmi d\u016fle\u017eit\u00fd instala\u010dn\u00ed rozm\u011br tzv. <strong>ROZTA\u017dEN\u00cd PROFIL\u016e<\/strong>, kter\u00fd naleznete v tabulce. Rozta\u017een\u00ed ur\u010duje minim\u00e1ln\u00ed a maxim\u00e1ln\u00ed rozm\u011br sprchov\u00e9ho koutu. Sprchov\u00e9 kouty Aquatek jsou dod\u00e1v\u00e1ny <strong>BEZ SPRCHOV\u00c9 VANI\u010cKY<\/strong>. Vhodn\u00e9 vani\u010dky a jin\u00e9 p\u0159\u00edslu\u0161enstv\u00ed naleznete pod z\u00e1lo\u017ekou SOUVISEJ\u00cdC\u00cd PRODUKTY.<\/p>\n<\/div>\n<\/div>\n<\/article>\n<\/div>\n<\/section>\n<\/div>\n<\/div>\n<\/div>\n<\/article>\n<\/div>\n<\/section>\n<\/div>","protected":false},"featured_media":61668,"template":"","meta":{"_acf_changed":false},"product_brand":[],"product_cat":[5612,580],"product_tag":[],"woo-feed-brand":[],"class_list":{"0":"post-18819","1":"product","2":"type-product","3":"status-publish","4":"has-post-thumbnail","6":"product_cat-obdelnikove-sprchove-kouty","7":"product_cat-sprchove-kouty","8":"pa_3d-model-3d","9":"pa_dlzka-mm-3142","10":"pa_dodanie-mont-sady-a-tesnenia-ano","11":"pa_dvere-otvaracie","12":"pa_farba-profilov-cierna-matna","13":"pa_farba-profilov-tab-cierna-matna","14":"pa_hrubka-skla-1927","15":"pa_kombinacia-s-modelom-3688","16":"pa_magneticke-uzatvaranie-ano","17":"pa_material-madla-hlinik","18":"pa_material-pantov-ocel","19":"pa_material-profilov-hlinik","20":"pa_model-r13","21":"pa_model-l-p-nie","22":"pa_nazov-tab-jaguar-r13-100x80","23":"pa_pocet-dveri-3657","24":"pa_podlahova-lista-ano","25":"pa_roztiahnutie-cm-tab-97-100-77-80","26":"pa_roztiahnutie-kazda-strana-cm-4099","27":"pa_seria-jaguar","28":"pa_sirka-cm-2780","29":"pa_stabilizacna-kovova-konzola-nie","30":"pa_typ-sprchovacieho-kuta-obdlznikovy","31":"pa_univerzalny-model-ano","32":"pa_uprava-skla-tekno-cal-aplikovana","33":"pa_vonkajsi-rozmer-max-cm-100x80","34":"pa_vonkajsi-rozmer-min-cm-97x77","35":"pa_vstup-cm-tab-573","36":"pa_vypln-cire","37":"pa_vypln-tab-cire","38":"pa_vyska-cm-1940","39":"pa_vyska-sprchovacieho-kuta-3851","40":"pa_vyska-tab-1949","41":"pa_vyska-vstupu-1941","42":"pa_zaruka-24-mesiacov","43":"pa_zdvihacie-panty-otvarania-nie","45":"first","46":"instock","47":"sale","48":"purchasable","49":"product-type-simple"},"acf":[],"_links":{"self":[{"href":"https:\/\/aquatek.cz\/sk\/wp-json\/wp\/v2\/product\/18819","targetHints":{"allow":["GET"]}}],"collection":[{"href":"https:\/\/aquatek.cz\/sk\/wp-json\/wp\/v2\/product"}],"about":[{"href":"https:\/\/aquatek.cz\/sk\/wp-json\/wp\/v2\/types\/product"}],"version-history":[{"count":0,"href":"https:\/\/aquatek.cz\/sk\/wp-json\/wp\/v2\/product\/18819\/revisions"}],"wp:featuredmedia":[{"embeddable":true,"href":"https:\/\/aquatek.cz\/sk\/wp-json\/wp\/v2\/media\/61668"}],"wp:attachment":[{"href":"https:\/\/aquatek.cz\/sk\/wp-json\/wp\/v2\/media?parent=18819"}],"wp:term":[{"taxonomy":"product_brand","embeddable":true,"href":"https:\/\/aquatek.cz\/sk\/wp-json\/wp\/v2\/product_brand?post=18819"},{"taxonomy":"product_cat","embeddable":true,"href":"https:\/\/aquatek.cz\/sk\/wp-json\/wp\/v2\/product_cat?post=18819"},{"taxonomy":"product_tag","embeddable":true,"href":"https:\/\/aquatek.cz\/sk\/wp-json\/wp\/v2\/product_tag?post=18819"},{"taxonomy":"woo-feed-brand","embeddable":true,"href":"https:\/\/aquatek.cz\/sk\/wp-json\/wp\/v2\/woo-feed-brand?post=18819"}],"curies":[{"name":"wp","href":"https:\/\/api.w.org\/{rel}","templated":true}]}}