{"id":18724,"date":"2022-11-10T15:30:32","date_gmt":"2022-11-10T14:30:32","guid":{"rendered":"https:\/\/aquatek.cz\/nezaraden\u00e9\/pg-28\/"},"modified":"2025-12-03T08:18:07","modified_gmt":"2025-12-03T07:18:07","slug":"pg-28","status":"publish","type":"product","link":"https:\/\/aquatek.cz\/sk\/pg-28\/","title":{"rendered":"PG-28"},"content":{"rendered":"<div data-elementor-type=\"wp-post\" data-elementor-id=\"18724\" class=\"elementor elementor-18724\" data-elementor-post-type=\"product\">\n\t\t\t\t\t\t<section class=\"elementor-section elementor-top-section elementor-element elementor-element-2b722684 download elementor-section-full_width elementor-section-height-default elementor-section-height-default\" data-id=\"2b722684\" data-element_type=\"section\" data-e-type=\"section\" id=\"download\">\n\t\t\t\t\t\t<div class=\"elementor-container elementor-column-gap-default\">\n\t\t\t\t\t<div class=\"elementor-column elementor-col-100 elementor-top-column elementor-element elementor-element-6bd01aff\" data-id=\"6bd01aff\" data-element_type=\"column\" data-e-type=\"column\">\n\t\t\t<div class=\"elementor-widget-wrap elementor-element-populated\">\n\t\t\t\t\t\t<section class=\"elementor-section elementor-inner-section elementor-element elementor-element-6527fced elementor-section-full_width stiahnut elementor-section-height-default elementor-section-height-default\" data-id=\"6527fced\" data-element_type=\"section\" data-e-type=\"section\" id=\"stiahnut\">\n\t\t\t\t\t\t<div class=\"elementor-container elementor-column-gap-default\">\n\t\t\t\t\t<div class=\"elementor-column elementor-col-100 elementor-inner-column elementor-element elementor-element-5102add7\" data-id=\"5102add7\" data-element_type=\"column\" data-e-type=\"column\">\n\t\t\t<div class=\"elementor-widget-wrap elementor-element-populated\">\n\t\t\t\t\t\t<div class=\"elementor-element elementor-element-1320fa09 elementor-widget elementor-widget-heading\" data-id=\"1320fa09\" data-element_type=\"widget\" data-e-type=\"widget\" data-widget_type=\"heading.default\">\n\t\t\t\t<div class=\"elementor-widget-container\">\n\t\t\t\t\t<h2 class=\"elementor-heading-title elementor-size-medium\">Ke sta\u017een\u00ed<\/h2>\t\t\t\t<\/div>\n\t\t\t\t<\/div>\n\t\t\t\t\t<\/div>\n\t\t<\/div>\n\t\t\t\t\t<\/div>\n\t\t<\/section>\n\t\t\t\t<section class=\"elementor-section elementor-inner-section elementor-element elementor-element-7c29a981 elementor-section-full_width stiahnut elementor-section-height-default elementor-section-height-default\" data-id=\"7c29a981\" data-element_type=\"section\" data-e-type=\"section\" id=\"stiahnut\">\n\t\t\t\t\t\t<div class=\"elementor-container elementor-column-gap-default\">\n\t\t\t\t\t<div class=\"elementor-column elementor-col-50 elementor-inner-column elementor-element elementor-element-286a0633\" data-id=\"286a0633\" data-element_type=\"column\" data-e-type=\"column\">\n\t\t\t<div class=\"elementor-widget-wrap elementor-element-populated\">\n\t\t\t\t\t\t<div class=\"elementor-element elementor-element-33d05fce elementor-widget elementor-widget-wd_list\" data-id=\"33d05fce\" data-element_type=\"widget\" data-e-type=\"widget\" data-widget_type=\"wd_list.default\">\n\t\t\t\t<div class=\"elementor-widget-container\">\n\t\t\t\t\t\t\t<ul class=\"wd-list color-scheme- wd-fontsize-xs wd-type-icon wd-style-default text-left\">\n\t\t\t\t\t\t\t\t\t\t\t<li class=\"elementor-repeater-item-e4e357f\">\n\t\t\t\t\t\t\t\t\t\t\t<span class=\"wd-icon\"><svg class=\"e-font-icon-svg e-far-file-pdf\" viewbox=\"0 0 384 512\" xmlns=\"http:\/\/www.w3.org\/2000\/svg\"><path d=\"M369.9 97.9L286 14C277 5 264.8-.1 252.1-.1H48C21.5 0 0 21.5 0 48v416c0 26.5 21.5 48 48 48h288c26.5 0 48-21.5 48-48V131.9c0-12.7-5.1-25-14.1-34zM332.1 128H256V51.9l76.1 76.1zM48 464V48h160v104c0 13.3 10.7 24 24 24h104v288H48zm250.2-143.7c-12.2-12-47-8.7-64.4-6.5-17.2-10.5-28.7-25-36.8-46.3 3.9-16.1 10.1-40.6 5.4-56-4.2-26.2-37.8-23.6-42.6-5.9-4.4 16.1-.4 38.5 7 67.1-10 23.9-24.9 56-35.4 74.4-20 10.3-47 26.2-51 46.2-3.3 15.8 26 55.2 76.1-31.2 22.4-7.4 46.8-16.5 68.4-20.1 18.9 10.2 41 17 55.8 17 25.5 0 28-28.2 17.5-38.7zm-198.1 77.8c5.1-13.7 24.5-29.5 30.4-35-19 30.3-30.4 35.7-30.4 35zm81.6-190.6c7.4 0 6.7 32.1 1.8 40.8-4.4-13.9-4.3-40.8-1.8-40.8zm-24.4 136.6c9.7-16.9 18-37 24.7-54.7 8.3 15.1 18.9 27.2 30.1 35.5-20.8 4.3-38.9 13.1-54.8 19.2zm131.6-5s-5 6-37.3-7.8c35.1-2.6 40.9 5.4 37.3 7.8z\"><\/path><\/svg><\/span>\t\t\t\t\t\n\t\t\t\t\t<span class=\"wd-list-content list-content\">\n\t\t\t\t\t\tMont\u00e1\u017en\u00ed n\u00e1vod\t\t\t\t\t<\/span>\n\n\t\t\t\t\t\n\t\t\t\t\t\t<a  href=\"https:\/\/aquatek.cz\/wp-content\/uploads\/PDF\/sprchove_supravy\/PG_28_MN.pdf\" target=\"_blank\" class=\"wd-fill\" aria-label=\"List item link\"><\/a>\n\t\t\t\t\t\t\t\t\t<\/li>\n\t\t\t\t\t<\/ul>\n\n\t\t\t\t\t\t<\/div>\n\t\t\t\t<\/div>\n\t\t\t\t\t<\/div>\n\t\t<\/div>\n\t\t\t\t<div class=\"elementor-column elementor-col-50 elementor-inner-column elementor-element elementor-element-5f0cd0a8\" data-id=\"5f0cd0a8\" data-element_type=\"column\" data-e-type=\"column\">\n\t\t\t<div class=\"elementor-widget-wrap elementor-element-populated\">\n\t\t\t\t\t\t<div class=\"elementor-element elementor-element-7543827f elementor-widget elementor-widget-wd_list\" data-id=\"7543827f\" data-element_type=\"widget\" data-e-type=\"widget\" data-widget_type=\"wd_list.default\">\n\t\t\t\t<div class=\"elementor-widget-container\">\n\t\t\t\t\t\t\t<ul class=\"wd-list color-scheme- wd-fontsize-xs wd-type-icon wd-style-default text-left\">\n\t\t\t\t\t\t\t\t\t\t\t<li class=\"elementor-repeater-item-c16f7df\">\n\t\t\t\t\t\t\t\t\t\t\t<span class=\"wd-icon\"><svg class=\"e-font-icon-svg e-far-file-pdf\" viewbox=\"0 0 384 512\" xmlns=\"http:\/\/www.w3.org\/2000\/svg\"><path d=\"M369.9 97.9L286 14C277 5 264.8-.1 252.1-.1H48C21.5 0 0 21.5 0 48v416c0 26.5 21.5 48 48 48h288c26.5 0 48-21.5 48-48V131.9c0-12.7-5.1-25-14.1-34zM332.1 128H256V51.9l76.1 76.1zM48 464V48h160v104c0 13.3 10.7 24 24 24h104v288H48zm250.2-143.7c-12.2-12-47-8.7-64.4-6.5-17.2-10.5-28.7-25-36.8-46.3 3.9-16.1 10.1-40.6 5.4-56-4.2-26.2-37.8-23.6-42.6-5.9-4.4 16.1-.4 38.5 7 67.1-10 23.9-24.9 56-35.4 74.4-20 10.3-47 26.2-51 46.2-3.3 15.8 26 55.2 76.1-31.2 22.4-7.4 46.8-16.5 68.4-20.1 18.9 10.2 41 17 55.8 17 25.5 0 28-28.2 17.5-38.7zm-198.1 77.8c5.1-13.7 24.5-29.5 30.4-35-19 30.3-30.4 35.7-30.4 35zm81.6-190.6c7.4 0 6.7 32.1 1.8 40.8-4.4-13.9-4.3-40.8-1.8-40.8zm-24.4 136.6c9.7-16.9 18-37 24.7-54.7 8.3 15.1 18.9 27.2 30.1 35.5-20.8 4.3-38.9 13.1-54.8 19.2zm131.6-5s-5 6-37.3-7.8c35.1-2.6 40.9 5.4 37.3 7.8z\"><\/path><\/svg><\/span>\t\t\t\t\t\n\t\t\t\t\t<span class=\"wd-list-content list-content\">\n\t\t\t\t\t\t\u00dadr\u017eba\t\t\t\t\t<\/span>\n\n\t\t\t\t\t\n\t\t\t\t\t\t<a  href=\"https:\/\/aquatek.cz\/wp-content\/uploads\/PDF\/sprchove_supravy\/UDRZBA_SPRCHOVE_SUPRAVY.pdf\" target=\"_blank\" class=\"wd-fill\" aria-label=\"List item link\"><\/a>\n\t\t\t\t\t\t\t\t\t<\/li>\n\t\t\t\t\t<\/ul>\n\n\t\t\t\t\t\t<\/div>\n\t\t\t\t<\/div>\n\t\t\t\t\t<\/div>\n\t\t<\/div>\n\t\t\t\t\t<\/div>\n\t\t<\/section>\n\t\t\t\t<section class=\"elementor-section elementor-inner-section elementor-element elementor-element-e935cd5 elementor-section-full_width stiahnut elementor-section-height-default elementor-section-height-default\" data-id=\"e935cd5\" data-element_type=\"section\" data-e-type=\"section\" id=\"stiahnut\">\n\t\t\t\t\t\t<div class=\"elementor-container elementor-column-gap-default\">\n\t\t\t\t\t<div class=\"elementor-column elementor-col-100 elementor-inner-column elementor-element elementor-element-7cb87040\" data-id=\"7cb87040\" data-element_type=\"column\" data-e-type=\"column\">\n\t\t\t<div class=\"elementor-widget-wrap elementor-element-populated\">\n\t\t\t\t\t\t<div class=\"elementor-element elementor-element-20080f33 elementor-widget elementor-widget-image\" data-id=\"20080f33\" data-element_type=\"widget\" data-e-type=\"widget\" data-widget_type=\"image.default\">\n\t\t\t\t<div class=\"elementor-widget-container\">\n\t\t\t\t\t\t\t\t\t\t\t\t\t\t\t\t<a href=\"https:\/\/aquatek.cz\/wp-content\/uploads\/2025\/11\/PG_28_TECH_GALERIA.jpg\" data-elementor-open-lightbox=\"yes\" data-elementor-lightbox-title=\"PG_28_TECH_GALERIA\" data-e-action-hash=\"#elementor-action%3Aaction%3Dlightbox%26settings%3DeyJpZCI6ODcwNzgsInVybCI6Imh0dHBzOlwvXC9hcXVhdGVrLmN6XC93cC1jb250ZW50XC91cGxvYWRzXC8yMDI1XC8xMVwvUEdfMjhfVEVDSF9HQUxFUklBLmpwZyJ9\">\n\t\t\t\t\t\t\t<img fetchpriority=\"high\" decoding=\"async\" width=\"1399\" height=\"1000\" src=\"https:\/\/aquatek.cz\/wp-content\/uploads\/2025\/11\/PG_28_TECH_GALERIA-1399x1000.jpg\" class=\"attachment-large size-large wp-image-87078\" alt=\"\" srcset=\"https:\/\/aquatek.cz\/wp-content\/uploads\/2025\/11\/PG_28_TECH_GALERIA-1399x1000.jpg 1399w, https:\/\/aquatek.cz\/wp-content\/uploads\/2025\/11\/PG_28_TECH_GALERIA-600x429.jpg 600w, https:\/\/aquatek.cz\/wp-content\/uploads\/2025\/11\/PG_28_TECH_GALERIA-210x150.jpg 210w, https:\/\/aquatek.cz\/wp-content\/uploads\/2025\/11\/PG_28_TECH_GALERIA-1200x858.jpg 1200w, https:\/\/aquatek.cz\/wp-content\/uploads\/2025\/11\/PG_28_TECH_GALERIA-400x286.jpg 400w, https:\/\/aquatek.cz\/wp-content\/uploads\/2025\/11\/PG_28_TECH_GALERIA-768x549.jpg 768w, https:\/\/aquatek.cz\/wp-content\/uploads\/2025\/11\/PG_28_TECH_GALERIA-1536x1098.jpg 1536w, https:\/\/aquatek.cz\/wp-content\/uploads\/2025\/11\/PG_28_TECH_GALERIA.jpg 1654w\" sizes=\"(max-width: 1399px) 100vw, 1399px\" \/>\t\t\t\t\t\t\t\t<\/a>\n\t\t\t\t\t\t\t\t\t\t\t\t\t\t\t<\/div>\n\t\t\t\t<\/div>\n\t\t\t\t\t<\/div>\n\t\t<\/div>\n\t\t\t\t\t<\/div>\n\t\t<\/section>\n\t\t\t\t\t<\/div>\n\t\t<\/div>\n\t\t\t\t\t<\/div>\n\t\t<\/section>\n\t\t\t\t<\/div>","protected":false},"excerpt":{"rendered":"<p><b>Sprchov\u00fd sloup kulat\u00fd s p\u0159ep\u00edna\u010dem<\/b><\/p>\n<p>Kombinace hlavov\u00e9 a ru\u010dn\u00ed sprchy <strong>PG-28<\/strong> v\u00e1m poskytne perfektn\u00ed po\u017eitek ze sprchov\u00e1n\u00ed. Sprchov\u00fd syst\u00e9m bez baterie, pouze s p\u0159ep\u00edna\u010dem obsahuje sprchovou ty\u010d s posuvn\u00fdm jezdcem, ru\u010dn\u00ed sprchu s kovovou sprchovou hadic\u00ed, kovovou p\u0159ipojovac\u00ed hadici, hlavovou sprchu o pr\u016fm\u011bru \u00d8 200 mm <strong>s jedn\u00edm typem sprchov\u00e9ho proudu.<\/strong><\/p>\n<p>P\u0159ep\u00edna\u010dem lze zvolit proud z ru\u010dn\u00ed nebo z hlavov\u00e9 sprchy. <strong>Hlavov\u00e1 sprcha nab\u00edz\u00ed p\u0159\u00edjemn\u00fd vodn\u00ed proud<\/strong>, kter\u00fd d\u00edky v\u011bt\u0161\u00edmu pr\u016fm\u011bru sprchov\u00e9 hlavice bez obt\u00ed\u017e\u00ed zahal\u00ed va\u0161e t\u011blo a umo\u017en\u00ed mu nastartovat proces relaxace.<\/p>\n<p><strong>Sou\u010d\u00e1st\u00ed setu je i ru\u010dn\u00ed sprcha se t\u0159emi druhy sprchov\u00fdch proud\u016f<\/strong>. Ru\u010dn\u00ed sprcha se p\u0159\u00edjemn\u011b dr\u017e\u00ed a p\u0159ep\u00edn\u00e1n\u00ed mezi proudy je snadn\u00e9. V p\u0159\u00edpad\u011b pot\u0159eby je mo\u017en\u00e9 ji um\u00edstit do poj\u00edzdn\u00e9ho jezdce a sm\u011b\u0159ovat proudy podle pot\u0159eby.<\/p>\n<p><strong>Sprchov\u00e1 hadice z nerezav\u011bj\u00edc\u00ed oceli nab\u00edz\u00ed d\u00e9lku 1 500 mm<\/strong>, co\u017e pokryje pot\u0159eby vy\u0161\u0161\u00edch osob i mal\u00fdch d\u011bt\u00ed. <strong>Kovov\u00e1 p\u0159ipojovac\u00ed hadice pracuje o d\u00e9lce 500 mm<\/strong>, proto nebude slo\u017eit\u00e9 ji pohodln\u011b p\u0159ipojit k baterii.<\/p>\n<p>V\u00fdhodou tohoto setu je zejm\u00e9na <strong>mo\u017enost p\u0159ipojit sprchov\u00fd set k jak\u00e9koli vodovodn\u00ed baterii<\/strong>. Hod\u00ed se tedy zejm\u00e9na do byt\u016f s pl\u00e1novanou rekonstrukc\u00ed nebo startovac\u00edch byt\u016f.<\/p>","protected":false},"featured_media":62326,"template":"","meta":{"_acf_changed":false},"product_brand":[],"product_cat":[525],"product_tag":[],"woo-feed-brand":[],"class_list":{"0":"post-18724","1":"product","2":"type-product","3":"status-publish","4":"has-post-thumbnail","6":"product_cat-sprchove-stlpy","7":"pa_farba-tab-chrom","8":"pa_hloubka-cm-4832","9":"pa_nazov-tab-pg-28","10":"pa_sirka-cm-tab-3577","11":"pa_vyska-cm-mim-76-5-max-113-5-2","12":"pa_vyska-tab-mim-76-5-max-113-5","14":"first","15":"instock","16":"sale","17":"purchasable","18":"product-type-simple"},"acf":[],"_links":{"self":[{"href":"https:\/\/aquatek.cz\/sk\/wp-json\/wp\/v2\/product\/18724","targetHints":{"allow":["GET"]}}],"collection":[{"href":"https:\/\/aquatek.cz\/sk\/wp-json\/wp\/v2\/product"}],"about":[{"href":"https:\/\/aquatek.cz\/sk\/wp-json\/wp\/v2\/types\/product"}],"version-history":[{"count":0,"href":"https:\/\/aquatek.cz\/sk\/wp-json\/wp\/v2\/product\/18724\/revisions"}],"wp:featuredmedia":[{"embeddable":true,"href":"https:\/\/aquatek.cz\/sk\/wp-json\/wp\/v2\/media\/62326"}],"wp:attachment":[{"href":"https:\/\/aquatek.cz\/sk\/wp-json\/wp\/v2\/media?parent=18724"}],"wp:term":[{"taxonomy":"product_brand","embeddable":true,"href":"https:\/\/aquatek.cz\/sk\/wp-json\/wp\/v2\/product_brand?post=18724"},{"taxonomy":"product_cat","embeddable":true,"href":"https:\/\/aquatek.cz\/sk\/wp-json\/wp\/v2\/product_cat?post=18724"},{"taxonomy":"product_tag","embeddable":true,"href":"https:\/\/aquatek.cz\/sk\/wp-json\/wp\/v2\/product_tag?post=18724"},{"taxonomy":"woo-feed-brand","embeddable":true,"href":"https:\/\/aquatek.cz\/sk\/wp-json\/wp\/v2\/woo-feed-brand?post=18724"}],"curies":[{"name":"wp","href":"https:\/\/api.w.org\/{rel}","templated":true}]}}