{"id":18431,"date":"2022-11-10T15:27:15","date_gmt":"2022-11-10T14:27:15","guid":{"rendered":"https:\/\/aquatek.cz\/nezaraden\u00e9\/tekno-cal-125ml\/"},"modified":"2025-12-10T10:21:07","modified_gmt":"2025-12-10T09:21:07","slug":"tekno-cal-125ml","status":"publish","type":"product","link":"https:\/\/aquatek.cz\/sk\/tekno-cal-125ml\/","title":{"rendered":"TEKNO.CAL 125ml"},"content":{"rendered":"<div data-elementor-type=\"wp-post\" data-elementor-id=\"18431\" class=\"elementor elementor-18431\" data-elementor-post-type=\"product\">\n\t\t\t\t\t\t<section class=\"elementor-section elementor-top-section elementor-element elementor-element-74aeb6f8 download elementor-section-full_width elementor-section-height-default elementor-section-height-default\" data-id=\"74aeb6f8\" data-element_type=\"section\" data-e-type=\"section\" id=\"download\">\n\t\t\t\t\t\t<div class=\"elementor-container elementor-column-gap-default\">\n\t\t\t\t\t<div class=\"elementor-column elementor-col-100 elementor-top-column elementor-element elementor-element-3ce113ff\" data-id=\"3ce113ff\" data-element_type=\"column\" data-e-type=\"column\">\n\t\t\t<div class=\"elementor-widget-wrap elementor-element-populated\">\n\t\t\t\t\t\t<section class=\"elementor-section elementor-inner-section elementor-element elementor-element-1d3a1417 elementor-section-full_width stiahnut elementor-section-height-default elementor-section-height-default\" data-id=\"1d3a1417\" data-element_type=\"section\" data-e-type=\"section\" id=\"stiahnut\">\n\t\t\t\t\t\t<div class=\"elementor-container elementor-column-gap-default\">\n\t\t\t\t\t<div class=\"elementor-column elementor-col-100 elementor-inner-column elementor-element elementor-element-42a0ebdc\" data-id=\"42a0ebdc\" data-element_type=\"column\" data-e-type=\"column\">\n\t\t\t<div class=\"elementor-widget-wrap elementor-element-populated\">\n\t\t\t\t\t\t<div class=\"elementor-element elementor-element-7ed16fc4 elementor-widget elementor-widget-heading\" data-id=\"7ed16fc4\" data-element_type=\"widget\" data-e-type=\"widget\" data-widget_type=\"heading.default\">\n\t\t\t\t<div class=\"elementor-widget-container\">\n\t\t\t\t\t<h2 class=\"elementor-heading-title elementor-size-medium\">Na stiahnutie<\/h2>\t\t\t\t<\/div>\n\t\t\t\t<\/div>\n\t\t\t\t\t<\/div>\n\t\t<\/div>\n\t\t\t\t\t<\/div>\n\t\t<\/section>\n\t\t\t\t<section class=\"elementor-section elementor-inner-section elementor-element elementor-element-4278f34 elementor-section-full_width stiahnut elementor-section-height-default elementor-section-height-default\" data-id=\"4278f34\" data-element_type=\"section\" data-e-type=\"section\" id=\"stiahnut\">\n\t\t\t\t\t\t<div class=\"elementor-container elementor-column-gap-default\">\n\t\t\t\t\t<div class=\"elementor-column elementor-col-100 elementor-inner-column elementor-element elementor-element-12340c02\" data-id=\"12340c02\" data-element_type=\"column\" data-e-type=\"column\">\n\t\t\t<div class=\"elementor-widget-wrap elementor-element-populated\">\n\t\t\t\t\t\t<div class=\"elementor-element elementor-element-e86ca57 elementor-widget elementor-widget-wd_list\" data-id=\"e86ca57\" data-element_type=\"widget\" data-e-type=\"widget\" data-widget_type=\"wd_list.default\">\n\t\t\t\t<div class=\"elementor-widget-container\">\n\t\t\t\t\t\t\t<ul class=\"wd-list color-scheme- wd-fontsize-xs wd-type-icon wd-style-default text-left\">\n\t\t\t\t\t\t\t\t\t\t\t<li class=\"elementor-repeater-item-e4e357f\">\n\t\t\t\t\t\t\t\t\t\t\t<span class=\"wd-icon\"><svg class=\"e-font-icon-svg e-far-file-pdf\" viewbox=\"0 0 384 512\" xmlns=\"http:\/\/www.w3.org\/2000\/svg\"><path d=\"M369.9 97.9L286 14C277 5 264.8-.1 252.1-.1H48C21.5 0 0 21.5 0 48v416c0 26.5 21.5 48 48 48h288c26.5 0 48-21.5 48-48V131.9c0-12.7-5.1-25-14.1-34zM332.1 128H256V51.9l76.1 76.1zM48 464V48h160v104c0 13.3 10.7 24 24 24h104v288H48zm250.2-143.7c-12.2-12-47-8.7-64.4-6.5-17.2-10.5-28.7-25-36.8-46.3 3.9-16.1 10.1-40.6 5.4-56-4.2-26.2-37.8-23.6-42.6-5.9-4.4 16.1-.4 38.5 7 67.1-10 23.9-24.9 56-35.4 74.4-20 10.3-47 26.2-51 46.2-3.3 15.8 26 55.2 76.1-31.2 22.4-7.4 46.8-16.5 68.4-20.1 18.9 10.2 41 17 55.8 17 25.5 0 28-28.2 17.5-38.7zm-198.1 77.8c5.1-13.7 24.5-29.5 30.4-35-19 30.3-30.4 35.7-30.4 35zm81.6-190.6c7.4 0 6.7 32.1 1.8 40.8-4.4-13.9-4.3-40.8-1.8-40.8zm-24.4 136.6c9.7-16.9 18-37 24.7-54.7 8.3 15.1 18.9 27.2 30.1 35.5-20.8 4.3-38.9 13.1-54.8 19.2zm131.6-5s-5 6-37.3-7.8c35.1-2.6 40.9 5.4 37.3 7.8z\"><\/path><\/svg><\/span>\t\t\t\t\t\n\t\t\t\t\t<span class=\"wd-list-content list-content\">\n\t\t\t\t\t\tTEKNO.CAL\t\t\t\t\t<\/span>\n\n\t\t\t\t\t\n\t\t\t\t\t\t<a  href=\"https:\/\/aquatek.cz\/wp-content\/uploads\/PDF\/sprchove_kuty\/udrzba.pdf\" target=\"_blank\" class=\"wd-fill\" aria-label=\"List item link\"><\/a>\n\t\t\t\t\t\t\t\t\t<\/li>\n\t\t\t\t\t<\/ul>\n\n\t\t\t\t\t\t<\/div>\n\t\t\t\t<\/div>\n\t\t\t\t\t<\/div>\n\t\t<\/div>\n\t\t\t\t\t<\/div>\n\t\t<\/section>\n\t\t\t\t\t<\/div>\n\t\t<\/div>\n\t\t\t\t\t<\/div>\n\t\t<\/section>\n\t\t\t\t<\/div>","protected":false},"excerpt":{"rendered":"<p><b>\u00daprava proti vodn\u00edmu kameni \u2013 125ml<\/b><\/p>\n<p>Tato \u00faprava je pouh\u00fdm okem neviditeln\u00e1, m\u00e1 optim\u00e1ln\u00ed trvanlivost a aplikuje se s velkou lehkost\u00ed na skla nejen nov\u00fdch sprchov\u00fdch kout\u016f, ale tak\u00e9 ji\u017e namontovan\u00fdch (po p\u0159edchoz\u00ed aplikaci p\u0159\u00edpravku <strong>REMOVE.GEL<\/strong>). Je to v\u00fdborn\u00fd n\u00e1stroj pro dlouhodobou ochranu pr\u016fhlednosti skla a usnad\u0148uje pr\u00e1ce p\u0159i \u010di\u0161t\u011bn\u00ed a \u00fadr\u017eb\u011b. Povrch skla je vlastn\u011b extr\u00e9mn\u011b por\u00e9zn\u00ed, co\u017e pouh\u00fdm okem nen\u00ed viditeln\u00e9. Tento faktor zp\u016fsobuje, \u017ee bez specifick\u00e9 \u00fapravy ztr\u00e1c\u00ed rychle svoji pr\u016fhlednost a lesk a z toho pramen\u00ed r\u016fzn\u00e9 probl\u00e9my p\u0159i \u00fadr\u017eb\u011b.<br \/>\n<strong>\u00daprava zalo\u017een\u00e1 na nanotechnologii TEKNO.CAL<\/strong> se zrodila ze zku\u0161enost\u00ed v\u00fdrobce, kter\u00fd pracuje desetilet\u00ed v odv\u011btv\u00ed skla a keramiky. Chemickou reakc\u00ed v kombinaci s k\u0159emenitou hlinkou, kter\u00e1 se nach\u00e1z\u00ed jak ve skle, tak v keramick\u00e9 glazu\u0159e, se \u00faprava v\u00e1\u017ee na o\u0161et\u0159ovan\u00fd povrch, p\u0159i\u010dem\u017e se s n\u00edm zcela spoj\u00ed. Takto se zv\u00fd\u0161\u00ed hydrofobn\u00ed vlastnosti povrchu, sn\u00ed\u017e\u00ed se na minimum mo\u017en\u00e9 body p\u0159ilnavosti \u0161p\u00edny a n\u00e1nos\u016f v\u00e1pence a sod\u00edku. V\u00fdsledkem je mimo\u0159\u00e1dn\u011b hladk\u00fd a uzav\u0159en\u00fd povrch s n\u00e1slednou odolnost\u00ed v\u016f\u010di vod\u011b s antibakteri\u00e1ln\u00edm \u00fa\u010dinkem. <strong>\u00daprava TEKNO.CAL se m\u016f\u017ee aplikovat<\/strong> na sprchov\u00e9 boxy, zrcadla, sklen\u011bn\u00e1 a keramick\u00e1 umyvadla, keramickou sanitu a obklady.<\/p>","protected":false},"featured_media":62402,"template":"","meta":{"_acf_changed":false},"product_brand":[],"product_cat":[517],"product_tag":[],"woo-feed-brand":[],"class_list":{"0":"post-18431","1":"product","2":"type-product","3":"status-publish","4":"has-post-thumbnail","6":"product_cat-udrzba-skla","7":"pa_nazov-tab-tekno-cal-125ml","9":"first","10":"instock","11":"sale","12":"purchasable","13":"product-type-simple"},"acf":[],"_links":{"self":[{"href":"https:\/\/aquatek.cz\/sk\/wp-json\/wp\/v2\/product\/18431","targetHints":{"allow":["GET"]}}],"collection":[{"href":"https:\/\/aquatek.cz\/sk\/wp-json\/wp\/v2\/product"}],"about":[{"href":"https:\/\/aquatek.cz\/sk\/wp-json\/wp\/v2\/types\/product"}],"version-history":[{"count":0,"href":"https:\/\/aquatek.cz\/sk\/wp-json\/wp\/v2\/product\/18431\/revisions"}],"wp:featuredmedia":[{"embeddable":true,"href":"https:\/\/aquatek.cz\/sk\/wp-json\/wp\/v2\/media\/62402"}],"wp:attachment":[{"href":"https:\/\/aquatek.cz\/sk\/wp-json\/wp\/v2\/media?parent=18431"}],"wp:term":[{"taxonomy":"product_brand","embeddable":true,"href":"https:\/\/aquatek.cz\/sk\/wp-json\/wp\/v2\/product_brand?post=18431"},{"taxonomy":"product_cat","embeddable":true,"href":"https:\/\/aquatek.cz\/sk\/wp-json\/wp\/v2\/product_cat?post=18431"},{"taxonomy":"product_tag","embeddable":true,"href":"https:\/\/aquatek.cz\/sk\/wp-json\/wp\/v2\/product_tag?post=18431"},{"taxonomy":"woo-feed-brand","embeddable":true,"href":"https:\/\/aquatek.cz\/sk\/wp-json\/wp\/v2\/woo-feed-brand?post=18431"}],"curies":[{"name":"wp","href":"https:\/\/api.w.org\/{rel}","templated":true}]}}