{"id":8989,"date":"2022-11-06T20:01:52","date_gmt":"2022-11-06T19:01:52","guid":{"rendered":"https:\/\/aquatek.cz\/?page_id=8989"},"modified":"2025-11-06T07:34:58","modified_gmt":"2025-11-06T06:34:58","slug":"vyplne","status":"publish","type":"page","link":"https:\/\/aquatek.cz\/sk\/vyplne\/","title":{"rendered":"V\u00fdplne"},"content":{"rendered":"<div data-elementor-type=\"wp-page\" data-elementor-id=\"8989\" class=\"elementor elementor-8989\" data-elementor-post-type=\"page\">\n\t\t\t\t\t\t<section class=\"elementor-section elementor-top-section elementor-element elementor-element-5769349 elementor-section-boxed elementor-section-height-default elementor-section-height-default\" data-id=\"5769349\" data-element_type=\"section\" data-e-type=\"section\" data-settings=\"{&quot;background_background&quot;:&quot;classic&quot;}\">\n\t\t\t\t\t\t<div class=\"elementor-container elementor-column-gap-default\">\n\t\t\t\t\t<div class=\"elementor-column elementor-col-50 elementor-top-column elementor-element elementor-element-1d8fb50\" data-id=\"1d8fb50\" data-element_type=\"column\" data-e-type=\"column\">\n\t\t\t<div class=\"elementor-widget-wrap elementor-element-populated\">\n\t\t\t\t\t\t<div class=\"elementor-element elementor-element-35c45a8 elementor-position-left elementor-vertical-align-top elementor-widget elementor-widget-image-box\" data-id=\"35c45a8\" data-element_type=\"widget\" data-e-type=\"widget\" data-widget_type=\"image-box.default\">\n\t\t\t\t<div class=\"elementor-widget-container\">\n\t\t\t\t\t<div class=\"elementor-image-box-wrapper\"><figure class=\"elementor-image-box-img\"><img fetchpriority=\"high\" decoding=\"async\" width=\"2048\" height=\"2048\" src=\"https:\/\/aquatek.cz\/wp-content\/uploads\/2025\/10\/sklo_grape.jpg\" class=\"attachment-full size-full wp-image-82102\" alt=\"\" srcset=\"https:\/\/aquatek.cz\/wp-content\/uploads\/2025\/10\/sklo_grape.jpg 2048w, https:\/\/aquatek.cz\/wp-content\/uploads\/2025\/10\/sklo_grape-600x600.jpg 600w, https:\/\/aquatek.cz\/wp-content\/uploads\/2025\/10\/sklo_grape-210x210.jpg 210w, https:\/\/aquatek.cz\/wp-content\/uploads\/2025\/10\/sklo_grape-1200x1200.jpg 1200w, https:\/\/aquatek.cz\/wp-content\/uploads\/2025\/10\/sklo_grape-300x300.jpg 300w, https:\/\/aquatek.cz\/wp-content\/uploads\/2025\/10\/sklo_grape-1000x1000.jpg 1000w, https:\/\/aquatek.cz\/wp-content\/uploads\/2025\/10\/sklo_grape-150x150.jpg 150w, https:\/\/aquatek.cz\/wp-content\/uploads\/2025\/10\/sklo_grape-768x768.jpg 768w, https:\/\/aquatek.cz\/wp-content\/uploads\/2025\/10\/sklo_grape-1536x1536.jpg 1536w\" sizes=\"(max-width: 2048px) 100vw, 2048px\" \/><\/figure><div class=\"elementor-image-box-content\"><h3 class=\"elementor-image-box-title\">Sklo - vzor grap\u00e9 (60)<\/h3><p class=\"elementor-image-box-description\">Bezpe\u010dnostn\u00e9 kalen\u00e9 sklo, neprieh\u013eadn\u00e9, vzor podobn\u00fd pomaran\u010dovej k\u00f4re, zvn\u00fatra hladk\u00e9. Hr\u00fabka skla 4 alebo 6 mm.<\/p><\/div><\/div>\t\t\t\t<\/div>\n\t\t\t\t<\/div>\n\t\t\t\t\t<\/div>\n\t\t<\/div>\n\t\t\t\t<div class=\"elementor-column elementor-col-50 elementor-top-column elementor-element elementor-element-4cfe354\" data-id=\"4cfe354\" data-element_type=\"column\" data-e-type=\"column\">\n\t\t\t<div class=\"elementor-widget-wrap elementor-element-populated\">\n\t\t\t\t\t\t<div class=\"elementor-element elementor-element-b52f9ba elementor-position-left elementor-vertical-align-top elementor-widget elementor-widget-image-box\" data-id=\"b52f9ba\" data-element_type=\"widget\" data-e-type=\"widget\" data-widget_type=\"image-box.default\">\n\t\t\t\t<div class=\"elementor-widget-container\">\n\t\t\t\t\t<div class=\"elementor-image-box-wrapper\"><figure class=\"elementor-image-box-img\"><img decoding=\"async\" width=\"1500\" height=\"1559\" src=\"https:\/\/aquatek.cz\/wp-content\/uploads\/2025\/10\/sklo_matne.jpg\" class=\"attachment-full size-full wp-image-82101\" alt=\"\" srcset=\"https:\/\/aquatek.cz\/wp-content\/uploads\/2025\/10\/sklo_matne.jpg 1500w, https:\/\/aquatek.cz\/wp-content\/uploads\/2025\/10\/sklo_matne-600x624.jpg 600w, https:\/\/aquatek.cz\/wp-content\/uploads\/2025\/10\/sklo_matne-210x218.jpg 210w, https:\/\/aquatek.cz\/wp-content\/uploads\/2025\/10\/sklo_matne-1200x1247.jpg 1200w, https:\/\/aquatek.cz\/wp-content\/uploads\/2025\/10\/sklo_matne-289x300.jpg 289w, https:\/\/aquatek.cz\/wp-content\/uploads\/2025\/10\/sklo_matne-962x1000.jpg 962w, https:\/\/aquatek.cz\/wp-content\/uploads\/2025\/10\/sklo_matne-768x798.jpg 768w, https:\/\/aquatek.cz\/wp-content\/uploads\/2025\/10\/sklo_matne-1478x1536.jpg 1478w\" sizes=\"(max-width: 1500px) 100vw, 1500px\" \/><\/figure><div class=\"elementor-image-box-content\"><h3 class=\"elementor-image-box-title\">Sklo - vzor matn\u00e9 (61)<\/h3><p class=\"elementor-image-box-description\">Bezpe\u010dnostn\u00e9 kalen\u00e9 sklo, neprieh\u013eadn\u00e9, vzor mrie\u017ekovan\u00e9, zvn\u00fatra hladk\u00e9. Hr\u00fabka skla 6 mm.<\/p><\/div><\/div>\t\t\t\t<\/div>\n\t\t\t\t<\/div>\n\t\t\t\t\t<\/div>\n\t\t<\/div>\n\t\t\t\t\t<\/div>\n\t\t<\/section>\n\t\t\t\t<section class=\"elementor-section elementor-top-section elementor-element elementor-element-384c8ee elementor-section-boxed elementor-section-height-default elementor-section-height-default\" data-id=\"384c8ee\" data-element_type=\"section\" data-e-type=\"section\" data-settings=\"{&quot;background_background&quot;:&quot;classic&quot;}\">\n\t\t\t\t\t\t<div class=\"elementor-container elementor-column-gap-default\">\n\t\t\t\t\t<div class=\"elementor-column elementor-col-50 elementor-top-column elementor-element elementor-element-de3eea1\" data-id=\"de3eea1\" data-element_type=\"column\" data-e-type=\"column\">\n\t\t\t<div class=\"elementor-widget-wrap elementor-element-populated\">\n\t\t\t\t\t\t<div class=\"elementor-element elementor-element-372b798 elementor-position-left elementor-vertical-align-top elementor-widget elementor-widget-image-box\" data-id=\"372b798\" data-element_type=\"widget\" data-e-type=\"widget\" data-widget_type=\"image-box.default\">\n\t\t\t\t<div class=\"elementor-widget-container\">\n\t\t\t\t\t<div class=\"elementor-image-box-wrapper\"><figure class=\"elementor-image-box-img\"><img decoding=\"async\" width=\"2048\" height=\"2048\" src=\"https:\/\/aquatek.cz\/wp-content\/uploads\/2025\/10\/sklo_cire.jpg\" class=\"attachment-full size-full wp-image-82104\" alt=\"\" srcset=\"https:\/\/aquatek.cz\/wp-content\/uploads\/2025\/10\/sklo_cire.jpg 2048w, https:\/\/aquatek.cz\/wp-content\/uploads\/2025\/10\/sklo_cire-600x600.jpg 600w, https:\/\/aquatek.cz\/wp-content\/uploads\/2025\/10\/sklo_cire-210x210.jpg 210w, https:\/\/aquatek.cz\/wp-content\/uploads\/2025\/10\/sklo_cire-1200x1200.jpg 1200w, https:\/\/aquatek.cz\/wp-content\/uploads\/2025\/10\/sklo_cire-300x300.jpg 300w, https:\/\/aquatek.cz\/wp-content\/uploads\/2025\/10\/sklo_cire-1000x1000.jpg 1000w, https:\/\/aquatek.cz\/wp-content\/uploads\/2025\/10\/sklo_cire-150x150.jpg 150w, https:\/\/aquatek.cz\/wp-content\/uploads\/2025\/10\/sklo_cire-768x768.jpg 768w, https:\/\/aquatek.cz\/wp-content\/uploads\/2025\/10\/sklo_cire-1536x1536.jpg 1536w\" sizes=\"(max-width: 2048px) 100vw, 2048px\" \/><\/figure><div class=\"elementor-image-box-content\"><h3 class=\"elementor-image-box-title\">Sklo - vzor \u010d\u00edre (62)<\/h3><p class=\"elementor-image-box-description\">Bezpe\u010dnostn\u00e9 kalen\u00e9 sklo, transparentn\u00e9, prieh\u013eadn\u00e9. Hr\u00fabka skla 6 alebo 8 mm.<\/p><\/div><\/div>\t\t\t\t<\/div>\n\t\t\t\t<\/div>\n\t\t\t\t\t<\/div>\n\t\t<\/div>\n\t\t\t\t<div class=\"elementor-column elementor-col-50 elementor-top-column elementor-element elementor-element-63af6b7\" data-id=\"63af6b7\" data-element_type=\"column\" data-e-type=\"column\">\n\t\t\t<div class=\"elementor-widget-wrap elementor-element-populated\">\n\t\t\t\t\t\t<div class=\"elementor-element elementor-element-601002a elementor-position-left elementor-vertical-align-top elementor-widget elementor-widget-image-box\" data-id=\"601002a\" data-element_type=\"widget\" data-e-type=\"widget\" data-widget_type=\"image-box.default\">\n\t\t\t\t<div class=\"elementor-widget-container\">\n\t\t\t\t\t<div class=\"elementor-image-box-wrapper\"><figure class=\"elementor-image-box-img\"><img loading=\"lazy\" decoding=\"async\" width=\"2048\" height=\"2048\" src=\"https:\/\/aquatek.cz\/wp-content\/uploads\/2025\/10\/sklo_frost.jpg\" class=\"attachment-full size-full wp-image-82103\" alt=\"\" srcset=\"https:\/\/aquatek.cz\/wp-content\/uploads\/2025\/10\/sklo_frost.jpg 2048w, https:\/\/aquatek.cz\/wp-content\/uploads\/2025\/10\/sklo_frost-600x600.jpg 600w, https:\/\/aquatek.cz\/wp-content\/uploads\/2025\/10\/sklo_frost-210x210.jpg 210w, https:\/\/aquatek.cz\/wp-content\/uploads\/2025\/10\/sklo_frost-1200x1200.jpg 1200w, https:\/\/aquatek.cz\/wp-content\/uploads\/2025\/10\/sklo_frost-300x300.jpg 300w, https:\/\/aquatek.cz\/wp-content\/uploads\/2025\/10\/sklo_frost-1000x1000.jpg 1000w, https:\/\/aquatek.cz\/wp-content\/uploads\/2025\/10\/sklo_frost-150x150.jpg 150w, https:\/\/aquatek.cz\/wp-content\/uploads\/2025\/10\/sklo_frost-768x768.jpg 768w, https:\/\/aquatek.cz\/wp-content\/uploads\/2025\/10\/sklo_frost-1536x1536.jpg 1536w\" sizes=\"(max-width: 2048px) 100vw, 2048px\" \/><\/figure><div class=\"elementor-image-box-content\"><h3 class=\"elementor-image-box-title\">Sklo - vzor frost (63)<\/h3><p class=\"elementor-image-box-description\">Bezpe\u010dnostn\u00e9 kalen\u00e9 sklo, neprieh\u013eadn\u00e9, vzor mrazen\u00e9, zvn\u00fatra hladk\u00e9. Hr\u00fabka skla 6 alebo 8 mm.<\/p><\/div><\/div>\t\t\t\t<\/div>\n\t\t\t\t<\/div>\n\t\t\t\t\t<\/div>\n\t\t<\/div>\n\t\t\t\t\t<\/div>\n\t\t<\/section>\n\t\t\t\t<section class=\"elementor-section elementor-top-section elementor-element elementor-element-258dc73 elementor-section-boxed elementor-section-height-default elementor-section-height-default\" data-id=\"258dc73\" data-element_type=\"section\" data-e-type=\"section\" data-settings=\"{&quot;background_background&quot;:&quot;classic&quot;}\">\n\t\t\t\t\t\t<div class=\"elementor-container elementor-column-gap-default\">\n\t\t\t\t\t<div class=\"elementor-column elementor-col-50 elementor-top-column elementor-element elementor-element-581c9be\" data-id=\"581c9be\" data-element_type=\"column\" data-e-type=\"column\">\n\t\t\t<div class=\"elementor-widget-wrap elementor-element-populated\">\n\t\t\t\t\t\t<div class=\"elementor-element elementor-element-d74eca1 elementor-position-left elementor-vertical-align-top elementor-widget elementor-widget-image-box\" data-id=\"d74eca1\" data-element_type=\"widget\" data-e-type=\"widget\" data-widget_type=\"image-box.default\">\n\t\t\t\t<div class=\"elementor-widget-container\">\n\t\t\t\t\t<div class=\"elementor-image-box-wrapper\"><figure class=\"elementor-image-box-img\"><img loading=\"lazy\" decoding=\"async\" width=\"2048\" height=\"2048\" src=\"https:\/\/aquatek.cz\/wp-content\/uploads\/2025\/10\/krilex.jpg\" class=\"attachment-full size-full wp-image-82106\" alt=\"\" srcset=\"https:\/\/aquatek.cz\/wp-content\/uploads\/2025\/10\/krilex.jpg 2048w, https:\/\/aquatek.cz\/wp-content\/uploads\/2025\/10\/krilex-600x600.jpg 600w, https:\/\/aquatek.cz\/wp-content\/uploads\/2025\/10\/krilex-210x210.jpg 210w, https:\/\/aquatek.cz\/wp-content\/uploads\/2025\/10\/krilex-1200x1200.jpg 1200w, https:\/\/aquatek.cz\/wp-content\/uploads\/2025\/10\/krilex-300x300.jpg 300w, https:\/\/aquatek.cz\/wp-content\/uploads\/2025\/10\/krilex-1000x1000.jpg 1000w, https:\/\/aquatek.cz\/wp-content\/uploads\/2025\/10\/krilex-150x150.jpg 150w, https:\/\/aquatek.cz\/wp-content\/uploads\/2025\/10\/krilex-768x768.jpg 768w, https:\/\/aquatek.cz\/wp-content\/uploads\/2025\/10\/krilex-1536x1536.jpg 1536w\" sizes=\"(max-width: 2048px) 100vw, 2048px\" \/><\/figure><div class=\"elementor-image-box-content\"><h3 class=\"elementor-image-box-title\">Krilex - vzor voda (17)<\/h3><p class=\"elementor-image-box-description\">Plastov\u00e1 v\u00fdpl\u0148, neprieh\u013eadn\u00e1. Hr\u00fabka skla 2,2 mm.<\/p><\/div><\/div>\t\t\t\t<\/div>\n\t\t\t\t<\/div>\n\t\t\t\t\t<\/div>\n\t\t<\/div>\n\t\t\t\t<div class=\"elementor-column elementor-col-50 elementor-top-column elementor-element elementor-element-1e198de\" data-id=\"1e198de\" data-element_type=\"column\" data-e-type=\"column\">\n\t\t\t<div class=\"elementor-widget-wrap elementor-element-populated\">\n\t\t\t\t\t\t<div class=\"elementor-element elementor-element-0e11305 elementor-position-left elementor-vertical-align-top elementor-widget elementor-widget-image-box\" data-id=\"0e11305\" data-element_type=\"widget\" data-e-type=\"widget\" data-widget_type=\"image-box.default\">\n\t\t\t\t<div class=\"elementor-widget-container\">\n\t\t\t\t\t<div class=\"elementor-image-box-wrapper\"><figure class=\"elementor-image-box-img\"><img loading=\"lazy\" decoding=\"async\" width=\"2048\" height=\"2048\" src=\"https:\/\/aquatek.cz\/wp-content\/uploads\/2025\/10\/sklo_cincilla_58.jpg\" class=\"attachment-full size-full wp-image-82105\" alt=\"\" srcset=\"https:\/\/aquatek.cz\/wp-content\/uploads\/2025\/10\/sklo_cincilla_58.jpg 2048w, https:\/\/aquatek.cz\/wp-content\/uploads\/2025\/10\/sklo_cincilla_58-600x600.jpg 600w, https:\/\/aquatek.cz\/wp-content\/uploads\/2025\/10\/sklo_cincilla_58-210x210.jpg 210w, https:\/\/aquatek.cz\/wp-content\/uploads\/2025\/10\/sklo_cincilla_58-1200x1200.jpg 1200w, https:\/\/aquatek.cz\/wp-content\/uploads\/2025\/10\/sklo_cincilla_58-300x300.jpg 300w, https:\/\/aquatek.cz\/wp-content\/uploads\/2025\/10\/sklo_cincilla_58-1000x1000.jpg 1000w, https:\/\/aquatek.cz\/wp-content\/uploads\/2025\/10\/sklo_cincilla_58-150x150.jpg 150w, https:\/\/aquatek.cz\/wp-content\/uploads\/2025\/10\/sklo_cincilla_58-768x768.jpg 768w, https:\/\/aquatek.cz\/wp-content\/uploads\/2025\/10\/sklo_cincilla_58-1536x1536.jpg 1536w\" sizes=\"(max-width: 2048px) 100vw, 2048px\" \/><\/figure><div class=\"elementor-image-box-content\"><h3 class=\"elementor-image-box-title\">Sklo - vzor cincilla (58)<\/h3><p class=\"elementor-image-box-description\">Bezpe\u010dnostn\u00e9 kalen\u00e9 sklo, neprieh\u013eadn\u00e9, vzor srs\u0165.<\/p><\/div><\/div>\t\t\t\t<\/div>\n\t\t\t\t<\/div>\n\t\t\t\t\t<\/div>\n\t\t<\/div>\n\t\t\t\t\t<\/div>\n\t\t<\/section>\n\t\t\t\t<\/div>","protected":false},"excerpt":{"rendered":"<p>Sklo &#8211; vzor grap\u00e9 (60) Bezpe\u010dnostn\u00e9 kalen\u00e9 sklo, neprieh\u013eadn\u00e9, vzor podobn\u00fd pomaran\u010dovej k\u00f4re, zvn\u00fatra hladk\u00e9. Hr\u00fabka skla 4 alebo 6<\/p>","protected":false},"author":1,"featured_media":0,"parent":0,"menu_order":0,"comment_status":"closed","ping_status":"closed","template":"","meta":{"_acf_changed":false,"footnotes":""},"class_list":["post-8989","page","type-page","status-publish","hentry"],"acf":[],"_links":{"self":[{"href":"https:\/\/aquatek.cz\/sk\/wp-json\/wp\/v2\/pages\/8989","targetHints":{"allow":["GET"]}}],"collection":[{"href":"https:\/\/aquatek.cz\/sk\/wp-json\/wp\/v2\/pages"}],"about":[{"href":"https:\/\/aquatek.cz\/sk\/wp-json\/wp\/v2\/types\/page"}],"author":[{"embeddable":true,"href":"https:\/\/aquatek.cz\/sk\/wp-json\/wp\/v2\/users\/1"}],"replies":[{"embeddable":true,"href":"https:\/\/aquatek.cz\/sk\/wp-json\/wp\/v2\/comments?post=8989"}],"version-history":[{"count":0,"href":"https:\/\/aquatek.cz\/sk\/wp-json\/wp\/v2\/pages\/8989\/revisions"}],"wp:attachment":[{"href":"https:\/\/aquatek.cz\/sk\/wp-json\/wp\/v2\/media?parent=8989"}],"curies":[{"name":"wp","href":"https:\/\/api.w.org\/{rel}","templated":true}]}}