{"id":8961,"date":"2022-11-06T19:40:54","date_gmt":"2022-11-06T18:40:54","guid":{"rendered":"https:\/\/aquatek.cz\/?page_id=8961"},"modified":"2025-11-06T07:37:52","modified_gmt":"2025-11-06T06:37:52","slug":"rady-pre-montaz","status":"publish","type":"page","link":"https:\/\/aquatek.cz\/sk\/rady-pre-montaz\/","title":{"rendered":"Rady pre mont\u00e1\u017e"},"content":{"rendered":"<div data-elementor-type=\"wp-page\" data-elementor-id=\"8961\" class=\"elementor elementor-8961\" data-elementor-post-type=\"page\">\n\t\t\t\t\t\t<section class=\"elementor-section elementor-top-section elementor-element elementor-element-5769349 elementor-section-boxed elementor-section-height-default elementor-section-height-default\" data-id=\"5769349\" data-element_type=\"section\" data-e-type=\"section\" data-settings=\"{&quot;background_background&quot;:&quot;classic&quot;}\">\n\t\t\t\t\t\t<div class=\"elementor-container elementor-column-gap-default\">\n\t\t\t\t\t<div class=\"elementor-column elementor-col-100 elementor-top-column elementor-element elementor-element-1d8fb50\" data-id=\"1d8fb50\" data-element_type=\"column\" data-e-type=\"column\">\n\t\t\t<div class=\"elementor-widget-wrap elementor-element-populated\">\n\t\t\t\t\t\t<div class=\"elementor-element elementor-element-2b844cb color-scheme-inherit text-left elementor-widget elementor-widget-text-editor\" data-id=\"2b844cb\" data-element_type=\"widget\" data-e-type=\"widget\" data-widget_type=\"text-editor.default\">\n\t\t\t\t<div class=\"elementor-widget-container\">\n\t\t\t\t\t\t\t\t\t<section class=\"Section-idm7845638589849320849010 Data type-3\"><div class=\"content_section position-0\"><article id=\"Article_idm7888346253292195568083-6\"><div class=\"Article notab_br decoration-none\"><h3 class=\"article_title align-left\">Mont\u00e1\u017e vani\u010dky<\/h3><p>Murovan\u00e9 steny je nutn\u00e9 oblo\u017ei\u0165 a\u017e po podlahu. Ak pri mont\u00e1\u017ei zasek\u00e1te vani\u010dku pod obklad, sprchovac\u00ed k\u00fat bude presahova\u0165 rozmery vani\u010dky a\u00a0nebude mo\u017en\u00e9 ho namontova\u0165!!! Nesk\u00f4r sa m\u00f4\u017ee na\u00a0silik\u00f3novom tesnen\u00ed vytvori\u0165 drobn\u00e1 trhlina, ktor\u00e1 m\u00f4\u017ee ma\u0165 za n\u00e1sledok vlhnutie steny.<\/p><p>Transparentn\u00fdm silik\u00f3nov\u00fdm tmelom utesn\u00edme jednotliv\u00e9 \u010dasti sif\u00f3nu k vani\u010dke, aby sa materi\u00e1l sif\u00f3nu spojil s\u00a0vani\u010dkou a\u00a0nedoch\u00e1dzalo nesk\u00f4r k pretekaniu. Pred zabudovan\u00edm samotnej vani\u010dky skontrolujeme tesnos\u0165 samotn\u00e9ho sif\u00f3nu.<\/p><p>Na utesnenie vani\u010dky (medzeru medzi vani\u010dkou a\u00a0stenou) pou\u017eijeme transparentn\u00fd silik\u00f3n, utesn\u00edme vani\u010dku po celom jej obvode. Nech\u00e1me vytvrdn\u00fa\u0165 24 hod\u00edn a\u00a0a\u017e potom za\u010dneme s\u00a0mont\u00e1\u017eou sprchovacieho k\u00fatu.<\/p><\/div><\/article><\/div><\/section><section class=\"Section-idm8582877242286206043298 Data type-3\"><div class=\"content_section position-0\"><article id=\"Article_idm8624196253059965969157-8\"><div class=\"Article notab_br decoration-none\"><h3 class=\"article_title align-left\">Mont\u00e1\u017e sprchovacieho k\u00fatu<\/h3><p>Stena mus\u00ed by\u0165 pevn\u00e1 a\u00a0priestor pre mont\u00e1\u017e mus\u00ed by\u0165 vo vodov\u00e1he a\u00a0v pravom uhle.\u00a0<\/p><p>Priestor pre mont\u00e1\u017e mus\u00ed by\u0165 zbaven\u00fd ne\u010dist\u00f4t a\u00a0prachu. Such\u00fd a\u00a0odmasten\u00fd napr. technick\u00fdm benz\u00ednom.<\/p><p>Uistite sa, \u017ee sprchovacia vani\u010dka je osaden\u00e1 spr\u00e1vne pod\u013ea mont\u00e1\u017eneho n\u00e1vodu.<\/p><p>Osobitn\u00fa pozornos\u0165 treba venova\u0165 pri v\u0155tan\u00ed otvorov, aby nedo\u0161lo k po\u0161kodeniu potrubia alebo elektrick\u00fdch k\u00e1blov.<\/p><p>Pred mont\u00e1\u017eou pros\u00edm odstr\u00e1\u0148te ochrann\u00fa f\u00f3liu z\u00a0hlin\u00edkov\u00fdch profilov a\u00a0skontrolujte kompletnos\u0165 v\u00fdrobku a\u00a0jeho bezchybnos\u0165.<\/p><p><strong>Mont\u00e1\u017e sprchovacieho k\u00fatu na\u00a0vani\u010dku:<\/strong> Pri mont\u00e1\u017ei sprchovacieho k\u00fatu na\u00a0vani\u010dku, treba bra\u0165 do \u00favahy, \u017ee samotn\u00fd mont\u00e1\u017eny priestor je od vonkaj\u0161ej hrany vani\u010dky po za\u010diatok sp\u00e1dovania vani\u010dky, \u010do je cca 5cm pod\u013ea typu vani\u010dky.<\/p><p><strong>Mont\u00e1\u017e sprchovacieho k\u00fatu na\u00a0podlahu:<\/strong> V\u00a0pr\u00edpade mont\u00e1\u017ee na\u00a0podlahu bez\u00a0vani\u010dky, treba od rozmeru sprchovacieho k\u00fatu smerom do vn\u00fatra vytvori\u0165 cca min. 5cm rovn\u00fa mont\u00e1\u017enu plochu.<\/p><\/div><\/article><\/div><\/section><section class=\"Section-idm9424649264735028236042 Data type-3\"><div class=\"content_section position-0\"><article id=\"Article_idm9464859286933524052275-10\"><div class=\"Article notab_br decoration-none\"><div class=\"article_indents\"><p class=\"article_indent align-justify\">Sprchovac\u00ed k\u00fat skladajte pod\u013ea prilo\u017een\u00e9ho mont\u00e1\u017eneho n\u00e1vodu. Ak ste n\u00e1vod nedostali v\u00a0kart\u00f3ne, kontaktujte ihne\u010f kancel\u00e1riu spolo\u010dnosti AQUATEK, kde V\u00e1m n\u00e1sledne prostredn\u00edctvom mailu alebo faxu pr\u00edslu\u0161n\u00fd mont\u00e1\u017eny n\u00e1vod za\u0161l\u00fa. Bez mont\u00e1\u017eneho n\u00e1vodu v\u00a0\u017eiadnom pr\u00edpade nepokra\u010dujte v\u00a0mont\u00e1\u017ei. V\u00a0pr\u00edpade probl\u00e9mov pri mont\u00e1\u017ei kontaktujte kancel\u00e1riu spolo\u010dnosti AQUATEK, kde V\u00e1m radi poskytneme inform\u00e1cie oh\u013eadom spr\u00e1vneho postupu pri mont\u00e1\u017ei. V\u00a0takom pr\u00edpade majte pri sebe pr\u00edslu\u0161n\u00fd n\u00e1vod k v\u00fdrobku, pero a\u00a0papier.<\/p><p class=\"article_indent align-justify article-separator-horizontal_space2\">Sprchovac\u00ed k\u00fat skladajte v\u017edy na\u00a0sucho bez\u00a0pou\u017eitia silik\u00f3nu (okrem ojedinel\u00fdch pr\u00edpadov, kedy je nutn\u00e9 niektor\u00e9 diely prilepi\u0165,\u00a0preto\u017ee nem\u00f4\u017eu by\u0165 v\u0155tan\u00e9). Ak sprchovac\u00ed k\u00fat namontujete, a\u017e po skon\u010den\u00ed mont\u00e1\u017ee prist\u00fapte k utesneniu sprchovacieho\u00a0k\u00fatu. Ka\u017ed\u00fd sprchovac\u00ed k\u00fat spolo\u010dnosti AQUATEK sa utes\u0148uje silik\u00f3nom iba z\u00a0vonkaj\u0161ej strany. <strong>Je zak\u00e1zan\u00e9<\/strong> <strong>utesnenie silik\u00f3nom\u00a0z vn\u00fatornej strany<\/strong>, preto\u017ee zastav\u00edte plynul\u00fd tok stekaj\u00facej vody medzi profilmi a\u00a0voda sa tak nedostane do vani\u010dky, ale za\u010dne\u00a0sa v\u00a0profiloch hromadi\u0165 a\u00a0m\u00f4\u017ee d\u00f4js\u0165 k pretekaniu v\u00a0miestach ako je miesto spojenia skla a\u00a0tesnenia na\u00a0pevn\u00fdch \u010dastiach r\u00e1mov\u00fdch\u00a0sprchovac\u00edch k\u00fatov z\u00a0jednej a\u00a0druhej strany k\u00fatu. Na utesnenie sprchovacieho k\u00fatu pou\u017eite sanit\u00e1rny transparentn\u00fd silik\u00f3n\u00a0a naneste ho na\u00a0v\u0161etky miesta, kde by mohlo d\u00f4js\u0165 k prete\u010deniu, ale iba z\u00a0vonkaj\u0161ej strany (napr. miesto, kde sa sp\u00e1ja\u00a0spodn\u00fd vodiaci profil so\u00a0zvisl\u00fdm a\u00a0U profilom na\u00a0stene + v\u00a0mieste pochr\u00f3movanej krytky pre spojenie uveden\u00fdch profilov).<\/p><p class=\"article_indent align-justify article-separator-horizontal_space1\">Pri osadzovan\u00ed sprchovacieho k\u00fatu mus\u00ed by\u0165 podklad pod n\u00edm vo vodov\u00e1he. (vani\u010dka, m\u00farik, podlaha). Ak tento podklad nie je rovn\u00fd, sprchovac\u00ed k\u00fat v\u00a0\u017eiadnom pr\u00edpade neprisp\u00f4sobujte uveden\u00e9mu podkladu, ale osa\u010fte ho do roviny a\u00a0do vodov\u00e1hy a\u00a0podlo\u017ete. Vrchn\u00e9 a\u00a0spodn\u00e9 vodiace profily, u\u00a0r\u00e1mov\u00fdch sprchovac\u00edch k\u00fatov, musia by\u0165 vo vodov\u00e1he a\u00a0musia by\u0165 od seba rovnako vzdialen\u00e9 po celom obvode sprchovacieho k\u00fatu, aby sa dvierka bezchybne osadili a\u00a0neobmedzila sa tak ich pohyblivos\u0165 a\u00a0tesnos\u0165.\u00a0<\/p><p class=\"article_indent align-justify article-separator-horizontal_space1\">Pri osadzovan\u00ed p\u00e1ntov na\u00a0sklo v\u0161etky ich diely odmastite (p\u00e1nty, tesnenia, miesta pre uchytenie o\u00a0sklo, ako aj samotn\u00e9 sklo), aby nedo\u0161lo ku klesaniu p\u00e1ntov a\u00a0n\u00e1sledne nasp\u00e4\u0165 zaistite.\u00a0<\/p><p class=\"article_indent align-justify article-separator-horizontal_space1\">Sprchovacie k\u00faty je nutn\u00e9 po skon\u010den\u00ed mont\u00e1\u017ee premaza\u0165. Ma\u017eeme p\u00e1nty, ktor\u00e9 otv\u00e1raj\u00fa dvierka, ma\u017eeme vrchn\u00e9 a\u00a0spodn\u00e9 vodiace profily pri zas\u00favac\u00edch dvierkach. Tento \u00fakon opakujeme pravidelne, ke\u010f poc\u00edtime zhor\u0161en\u00e9 otv\u00e1ranie alebo zas\u00favanie dvierok. Na mazanie pou\u017eijeme silik\u00f3nov\u00fd olej alebo tefl\u00f3nov\u00e9 mazivo.<\/p><\/div><\/div><\/article><\/div><\/section><section class=\"Section-idm1029315214843781960167 Data type-3\"><div class=\"content_section position-0\"><article id=\"Article_idm10337411471701859910027-12\"><div class=\"Article notab_br decoration-none\"><h3 class=\"article_title align-left\"><strong>Upozornenie:<\/strong><\/h3><p>Mont\u00e1\u017e sprchovacieho k\u00fata nie je jednoduch\u00e1 a\u00a0preto s\u00fa k mont\u00e1\u017ei potrebn\u00e9 minim\u00e1lne dve osoby.\u00a0<\/p><p>Jednotliv\u00e9 sklenen\u00e9 diely pokladajte v\u017edy na\u00a0vhodn\u00fa m\u00e4kk\u00fa podlo\u017eku napr. kart\u00f3n, nie priamo na\u00a0dla\u017ebu. Sprchovac\u00ed k\u00fat skladajte v\u017edy na\u00a0vhodnej m\u00e4kkej podlo\u017eke napr. kart\u00f3ne, v\u00a0\u017eiadnom pr\u00edpade nie na\u00a0holej dla\u017ebe alebo podlahe, aby ste si pri mont\u00e1\u017ei nepo\u0161kriabali hlin\u00edkov\u00e9 profily.\u00a0<\/p><p>Pred mont\u00e1\u017eou a\u00a0po\u010das nej zaobch\u00e1dzajte opatrne so\u00a0sklenen\u00fdmi \u010das\u0165ami sprchovacieho k\u00fatu \u2013 pozor sklo !!!\u00a0<\/p><p>Pri mont\u00e1\u017ei dajte pozor, aby sklenen\u00e9 hrany, ktor\u00e9 nie s\u00fa or\u00e1movan\u00e9 hlin\u00edkov\u00fdmi profilmi nepri\u0161li do kontaktu s\u00a0in\u00fdmi predmetmi ako napr. dla\u017eba, bet\u00f3n, \u017eelezo, sklo &#8230;<\/p><\/div><\/article><\/div><\/section><section class=\"Section-idm11048015829002539987498 Data type-3\"><div class=\"content_section position-0\">\u00a0<\/div><\/section>\t\t\t\t\t\t\t\t<\/div>\n\t\t\t\t<\/div>\n\t\t\t\t\t<\/div>\n\t\t<\/div>\n\t\t\t\t\t<\/div>\n\t\t<\/section>\n\t\t\t\t<section class=\"elementor-section elementor-top-section elementor-element elementor-element-0754486 elementor-section-boxed elementor-section-height-default elementor-section-height-default\" data-id=\"0754486\" data-element_type=\"section\" data-e-type=\"section\">\n\t\t\t\t\t\t<div class=\"elementor-container elementor-column-gap-default\">\n\t\t\t\t\t<div class=\"elementor-column elementor-col-100 elementor-top-column elementor-element elementor-element-ce2cce1\" data-id=\"ce2cce1\" data-element_type=\"column\" data-e-type=\"column\">\n\t\t\t<div class=\"elementor-widget-wrap elementor-element-populated\">\n\t\t\t\t\t\t<div class=\"elementor-element elementor-element-318f457 elementor-widget elementor-widget-spacer\" data-id=\"318f457\" data-element_type=\"widget\" data-e-type=\"widget\" data-widget_type=\"spacer.default\">\n\t\t\t\t<div class=\"elementor-widget-container\">\n\t\t\t\t\t\t\t<div class=\"elementor-spacer\">\n\t\t\t<div class=\"elementor-spacer-inner\"><\/div>\n\t\t<\/div>\n\t\t\t\t\t\t<\/div>\n\t\t\t\t<\/div>\n\t\t\t\t\t<\/div>\n\t\t<\/div>\n\t\t\t\t\t<\/div>\n\t\t<\/section>\n\t\t\t\t<\/div>","protected":false},"excerpt":{"rendered":"<p>Mont\u00e1\u017e vani\u010dky Murovan\u00e9 steny je nutn\u00e9 oblo\u017ei\u0165 a\u017e po podlahu. Ak pri mont\u00e1\u017ei zasek\u00e1te vani\u010dku pod obklad, sprchovac\u00ed k\u00fat bude<\/p>","protected":false},"author":1,"featured_media":0,"parent":0,"menu_order":0,"comment_status":"closed","ping_status":"closed","template":"","meta":{"_acf_changed":false,"footnotes":""},"class_list":["post-8961","page","type-page","status-publish","hentry"],"acf":[],"_links":{"self":[{"href":"https:\/\/aquatek.cz\/sk\/wp-json\/wp\/v2\/pages\/8961","targetHints":{"allow":["GET"]}}],"collection":[{"href":"https:\/\/aquatek.cz\/sk\/wp-json\/wp\/v2\/pages"}],"about":[{"href":"https:\/\/aquatek.cz\/sk\/wp-json\/wp\/v2\/types\/page"}],"author":[{"embeddable":true,"href":"https:\/\/aquatek.cz\/sk\/wp-json\/wp\/v2\/users\/1"}],"replies":[{"embeddable":true,"href":"https:\/\/aquatek.cz\/sk\/wp-json\/wp\/v2\/comments?post=8961"}],"version-history":[{"count":0,"href":"https:\/\/aquatek.cz\/sk\/wp-json\/wp\/v2\/pages\/8961\/revisions"}],"wp:attachment":[{"href":"https:\/\/aquatek.cz\/sk\/wp-json\/wp\/v2\/media?parent=8961"}],"curies":[{"name":"wp","href":"https:\/\/api.w.org\/{rel}","templated":true}]}}