{"id":8958,"date":"2022-11-06T19:25:56","date_gmt":"2022-11-06T18:25:56","guid":{"rendered":"https:\/\/aquatek.cz\/?page_id=8958"},"modified":"2022-11-07T11:11:50","modified_gmt":"2022-11-07T10:11:50","slug":"reklamacny-formular","status":"publish","type":"page","link":"https:\/\/aquatek.cz\/sk\/reklamacny-formular\/","title":{"rendered":"Reklama\u010dn\u00fd formul\u00e1r"},"content":{"rendered":"<div data-elementor-type=\"wp-page\" data-elementor-id=\"8958\" class=\"elementor elementor-8958\" data-elementor-post-type=\"page\">\n\t\t\t\t\t\t<section class=\"elementor-section elementor-top-section elementor-element elementor-element-6fbccd9 elementor-section-boxed elementor-section-height-default elementor-section-height-default\" data-id=\"6fbccd9\" data-element_type=\"section\" data-e-type=\"section\">\n\t\t\t\t\t\t<div class=\"elementor-container elementor-column-gap-default\">\n\t\t\t\t\t<div class=\"elementor-column elementor-col-100 elementor-top-column elementor-element elementor-element-c1c37bb\" data-id=\"c1c37bb\" data-element_type=\"column\" data-e-type=\"column\">\n\t\t\t<div class=\"elementor-widget-wrap elementor-element-populated\">\n\t\t\t\t\t\t<section class=\"elementor-section elementor-inner-section elementor-element elementor-element-6520743 elementor-section-boxed elementor-section-height-default elementor-section-height-default\" data-id=\"6520743\" data-element_type=\"section\" data-e-type=\"section\">\n\t\t\t\t\t\t<div class=\"elementor-container elementor-column-gap-default\">\n\t\t\t\t\t<div class=\"elementor-column elementor-col-25 elementor-inner-column elementor-element elementor-element-b47598b\" data-id=\"b47598b\" data-element_type=\"column\" data-e-type=\"column\">\n\t\t\t<div class=\"elementor-widget-wrap elementor-element-populated\">\n\t\t\t\t\t\t<div class=\"elementor-element elementor-element-5c10e9b elementor-widget elementor-widget-heading\" data-id=\"5c10e9b\" data-element_type=\"widget\" data-e-type=\"widget\" data-widget_type=\"heading.default\">\n\t\t\t\t<div class=\"elementor-widget-container\">\n\t\t\t\t\t<h3 class=\"elementor-heading-title elementor-size-default\"><a href=\"https:\/\/aquatek.cz\/sk\/odstupenie-od-zmluvy\/\">    Odst\u00fapenie od zmluvy<\/a><\/h3>\t\t\t\t<\/div>\n\t\t\t\t<\/div>\n\t\t\t\t\t<\/div>\n\t\t<\/div>\n\t\t\t\t<div class=\"elementor-column elementor-col-25 elementor-inner-column elementor-element elementor-element-9555645\" data-id=\"9555645\" data-element_type=\"column\" data-e-type=\"column\">\n\t\t\t<div class=\"elementor-widget-wrap elementor-element-populated\">\n\t\t\t\t\t\t<div class=\"elementor-element elementor-element-28bb127 elementor-widget elementor-widget-heading\" data-id=\"28bb127\" data-element_type=\"widget\" data-e-type=\"widget\" data-widget_type=\"heading.default\">\n\t\t\t\t<div class=\"elementor-widget-container\">\n\t\t\t\t\t<h3 class=\"elementor-heading-title elementor-size-default\"><a href=\"https:\/\/aquatek.cz\/sk\/reklamacny-formular\/\">Reklama\u010dn\u00fd formul\u00e1r<\/a><\/h3>\t\t\t\t<\/div>\n\t\t\t\t<\/div>\n\t\t\t\t\t<\/div>\n\t\t<\/div>\n\t\t\t\t<div class=\"elementor-column elementor-col-25 elementor-inner-column elementor-element elementor-element-a32cde8\" data-id=\"a32cde8\" data-element_type=\"column\" data-e-type=\"column\">\n\t\t\t<div class=\"elementor-widget-wrap elementor-element-populated\">\n\t\t\t\t\t\t\t<\/div>\n\t\t<\/div>\n\t\t\t\t<div class=\"elementor-column elementor-col-25 elementor-inner-column elementor-element elementor-element-bab1933\" data-id=\"bab1933\" data-element_type=\"column\" data-e-type=\"column\">\n\t\t\t<div class=\"elementor-widget-wrap elementor-element-populated\">\n\t\t\t\t\t\t\t<\/div>\n\t\t<\/div>\n\t\t\t\t\t<\/div>\n\t\t<\/section>\n\t\t\t\t\t<\/div>\n\t\t<\/div>\n\t\t\t\t\t<\/div>\n\t\t<\/section>\n\t\t\t\t<section class=\"elementor-section elementor-top-section elementor-element elementor-element-7fb6b0b elementor-section-boxed elementor-section-height-default elementor-section-height-default\" data-id=\"7fb6b0b\" data-element_type=\"section\" data-e-type=\"section\">\n\t\t\t\t\t\t<div class=\"elementor-container elementor-column-gap-default\">\n\t\t\t\t\t<div class=\"elementor-column elementor-col-100 elementor-top-column elementor-element elementor-element-76313cc\" data-id=\"76313cc\" data-element_type=\"column\" data-e-type=\"column\">\n\t\t\t<div class=\"elementor-widget-wrap elementor-element-populated\">\n\t\t\t\t\t\t<section class=\"elementor-section elementor-inner-section elementor-element elementor-element-2605e70 elementor-section-boxed elementor-section-height-default elementor-section-height-default\" data-id=\"2605e70\" data-element_type=\"section\" data-e-type=\"section\">\n\t\t\t\t\t\t<div class=\"elementor-container elementor-column-gap-default\">\n\t\t\t\t\t<div class=\"elementor-column elementor-col-100 elementor-inner-column elementor-element elementor-element-6dccbbe\" data-id=\"6dccbbe\" data-element_type=\"column\" data-e-type=\"column\">\n\t\t\t<div class=\"elementor-widget-wrap elementor-element-populated\">\n\t\t\t\t\t\t<div class=\"elementor-element elementor-element-f5f751d color-scheme-inherit text-left elementor-widget elementor-widget-text-editor\" data-id=\"f5f751d\" data-element_type=\"widget\" data-e-type=\"widget\" data-widget_type=\"text-editor.default\">\n\t\t\t\t<div class=\"elementor-widget-container\">\n\t\t\t\t\t\t\t\t\t<h1 id=\"MainTitle_idm2\" class=\"MainTitle entry-title align-left\">Reklama\u010dn\u00fd formul\u00e1r<\/h1>\t\t\t\t\t\t\t\t<\/div>\n\t\t\t\t<\/div>\n\t\t\t\t\t<\/div>\n\t\t<\/div>\n\t\t\t\t\t<\/div>\n\t\t<\/section>\n\t\t\t\t<section class=\"elementor-section elementor-inner-section elementor-element elementor-element-7f3feef elementor-section-boxed elementor-section-height-default elementor-section-height-default\" data-id=\"7f3feef\" data-element_type=\"section\" data-e-type=\"section\">\n\t\t\t\t\t\t<div class=\"elementor-container elementor-column-gap-default\">\n\t\t\t\t\t<div class=\"elementor-column elementor-col-100 elementor-inner-column elementor-element elementor-element-d81d88a\" data-id=\"d81d88a\" data-element_type=\"column\" data-e-type=\"column\">\n\t\t\t<div class=\"elementor-widget-wrap elementor-element-populated\">\n\t\t\t\t\t\t<div class=\"elementor-element elementor-element-bc655ad color-scheme-inherit text-left elementor-widget elementor-widget-text-editor\" data-id=\"bc655ad\" data-element_type=\"widget\" data-e-type=\"widget\" data-widget_type=\"text-editor.default\">\n\t\t\t\t<div class=\"elementor-widget-container\">\n\t\t\t\t\t\t\t\t\t<p>\n<div class=\"wpcf7 no-js\" id=\"wpcf7-f9211-o1\" lang=\"sk-SK\" dir=\"ltr\" data-wpcf7-id=\"9211\">\n<div class=\"screen-reader-response\"><p role=\"status\" aria-live=\"polite\" aria-atomic=\"true\"><\/p> <ul><\/ul><\/div>\n<form action=\"\/sk\/wp-json\/wp\/v2\/pages\/8958#wpcf7-f9211-o1\" method=\"post\" class=\"wpcf7-form init\" aria-label=\"Kontaktn\u00fd formul\u00e1r\" enctype=\"multipart\/form-data\" novalidate=\"novalidate\" data-status=\"init\" data-trp-original-action=\"\/sk\/wp-json\/wp\/v2\/pages\/8958#wpcf7-f9211-o1\">\n<fieldset class=\"hidden-fields-container\"><input type=\"hidden\" name=\"_wpcf7\" value=\"9211\" \/><input type=\"hidden\" name=\"_wpcf7_version\" value=\"6.1.5\" \/><input type=\"hidden\" name=\"_wpcf7_locale\" value=\"sk_SK\" \/><input type=\"hidden\" name=\"_wpcf7_unit_tag\" value=\"wpcf7-f9211-o1\" \/><input type=\"hidden\" name=\"_wpcf7_container_post\" value=\"0\" \/><input type=\"hidden\" name=\"_wpcf7_posted_data_hash\" value=\"\" \/><input type=\"hidden\" name=\"_wpcf7_recaptcha_response\" value=\"\" \/>\n<\/fieldset>\n<div class=\"row\">\n\t<p class=\"col-md-12 red\" style=\"color:red\"> Objedn\u00e1vka\n\t<\/p>\n\t<p class=\"col-md-12\"><label>\u010c\u00edslo dokladu *<\/label><span class=\"wpcf7-form-control-wrap\" data-name=\"text-739\"><input size=\"40\" maxlength=\"400\" class=\"wpcf7-form-control wpcf7-text wpcf7-validates-as-required\" aria-required=\"true\" aria-invalid=\"false\" placeholder=\"\u010c\u00edslo dokladu *\" value=\"\" type=\"text\" name=\"text-739\" \/><\/span>\n\t<\/p>\n\t<p class=\"col-md-12\"><label>D\u00e1tum predaja *<\/label><span class=\"wpcf7-form-control-wrap\" data-name=\"date-522\"><input class=\"wpcf7-form-control wpcf7-date wpcf7-validates-as-required wpcf7-validates-as-date\" aria-required=\"true\" aria-invalid=\"false\" placeholder=\"D\u00e1tum obdr\u017eania tovaru *\" value=\"\" type=\"date\" name=\"date-522\" \/><\/span>\n\t<\/p>\n\t<p class=\"col-md-12\"><label>\u010c\u00edslo objedn\u00e1vky *<\/label><span class=\"wpcf7-form-control-wrap\" data-name=\"text-739\"><input size=\"40\" maxlength=\"400\" class=\"wpcf7-form-control wpcf7-text wpcf7-validates-as-required\" aria-required=\"true\" aria-invalid=\"false\" placeholder=\"\u010c\u00edslo objedn\u00e1vky *\" value=\"\" type=\"text\" name=\"text-739\" \/><\/span>\n\t<\/p>\n<\/div>\n<div class=\"row\">\n\t<p class=\"col-md-12 red\" style=\"color:red\">Reklamuj\u00faci\n\t<\/p>\n\t<p class=\"col-md-12\"><label>Ozna\u010denie reklamovan\u00e9ho tovaru (n\u00e1zov, zna\u010dka, model a pod.) *<\/label><span class=\"wpcf7-form-control-wrap\" data-name=\"text-298\"><input size=\"40\" maxlength=\"400\" class=\"wpcf7-form-control wpcf7-text wpcf7-validates-as-required\" aria-required=\"true\" aria-invalid=\"false\" placeholder=\"Ozna\u010denie reklamovan\u00e9ho tovaru (n\u00e1zov, zna\u010dka, model a pod.) *\" value=\"\" type=\"text\" name=\"text-298\" \/><\/span>\n\t<\/p>\n\t<p class=\"col-md-12\"><label>Adresa *<\/label><span class=\"wpcf7-form-control-wrap\" data-name=\"text-217\"><input size=\"40\" maxlength=\"400\" class=\"wpcf7-form-control wpcf7-text wpcf7-validates-as-required\" aria-required=\"true\" aria-invalid=\"false\" placeholder=\"Adresa *\" value=\"\" type=\"text\" name=\"text-217\" \/><\/span>\n\t<\/p>\n\t<p class=\"col-md-12\"><label>Telef\u00f3n *<\/label><span class=\"wpcf7-form-control-wrap\" data-name=\"tel-819\"><input size=\"40\" maxlength=\"400\" class=\"wpcf7-form-control wpcf7-tel wpcf7-validates-as-required wpcf7-text wpcf7-validates-as-tel\" aria-required=\"true\" aria-invalid=\"false\" placeholder=\"Telef\u00f3n *\" value=\"\" type=\"tel\" name=\"tel-819\" \/><\/span>\n\t<\/p>\n\t<p class=\"col-md-12\"><label>E-mail *<\/label><span class=\"wpcf7-form-control-wrap\" data-name=\"email-224\"><input size=\"40\" maxlength=\"400\" class=\"wpcf7-form-control wpcf7-email wpcf7-validates-as-required wpcf7-text wpcf7-validates-as-email\" aria-required=\"true\" aria-invalid=\"false\" placeholder=\"E-mail *\" value=\"\" type=\"email\" name=\"email-224\" \/><\/span>\n\t<\/p>\n<\/div>\n<div class=\"row\">\n\t<p class=\"col-md-12 red\" style=\"color:red\">Reklamovan\u00fd tovar\n\t<\/p>\n\t<p class=\"col-md-12\"><label>Va\u0161e meno a priezvisko *<\/label><span class=\"wpcf7-form-control-wrap\" data-name=\"text-518\"><input size=\"40\" maxlength=\"400\" class=\"wpcf7-form-control wpcf7-text wpcf7-validates-as-required\" aria-required=\"true\" aria-invalid=\"false\" placeholder=\"Va\u0161e meno a priezvisko *\" value=\"\" type=\"text\" name=\"text-518\" \/><\/span>\n\t<\/p>\n\t<p class=\"col-md-12\"><label>Popis z\u00e1vady *<\/label><span class=\"wpcf7-form-control-wrap\" data-name=\"textarea-393\"><textarea cols=\"40\" rows=\"10\" maxlength=\"2000\" class=\"wpcf7-form-control wpcf7-textarea wpcf7-validates-as-required\" aria-required=\"true\" aria-invalid=\"false\" placeholder=\"Popis z\u00e1vady *\" name=\"textarea-393\"><\/textarea><\/span>\n\t<\/p>\n\t<p class=\"col-md-12\"><label>Obsah balenie pri pred\u00e1van\u00ed *<\/label><span class=\"wpcf7-form-control-wrap\" data-name=\"textarea-821\"><textarea cols=\"40\" rows=\"10\" maxlength=\"2000\" class=\"wpcf7-form-control wpcf7-textarea wpcf7-validates-as-required\" aria-required=\"true\" aria-invalid=\"false\" placeholder=\"Obsah balenie pri pred\u00e1van\u00ed *\" name=\"textarea-821\"><\/textarea><\/span>\n\t<\/p>\n<\/div>\n<div class=\"row\">\n\t<p class=\"col-md-12 red\" style=\"color:red\">Upozornenie: tovar k reklam\u00e1ci\u00ed odovzd\u00e1vajte v\u017edy kompletn\u00fd vr\u00e1tane pr\u00edslu\u0161enstva, predch\u00e1dzate tak pred\u013a\u017eenej doby reklam\u00e1cie.\n\t<\/p>\n\t<p class=\"col-md-12\"><span class=\"wpcf7-form-control-wrap\" data-name=\"menu-670\"><select class=\"wpcf7-form-control wpcf7-select\" aria-invalid=\"false\" name=\"menu-670\"><option value=\"Preferovan\u00fd sp\u00f4sob vybavenia reklam\u00e1cie\">Preferovan\u00fd sp\u00f4sob vybavenia reklam\u00e1cie<\/option><option value=\"z\u013eava\">z\u013eava<\/option><option value=\"dobropis\">dobropis<\/option><option value=\"oprava tovaru\">oprava tovaru<\/option><option value=\"v\u00fdmena tovaru\">v\u00fdmena tovaru<\/option><\/select><\/span>\n\t<\/p>\n\t<p class=\"col-md-12\"><label>Pr\u00edlohy (sem vlo\u017ete va\u0161u pr\u00edlohu)<\/label><span class=\"wpcf7-form-control-wrap\" data-name=\"file-782\"><input size=\"40\" class=\"wpcf7-form-control wpcf7-file\" accept=\"audio\/*,video\/*,image\/*\" aria-invalid=\"false\" type=\"file\" name=\"file-782\" \/><\/span>\n\t<\/p>\n<\/div>\n<div class=\"contact-submit\">\n\t<div class=\"dolava\">\n\t\t<p><span class=\"wpcf7-form-control-wrap\" data-name=\"accept-this-1\"><span class=\"wpcf7-form-control wpcf7-acceptance\"><span class=\"wpcf7-list-item\"><label><input type=\"checkbox\" name=\"accept-this-1\" value=\"1\" aria-invalid=\"false\" \/><span class=\"wpcf7-list-item-label\"><font color=\"gray\"><\/font><\/span><\/label><\/span><\/span><\/span>\n\t\t<\/p>\n\t<\/div>\n\t<p><a href=\"https:\/\/aquatek.cz\/sk\/ochrana-osobnych-udajov\/\"> Potvrden\u00edm vyjadrujete s\u00fahlas s podmienkami ochrany s\u00fakromia<\/a>\n\t<\/p>\n<\/div>\n<p><input class=\"wpcf7-form-control wpcf7-submit has-spinner btn-color-black\" type=\"submit\" value=\"ODOSLA\u0164 ODST\u00daPENIE OD ZMLUVY\" \/>\n<\/p><div class=\"wpcf7-response-output\" aria-hidden=\"true\"><\/div>\n<input type=\"hidden\" name=\"trp-form-language\" value=\"sk\"\/><\/form>\n<\/div>\n<\/p>\t\t\t\t\t\t\t\t<\/div>\n\t\t\t\t<\/div>\n\t\t\t\t\t<\/div>\n\t\t<\/div>\n\t\t\t\t\t<\/div>\n\t\t<\/section>\n\t\t\t\t\t<\/div>\n\t\t<\/div>\n\t\t\t\t\t<\/div>\n\t\t<\/section>\n\t\t\t\t<\/div>","protected":false},"excerpt":{"rendered":"<p>Odst\u00fapenie od zmluvy Reklama\u010dn\u00fd formul\u00e1r Reklama\u010dn\u00fd formul\u00e1r<\/p>","protected":false},"author":1,"featured_media":0,"parent":0,"menu_order":0,"comment_status":"closed","ping_status":"closed","template":"","meta":{"_acf_changed":false,"footnotes":""},"class_list":["post-8958","page","type-page","status-publish","hentry"],"acf":[],"_links":{"self":[{"href":"https:\/\/aquatek.cz\/sk\/wp-json\/wp\/v2\/pages\/8958","targetHints":{"allow":["GET"]}}],"collection":[{"href":"https:\/\/aquatek.cz\/sk\/wp-json\/wp\/v2\/pages"}],"about":[{"href":"https:\/\/aquatek.cz\/sk\/wp-json\/wp\/v2\/types\/page"}],"author":[{"embeddable":true,"href":"https:\/\/aquatek.cz\/sk\/wp-json\/wp\/v2\/users\/1"}],"replies":[{"embeddable":true,"href":"https:\/\/aquatek.cz\/sk\/wp-json\/wp\/v2\/comments?post=8958"}],"version-history":[{"count":0,"href":"https:\/\/aquatek.cz\/sk\/wp-json\/wp\/v2\/pages\/8958\/revisions"}],"wp:attachment":[{"href":"https:\/\/aquatek.cz\/sk\/wp-json\/wp\/v2\/media?parent=8958"}],"curies":[{"name":"wp","href":"https:\/\/api.w.org\/{rel}","templated":true}]}}