{"id":44898,"date":"2023-07-19T08:51:41","date_gmt":"2023-07-19T06:51:41","guid":{"rendered":"https:\/\/aquatek.cz\/?page_id=44898"},"modified":"2025-11-06T07:39:54","modified_gmt":"2025-11-06T06:39:54","slug":"zpusoby-a-ceny-doruceni","status":"publish","type":"page","link":"https:\/\/aquatek.cz\/sk\/zpusoby-a-ceny-doruceni\/","title":{"rendered":"Zp\u016fsoby a ceny doru\u010den\u00ed"},"content":{"rendered":"<div data-elementor-type=\"wp-page\" data-elementor-id=\"44898\" class=\"elementor elementor-44898\" data-elementor-post-type=\"page\">\n\t\t\t\t<div class=\"elementor-element elementor-element-de17dbb e-flex e-con-boxed e-con e-parent\" data-id=\"de17dbb\" data-element_type=\"container\" data-e-type=\"container\" data-settings=\"{&quot;background_background&quot;:&quot;classic&quot;}\">\n\t\t\t\t\t<div class=\"e-con-inner\">\n\t\t\t\t<div class=\"elementor-element elementor-element-77702f0 elementor-widget elementor-widget-heading\" data-id=\"77702f0\" data-element_type=\"widget\" data-e-type=\"widget\" data-widget_type=\"heading.default\">\n\t\t\t\t<div class=\"elementor-widget-container\">\n\t\t\t\t\t<h3 class=\"elementor-heading-title elementor-size-default\">Zp\u016fsoby a ceny doru\u010den\u00ed <br>\n<br>\n\nTOPTRANS<\/h3>\t\t\t\t<\/div>\n\t\t\t\t<\/div>\n\t\t\t\t<div class=\"elementor-element elementor-element-6ce09fc elementor-widget elementor-widget-spacer\" data-id=\"6ce09fc\" data-element_type=\"widget\" data-e-type=\"widget\" data-widget_type=\"spacer.default\">\n\t\t\t\t<div class=\"elementor-widget-container\">\n\t\t\t\t\t\t\t<div class=\"elementor-spacer\">\n\t\t\t<div class=\"elementor-spacer-inner\"><\/div>\n\t\t<\/div>\n\t\t\t\t\t\t<\/div>\n\t\t\t\t<\/div>\n\t\t\t\t<div class=\"elementor-element elementor-element-f1a21c7 color-scheme-inherit text-left elementor-widget elementor-widget-text-editor\" data-id=\"f1a21c7\" data-element_type=\"widget\" data-e-type=\"widget\" data-widget_type=\"text-editor.default\">\n\t\t\t\t<div class=\"elementor-widget-container\">\n\t\t\t\t\t\t\t\t\t<table data-caption-size=\"14\" data-head-size=\"15\" data-cell-size=\"15\" data-intelligent=\"0\" data-intelligent-search=\"0\" data-header-sorter=\"\"><tbody><tr><td style=\"padding: 6px 8px;\"><h4><span style=\"color: #a1cfde;\">Zp\u016fsob platby<\/span><\/h4><\/td><td style=\"padding: 6px 7.9125px;\"><h4><span style=\"color: #a1cfde;\"><strong>CENA v\u010d. DPH<\/strong><\/span><\/h4><\/td><\/tr><tr><td style=\"padding: 6px 7.9125px;\"><span style=\"color: #000000;\">Dob\u00edrka<\/span><\/td><td style=\"padding: 6px 7.9125px;\"><span style=\"color: #000000;\">100 K\u010d<\/span><\/td><\/tr><tr><td style=\"padding: 6px 7.9125px;\"><span style=\"color: #000000;\">Platba vp\u0159ed &#8211; GP webpay<\/span><\/td><td style=\"padding: 6px 7.9125px;\"><span style=\"color: #000000;\">0 K\u010d<\/span><\/td><\/tr><tr><td style=\"padding: 6px 7.9125px;\"><span style=\"color: #000000;\">P\u0159\u00edmo na \u00fa\u010det &#8211; Banka \u010cesk\u00e1 Spo\u0159itelna<\/span><\/td><td style=\"padding: 6px 7.9125px;\"><span style=\"color: #000000;\">0 K\u010d<\/span><\/td><\/tr><\/tbody><\/table>\t\t\t\t\t\t\t\t<\/div>\n\t\t\t\t<\/div>\n\t\t\t\t<div class=\"elementor-element elementor-element-1fbbbbf elementor-widget elementor-widget-spacer\" data-id=\"1fbbbbf\" data-element_type=\"widget\" data-e-type=\"widget\" data-widget_type=\"spacer.default\">\n\t\t\t\t<div class=\"elementor-widget-container\">\n\t\t\t\t\t\t\t<div class=\"elementor-spacer\">\n\t\t\t<div class=\"elementor-spacer-inner\"><\/div>\n\t\t<\/div>\n\t\t\t\t\t\t<\/div>\n\t\t\t\t<\/div>\n\t\t\t\t<div class=\"elementor-element elementor-element-a865f2c color-scheme-inherit text-left elementor-widget elementor-widget-text-editor\" data-id=\"a865f2c\" data-element_type=\"widget\" data-e-type=\"widget\" data-widget_type=\"text-editor.default\">\n\t\t\t\t<div class=\"elementor-widget-container\">\n\t\t\t\t\t\t\t\t\t<table data-caption-size=\"14\" data-head-size=\"15\" data-cell-size=\"15\" data-intelligent=\"0\" data-intelligent-search=\"0\" data-header-sorter=\"\"><tbody><tr><td style=\"padding: 6px 8px;\"><h4><span style=\"color: #a1cfde;\"><strong>DRUH DOPRAVY<\/strong><\/span><\/h4><\/td><td style=\"padding: 6px 7.9125px;\"><h4><span style=\"color: #a1cfde;\"><strong>CENA v\u010d. DPH<\/strong><\/span><\/h4><\/td><\/tr><tr><td style=\"padding: 6px 7.9125px;\"><span style=\"color: #000000;\">Objedn\u00e1vka <strong>do 3 000 K\u010d<\/strong><\/span><\/td><td style=\"padding: 6px 7.9125px;\"><span style=\"color: #000000;\">250 K\u010d<\/span><\/td><\/tr><tr><td style=\"padding: 6px 7.9125px;\"><span style=\"color: #000000;\">Objedn\u00e1vka <strong>od 3 000 K\u010d do 5 000 K\u010d<\/strong><\/span><\/td><td style=\"padding: 6px 7.9125px;\"><span style=\"color: #000000;\">350 K\u010d<\/span><\/td><\/tr><tr><td style=\"padding: 6px 7.9125px;\"><span style=\"color: #000000;\">Objedn\u00e1vka <strong>nad 5 000 K\u010d<\/strong><\/span><\/td><td style=\"padding: 6px 7.9125px;\"><span style=\"color: #000000;\">0 K\u010d<\/span><\/td><\/tr><\/tbody><\/table>\t\t\t\t\t\t\t\t<\/div>\n\t\t\t\t<\/div>\n\t\t\t\t\t<\/div>\n\t\t\t\t<\/div>\n\t\t\t\t<\/div>","protected":false},"excerpt":{"rendered":"<p>Zp\u016fsoby a ceny doru\u010den\u00ed TOPTRANS Zp\u016fsob platby CENA v\u010d. DPH Dob\u00edrka 100 K\u010d Platba vp\u0159ed &#8211; GP webpay 0 K\u010d<\/p>","protected":false},"author":4,"featured_media":0,"parent":0,"menu_order":0,"comment_status":"closed","ping_status":"closed","template":"","meta":{"_acf_changed":false,"footnotes":""},"class_list":["post-44898","page","type-page","status-publish","hentry"],"acf":[],"_links":{"self":[{"href":"https:\/\/aquatek.cz\/sk\/wp-json\/wp\/v2\/pages\/44898","targetHints":{"allow":["GET"]}}],"collection":[{"href":"https:\/\/aquatek.cz\/sk\/wp-json\/wp\/v2\/pages"}],"about":[{"href":"https:\/\/aquatek.cz\/sk\/wp-json\/wp\/v2\/types\/page"}],"author":[{"embeddable":true,"href":"https:\/\/aquatek.cz\/sk\/wp-json\/wp\/v2\/users\/4"}],"replies":[{"embeddable":true,"href":"https:\/\/aquatek.cz\/sk\/wp-json\/wp\/v2\/comments?post=44898"}],"version-history":[{"count":0,"href":"https:\/\/aquatek.cz\/sk\/wp-json\/wp\/v2\/pages\/44898\/revisions"}],"wp:attachment":[{"href":"https:\/\/aquatek.cz\/sk\/wp-json\/wp\/v2\/media?parent=44898"}],"curies":[{"name":"wp","href":"https:\/\/api.w.org\/{rel}","templated":true}]}}