{"id":3,"date":"2022-10-22T18:20:08","date_gmt":"2022-10-22T16:20:08","guid":{"rendered":"https:\/\/aquatek.cz\/?page_id=3"},"modified":"2023-10-12T13:42:55","modified_gmt":"2023-10-12T11:42:55","slug":"ochrana-sukromia","status":"publish","type":"page","link":"https:\/\/aquatek.cz\/sk\/ochrana-sukromia\/","title":{"rendered":"Z\u00e1sady ochrany osobn\u00fdch \u00fadajov"},"content":{"rendered":"<div data-elementor-type=\"wp-page\" data-elementor-id=\"3\" class=\"elementor elementor-3\" data-elementor-post-type=\"page\">\n\t\t\t\t<div class=\"elementor-element elementor-element-791388c5 e-flex e-con-boxed e-con e-parent\" data-id=\"791388c5\" data-element_type=\"container\" data-e-type=\"container\">\n\t\t\t\t\t<div class=\"e-con-inner\">\n\t\t\t\t<div class=\"elementor-element elementor-element-327836bc color-scheme-inherit text-left elementor-widget elementor-widget-text-editor\" data-id=\"327836bc\" data-element_type=\"widget\" data-e-type=\"widget\" data-widget_type=\"text-editor.default\">\n\t\t\t\t<div class=\"elementor-widget-container\">\n\t\t\t\t\t\t\t\t\t<section class=\"Section-idm14730669421932642325 Data type-0\"><div class=\"content_section position-0\"><h2 id=\"MainTitle_idm741\" class=\"MainTitle align-c\">Z\u00c1SADY OCHRANY OSOBN\u00ddCH \u00daDAJOV<\/h2><p id=\"SubTitle_idm761\" class=\"SubTitle align-left\"><strong>Rob\u00edme v\u0161etko preto, aby ste sa u\u00a0n\u00e1s c\u00edtili bezpe\u010dne a\u00a0prehlasujeme, \u017ee sme prijali v\u0161etky vhodn\u00e9 technick\u00e9 a\u00a0organiza\u010dn\u00e9 opatrenia k zabezpe\u010deniu osobn\u00fdch \u00fadajov.\u00a0Va\u0161e osobn\u00e9 \u00fadaje s\u00fa na\u00a0na\u0161ich serveroch \u0161ifrovan\u00e9.<\/strong><\/p><\/div><\/section><section class=\"Section-idm7893785292232507196325 Data type-3\"><div class=\"content_section position-0\"><h2 id=\"MainTitle_idm793\" class=\"MainTitle align-c\">Prev\u00e1dzkovate\u013e<\/h2><article id=\"Article_idm8135473135300705824428-10\"><div class=\"Article notab_br decoration-none\"><div class=\"article_indents\"><p class=\"article_indent align-left\">Prev\u00e1dzkovate\u013eom osobn\u00fdch \u00fadajov pod\u013ea \u00a7 5 p\u00edsm. o) z\u00e1kona \u010d. 18\/2018 Z.z. o ochrane osobn\u00fdch \u00fadajov v znen\u00ed neskor\u0161\u00edch predpisov (\u010falej len \u201eZ\u00e1kon\u201c) je AQUATEK CZ, spol. s r.o. I\u010cO: 17221706 (\u010falej len: \u201eprev\u00e1dzkovate\u013e\u201c).<br class=\"one-br\" \/><br \/><\/p><\/div><\/div><\/article><h3 id=\"MainTitle_idm880\" class=\"MainTitle align-c\">Ak\u00e9 typy osobn\u00fdch \u00fadajov zbierame a\u00a0na\u010do ich potrebujeme<\/h3><\/div><\/section><section class=\"Section-idm9004615836630710409684 Data type-1\"><div class=\"content_section position-0\"><article id=\"Article_idm9043828956571359434417-13\"><div class=\"Article notab_br decoration-none\"><p class=\"article_title align-left\"><strong>\u017diadosti<\/strong>, cenov\u00e9 ponuky a\u00a0dopyty z\u00a0webov\u00fdch formul\u00e1rov<\/p><ul class=\"article_indents type-circle\"><li class=\"article_indent align-left\">Meno a\u00a0priezvisko<\/li><li class=\"article_indent align-left\">Telef\u00f3nn\u00e9 \u010d\u00edslo<\/li><li class=\"article_indent align-left\">E-mail<\/li><\/ul><\/div><\/article><\/div><div class=\"content_section position-1\"><article id=\"Article_idm9785021419630986379613-15\"><div class=\"Article notab_br decoration-none\"><p class=\"article_title align-left\"><strong>Newsletter<\/strong><\/p><ul class=\"article_indents type-circle\"><li class=\"article_indent align-left\">E-mail<\/li><\/ul><\/div><\/article><\/div><\/section><section class=\"Section-idm1050430435680598770077 Data type-1\"><div class=\"content_section position-0\"><h3 id=\"MainTitle_idm1054\" class=\"MainTitle align-c\">Ak\u00e9 typy osobn\u00fdch \u00fadajov zbierame a\u00a0na\u010do ich potrebujeme <span class=\"title_main-extension parentheses\">plat\u00ed pre e-shop<\/span><\/h3><\/div><\/section><section class=\"Section-idm10748100519467493027224 Data type-1\"><div class=\"content_section position-0\"><article id=\"Article_idm10781954904957353023381-20\"><div class=\"Article notab_br decoration-none\"><p class=\"article_title align-left\"><strong>Prihl\u00e1senie <\/strong>na webstr\u00e1nku<\/p><ul class=\"article_indents type-circle\"><li class=\"article_indent align-left\">E-mail<\/li><li class=\"article_indent align-left\">Heslo<\/li><\/ul><\/div><\/article><\/div><div class=\"content_section position-1\"><article id=\"Article_idm11518236632701899753967-22\"><div class=\"Article notab_br decoration-none\"><p class=\"article_title align-left\"><strong>Registr\u00e1cia <\/strong>a\u00a0n\u00e1kup\u00a0na webstr\u00e1nke<\/p><ul class=\"article_indents type-circle\"><li class=\"article_indent align-left\">Meno a\u00a0priezvisko<\/li><li class=\"article_indent align-left\">Adresa dodania<\/li><li class=\"article_indent align-left\">Telef\u00f3nne \u010d\u00edslo<\/li><li class=\"article_indent align-left\">E-mail<\/li><\/ul><\/div><\/article><\/div><div class=\"content_section position-2\"><article id=\"Article_idm12266169624387580484585-24\"><div class=\"Article notab_br decoration-none\"><p class=\"article_title align-left\"><strong>Faktur\u00e1cia <\/strong>a\u00a0ekonomick\u00e9 n\u00e1le\u017eitosti<\/p><ul class=\"article_indents type-circle\"><li class=\"article_indent align-left\">Obchodn\u00fd n\u00e1zov<\/li><li class=\"article_indent align-left\">Faktura\u010dn\u00e1 adresa<\/li><li class=\"article_indent align-left\">I\u010cO<\/li><li class=\"article_indent align-left\">DI\u010c<\/li><li class=\"article_indent align-left\">I\u010c DPH<\/li><\/ul><\/div><\/article><\/div><\/section><section class=\"Section-idm12986843107745111558075 Data type-1\"><div class=\"content_section position-0\"><h3 id=\"MainTitle_idm1302\" class=\"MainTitle align-c\">Newsletter<\/h3><article id=\"Article_idm13225148286758008095535-27\"><div class=\"Article notab_br decoration-none\"><div class=\"article_indents\"><p class=\"article_indent align-left\">M\u00f4\u017eete sa prihl\u00e1si\u0165 k odoberaniu newslettera poskytnut\u00edm osobn\u00fdch \u00fadajov a t\u00fdm vyjadr\u00edte s\u00fahlas s ich spracovan\u00edm na tieto marketingov\u00e9 \u00fa\u010dely (inform\u00e1cie o akci\u00e1ch, novink\u00e1ch, v\u00fdpredajoch, \u010di s\u00fa\u0165a\u017eiach). Pre odhl\u00e1senie sa z odberu newslettera m\u00f4\u017eete po\u017eiada\u0165 kedyko\u013evek zaslan\u00edm emailu.<\/p><\/div><\/div><\/article><h3 id=\"MainTitle_idm1389\" class=\"MainTitle align-left\">Prenos \u00fadajov do tret\u00edch kraj\u00edn<\/h3><article id=\"Article_idm14092099044826612119536-29\"><div class=\"Article notab_br decoration-none\"><div class=\"article_indents\"><p class=\"article_indent align-left\">Prev\u00e1dzkovate\u013e nem\u00e1 v \u00famysle odovzda\u0165 osobn\u00e9 \u00fadaje do tretej krajiny (do krajiny mimo EU) alebo medzin\u00e1rodnej organiz\u00e1cii.<\/p><\/div><\/div><\/article><h3 id=\"MainTitle_idm1476\" class=\"MainTitle align-left\">Zabezpe\u010denie osobn\u00fdch \u00fadajov<\/h3><article id=\"Article_idm14962061830617338034921-31\"><div class=\"Article notab_br decoration-none\"><div class=\"article_indents\"><p class=\"article_indent align-left\">Aby boli va\u0161e osobn\u00e9 \u00fadaje u n\u00e1s chr\u00e1nen\u00e9, vykonali sme primeran\u00e9 technick\u00e9, bezpe\u010dnostn\u00e9 a organiza\u010dn\u00e9 opatrenia v s\u00falade s po\u017eiadavkami a nariadeniami platnej legislat\u00edvy. V\u0161etky va\u0161e osobn\u00e9 \u00fadaje v elektronickej podobe s\u00fa ulo\u017een\u00e9 na zabezpe\u010den\u00fdch d\u00e1tov\u00fdch serveroch.\u00a0\u00a0<\/p><\/div><\/div><\/article><h3 id=\"MainTitle_idm1563\" class=\"MainTitle align-left\">Ako dlho va\u0161e osobn\u00e9 \u00fadaje uchov\u00e1vame<\/h3><article id=\"Article_idm15832065112712168186661-33\"><div class=\"Article notab_br decoration-none\"><div class=\"article_indents\"><p class=\"article_indent align-left\">Va\u0161e osobn\u00e9 \u00fadaje uchov\u00e1vame po dobu nevyhnutn\u00fa k v\u00fdkonu pr\u00e1v a\u00a0povinnost\u00ed vypl\u00fdvaj\u00facich zo\u00a0zmluvn\u00e9ho vz\u0165ahu medzi nami a\u00a0uplat\u0148ovanie n\u00e1rokov z\u00a0tohto zmluvn\u00e9ho vz\u0165ahu.\u00a0Osobn\u00e9 \u00fadaje, ktor\u00fdch uchov\u00e1vanie je nevyhnutn\u00e9 pre splnenie v\u0161etk\u00fdch na\u0161ich povinnost\u00ed vypl\u00fdvaj\u00facich zo z\u00e1konn\u00e9ho nariadenia mus\u00edme uchov\u00e1va\u0165 po dobu stanoven\u00fa pr\u00edslu\u0161n\u00fdm pr\u00e1vnym predpisom a to bez oh\u013eadu na vami udelen\u00fd s\u00fahlas. Pri da\u0148ov\u00fdch a \u00fa\u010dtovn\u00fdch dokladoch je spravidla t\u00e1to doba 10 rokov. V pr\u00edpade marketingov\u00fdch aktiv\u00edt alebo v\u00a0in\u00fdch pr\u00edpadoch, na\u00a0ktor\u00e9 ste n\u00e1m udelili s\u00fahlas, uchov\u00e1vame va\u0161e \u00fadaje do doby odvolania v\u00e1\u0161ho s\u00fahlasu.\u00a0<\/p><\/div><\/div><\/article><h2 id=\"MainTitle_idm1652\" class=\"MainTitle align-c\">Va\u0161e pr\u00e1va<\/h2><h3 id=\"SubTitle_idm1672\" class=\"SubTitle align-left\">V s\u00favislosti s\u00a0ochranou osobn\u00fdch \u00fadajov m\u00e1te viacer\u00e9 pr\u00e1va, ktor\u00e9 si m\u00f4\u017eete uplatni\u0165:<\/h3><ul><li class=\"SubTitle align-left\">pr\u00e1vo kedyko\u013evek odvola\u0165 v\u00e1\u0161 s\u00fahlas so spracovan\u00edm osobn\u00fdch \u00fadajov<\/li><\/ul><article id=\"Article_idm16928050070512913782110-36\"><div class=\"Article notab_br decoration-none\"><ul class=\"article_indents type-circle\"><li class=\"article_indent align-left\">pr\u00e1vo doplni\u0165 alebo opravi\u0165 osobn\u00e9 \u00fadaje<\/li><li class=\"article_indent align-left\">pr\u00e1vo na\u00a0pr\u00edstup k \u00fadajom<\/li><li class=\"article_indent align-left\">pr\u00e1vo na\u00a0vymazanie osobn\u00fdch \u00fadajov<\/li><li class=\"article_indent align-left\">pr\u00e1vo na\u00a0obmedzenie sprac\u00favania<\/li><li class=\"article_indent align-left\">pr\u00e1vo vnies\u0165 n\u00e1mietku<\/li><li class=\"article_indent align-left\">pr\u00e1vo na\u00a0podanie s\u0165a\u017enosti<\/li><li class=\"article_indent align-left\">pr\u00e1vo na\u00a0prenos \u00fadajov<\/li><\/ul><\/div><\/article><article id=\"Article_idm17655899864027930982328-37\"><div class=\"Article notab_br decoration-none\"><h3 class=\"article_title align-left\">Pr\u00e1vo na doplnenie a opravu<\/h3><div class=\"article_indents\"><p class=\"article_indent align-left\">Ak s\u00fa va\u0161e \u00fadaje nespr\u00e1vne uveden\u00e9, m\u00f4\u017eete ich upravi\u0165 priamo v\u00a0nastaveniach v\u00e1\u0161ho u\u017e\u00edvate\u013esk\u00e9ho \u00fa\u010dtu alebo n\u00e1s m\u00f4\u017eete priamo kontaktova\u0165 na\u00a0e-mailov\u00fa adresu <span style=\"color: #0000ff;\"><a style=\"color: #0000ff;\" href=\"mailto:aquatek@aquatek.cz\">aquatek@aquatek.cz<\/a> <\/span>a\u00a0po\u017eiada\u0165 o\u00a0ich opravu a\u00a0doplnenie.\u00a0<\/p><\/div><\/div><\/article><article id=\"Article_idm18334134138153511553729-38\"><h3 class=\"Article notab_br decoration-none\">Pr\u00edstup k \u00fadajom<\/h3><div class=\"article_indents\">M\u00e1te pr\u00e1vo po\u017eiada\u0165 n\u00e1s o preh\u013ead \u00fadajov, ktor\u00e9 o v\u00e1s sprac\u00favame, za ak\u00fdm \u00fa\u010delom, komu ich poskytujeme, ako dlho ich budeme uchov\u00e1va\u0165 a to prostredn\u00edctvom e-mailovej adresy <span style=\"color: #0000ff;\"><a style=\"color: #0000ff;\" href=\"mailto:aquatek@aquatek.cz\">aquatek@aquatek.cz<\/a> <\/span><\/div><div>\u00a0<\/div><\/article><article id=\"Article_idm19013433178808537145174-39\"><h3 class=\"Article notab_br decoration-none\">Pr\u00e1vo na\u00a0vymazanie osobn\u00fdch \u00fadajov<\/h3><div class=\"article_indents\"><p>M\u00e1te pr\u00e1vo po\u017eiada\u0165 n\u00e1s o\u00a0vymazanie va\u0161ich osobn\u00fdch \u00fadajov, ktor\u00e9 sprac\u00favame a\u00a0to v\u00a0pr\u00edpade, \u017ee s\u00fa splnen\u00e9 nasledovn\u00e9 podmienky a\u00a0nedotkne sa to \u00fadajov, ktor\u00e9 mus\u00edme pod\u013ea z\u00e1kona uchov\u00e1va\u0165 (napr. fakt\u00fary):<\/p><\/div><\/article><article id=\"Article_idm19693494089035199671332-40\"><div class=\"Article notab_br decoration-none\"><ul class=\"article_indents type-circle\"><li class=\"article_indent align-left\">Osobn\u00e9 \u00fadaje u\u017e nie s\u00fa potrebn\u00e9 na\u00a0\u00fa\u010dely, na\u00a0ktor\u00e9 sa z\u00edskali a\u00a0boli spracovan\u00e9<\/li><li class=\"article_indent align-left\">Odvol\u00e1te svoj s\u00fahlas, na\u00a0z\u00e1klade ktor\u00e9ho boli osobn\u00e9 \u00fadaje spracovan\u00e9 a\u00a0neexistuje in\u00fd pr\u00e1vny z\u00e1klad pre spracovanie osobn\u00fdch \u00fadajov<\/li><li class=\"article_indent align-left\">Osobn\u00e9 \u00fadaje boli spracovan\u00e9 nez\u00e1konne<\/li><li class=\"article_indent align-left\">D\u00f4vodom pre v\u00fdmaz je splnenie povinnosti pod\u013ea z\u00e1kona, osobitn\u00e9ho predpisu alebo medzin\u00e1rodnej zmluvy<\/li><li class=\"article_indent align-left\">Ide o\u00a0osobn\u00e9 \u00fadaje osoby mlad\u0161ej ako 16 rokov<\/li><\/ul><\/div><\/article><article id=\"Article_idm2040802650138823384503-41\"><div class=\"Article notab_br decoration-none\"><h3 class=\"article_title align-left\">Pr\u00e1vo na\u00a0obmedzenie sprac\u00favania<\/h3><ul class=\"article_indents type-circle\"><li class=\"article_indent align-left\">M\u00e1te pr\u00e1vo po\u017eiada\u0165 n\u00e1s o\u00a0obmedzenie spracovania va\u0161ich osobn\u00fdch \u00fadajov v\u00a0nsledovn\u00fdch pr\u00edpadoch:<\/li><li class=\"article_indent align-left\">namietate spr\u00e1vnos\u0165 osobn\u00fdch \u00fadajov, a\u00a0to do doby ne\u017e sa over\u00ed spr\u00e1vnos\u0165 osobn\u00fdch \u00fadajov<\/li><li class=\"article_indent align-left\">spracovanie va\u0161ich osobn\u00fdch \u00fadajov je nez\u00e1konn\u00e9<\/li><li class=\"article_indent align-left\">va\u0161e osobn\u00e9 \u00fadaje u\u017e nepotrebujeme na\u00a0\u00fa\u010del sprac\u00favania, av\u0161ak vy ich potrebujete pre uplatnenie, v\u00fdkon alebo obranu va\u0161ich pr\u00e1vnych n\u00e1rokov<\/li><li class=\"article_indent align-left\">namietate pod\u013ea predch\u00e1dzaj\u00faceho bodu so\u00a0spracovan\u00edm va\u0161ich osobn\u00fdch \u00fadajov<\/li><\/ul><\/div><\/article><article id=\"Article_idm21123487982229201630592-42\"><div class=\"Article notab_br decoration-none\"><h3 class=\"article_title align-left\">Pr\u00e1vo na\u00a0vznesenie n\u00e1mietky<\/h3><div class=\"article_indents\"><p class=\"article_indent align-left\">M\u00e1te pr\u00e1vo namieta\u0165 spracovanie va\u0161ich osobn\u00fdch \u00fadajov z\u00a0d\u00f4vodu t\u00fdkaj\u00faceho sa va\u0161ej konkr\u00e9tnej situ\u00e1cie, ktor\u00e9 je vykonan\u00e9 na\u00a0z\u00e1klade n\u00e1\u0161ho opr\u00e1vnen\u00e9ho z\u00e1ujmu vr\u00e1tane profilovania zalo\u017een\u00e9ho na\u00a0t\u00fdchto ustanoveniach. M\u00e1te tie\u017e pr\u00e1vo namieta\u0165 vo\u010di spracovaniu va\u0161ich osobn\u00fdch \u00fadajov na\u00a0\u00fa\u010del priameho marketingu.<\/p><\/div><\/div><\/article><article id=\"Article_idm21806458049010969307956-43\"><div class=\"Article notab_br decoration-none\"><h3 class=\"article_title align-left\">Pr\u00e1vo na\u00a0podanie s\u0165a\u017enosti<\/h3><div class=\"article_indents\"><p class=\"article_indent align-left\">M\u00e1te pr\u00e1vo poda\u0165 s\u0165a\u017enos\u0165 na\u00a0\u00darad na\u00a0ochranu osobn\u00fdch \u00fadajov v\u00a0pr\u00edpade, \u017ee sa domnievate, \u017ee va\u0161e osobn\u00e9 \u00fadaje boli spracovan\u00e9 v\u00a0rozpore s\u00a0platn\u00fdmi pr\u00e1vnymi predpismi na\u00a0ochranu osobn\u00fdch \u00fadajov. Kontaktn\u00e9 \u00fadaje n\u00e1jdete tu https:\/\/dataprotection.gov.sk\/uoou\/sk\/content\/kontakt-0.<\/p><\/div><\/div><\/article><div class=\"clear\">\u00a0<\/div><h3 id=\"MainTitle_idm2248\" class=\"MainTitle align-c\">S\u00fabory cookies<\/h3><h3 id=\"SubTitle_idm2268\" class=\"SubTitle align-left\">S cie\u013eom zabezpe\u010di\u0165 riadne fungovanie tejto webovej lokality uklad\u00e1me niekedy na\u00a0va\u0161om zariaden\u00ed mal\u00e9 d\u00e1tov\u00e9 s\u00fabory, tzv. cookie. Je to be\u017en\u00e1 prax v\u00e4\u010d\u0161iny ve\u013ek\u00fdch webov\u00fdch lokal\u00edt.<\/h3><article id=\"Article_idm22888325604511648723626-46\"><div class=\"Article notab_br decoration-none\"><h3 class=\"article_title align-left\">\u010co s\u00fa s\u00fabory cookie?<\/h3><div class=\"article_indents\"><p class=\"article_indent align-left\">S\u00fabor cookie je mal\u00fd textov\u00fd s\u00fabor, ktor\u00fd webov\u00e1 lokalita uklad\u00e1 vo va\u0161om po\u010d\u00edta\u010di alebo mobilnom zariaden\u00ed pri jej prehliadan\u00ed. V\u010faka tomuto s\u00faboru si webov\u00e1 lokalita na\u00a0ur\u010dit\u00fd \u010das uchov\u00e1va inform\u00e1cie o\u00a0va\u0161ich krokoch a\u00a0preferenci\u00e1ch (ako s\u00fa e-mail, jazyk, filtrovanie, zoradenie, vyh\u013ead\u00e1vanie, nakupovanie), tak\u017ee ich pri \u010fal\u0161ej n\u00e1v\u0161teve lokality alebo prehliadan\u00ed jej jednotliv\u00fdch str\u00e1nok nemus\u00edte op\u00e4tovne uv\u00e1dza\u0165.<\/p><\/div><\/div><\/article><article id=\"Article_idm23563332761653653387770-47\"><div class=\"Article notab_br decoration-none\"><h3 class=\"article_title align-left\">Ako pou\u017e\u00edvame s\u00fabory cookie?<\/h3><div class=\"article_indents\"><p class=\"article_indent align-left\">Tieto webstr\u00e1nky pou\u017e\u00edvaj\u00fa s\u00fabory cookies na\u00a0zapam\u00e4tanie si prihl\u00e1senia, produktov vlo\u017een\u00fdch do n\u00e1kupn\u00e9ho ko\u0161\u00edka, pre lep\u0161ie prisp\u00f4sobenie rekl\u00e1m z\u00e1ujmom n\u00e1v\u0161tevn\u00edkov, pre nevyhnutn\u00fa funkcionalitu webstr\u00e1nok a\u00a0\u0161tatistick\u00fdch \u00fadajov o\u00a0n\u00e1v\u0161teve web str\u00e1nky.<\/p><\/div><\/div><\/article><article id=\"Article_idm24244263136956516097379-48\"><div class=\"Article notab_br decoration-none\"><h3 class=\"article_title align-left\">Ako kontrolova\u0165 s\u00fabory cookie<\/h3><div class=\"article_indents\"><p class=\"article_indent align-left\">S\u00fabory cookie m\u00f4\u017eete kontrolova\u0165 alebo zmaza\u0165 pod\u013ea uv\u00e1\u017eenia \u2013 podrobnosti si pozrite na\u00a0str\u00e1nke wikipedia.org. M\u00f4\u017eete vymaza\u0165 v\u0161etky s\u00fabory cookie ulo\u017een\u00e9 vo svojom po\u010d\u00edta\u010di a\u00a0v\u00e4\u010d\u0161inu prehliada\u010dov m\u00f4\u017eete nastavi\u0165 tak, aby ste im znemo\u017enili ich ukladanie. V\u00a0takomto pr\u00edpade v\u0161ak pravdepodobne budete musie\u0165 pri ka\u017edej n\u00e1v\u0161teve webovej lokality manu\u00e1lne upravova\u0165 niektor\u00e9 nastavenia a\u00a0niektor\u00e9 slu\u017eby a\u00a0funkcie nebud\u00fa fungova\u0165.<\/p><\/div><\/div><\/article><article id=\"Article_idm24927636506310957135406-49\"><div class=\"Article notab_br decoration-none\"><h3 class=\"article_title align-left\">Ako odmietnu\u0165 pou\u017e\u00edvanie s\u00faborov cookie<\/h3><div class=\"article_indents\"><p class=\"article_indent align-left\">Pou\u017e\u00edvanie s\u00faborov cookie je mo\u017en\u00e9 nastavi\u0165 pomocou V\u00e1\u0161ho internetov\u00e9ho prehliada\u010da. V\u00e4\u010d\u0161ina prehliada\u010dov s\u00fabory cookie automaticky prij\u00edma u\u017e v\u00a0\u00favodnom nastaven\u00ed.<\/p><\/div><\/div><\/article><article id=\"Article_idm25603909992676099632018-50\"><div class=\"Article notab_br decoration-none\"><h3 class=\"article_title align-left\">Analytick\u00e9 Cookies<\/h3><div class=\"article_indents\"><p class=\"article_indent align-left\">T\u00e1to str\u00e1nka pou\u017e\u00edva slu\u017ebu Google Analytics, ktor\u00fa poskytuje spolo\u010dnos\u0165 Google, Inc. (\u010ealej len &#8222;Google&#8220;). Slu\u017eba Google Analytics pou\u017e\u00edva s\u00fabory cookies.<\/p><p class=\"article_indent align-left\">Slu\u017eba Google Analytics \u00a0je roz\u0161\u00edren\u00e1 o\u00a0s\u00favisiace reklamn\u00e9 funkcie poskytovan\u00e9 spolo\u010dnos\u0165ou Google, a\u00a0to:<br class=\"one-br\" \/>&#8211; preh\u013eady zobrazen\u00ed v\u00a0reklamnej sieti Google,<br class=\"one-br\" \/>&#8211; remarketing (zobrazovanie rekl\u00e1m v\u00a0obsahovej sieti na\u00a0z\u00e1klade viden\u00fdch produktov),<br class=\"one-br\" \/>&#8211; roz\u0161\u00edren\u00e9 demografick\u00e9 preh\u013eady (reportovanie anonymn\u00fdch demografick\u00fdch \u00fadajov).<\/p><p class=\"article_indent align-left\">Bli\u017e\u0161ie inform\u00e1cie o\u00a0ochrane s\u00fakromia n\u00e1jdete tu https:\/\/support.google.com\/analytics\/topic\/2919631?hl=sk&amp;ref_topic=1008008, pre odmietnutie t\u00fdchto cookies si m\u00f4\u017eete in\u0161talova\u0165 softv\u00e9rov\u00fd doplnok dostupn\u00fd tu https:\/\/tools.google.com\/dlpage\/gaoptout.<\/p><\/div><\/div><\/article><\/div><\/section>\t\t\t\t\t\t\t\t<\/div>\n\t\t\t\t<\/div>\n\t\t\t\t\t<\/div>\n\t\t\t\t<\/div>\n\t\t\t\t<\/div>","protected":false},"excerpt":{"rendered":"<p>Z\u00c1SADY OCHRANY OSOBN\u00ddCH \u00daDAJOV Rob\u00edme v\u0161etko preto, aby ste sa u\u00a0n\u00e1s c\u00edtili bezpe\u010dne a\u00a0prehlasujeme, \u017ee sme prijali v\u0161etky vhodn\u00e9 technick\u00e9<\/p>","protected":false},"author":1,"featured_media":0,"parent":0,"menu_order":0,"comment_status":"closed","ping_status":"closed","template":"","meta":{"_acf_changed":false,"footnotes":""},"class_list":["post-3","page","type-page","status-publish","hentry"],"acf":[],"_links":{"self":[{"href":"https:\/\/aquatek.cz\/sk\/wp-json\/wp\/v2\/pages\/3","targetHints":{"allow":["GET"]}}],"collection":[{"href":"https:\/\/aquatek.cz\/sk\/wp-json\/wp\/v2\/pages"}],"about":[{"href":"https:\/\/aquatek.cz\/sk\/wp-json\/wp\/v2\/types\/page"}],"author":[{"embeddable":true,"href":"https:\/\/aquatek.cz\/sk\/wp-json\/wp\/v2\/users\/1"}],"replies":[{"embeddable":true,"href":"https:\/\/aquatek.cz\/sk\/wp-json\/wp\/v2\/comments?post=3"}],"version-history":[{"count":0,"href":"https:\/\/aquatek.cz\/sk\/wp-json\/wp\/v2\/pages\/3\/revisions"}],"wp:attachment":[{"href":"https:\/\/aquatek.cz\/sk\/wp-json\/wp\/v2\/media?parent=3"}],"curies":[{"name":"wp","href":"https:\/\/api.w.org\/{rel}","templated":true}]}}